{"id":315,"date":"2015-04-26T07:19:18","date_gmt":"2015-04-26T07:19:18","guid":{"rendered":"http:\/\/www.anarieldesign.com\/themedemos\/maisha\/?page_id=315"},"modified":"2015-04-26T07:19:18","modified_gmt":"2015-04-26T07:19:18","slug":"slider-panel-five","status":"publish","type":"page","link":"https:\/\/friendsofenginakyurek.org\/es\/front-page-with-video\/slider-panel-five\/","title":{"rendered":"Panel deslizante cinco"},"content":{"rendered":"<h2>Patrocine un Parque Nacional Virunga.<\/h2>\n<p>VIRUNGA es la incre\u00edble historia real de un grupo de <span class=\"color\">corajudo<\/span> Personas que arriesgan sus vidas para construir un futuro mejor en una parte de \u00c1frica olvidada por el mundo y una exposici\u00f3n conmovedora de las realidades de la vida en el Congo.<br \/>\n<a class=\"button\" href=\"https:\/\/virunga.org\/donate\/\">PATROCINA UN PROYECTO REAL<\/a> <a class=\"button\" href=\"http:\/\/virungamovie.com\/\">Ver una pelicula<\/a><\/p>\n<p>[soliloquio id=\u201d177\u2033]<br \/>\nDe <a href=\"http:\/\/virungamovie.com\/\">Pel\u00edcula Virunga<\/a> sitio web: \u201cEn las profundidades boscosas del este del Congo se encuentra <a href=\"https:\/\/virunga.org\/donate\/\">Parque Nacional de Virunga<\/a>, uno de los lugares con mayor biodiversidad de la Tierra y hogar de los \u00faltimos gorilas de monta\u00f1a del planeta. En este entorno salvaje pero encantado, un peque\u00f1o y atribulado equipo de guardabosques \u2014que incluye a un ex ni\u00f1o soldado convertido en guardabosques, un cuidador de gorilas hu\u00e9rfanos y un conservacionista dedicado\u2014 protege este sitio declarado Patrimonio de la Humanidad por la UNESCO de milicias armadas, cazadores furtivos y las fuerzas oscuras que luchan por controlar los ricos recursos naturales del Congo. Cuando el reci\u00e9n formado grupo rebelde M23 declara la guerra, un nuevo conflicto amenaza la vida y la estabilidad de todos y de todo aquello que tanto han trabajado por proteger, con los cineastas y los participantes de la pel\u00edcula atrapados en el fuego cruzado.<br \/>\nUna poderosa combinaci\u00f3n de periodismo de investigaci\u00f3n y documental sobre la naturaleza, <a href=\"https:\/\/virunga.org\/donate\/\">VIRUNGA<\/a> \u201cEs la incre\u00edble historia real de un grupo de personas valientes que arriesgan sus vidas para construir un futuro mejor en una parte de \u00c1frica olvidada por el mundo, y una exposici\u00f3n apasionante de las realidades de la vida en el Congo\u201d.<\/p>\n<blockquote><p>Del director Orlando von Einsiedel y el productor ejecutivo Leonardo DiCaprio.<\/p><\/blockquote>","protected":false},"excerpt":{"rendered":"<p>Sponsor a Virunga National Park. VIRUNGA is the incredible true story of a group of brave people risking their lives to build a better future in a part of Africa the world&#8217;s forgotten and a gripping expose of the realities of life in the Congo. SPONSOR A REAL PROJECT Watch a movie [soliloquy id=&#8221;177&#8243;] From &hellip; <a href=\"https:\/\/friendsofenginakyurek.org\/es\/front-page-with-video\/slider-panel-five\/\" class=\"more-link\">sigue leyendo <span class=\"screen-reader-text\">Panel deslizante cinco<\/span><\/a><\/p>","protected":false},"author":1,"featured_media":4684,"parent":283,"menu_order":0,"comment_status":"open","ping_status":"open","template":"","meta":{"footnotes":""},"class_list":["post-315","page","type-page","status-publish","has-post-thumbnail","hentry"],"jetpack_sharing_enabled":true,"_links":{"self":[{"href":"https:\/\/friendsofenginakyurek.org\/es\/wp-json\/wp\/v2\/pages\/315","targetHints":{"allow":["GET"]}}],"collection":[{"href":"https:\/\/friendsofenginakyurek.org\/es\/wp-json\/wp\/v2\/pages"}],"about":[{"href":"https:\/\/friendsofenginakyurek.org\/es\/wp-json\/wp\/v2\/types\/page"}],"author":[{"embeddable":true,"href":"https:\/\/friendsofenginakyurek.org\/es\/wp-json\/wp\/v2\/users\/1"}],"replies":[{"embeddable":true,"href":"https:\/\/friendsofenginakyurek.org\/es\/wp-json\/wp\/v2\/comments?post=315"}],"version-history":[{"count":0,"href":"https:\/\/friendsofenginakyurek.org\/es\/wp-json\/wp\/v2\/pages\/315\/revisions"}],"up":[{"embeddable":true,"href":"https:\/\/friendsofenginakyurek.org\/es\/wp-json\/wp\/v2\/pages\/283"}],"wp:featuredmedia":[{"embeddable":true,"href":"https:\/\/friendsofenginakyurek.org\/es\/wp-json\/wp\/v2\/media\/4684"}],"wp:attachment":[{"href":"https:\/\/friendsofenginakyurek.org\/es\/wp-json\/wp\/v2\/media?parent=315"}],"curies":[{"name":"gracias","href":"https:\/\/api.w.org\/{rel}","templated":true}]}}