{"id":336,"date":"2015-04-26T12:25:58","date_gmt":"2015-04-26T12:25:58","guid":{"rendered":"http:\/\/www.anarieldesign.com\/themedemos\/maisha\/?page_id=336"},"modified":"2022-10-08T00:27:53","modified_gmt":"2022-10-08T00:27:53","slug":"our-mission","status":"publish","type":"page","link":"https:\/\/friendsofenginakyurek.org\/es\/our-mission\/","title":{"rendered":"Nuestros principios rectores"},"content":{"rendered":"<h1 style=\"text-align: center;\">Nuestros principios rectores<\/h1>\n<p>\u00a1Gracias por su inter\u00e9s en nuestro proyecto! Estamos profundamente comprometidos a honrar a Engin Aky\u00fcrek de manera pr\u00e1ctica. Aunque la informaci\u00f3n contenida en las siguientes secciones se puede encontrar en otras \u00e1reas de nuestro sitio, aqu\u00ed hay un lugar para leer sobre nuestra VISI\u00d3N, MISI\u00d3N y VALORES con un poco m\u00e1s de detalle. Adem\u00e1s de la versi\u00f3n de texto de la informaci\u00f3n disponible en ingl\u00e9s, hemos incluido im\u00e1genes de estos importantes principios de nuestra organizaci\u00f3n en ingl\u00e9s, espa\u00f1ol y turco. Gracias de nuevo.<\/p>","protected":false},"excerpt":{"rendered":"<p>Our Guiding Principles Thank you for your interest in our project! We are deeply committed to honoring Engin Aky\u00fcrek in actionable ways. Though the information contained in the following sections may be found in other areas of our site, here is one place to read about our VISION, MISSION and VALUES in a bit more &hellip; <a href=\"https:\/\/friendsofenginakyurek.org\/es\/our-mission\/\" class=\"more-link\">sigue leyendo <span class=\"screen-reader-text\">Nuestros principios rectores<\/span><\/a><\/p>","protected":false},"author":1,"featured_media":4684,"parent":0,"menu_order":0,"comment_status":"closed","ping_status":"closed","template":"page-templates\/full-width-page.php","meta":{"footnotes":""},"class_list":["post-336","page","type-page","status-publish","has-post-thumbnail","hentry"],"jetpack_sharing_enabled":true,"_links":{"self":[{"href":"https:\/\/friendsofenginakyurek.org\/es\/wp-json\/wp\/v2\/pages\/336","targetHints":{"allow":["GET"]}}],"collection":[{"href":"https:\/\/friendsofenginakyurek.org\/es\/wp-json\/wp\/v2\/pages"}],"about":[{"href":"https:\/\/friendsofenginakyurek.org\/es\/wp-json\/wp\/v2\/types\/page"}],"author":[{"embeddable":true,"href":"https:\/\/friendsofenginakyurek.org\/es\/wp-json\/wp\/v2\/users\/1"}],"replies":[{"embeddable":true,"href":"https:\/\/friendsofenginakyurek.org\/es\/wp-json\/wp\/v2\/comments?post=336"}],"version-history":[{"count":3,"href":"https:\/\/friendsofenginakyurek.org\/es\/wp-json\/wp\/v2\/pages\/336\/revisions"}],"predecessor-version":[{"id":6395,"href":"https:\/\/friendsofenginakyurek.org\/es\/wp-json\/wp\/v2\/pages\/336\/revisions\/6395"}],"wp:featuredmedia":[{"embeddable":true,"href":"https:\/\/friendsofenginakyurek.org\/es\/wp-json\/wp\/v2\/media\/4684"}],"wp:attachment":[{"href":"https:\/\/friendsofenginakyurek.org\/es\/wp-json\/wp\/v2\/media?parent=336"}],"curies":[{"name":"gracias","href":"https:\/\/api.w.org\/{rel}","templated":true}]}}