{"id":348,"date":"2015-04-26T13:02:51","date_gmt":"2015-04-26T13:02:51","guid":{"rendered":"http:\/\/www.anarieldesign.com\/themedemos\/maisha\/?page_id=348"},"modified":"2023-04-23T18:57:38","modified_gmt":"2023-04-23T18:57:38","slug":"get-to-know-us","status":"publish","type":"page","link":"https:\/\/friendsofenginakyurek.org\/es\/get-to-know-us\/","title":{"rendered":"Con\u00f3cenos"},"content":{"rendered":"<h4>CONOCE A NUESTRO EQUIPO<\/h4>\n<p>Friends of Engin Aky\u00fcrek consta de una Junta Directiva y miembros del Consejo Asesor, adem\u00e1s de una red de Embajadores Globales. Nos enorgullecemos de la acci\u00f3n comunitaria, la defensa y la transformaci\u00f3n de la admiraci\u00f3n mundial en un cambio social significativo y positivo en honor del Sr. Aky\u00fcrek, un humanitario al que admiramos profundamente.<\/p>\n<p>Obt\u00e9n m\u00e1s informaci\u00f3n sobre la m\u00fasica personalizada que escuchas en nuestro sitio.<\/p>\n<h4><a href=\"https:\/\/youtu.be\/SMY650xoKsk\" target=\"_blank\" rel=\"noopener\"><button>FRIENDS OF ENG\u0130N AKY\u00dcREK YOUTUBE<\/button><\/a><br \/>\n<a href=\"https:\/\/friendsofenginakyurek.org\/wp-content\/uploads\/2022\/10\/FEA-1023EZ.pdf\" target=\"_blank\" rel=\"noopener\"><button style=\"background-color:#DCDCDC\">Ver nuestro 1023EZ<\/button><\/a><br \/>\n<\/h4>\n<h4><\/h4>\n<p><!-- Created with Elementor --><!-- Created with Elementor --><!-- Created with Elementor --><!-- Created with Elementor --><!-- Created with Elementor --><!-- Created with Elementor --><!-- Created with Elementor --><!-- Created with Elementor --><!-- Created with Elementor --><!-- Created with Elementor --><!-- Created with Elementor --><!-- Created with Elementor --><\/p>","protected":false},"excerpt":{"rendered":"<p>GET TO KNOW OUR TEAM Friends of Engin Aky\u00fcrek consists of a Board of Directors and Advisory Council Members plus a network of Global Ambassadors. We pride ourselves in community action, advocacy and transforming global admiration into positive, meaningful social change in Mr. Aky\u00fcrek\u2019s honor; a humanitarian we deeply admire. Learn more about the custom &hellip; <a href=\"https:\/\/friendsofenginakyurek.org\/es\/get-to-know-us\/\" class=\"more-link\">sigue leyendo <span class=\"screen-reader-text\">Con\u00f3cenos<\/span><\/a><\/p>","protected":false},"author":1,"featured_media":11768,"parent":0,"menu_order":0,"comment_status":"closed","ping_status":"closed","template":"page-templates\/full-width-page.php","meta":{"footnotes":""},"class_list":["post-348","page","type-page","status-publish","has-post-thumbnail","hentry"],"jetpack_sharing_enabled":true,"_links":{"self":[{"href":"https:\/\/friendsofenginakyurek.org\/es\/wp-json\/wp\/v2\/pages\/348","targetHints":{"allow":["GET"]}}],"collection":[{"href":"https:\/\/friendsofenginakyurek.org\/es\/wp-json\/wp\/v2\/pages"}],"about":[{"href":"https:\/\/friendsofenginakyurek.org\/es\/wp-json\/wp\/v2\/types\/page"}],"author":[{"embeddable":true,"href":"https:\/\/friendsofenginakyurek.org\/es\/wp-json\/wp\/v2\/users\/1"}],"replies":[{"embeddable":true,"href":"https:\/\/friendsofenginakyurek.org\/es\/wp-json\/wp\/v2\/comments?post=348"}],"version-history":[{"count":52,"href":"https:\/\/friendsofenginakyurek.org\/es\/wp-json\/wp\/v2\/pages\/348\/revisions"}],"predecessor-version":[{"id":10706,"href":"https:\/\/friendsofenginakyurek.org\/es\/wp-json\/wp\/v2\/pages\/348\/revisions\/10706"}],"wp:featuredmedia":[{"embeddable":true,"href":"https:\/\/friendsofenginakyurek.org\/es\/wp-json\/wp\/v2\/media\/11768"}],"wp:attachment":[{"href":"https:\/\/friendsofenginakyurek.org\/es\/wp-json\/wp\/v2\/media?parent=348"}],"curies":[{"name":"gracias","href":"https:\/\/api.w.org\/{rel}","templated":true}]}}