{"id":57,"date":"2015-04-20T11:08:33","date_gmt":"2015-04-20T11:08:33","guid":{"rendered":"http:\/\/www.anarieldesign.com\/themedemos\/maisha\/?page_id=57"},"modified":"2022-10-07T23:59:00","modified_gmt":"2022-10-07T23:59:00","slug":"program-one","status":"publish","type":"page","link":"https:\/\/friendsofenginakyurek.org\/es\/our-programs\/program-one\/","title":{"rendered":"SERVIR"},"content":{"rendered":"<p>SERVIR<br \/>\nRecaudar fondos para apoyar a ni\u00f1os, mujeres y familias vulnerables en T\u00fcrkiye a trav\u00e9s de otras organizaciones ben\u00e9ficas mundiales establecidas, en honor a Engin Aky\u00fcrek;<\/p>","protected":false},"excerpt":{"rendered":"<p>SERVE Raise funds to support vulnerable children, women and families in T\u00fcrkiye via other established world charitable organizations, in honor of Engin Aky\u00fcrek;<\/p>","protected":false},"author":1,"featured_media":942,"parent":54,"menu_order":0,"comment_status":"open","ping_status":"open","template":"","meta":{"footnotes":""},"class_list":["post-57","page","type-page","status-publish","has-post-thumbnail","hentry"],"jetpack_sharing_enabled":true,"_links":{"self":[{"href":"https:\/\/friendsofenginakyurek.org\/es\/wp-json\/wp\/v2\/pages\/57","targetHints":{"allow":["GET"]}}],"collection":[{"href":"https:\/\/friendsofenginakyurek.org\/es\/wp-json\/wp\/v2\/pages"}],"about":[{"href":"https:\/\/friendsofenginakyurek.org\/es\/wp-json\/wp\/v2\/types\/page"}],"author":[{"embeddable":true,"href":"https:\/\/friendsofenginakyurek.org\/es\/wp-json\/wp\/v2\/users\/1"}],"replies":[{"embeddable":true,"href":"https:\/\/friendsofenginakyurek.org\/es\/wp-json\/wp\/v2\/comments?post=57"}],"version-history":[{"count":4,"href":"https:\/\/friendsofenginakyurek.org\/es\/wp-json\/wp\/v2\/pages\/57\/revisions"}],"predecessor-version":[{"id":6388,"href":"https:\/\/friendsofenginakyurek.org\/es\/wp-json\/wp\/v2\/pages\/57\/revisions\/6388"}],"up":[{"embeddable":true,"href":"https:\/\/friendsofenginakyurek.org\/es\/wp-json\/wp\/v2\/pages\/54"}],"wp:featuredmedia":[{"embeddable":true,"href":"https:\/\/friendsofenginakyurek.org\/es\/wp-json\/wp\/v2\/media\/942"}],"wp:attachment":[{"href":"https:\/\/friendsofenginakyurek.org\/es\/wp-json\/wp\/v2\/media?parent=57"}],"curies":[{"name":"gracias","href":"https:\/\/api.w.org\/{rel}","templated":true}]}}