{"id":5729,"date":"2022-10-04T22:07:14","date_gmt":"2022-10-04T22:07:14","guid":{"rendered":"https:\/\/friendsofenginakyurek.org\/?page_id=5729"},"modified":"2023-03-11T23:08:40","modified_gmt":"2023-03-11T23:08:40","slug":"donate-to-engins-cause","status":"publish","type":"page","link":"https:\/\/friendsofenginakyurek.org\/es\/donate-to-engins-cause\/","title":{"rendered":"Dona a la causa de Engin"},"content":{"rendered":"<div data-elementor-type=\"wp-page\" data-elementor-id=\"5729\" class=\"elementor elementor-5729\" data-elementor-post-type=\"page\">\n\t\t\t\t\t\t<section class=\"elementor-section elementor-top-section elementor-element elementor-element-a1c2445 elementor-section-height-min-height elementor-section-content-middle elementor-section-boxed elementor-section-height-default elementor-section-items-middle\" data-id=\"a1c2445\" data-element_type=\"section\" data-e-type=\"section\" data-settings=\"{&quot;background_background&quot;:&quot;classic&quot;}\">\n\t\t\t\t\t\t\t<div class=\"elementor-background-overlay\"><\/div>\n\t\t\t\t\t\t\t<div class=\"elementor-container elementor-column-gap-no\">\n\t\t\t\t\t<div class=\"elementor-column elementor-col-100 elementor-top-column elementor-element elementor-element-81b3996\" data-id=\"81b3996\" data-element_type=\"column\" data-e-type=\"column\">\n\t\t\t<div class=\"elementor-widget-wrap elementor-element-populated\">\n\t\t\t\t\t\t<div class=\"elementor-element elementor-element-56e8bee elementor-widget elementor-widget-heading\" data-id=\"56e8bee\" data-element_type=\"widget\" data-e-type=\"widget\" data-widget_type=\"heading.default\">\n\t\t\t\t<div class=\"elementor-widget-container\">\n\t\t\t\t\t<h2 class=\"elementor-heading-title elementor-size-default\">Donar a la causa de Engin<\/h2>\t\t\t\t<\/div>\n\t\t\t\t<\/div>\n\t\t\t\t<div class=\"elementor-element elementor-element-1ca8755 elementor-widget elementor-widget-image\" data-id=\"1ca8755\" data-element_type=\"widget\" data-e-type=\"widget\" data-widget_type=\"image.default\">\n\t\t\t\t<div class=\"elementor-widget-container\">\n\t\t\t\t\t\t\t\t\t\t\t\t\t\t\t<img fetchpriority=\"high\" decoding=\"async\" width=\"3500\" height=\"682\" src=\"https:\/\/friendsofenginakyurek.org\/wp-content\/uploads\/2022\/10\/1CF36AC6-E903-4883-AFB1-3687019DE82B-e1664928443762.png\" class=\"attachment-full size-full wp-image-5860\" alt=\"\" srcset=\"https:\/\/friendsofenginakyurek.org\/wp-content\/uploads\/2022\/10\/1CF36AC6-E903-4883-AFB1-3687019DE82B-e1664928443762.png 3500w, https:\/\/friendsofenginakyurek.org\/wp-content\/uploads\/2022\/10\/1CF36AC6-E903-4883-AFB1-3687019DE82B-e1664928443762-600x117.png 600w, https:\/\/friendsofenginakyurek.org\/wp-content\/uploads\/2022\/10\/1CF36AC6-E903-4883-AFB1-3687019DE82B-e1664928443762-300x58.png 300w, https:\/\/friendsofenginakyurek.org\/wp-content\/uploads\/2022\/10\/1CF36AC6-E903-4883-AFB1-3687019DE82B-e1664928443762-1024x200.png 1024w, https:\/\/friendsofenginakyurek.org\/wp-content\/uploads\/2022\/10\/1CF36AC6-E903-4883-AFB1-3687019DE82B-e1664928443762-768x150.png 768w, https:\/\/friendsofenginakyurek.org\/wp-content\/uploads\/2022\/10\/1CF36AC6-E903-4883-AFB1-3687019DE82B-e1664928443762-1536x299.png 1536w, https:\/\/friendsofenginakyurek.org\/wp-content\/uploads\/2022\/10\/1CF36AC6-E903-4883-AFB1-3687019DE82B-e1664928443762-2048x399.png 2048w, https:\/\/friendsofenginakyurek.org\/wp-content\/uploads\/2022\/10\/1CF36AC6-E903-4883-AFB1-3687019DE82B-e1664928443762-18x4.png 18w, https:\/\/friendsofenginakyurek.org\/wp-content\/uploads\/2022\/10\/1CF36AC6-E903-4883-AFB1-3687019DE82B-e1664928443762-200x39.png 200w, https:\/\/friendsofenginakyurek.org\/wp-content\/uploads\/2022\/10\/1CF36AC6-E903-4883-AFB1-3687019DE82B-e1664928443762-150x29.png 150w, https:\/\/friendsofenginakyurek.org\/wp-content\/uploads\/2022\/10\/1CF36AC6-E903-4883-AFB1-3687019DE82B-e1664928443762-547x107.png 547w, https:\/\/friendsofenginakyurek.org\/wp-content\/uploads\/2022\/10\/1CF36AC6-E903-4883-AFB1-3687019DE82B-e1664928443762-678x132.png 678w, https:\/\/friendsofenginakyurek.org\/wp-content\/uploads\/2022\/10\/1CF36AC6-E903-4883-AFB1-3687019DE82B-e1664928443762-524x102.png 524w, https:\/\/friendsofenginakyurek.org\/wp-content\/uploads\/2022\/10\/1CF36AC6-E903-4883-AFB1-3687019DE82B-e1664928443762-420x82.png 420w, https:\/\/friendsofenginakyurek.org\/wp-content\/uploads\/2022\/10\/1CF36AC6-E903-4883-AFB1-3687019DE82B-e1664928443762-444x87.png 444w, https:\/\/friendsofenginakyurek.org\/wp-content\/uploads\/2022\/10\/1CF36AC6-E903-4883-AFB1-3687019DE82B-e1664928443762-916x178.png 916w\" sizes=\"(max-width: 3500px) 100vw, 3500px\" \/>\t\t\t\t\t\t\t\t\t\t\t\t\t\t\t<\/div>\n\t\t\t\t<\/div>\n\t\t\t\t\t<\/div>\n\t\t<\/div>\n\t\t\t\t\t<\/div>\n\t\t<\/section>\n\t\t\t\t<section class=\"elementor-section elementor-top-section elementor-element elementor-element-2c9c54f elementor-section-boxed elementor-section-height-default elementor-section-height-default\" data-id=\"2c9c54f\" data-element_type=\"section\" data-e-type=\"section\">\n\t\t\t\t\t\t<div class=\"elementor-container elementor-column-gap-default\">\n\t\t\t\t\t<div class=\"elementor-column elementor-col-100 elementor-top-column elementor-element elementor-element-78a0cd7\" data-id=\"78a0cd7\" data-element_type=\"column\" data-e-type=\"column\">\n\t\t\t<div class=\"elementor-widget-wrap elementor-element-populated\">\n\t\t\t\t\t\t<div class=\"elementor-element elementor-element-c056ea1 elementor-widget elementor-widget-heading\" data-id=\"c056ea1\" data-element_type=\"widget\" data-e-type=\"widget\" data-widget_type=\"heading.default\">\n\t\t\t\t<div class=\"elementor-widget-container\">\n\t\t\t\t\t<h2 class=\"elementor-heading-title elementor-size-default\">El n\u00facleo de nuestra misi\u00f3n; Ayudar a las personas\n<\/h2>\t\t\t\t<\/div>\n\t\t\t\t<\/div>\n\t\t\t\t<div class=\"elementor-element elementor-element-1353abc elementor-widget-divider--view-line elementor-widget elementor-widget-divider\" data-id=\"1353abc\" data-element_type=\"widget\" data-e-type=\"widget\" data-widget_type=\"divider.default\">\n\t\t\t\t<div class=\"elementor-widget-container\">\n\t\t\t\t\t\t\t<div class=\"elementor-divider\">\n\t\t\t<span class=\"elementor-divider-separator\">\n\t\t\t\t\t\t<\/span>\n\t\t<\/div>\n\t\t\t\t\t\t<\/div>\n\t\t\t\t<\/div>\n\t\t\t\t\t<\/div>\n\t\t<\/div>\n\t\t\t\t\t<\/div>\n\t\t<\/section>\n\t\t\t\t<section class=\"elementor-section elementor-top-section elementor-element elementor-element-d6d8ed1 elementor-section-content-middle elementor-section-boxed elementor-section-height-default elementor-section-height-default\" data-id=\"d6d8ed1\" data-element_type=\"section\" data-e-type=\"section\">\n\t\t\t\t\t\t\t<div class=\"elementor-background-overlay\"><\/div>\n\t\t\t\t\t\t\t<div class=\"elementor-container elementor-column-gap-no\">\n\t\t\t\t\t<div class=\"elementor-column elementor-col-100 elementor-top-column elementor-element elementor-element-4ed2983\" data-id=\"4ed2983\" data-element_type=\"column\" data-e-type=\"column\">\n\t\t\t<div class=\"elementor-widget-wrap elementor-element-populated\">\n\t\t\t\t\t\t<div class=\"elementor-element elementor-element-a5feae7 elementor-widget elementor-widget-text-editor\" data-id=\"a5feae7\" data-element_type=\"widget\" data-e-type=\"widget\" data-widget_type=\"text-editor.default\">\n\t\t\t\t<div class=\"elementor-widget-container\">\n\t\t\t\t\t\t\t\t\t<p>Cada a\u00f1o, en alg\u00fan momento antes de su cumplea\u00f1os, Engin Aky\u00fcrek identifica una causa social y de caridad cercana a su coraz\u00f3n, brindando una oportunidad para que aquellos que deseen honrarlo lo hagan a prop\u00f3sito. Al donar a este programa, 100% de sus ingresos (a excepci\u00f3n de las tarifas de procesamiento requeridas est\u00e1ndar calculadas durante una transmisi\u00f3n \u00fanica de todas las donaciones recibidas) se enviar\u00e1n al administrador del programa, un amigo y aliado de Friends of Engin Aky\u00fcrek.<\/p><p>Para comprender mejor por qu\u00e9 es \u00fatil la donaci\u00f3n a trav\u00e9s de FEA, consulte nuestra P\u00e1gina de <a href=\"https:\/\/friendsofenginakyurek.org\/es\/frequently-asked-questions\/\"><span style=\"text-decoration: underline;\">Preguntas frecuentes<\/span><\/a> .<\/p>\t\t\t\t\t\t\t\t<\/div>\n\t\t\t\t<\/div>\n\t\t\t\t\t<\/div>\n\t\t<\/div>\n\t\t\t\t\t<\/div>\n\t\t<\/section>\n\t\t\t\t<section class=\"elementor-section elementor-top-section elementor-element elementor-element-0b8cfb7 elementor-section-boxed elementor-section-height-default elementor-section-height-default\" data-id=\"0b8cfb7\" data-element_type=\"section\" data-e-type=\"section\">\n\t\t\t\t\t\t<div class=\"elementor-container elementor-column-gap-default\">\n\t\t\t\t\t<div class=\"elementor-column elementor-col-100 elementor-top-column elementor-element elementor-element-48297c3\" data-id=\"48297c3\" data-element_type=\"column\" data-e-type=\"column\">\n\t\t\t<div class=\"elementor-widget-wrap elementor-element-populated\">\n\t\t\t\t\t\t<div class=\"elementor-element elementor-element-4acca82 elementor-align-center elementor-widget elementor-widget-button\" data-id=\"4acca82\" data-element_type=\"widget\" data-e-type=\"widget\" data-widget_type=\"button.default\">\n\t\t\t\t<div class=\"elementor-widget-container\">\n\t\t\t\t\t\t\t\t\t<div class=\"elementor-button-wrapper\">\n\t\t\t\t\t<a class=\"elementor-button elementor-button-link elementor-size-sm\" href=\"https:\/\/friendsofenginakyurek.org\/es\/how-to-give\/\" target=\"_blank\">\n\t\t\t\t\t\t<span class=\"elementor-button-content-wrapper\">\n\t\t\t\t\t\t<span class=\"elementor-button-icon\">\n\t\t\t\t<i aria-hidden=\"true\" class=\"fab fa-paypal\"><\/i>\t\t\t<\/span>\n\t\t\t\t\t\t\t\t\t<span class=\"elementor-button-text\">Como dar<\/span>\n\t\t\t\t\t<\/span>\n\t\t\t\t\t<\/a>\n\t\t\t\t<\/div>\n\t\t\t\t\t\t\t\t<\/div>\n\t\t\t\t<\/div>\n\t\t\t\t\t<\/div>\n\t\t<\/div>\n\t\t\t\t\t<\/div>\n\t\t<\/section>\n\t\t\t\t<section class=\"elementor-section elementor-top-section elementor-element elementor-element-8effcff elementor-section-boxed elementor-section-height-default elementor-section-height-default\" data-id=\"8effcff\" data-element_type=\"section\" data-e-type=\"section\">\n\t\t\t\t\t\t<div class=\"elementor-container elementor-column-gap-default\">\n\t\t\t\t\t<div class=\"elementor-column elementor-col-100 elementor-top-column elementor-element elementor-element-5a73492\" data-id=\"5a73492\" data-element_type=\"column\" data-e-type=\"column\">\n\t\t\t<div class=\"elementor-widget-wrap elementor-element-populated\">\n\t\t\t\t\t\t<div class=\"elementor-element elementor-element-d209290 elementor-widget elementor-widget-heading\" data-id=\"d209290\" data-element_type=\"widget\" data-e-type=\"widget\" data-widget_type=\"heading.default\">\n\t\t\t\t<div class=\"elementor-widget-container\">\n\t\t\t\t\t<h2 class=\"elementor-heading-title elementor-size-default\">ver otras formas de participar<\/h2>\t\t\t\t<\/div>\n\t\t\t\t<\/div>\n\t\t\t\t\t<\/div>\n\t\t<\/div>\n\t\t\t\t\t<\/div>\n\t\t<\/section>\n\t\t\t\t<section class=\"elementor-section elementor-top-section elementor-element elementor-element-b06cac9 elementor-section-boxed elementor-section-height-default elementor-section-height-default\" data-id=\"b06cac9\" data-element_type=\"section\" data-e-type=\"section\">\n\t\t\t\t\t\t<div class=\"elementor-container elementor-column-gap-default\">\n\t\t\t\t\t<div class=\"elementor-column elementor-col-25 elementor-top-column elementor-element elementor-element-06b4f85\" data-id=\"06b4f85\" data-element_type=\"column\" data-e-type=\"column\">\n\t\t\t<div class=\"elementor-widget-wrap elementor-element-populated\">\n\t\t\t\t\t\t<div class=\"elementor-element elementor-element-03a0bf8 elementor-position-top elementor-widget elementor-widget-image-box\" data-id=\"03a0bf8\" data-element_type=\"widget\" data-e-type=\"widget\" data-widget_type=\"image-box.default\">\n\t\t\t\t<div class=\"elementor-widget-container\">\n\t\t\t\t\t<div class=\"elementor-image-box-wrapper\"><figure class=\"elementor-image-box-img\"><a href=\"https:\/\/friendsofenginakyurek.org\/es\/donate-to-engins-cause\/\" tabindex=\"-1\"><img decoding=\"async\" width=\"2560\" height=\"940\" src=\"https:\/\/friendsofenginakyurek.org\/wp-content\/uploads\/2022\/10\/image_6483441-22.jpg\" class=\"attachment-full size-full wp-image-5769\" alt=\"\" srcset=\"https:\/\/friendsofenginakyurek.org\/wp-content\/uploads\/2022\/10\/image_6483441-22.jpg 2560w, https:\/\/friendsofenginakyurek.org\/wp-content\/uploads\/2022\/10\/image_6483441-22-600x220.jpg 600w, https:\/\/friendsofenginakyurek.org\/wp-content\/uploads\/2022\/10\/image_6483441-22-300x110.jpg 300w, https:\/\/friendsofenginakyurek.org\/wp-content\/uploads\/2022\/10\/image_6483441-22-1024x376.jpg 1024w, https:\/\/friendsofenginakyurek.org\/wp-content\/uploads\/2022\/10\/image_6483441-22-768x282.jpg 768w, https:\/\/friendsofenginakyurek.org\/wp-content\/uploads\/2022\/10\/image_6483441-22-1536x564.jpg 1536w, https:\/\/friendsofenginakyurek.org\/wp-content\/uploads\/2022\/10\/image_6483441-22-2048x752.jpg 2048w, https:\/\/friendsofenginakyurek.org\/wp-content\/uploads\/2022\/10\/image_6483441-22-18x7.jpg 18w, https:\/\/friendsofenginakyurek.org\/wp-content\/uploads\/2022\/10\/image_6483441-22-200x73.jpg 200w, https:\/\/friendsofenginakyurek.org\/wp-content\/uploads\/2022\/10\/image_6483441-22-150x55.jpg 150w, https:\/\/friendsofenginakyurek.org\/wp-content\/uploads\/2022\/10\/image_6483441-22-547x201.jpg 547w, https:\/\/friendsofenginakyurek.org\/wp-content\/uploads\/2022\/10\/image_6483441-22-678x249.jpg 678w, https:\/\/friendsofenginakyurek.org\/wp-content\/uploads\/2022\/10\/image_6483441-22-524x192.jpg 524w, https:\/\/friendsofenginakyurek.org\/wp-content\/uploads\/2022\/10\/image_6483441-22-420x154.jpg 420w, https:\/\/friendsofenginakyurek.org\/wp-content\/uploads\/2022\/10\/image_6483441-22-444x163.jpg 444w, https:\/\/friendsofenginakyurek.org\/wp-content\/uploads\/2022\/10\/image_6483441-22-916x336.jpg 916w\" sizes=\"(max-width: 2560px) 100vw, 2560px\" \/><\/a><\/figure><div class=\"elementor-image-box-content\"><h3 class=\"elementor-image-box-title\"><a href=\"https:\/\/friendsofenginakyurek.org\/es\/donate-to-engins-cause\/\">Donar a la causa de Engin<\/a><\/h3><p class=\"elementor-image-box-description\">Dona en honor a Engin Aky\u00fcrek apoyando el evento anual a trav\u00e9s de organizaciones identificadas por \u00e9l; centradas en causas humanitarias.\n\n<\/p><\/div><\/div>\t\t\t\t<\/div>\n\t\t\t\t<\/div>\n\t\t\t\t\t<\/div>\n\t\t<\/div>\n\t\t\t\t<div class=\"elementor-column elementor-col-25 elementor-top-column elementor-element elementor-element-c62b899\" data-id=\"c62b899\" data-element_type=\"column\" data-e-type=\"column\">\n\t\t\t<div class=\"elementor-widget-wrap elementor-element-populated\">\n\t\t\t\t\t\t<div class=\"elementor-element elementor-element-8fc59e7 elementor-position-top elementor-widget elementor-widget-image-box\" data-id=\"8fc59e7\" data-element_type=\"widget\" data-e-type=\"widget\" data-widget_type=\"image-box.default\">\n\t\t\t\t<div class=\"elementor-widget-container\">\n\t\t\t\t\t<div class=\"elementor-image-box-wrapper\"><figure class=\"elementor-image-box-img\"><a href=\"https:\/\/friendsofenginakyurek.org\/es\/support-our-programs\/\" target=\"_blank\" tabindex=\"-1\"><img decoding=\"async\" width=\"1620\" height=\"595\" src=\"https:\/\/friendsofenginakyurek.org\/wp-content\/uploads\/2022\/10\/image_6483441-28.JPG1_.jpg\" class=\"attachment-full size-full wp-image-6080\" alt=\"\" srcset=\"https:\/\/friendsofenginakyurek.org\/wp-content\/uploads\/2022\/10\/image_6483441-28.JPG1_.jpg 1620w, https:\/\/friendsofenginakyurek.org\/wp-content\/uploads\/2022\/10\/image_6483441-28.JPG1_-600x220.jpg 600w, https:\/\/friendsofenginakyurek.org\/wp-content\/uploads\/2022\/10\/image_6483441-28.JPG1_-300x110.jpg 300w, https:\/\/friendsofenginakyurek.org\/wp-content\/uploads\/2022\/10\/image_6483441-28.JPG1_-1024x376.jpg 1024w, https:\/\/friendsofenginakyurek.org\/wp-content\/uploads\/2022\/10\/image_6483441-28.JPG1_-768x282.jpg 768w, https:\/\/friendsofenginakyurek.org\/wp-content\/uploads\/2022\/10\/image_6483441-28.JPG1_-1536x564.jpg 1536w, https:\/\/friendsofenginakyurek.org\/wp-content\/uploads\/2022\/10\/image_6483441-28.JPG1_-18x7.jpg 18w, https:\/\/friendsofenginakyurek.org\/wp-content\/uploads\/2022\/10\/image_6483441-28.JPG1_-200x73.jpg 200w, https:\/\/friendsofenginakyurek.org\/wp-content\/uploads\/2022\/10\/image_6483441-28.JPG1_-150x55.jpg 150w, https:\/\/friendsofenginakyurek.org\/wp-content\/uploads\/2022\/10\/image_6483441-28.JPG1_-547x201.jpg 547w, https:\/\/friendsofenginakyurek.org\/wp-content\/uploads\/2022\/10\/image_6483441-28.JPG1_-678x249.jpg 678w, https:\/\/friendsofenginakyurek.org\/wp-content\/uploads\/2022\/10\/image_6483441-28.JPG1_-524x192.jpg 524w, https:\/\/friendsofenginakyurek.org\/wp-content\/uploads\/2022\/10\/image_6483441-28.JPG1_-420x154.jpg 420w, https:\/\/friendsofenginakyurek.org\/wp-content\/uploads\/2022\/10\/image_6483441-28.JPG1_-444x163.jpg 444w, https:\/\/friendsofenginakyurek.org\/wp-content\/uploads\/2022\/10\/image_6483441-28.JPG1_-916x336.jpg 916w\" sizes=\"(max-width: 1620px) 100vw, 1620px\" \/><\/a><\/figure><div class=\"elementor-image-box-content\"><h3 class=\"elementor-image-box-title\"><a href=\"https:\/\/friendsofenginakyurek.org\/es\/support-our-programs\/\" target=\"_blank\">Apoye Nuestros Programas<\/a><\/h3><p class=\"elementor-image-box-description\">El prop\u00f3sito humanitario del Sr. Aky\u00fcrek, guiado por su forma de vida. Adem\u00e1s, una plataforma informativa para los amigos de Engin.<\/p><\/div><\/div>\t\t\t\t<\/div>\n\t\t\t\t<\/div>\n\t\t\t\t\t<\/div>\n\t\t<\/div>\n\t\t\t\t<div class=\"elementor-column elementor-col-25 elementor-top-column elementor-element elementor-element-199e642\" data-id=\"199e642\" data-element_type=\"column\" data-e-type=\"column\">\n\t\t\t<div class=\"elementor-widget-wrap elementor-element-populated\">\n\t\t\t\t\t\t<div class=\"elementor-element elementor-element-3b875ed elementor-position-top elementor-widget elementor-widget-image-box\" data-id=\"3b875ed\" data-element_type=\"widget\" data-e-type=\"widget\" data-widget_type=\"image-box.default\">\n\t\t\t\t<div class=\"elementor-widget-container\">\n\t\t\t\t\t<div class=\"elementor-image-box-wrapper\"><figure class=\"elementor-image-box-img\"><a href=\"https:\/\/friendsofenginakyurek.org\/es\/become-an-ambassador\/\" tabindex=\"-1\"><img decoding=\"async\" src=\"https:\/\/friendsofenginakyurek.org\/wp-content\/uploads\/elementor\/thumbs\/image_6483441-24-rb58azdp9g3c400thyo2mb28mztd235lluvnadcgqg.jpg\" title=\"imagen_6483441 (24)\" alt=\"image_6483441 (24)\" loading=\"lazy\" \/><\/a><\/figure><div class=\"elementor-image-box-content\"><h3 class=\"elementor-image-box-title\"><a href=\"https:\/\/friendsofenginakyurek.org\/es\/become-an-ambassador\/\">Convi\u00e9rtete en Embajador<\/a><\/h3><p class=\"elementor-image-box-description\">Designados Embajadores Globales de  Friends of Engin Aky\u00fcrek trabajan para difundir nuestra misi\u00f3n a lo largo y ancho, fomentando el apoyo caritativo y la buena voluntad social.<\/p><\/div><\/div>\t\t\t\t<\/div>\n\t\t\t\t<\/div>\n\t\t\t\t\t<\/div>\n\t\t<\/div>\n\t\t\t\t<div class=\"elementor-column elementor-col-25 elementor-top-column elementor-element elementor-element-8bbd6e2\" data-id=\"8bbd6e2\" data-element_type=\"column\" data-e-type=\"column\">\n\t\t\t<div class=\"elementor-widget-wrap elementor-element-populated\">\n\t\t\t\t\t\t<div class=\"elementor-element elementor-element-bc7a40a elementor-position-top elementor-widget elementor-widget-image-box\" data-id=\"bc7a40a\" data-element_type=\"widget\" data-e-type=\"widget\" data-widget_type=\"image-box.default\">\n\t\t\t\t<div class=\"elementor-widget-container\">\n\t\t\t\t\t<div class=\"elementor-image-box-wrapper\"><figure class=\"elementor-image-box-img\"><a href=\"https:\/\/friendsofenginakyurek.org\/es\/gratitude\/\" tabindex=\"-1\"><img loading=\"lazy\" decoding=\"async\" width=\"2560\" height=\"940\" src=\"https:\/\/friendsofenginakyurek.org\/wp-content\/uploads\/2022\/10\/image_6483441-12.jpg\" class=\"attachment-full size-full wp-image-5406\" alt=\"\" srcset=\"https:\/\/friendsofenginakyurek.org\/wp-content\/uploads\/2022\/10\/image_6483441-12.jpg 2560w, https:\/\/friendsofenginakyurek.org\/wp-content\/uploads\/2022\/10\/image_6483441-12-600x220.jpg 600w, https:\/\/friendsofenginakyurek.org\/wp-content\/uploads\/2022\/10\/image_6483441-12-300x110.jpg 300w, https:\/\/friendsofenginakyurek.org\/wp-content\/uploads\/2022\/10\/image_6483441-12-1024x376.jpg 1024w, https:\/\/friendsofenginakyurek.org\/wp-content\/uploads\/2022\/10\/image_6483441-12-768x282.jpg 768w, https:\/\/friendsofenginakyurek.org\/wp-content\/uploads\/2022\/10\/image_6483441-12-1536x564.jpg 1536w, https:\/\/friendsofenginakyurek.org\/wp-content\/uploads\/2022\/10\/image_6483441-12-2048x752.jpg 2048w, https:\/\/friendsofenginakyurek.org\/wp-content\/uploads\/2022\/10\/image_6483441-12-18x7.jpg 18w, https:\/\/friendsofenginakyurek.org\/wp-content\/uploads\/2022\/10\/image_6483441-12-200x73.jpg 200w, https:\/\/friendsofenginakyurek.org\/wp-content\/uploads\/2022\/10\/image_6483441-12-150x55.jpg 150w, https:\/\/friendsofenginakyurek.org\/wp-content\/uploads\/2022\/10\/image_6483441-12-547x201.jpg 547w, https:\/\/friendsofenginakyurek.org\/wp-content\/uploads\/2022\/10\/image_6483441-12-678x249.jpg 678w, https:\/\/friendsofenginakyurek.org\/wp-content\/uploads\/2022\/10\/image_6483441-12-524x192.jpg 524w, https:\/\/friendsofenginakyurek.org\/wp-content\/uploads\/2022\/10\/image_6483441-12-420x154.jpg 420w, https:\/\/friendsofenginakyurek.org\/wp-content\/uploads\/2022\/10\/image_6483441-12-444x163.jpg 444w, https:\/\/friendsofenginakyurek.org\/wp-content\/uploads\/2022\/10\/image_6483441-12-916x336.jpg 916w\" sizes=\"(max-width: 2560px) 100vw, 2560px\" \/><\/a><\/figure><div class=\"elementor-image-box-content\"><h3 class=\"elementor-image-box-title\"><a href=\"https:\/\/friendsofenginakyurek.org\/es\/gratitude\/\">Apreciando a los donantes<\/a><\/h3><p class=\"elementor-image-box-description\">Expresamos con cari\u00f1o nuestra gratitud a los generosos donantes que han depositado su confianza en nuestras capacidades. No te  vamos a defraudar.<\/p><\/div><\/div>\t\t\t\t<\/div>\n\t\t\t\t<\/div>\n\t\t\t\t\t<\/div>\n\t\t<\/div>\n\t\t\t\t\t<\/div>\n\t\t<\/section>\n\t\t\t\t<\/div>","protected":false},"excerpt":{"rendered":"<p>Dona a la causa de Engin El n\u00facleo de nuestra misi\u00f3n: ayudar a las personas Cada a\u00f1o, en alg\u00fan momento antes de su cumplea\u00f1os, Engin Aky\u00fcrek identifica una causa social y de caridad cercana a su coraz\u00f3n, brindando una oportunidad para que quienes deseen honrarlo lo hagan de manera intencional. Al donar a este programa, 100% de sus ganancias (excepto cualquier \u2026 <a href=\"https:\/\/friendsofenginakyurek.org\/es\/donate-to-engins-cause\/\" class=\"more-link\">sigue leyendo <span class=\"screen-reader-text\">Dona a la causa de Engin<\/span><\/a><\/p>","protected":false},"author":1,"featured_media":9778,"parent":0,"menu_order":0,"comment_status":"closed","ping_status":"closed","template":"elementor_header_footer","meta":{"footnotes":""},"class_list":["post-5729","page","type-page","status-publish","has-post-thumbnail","hentry"],"jetpack_sharing_enabled":true,"_links":{"self":[{"href":"https:\/\/friendsofenginakyurek.org\/es\/wp-json\/wp\/v2\/pages\/5729","targetHints":{"allow":["GET"]}}],"collection":[{"href":"https:\/\/friendsofenginakyurek.org\/es\/wp-json\/wp\/v2\/pages"}],"about":[{"href":"https:\/\/friendsofenginakyurek.org\/es\/wp-json\/wp\/v2\/types\/page"}],"author":[{"embeddable":true,"href":"https:\/\/friendsofenginakyurek.org\/es\/wp-json\/wp\/v2\/users\/1"}],"replies":[{"embeddable":true,"href":"https:\/\/friendsofenginakyurek.org\/es\/wp-json\/wp\/v2\/comments?post=5729"}],"version-history":[{"count":103,"href":"https:\/\/friendsofenginakyurek.org\/es\/wp-json\/wp\/v2\/pages\/5729\/revisions"}],"predecessor-version":[{"id":11405,"href":"https:\/\/friendsofenginakyurek.org\/es\/wp-json\/wp\/v2\/pages\/5729\/revisions\/11405"}],"wp:featuredmedia":[{"embeddable":true,"href":"https:\/\/friendsofenginakyurek.org\/es\/wp-json\/wp\/v2\/media\/9778"}],"wp:attachment":[{"href":"https:\/\/friendsofenginakyurek.org\/es\/wp-json\/wp\/v2\/media?parent=5729"}],"curies":[{"name":"gracias","href":"https:\/\/api.w.org\/{rel}","templated":true}]}}