{"id":8797,"date":"2022-11-07T21:38:55","date_gmt":"2022-11-07T21:38:55","guid":{"rendered":"https:\/\/friendsofenginakyurek.org\/?page_id=8797"},"modified":"2023-03-11T23:21:45","modified_gmt":"2023-03-11T23:21:45","slug":"publications","status":"publish","type":"page","link":"https:\/\/friendsofenginakyurek.org\/es\/publications\/","title":{"rendered":"Publicaciones"},"content":{"rendered":"<div data-elementor-type=\"wp-page\" data-elementor-id=\"8797\" class=\"elementor elementor-8797\" data-elementor-post-type=\"page\">\n\t\t\t\t\t\t<section class=\"elementor-section elementor-top-section elementor-element elementor-element-0eb7a57 elementor-section-height-min-height elementor-section-content-middle elementor-section-boxed elementor-section-height-default elementor-section-items-middle\" data-id=\"0eb7a57\" data-element_type=\"section\" data-e-type=\"section\" data-settings=\"{&quot;background_background&quot;:&quot;classic&quot;}\">\n\t\t\t\t\t\t\t<div class=\"elementor-background-overlay\"><\/div>\n\t\t\t\t\t\t\t<div class=\"elementor-container elementor-column-gap-no\">\n\t\t\t\t\t<div class=\"elementor-column elementor-col-100 elementor-top-column elementor-element elementor-element-3a86f0d\" data-id=\"3a86f0d\" data-element_type=\"column\" data-e-type=\"column\">\n\t\t\t<div class=\"elementor-widget-wrap elementor-element-populated\">\n\t\t\t\t\t\t<div class=\"elementor-element elementor-element-0887947 elementor-widget elementor-widget-heading\" data-id=\"0887947\" data-element_type=\"widget\" data-e-type=\"widget\" data-widget_type=\"heading.default\">\n\t\t\t\t<div class=\"elementor-widget-container\">\n\t\t\t\t\t<h2 class=\"elementor-heading-title elementor-size-default\">Publicaciones<\/h2>\t\t\t\t<\/div>\n\t\t\t\t<\/div>\n\t\t\t\t<div class=\"elementor-element elementor-element-700bc08 elementor-widget elementor-widget-image\" data-id=\"700bc08\" data-element_type=\"widget\" data-e-type=\"widget\" data-widget_type=\"image.default\">\n\t\t\t\t<div class=\"elementor-widget-container\">\n\t\t\t\t\t\t\t\t\t\t\t\t\t\t\t<img fetchpriority=\"high\" decoding=\"async\" width=\"1024\" height=\"169\" src=\"https:\/\/friendsofenginakyurek.org\/wp-content\/uploads\/2022\/10\/Storytellers-Tagline-e1665622788591-1024x169.png\" class=\"attachment-large size-large wp-image-8202\" alt=\"\" srcset=\"https:\/\/friendsofenginakyurek.org\/wp-content\/uploads\/2022\/10\/Storytellers-Tagline-e1665622788591-1024x169.png 1024w, https:\/\/friendsofenginakyurek.org\/wp-content\/uploads\/2022\/10\/Storytellers-Tagline-e1665622788591-600x99.png 600w, https:\/\/friendsofenginakyurek.org\/wp-content\/uploads\/2022\/10\/Storytellers-Tagline-e1665622788591-300x49.png 300w, https:\/\/friendsofenginakyurek.org\/wp-content\/uploads\/2022\/10\/Storytellers-Tagline-e1665622788591-768x127.png 768w, https:\/\/friendsofenginakyurek.org\/wp-content\/uploads\/2022\/10\/Storytellers-Tagline-e1665622788591-1536x253.png 1536w, https:\/\/friendsofenginakyurek.org\/wp-content\/uploads\/2022\/10\/Storytellers-Tagline-e1665622788591-2048x338.png 2048w, https:\/\/friendsofenginakyurek.org\/wp-content\/uploads\/2022\/10\/Storytellers-Tagline-e1665622788591-18x3.png 18w, https:\/\/friendsofenginakyurek.org\/wp-content\/uploads\/2022\/10\/Storytellers-Tagline-e1665622788591-200x33.png 200w, https:\/\/friendsofenginakyurek.org\/wp-content\/uploads\/2022\/10\/Storytellers-Tagline-e1665622788591-150x25.png 150w, https:\/\/friendsofenginakyurek.org\/wp-content\/uploads\/2022\/10\/Storytellers-Tagline-e1665622788591-547x90.png 547w, https:\/\/friendsofenginakyurek.org\/wp-content\/uploads\/2022\/10\/Storytellers-Tagline-e1665622788591-678x112.png 678w, https:\/\/friendsofenginakyurek.org\/wp-content\/uploads\/2022\/10\/Storytellers-Tagline-e1665622788591-524x86.png 524w, https:\/\/friendsofenginakyurek.org\/wp-content\/uploads\/2022\/10\/Storytellers-Tagline-e1665622788591-420x69.png 420w, https:\/\/friendsofenginakyurek.org\/wp-content\/uploads\/2022\/10\/Storytellers-Tagline-e1665622788591-444x73.png 444w, https:\/\/friendsofenginakyurek.org\/wp-content\/uploads\/2022\/10\/Storytellers-Tagline-e1665622788591-916x151.png 916w\" sizes=\"(max-width: 1024px) 100vw, 1024px\" \/>\t\t\t\t\t\t\t\t\t\t\t\t\t\t\t<\/div>\n\t\t\t\t<\/div>\n\t\t\t\t\t<\/div>\n\t\t<\/div>\n\t\t\t\t\t<\/div>\n\t\t<\/section>\n\t\t\t\t<section class=\"elementor-section elementor-top-section elementor-element elementor-element-52d0ff3 elementor-section-boxed elementor-section-height-default elementor-section-height-default\" data-id=\"52d0ff3\" data-element_type=\"section\" data-e-type=\"section\">\n\t\t\t\t\t\t<div class=\"elementor-container elementor-column-gap-default\">\n\t\t\t\t\t<div class=\"elementor-column elementor-col-100 elementor-top-column elementor-element elementor-element-79156d2\" data-id=\"79156d2\" data-element_type=\"column\" data-e-type=\"column\">\n\t\t\t<div class=\"elementor-widget-wrap elementor-element-populated\">\n\t\t\t\t\t\t<div class=\"elementor-element elementor-element-a4f5ad1 elementor-widget elementor-widget-heading\" data-id=\"a4f5ad1\" data-element_type=\"widget\" data-e-type=\"widget\" data-widget_type=\"heading.default\">\n\t\t\t\t<div class=\"elementor-widget-container\">\n\t\t\t\t\t<h2 class=\"elementor-heading-title elementor-size-default\">A Trav\u00e9s de la \"Lente\" de las Plumas de los Escritores<\/h2>\t\t\t\t<\/div>\n\t\t\t\t<\/div>\n\t\t\t\t<div class=\"elementor-element elementor-element-63f1317 elementor-widget-divider--view-line elementor-widget elementor-widget-divider\" data-id=\"63f1317\" data-element_type=\"widget\" data-e-type=\"widget\" data-widget_type=\"divider.default\">\n\t\t\t\t<div class=\"elementor-widget-container\">\n\t\t\t\t\t\t\t<div class=\"elementor-divider\">\n\t\t\t<span class=\"elementor-divider-separator\">\n\t\t\t\t\t\t<\/span>\n\t\t<\/div>\n\t\t\t\t\t\t<\/div>\n\t\t\t\t<\/div>\n\t\t\t\t\t<\/div>\n\t\t<\/div>\n\t\t\t\t\t<\/div>\n\t\t<\/section>\n\t\t\t\t<section class=\"elementor-section elementor-top-section elementor-element elementor-element-8072b04 elementor-section-boxed elementor-section-height-default elementor-section-height-default\" data-id=\"8072b04\" data-element_type=\"section\" data-e-type=\"section\" id=\"t1\">\n\t\t\t\t\t\t<div class=\"elementor-container elementor-column-gap-default\">\n\t\t\t\t\t<div class=\"elementor-column elementor-col-33 elementor-top-column elementor-element elementor-element-42ea902\" data-id=\"42ea902\" data-element_type=\"column\" data-e-type=\"column\">\n\t\t\t<div class=\"elementor-widget-wrap elementor-element-populated\">\n\t\t\t\t\t\t<div class=\"elementor-element elementor-element-0a736d3 elementor-widget elementor-widget-image\" data-id=\"0a736d3\" data-element_type=\"widget\" data-e-type=\"widget\" data-widget_type=\"image.default\">\n\t\t\t\t<div class=\"elementor-widget-container\">\n\t\t\t\t\t\t\t\t\t\t\t\t<figure class=\"wp-caption\">\n\t\t\t\t\t\t\t\t\t\t\t<a href=\"https:\/\/friendsofenginakyurek.org\/es\/storyteller\/\">\n\t\t\t\t\t\t\t<img decoding=\"async\" width=\"768\" height=\"768\" src=\"https:\/\/friendsofenginakyurek.org\/wp-content\/uploads\/2022\/10\/EA-Storyteller-thumbnail-768x768.png\" class=\"elementor-animation-shrink attachment-medium_large size-medium_large wp-image-8121\" alt=\"\" srcset=\"https:\/\/friendsofenginakyurek.org\/wp-content\/uploads\/2022\/10\/EA-Storyteller-thumbnail-768x768.png 768w, https:\/\/friendsofenginakyurek.org\/wp-content\/uploads\/2022\/10\/EA-Storyteller-thumbnail-300x300.png 300w, https:\/\/friendsofenginakyurek.org\/wp-content\/uploads\/2022\/10\/EA-Storyteller-thumbnail-100x100.png 100w, https:\/\/friendsofenginakyurek.org\/wp-content\/uploads\/2022\/10\/EA-Storyteller-thumbnail-600x600.png 600w, https:\/\/friendsofenginakyurek.org\/wp-content\/uploads\/2022\/10\/EA-Storyteller-thumbnail-1024x1024.png 1024w, https:\/\/friendsofenginakyurek.org\/wp-content\/uploads\/2022\/10\/EA-Storyteller-thumbnail-150x150.png 150w, https:\/\/friendsofenginakyurek.org\/wp-content\/uploads\/2022\/10\/EA-Storyteller-thumbnail-12x12.png 12w, https:\/\/friendsofenginakyurek.org\/wp-content\/uploads\/2022\/10\/EA-Storyteller-thumbnail-200x200.png 200w, https:\/\/friendsofenginakyurek.org\/wp-content\/uploads\/2022\/10\/EA-Storyteller-thumbnail-547x547.png 547w, https:\/\/friendsofenginakyurek.org\/wp-content\/uploads\/2022\/10\/EA-Storyteller-thumbnail-678x678.png 678w, https:\/\/friendsofenginakyurek.org\/wp-content\/uploads\/2022\/10\/EA-Storyteller-thumbnail-524x524.png 524w, https:\/\/friendsofenginakyurek.org\/wp-content\/uploads\/2022\/10\/EA-Storyteller-thumbnail-420x420.png 420w, https:\/\/friendsofenginakyurek.org\/wp-content\/uploads\/2022\/10\/EA-Storyteller-thumbnail-444x444.png 444w, https:\/\/friendsofenginakyurek.org\/wp-content\/uploads\/2022\/10\/EA-Storyteller-thumbnail-916x916.png 916w, https:\/\/friendsofenginakyurek.org\/wp-content\/uploads\/2022\/10\/EA-Storyteller-thumbnail.png 1080w\" sizes=\"(max-width: 768px) 100vw, 768px\" \/>\t\t\t\t\t\t\t\t<\/a>\n\t\t\t\t\t\t\t\t\t\t\t<figcaption class=\"widget-image-caption wp-caption-text\">Engin Aky\u00fcrek Cuentacuentos\u00a9<\/figcaption>\n\t\t\t\t\t\t\t\t\t\t<\/figure>\n\t\t\t\t\t\t\t\t\t<\/div>\n\t\t\t\t<\/div>\n\t\t\t\t<div class=\"elementor-element elementor-element-b6561be elementor-widget elementor-widget-text-editor\" data-id=\"b6561be\" data-element_type=\"widget\" data-e-type=\"widget\" data-widget_type=\"text-editor.default\">\n\t\t\t\t<div class=\"elementor-widget-container\">\n\t\t\t\t\t\t\t\t\tCuentos escritos por Engin Aky\u00fcrek, publicados en la revista \u00a9Kafas\u0131na G\u00f6re y traducidos profesionalmente con cuidado y precisi\u00f3n al ingl\u00e9s y a otros idiomas (cuando es posible).\t\t\t\t\t\t\t\t<\/div>\n\t\t\t\t<\/div>\n\t\t\t\t\t<\/div>\n\t\t<\/div>\n\t\t\t\t<div class=\"elementor-column elementor-col-33 elementor-top-column elementor-element elementor-element-a84d929\" data-id=\"a84d929\" data-element_type=\"column\" data-e-type=\"column\">\n\t\t\t<div class=\"elementor-widget-wrap elementor-element-populated\">\n\t\t\t\t\t\t<div class=\"elementor-element elementor-element-764e740 elementor-widget elementor-widget-image\" data-id=\"764e740\" data-element_type=\"widget\" data-e-type=\"widget\" data-widget_type=\"image.default\">\n\t\t\t\t<div class=\"elementor-widget-container\">\n\t\t\t\t\t\t\t\t\t\t\t\t<figure class=\"wp-caption\">\n\t\t\t\t\t\t\t\t\t\t\t<a href=\"https:\/\/friendsofenginakyurek.org\/es\/publications-programs\/\">\n\t\t\t\t\t\t\t<img decoding=\"async\" width=\"768\" height=\"768\" src=\"https:\/\/friendsofenginakyurek.org\/wp-content\/uploads\/2022\/11\/Publications-Programs-thumbnail-1-768x768.png\" class=\"elementor-animation-shrink attachment-medium_large size-medium_large wp-image-8913\" alt=\"\" srcset=\"https:\/\/friendsofenginakyurek.org\/wp-content\/uploads\/2022\/11\/Publications-Programs-thumbnail-1-768x768.png 768w, https:\/\/friendsofenginakyurek.org\/wp-content\/uploads\/2022\/11\/Publications-Programs-thumbnail-1-300x300.png 300w, https:\/\/friendsofenginakyurek.org\/wp-content\/uploads\/2022\/11\/Publications-Programs-thumbnail-1-100x100.png 100w, https:\/\/friendsofenginakyurek.org\/wp-content\/uploads\/2022\/11\/Publications-Programs-thumbnail-1-600x600.png 600w, https:\/\/friendsofenginakyurek.org\/wp-content\/uploads\/2022\/11\/Publications-Programs-thumbnail-1-1024x1024.png 1024w, https:\/\/friendsofenginakyurek.org\/wp-content\/uploads\/2022\/11\/Publications-Programs-thumbnail-1-150x150.png 150w, https:\/\/friendsofenginakyurek.org\/wp-content\/uploads\/2022\/11\/Publications-Programs-thumbnail-1-12x12.png 12w, https:\/\/friendsofenginakyurek.org\/wp-content\/uploads\/2022\/11\/Publications-Programs-thumbnail-1-200x200.png 200w, https:\/\/friendsofenginakyurek.org\/wp-content\/uploads\/2022\/11\/Publications-Programs-thumbnail-1-547x547.png 547w, https:\/\/friendsofenginakyurek.org\/wp-content\/uploads\/2022\/11\/Publications-Programs-thumbnail-1-678x678.png 678w, https:\/\/friendsofenginakyurek.org\/wp-content\/uploads\/2022\/11\/Publications-Programs-thumbnail-1-524x524.png 524w, https:\/\/friendsofenginakyurek.org\/wp-content\/uploads\/2022\/11\/Publications-Programs-thumbnail-1-420x420.png 420w, https:\/\/friendsofenginakyurek.org\/wp-content\/uploads\/2022\/11\/Publications-Programs-thumbnail-1-444x444.png 444w, https:\/\/friendsofenginakyurek.org\/wp-content\/uploads\/2022\/11\/Publications-Programs-thumbnail-1-916x916.png 916w, https:\/\/friendsofenginakyurek.org\/wp-content\/uploads\/2022\/11\/Publications-Programs-thumbnail-1.png 1080w\" sizes=\"(max-width: 768px) 100vw, 768px\" \/>\t\t\t\t\t\t\t\t<\/a>\n\t\t\t\t\t\t\t\t\t\t\t<figcaption class=\"widget-image-caption wp-caption-text\">Publicaciones [Programas]<\/figcaption>\n\t\t\t\t\t\t\t\t\t\t<\/figure>\n\t\t\t\t\t\t\t\t\t<\/div>\n\t\t\t\t<\/div>\n\t\t\t\t<div class=\"elementor-element elementor-element-70ee9d0 elementor-widget elementor-widget-text-editor\" data-id=\"70ee9d0\" data-element_type=\"widget\" data-e-type=\"widget\" data-widget_type=\"text-editor.default\">\n\t\t\t\t<div class=\"elementor-widget-container\">\n\t\t\t\t\t\t\t\t\tInformes especiales, art\u00edculos, historias y otras publicaciones presentadas por <i><i>Friends of Engin Aky\u00fcrek<\/i><\/i>; de autor\u00eda de nuestros editores o colaboradores invitados.\t\t\t\t\t\t\t\t<\/div>\n\t\t\t\t<\/div>\n\t\t\t\t\t<\/div>\n\t\t<\/div>\n\t\t\t\t<div class=\"elementor-column elementor-col-33 elementor-top-column elementor-element elementor-element-22ea4c3\" data-id=\"22ea4c3\" data-element_type=\"column\" data-e-type=\"column\">\n\t\t\t<div class=\"elementor-widget-wrap elementor-element-populated\">\n\t\t\t\t\t\t<div class=\"elementor-element elementor-element-8388fb1 elementor-widget elementor-widget-image\" data-id=\"8388fb1\" data-element_type=\"widget\" data-e-type=\"widget\" data-widget_type=\"image.default\">\n\t\t\t\t<div class=\"elementor-widget-container\">\n\t\t\t\t\t\t\t\t\t\t\t\t<figure class=\"wp-caption\">\n\t\t\t\t\t\t\t\t\t\t\t<a href=\"https:\/\/friendsofenginakyurek.org\/es\/special-publications\/\">\n\t\t\t\t\t\t\t<img loading=\"lazy\" decoding=\"async\" width=\"768\" height=\"768\" src=\"https:\/\/friendsofenginakyurek.org\/wp-content\/uploads\/2022\/10\/Special-Publications-Thumbnail-768x768.png\" class=\"elementor-animation-shrink attachment-medium_large size-medium_large wp-image-8168\" alt=\"\" srcset=\"https:\/\/friendsofenginakyurek.org\/wp-content\/uploads\/2022\/10\/Special-Publications-Thumbnail-768x768.png 768w, https:\/\/friendsofenginakyurek.org\/wp-content\/uploads\/2022\/10\/Special-Publications-Thumbnail-300x300.png 300w, https:\/\/friendsofenginakyurek.org\/wp-content\/uploads\/2022\/10\/Special-Publications-Thumbnail-100x100.png 100w, https:\/\/friendsofenginakyurek.org\/wp-content\/uploads\/2022\/10\/Special-Publications-Thumbnail-600x600.png 600w, https:\/\/friendsofenginakyurek.org\/wp-content\/uploads\/2022\/10\/Special-Publications-Thumbnail-1024x1024.png 1024w, https:\/\/friendsofenginakyurek.org\/wp-content\/uploads\/2022\/10\/Special-Publications-Thumbnail-150x150.png 150w, https:\/\/friendsofenginakyurek.org\/wp-content\/uploads\/2022\/10\/Special-Publications-Thumbnail-12x12.png 12w, https:\/\/friendsofenginakyurek.org\/wp-content\/uploads\/2022\/10\/Special-Publications-Thumbnail-200x200.png 200w, https:\/\/friendsofenginakyurek.org\/wp-content\/uploads\/2022\/10\/Special-Publications-Thumbnail-547x547.png 547w, https:\/\/friendsofenginakyurek.org\/wp-content\/uploads\/2022\/10\/Special-Publications-Thumbnail-678x678.png 678w, https:\/\/friendsofenginakyurek.org\/wp-content\/uploads\/2022\/10\/Special-Publications-Thumbnail-524x524.png 524w, https:\/\/friendsofenginakyurek.org\/wp-content\/uploads\/2022\/10\/Special-Publications-Thumbnail-420x420.png 420w, https:\/\/friendsofenginakyurek.org\/wp-content\/uploads\/2022\/10\/Special-Publications-Thumbnail-444x444.png 444w, https:\/\/friendsofenginakyurek.org\/wp-content\/uploads\/2022\/10\/Special-Publications-Thumbnail-916x916.png 916w, https:\/\/friendsofenginakyurek.org\/wp-content\/uploads\/2022\/10\/Special-Publications-Thumbnail.png 1080w\" sizes=\"(max-width: 768px) 100vw, 768px\" \/>\t\t\t\t\t\t\t\t<\/a>\n\t\t\t\t\t\t\t\t\t\t\t<figcaption class=\"widget-image-caption wp-caption-text\">Publicaciones Especiales<\/figcaption>\n\t\t\t\t\t\t\t\t\t\t<\/figure>\n\t\t\t\t\t\t\t\t\t<\/div>\n\t\t\t\t<\/div>\n\t\t\t\t<div class=\"elementor-element elementor-element-9c364a9 elementor-widget elementor-widget-text-editor\" data-id=\"9c364a9\" data-element_type=\"widget\" data-e-type=\"widget\" data-widget_type=\"text-editor.default\">\n\t\t\t\t<div class=\"elementor-widget-container\">\n\t\t\t\t\t\t\t\t\tComunicaciones de amigos de Engin y\/o escritores invitados, que incluyen literatura sobre la obra, la vida y el impacto social de Engin Aky\u00fcrek y m\u00e1s.\t\t\t\t\t\t\t\t<\/div>\n\t\t\t\t<\/div>\n\t\t\t\t\t<\/div>\n\t\t<\/div>\n\t\t\t\t\t<\/div>\n\t\t<\/section>\n\t\t\t\t<section class=\"elementor-section elementor-top-section elementor-element elementor-element-6d0487e elementor-section-boxed elementor-section-height-default elementor-section-height-default\" data-id=\"6d0487e\" data-element_type=\"section\" data-e-type=\"section\">\n\t\t\t\t\t\t<div class=\"elementor-container elementor-column-gap-no\">\n\t\t\t\t\t<div class=\"elementor-column elementor-col-50 elementor-top-column elementor-element elementor-element-5cf7a34\" data-id=\"5cf7a34\" data-element_type=\"column\" data-e-type=\"column\">\n\t\t\t<div class=\"elementor-widget-wrap\">\n\t\t\t\t\t\t\t<\/div>\n\t\t<\/div>\n\t\t\t\t<div class=\"elementor-column elementor-col-50 elementor-top-column elementor-element elementor-element-017292d\" data-id=\"017292d\" data-element_type=\"column\" data-e-type=\"column\">\n\t\t\t<div class=\"elementor-widget-wrap elementor-element-populated\">\n\t\t\t\t\t\t<div class=\"elementor-element elementor-element-01b0e9b elementor-widget elementor-widget-text-editor\" data-id=\"01b0e9b\" data-element_type=\"widget\" data-e-type=\"widget\" data-widget_type=\"text-editor.default\">\n\t\t\t\t<div class=\"elementor-widget-container\">\n\t\t\t\t\t\t\t\t\t<p>Si desea enviar una idea o solicitar que su contenido sea considerado para su publicaci\u00f3n, env\u00ede un correo electr\u00f3nico a&nbsp;<a href=\"mailto:admin@friendsofengin.org\" target=\"_blank\"><u>admin@friendsofengin.org<\/u><\/a>.<i>&nbsp;<i>Friends of Engin Aky\u00fcrek<\/i><\/i>se reservan el derecho de editar para mayor claridad sin alterar el significado. Si es necesario, se consultar\u00e1 al autor. El contenido debe ser corregido antes de ser enviado; no ser\u00e1 posible editarlo despu\u00e9s de la publicaci\u00f3n.<br><br><i><i>Friends of Engin Aky\u00fcrek<\/i> <\/i><i>Friends of Engin Aky\u00fcrek<\/i>  no asume ni reclama la propiedad de los derechos de autor de los materiales publicados, a menos que se indique lo contrario. La informaci\u00f3n del titular de los derechos de autor originales se publica en cada publicaci\u00f3n.<\/p>\t\t\t\t\t\t\t\t<\/div>\n\t\t\t\t<\/div>\n\t\t\t\t\t<\/div>\n\t\t<\/div>\n\t\t\t\t\t<\/div>\n\t\t<\/section>\n\t\t\t\t<\/div>","protected":false},"excerpt":{"rendered":"<p>Publicaciones A trav\u00e9s de la \u201clente\u201d de la pluma de los escritores Engin Aky\u00fcrek Storyteller\u00a9 Cuentos escritos por Engin Aky\u00fcrek, publicados en \u00a9Kafas\u0131na G\u00f6re magazine y traducidos profesionalmente con cuidado y precisi\u00f3n al ingl\u00e9s y otros idiomas (cuando sea posible). Publicaciones [Programas] Informes especiales, art\u00edculos, historias y otras publicaciones presentadas por Amigos de Engin Aky\u00fcrek; escritos por nuestros editores o \u2026 <a href=\"https:\/\/friendsofenginakyurek.org\/es\/publications\/\" class=\"more-link\">sigue leyendo <span class=\"screen-reader-text\">Publicaciones<\/span><\/a><\/p>","protected":false},"author":1,"featured_media":9778,"parent":0,"menu_order":0,"comment_status":"closed","ping_status":"closed","template":"elementor_header_footer","meta":{"footnotes":""},"class_list":["post-8797","page","type-page","status-publish","has-post-thumbnail","hentry"],"jetpack_sharing_enabled":true,"_links":{"self":[{"href":"https:\/\/friendsofenginakyurek.org\/es\/wp-json\/wp\/v2\/pages\/8797","targetHints":{"allow":["GET"]}}],"collection":[{"href":"https:\/\/friendsofenginakyurek.org\/es\/wp-json\/wp\/v2\/pages"}],"about":[{"href":"https:\/\/friendsofenginakyurek.org\/es\/wp-json\/wp\/v2\/types\/page"}],"author":[{"embeddable":true,"href":"https:\/\/friendsofenginakyurek.org\/es\/wp-json\/wp\/v2\/users\/1"}],"replies":[{"embeddable":true,"href":"https:\/\/friendsofenginakyurek.org\/es\/wp-json\/wp\/v2\/comments?post=8797"}],"version-history":[{"count":230,"href":"https:\/\/friendsofenginakyurek.org\/es\/wp-json\/wp\/v2\/pages\/8797\/revisions"}],"predecessor-version":[{"id":11415,"href":"https:\/\/friendsofenginakyurek.org\/es\/wp-json\/wp\/v2\/pages\/8797\/revisions\/11415"}],"wp:featuredmedia":[{"embeddable":true,"href":"https:\/\/friendsofenginakyurek.org\/es\/wp-json\/wp\/v2\/media\/9778"}],"wp:attachment":[{"href":"https:\/\/friendsofenginakyurek.org\/es\/wp-json\/wp\/v2\/media?parent=8797"}],"curies":[{"name":"gracias","href":"https:\/\/api.w.org\/{rel}","templated":true}]}}