{"id":9059,"date":"2022-11-08T01:47:39","date_gmt":"2022-11-08T01:47:39","guid":{"rendered":"https:\/\/friendsofenginakyurek.org\/?page_id=9059"},"modified":"2023-03-11T23:21:23","modified_gmt":"2023-03-11T23:21:23","slug":"special-publications","status":"publish","type":"page","link":"https:\/\/friendsofenginakyurek.org\/es\/special-publications\/","title":{"rendered":"Publicaciones Especiales"},"content":{"rendered":"<div data-elementor-type=\"wp-page\" data-elementor-id=\"9059\" class=\"elementor elementor-9059\" data-elementor-post-type=\"page\">\n\t\t\t\t\t\t<section class=\"elementor-section elementor-top-section elementor-element elementor-element-7d01da5 elementor-section-height-min-height elementor-section-content-middle elementor-section-boxed elementor-section-height-default elementor-section-items-middle\" data-id=\"7d01da5\" data-element_type=\"section\" data-e-type=\"section\" data-settings=\"{&quot;background_background&quot;:&quot;classic&quot;}\">\n\t\t\t\t\t\t\t<div class=\"elementor-background-overlay\"><\/div>\n\t\t\t\t\t\t\t<div class=\"elementor-container elementor-column-gap-no\">\n\t\t\t\t\t<div class=\"elementor-column elementor-col-100 elementor-top-column elementor-element elementor-element-773ca65\" data-id=\"773ca65\" data-element_type=\"column\" data-e-type=\"column\">\n\t\t\t<div class=\"elementor-widget-wrap elementor-element-populated\">\n\t\t\t\t\t\t<div class=\"elementor-element elementor-element-76018af elementor-widget elementor-widget-heading\" data-id=\"76018af\" data-element_type=\"widget\" data-e-type=\"widget\" data-widget_type=\"heading.default\">\n\t\t\t\t<div class=\"elementor-widget-container\">\n\t\t\t\t\t<h2 class=\"elementor-heading-title elementor-size-default\">Publicaciones Especiales\n<\/h2>\t\t\t\t<\/div>\n\t\t\t\t<\/div>\n\t\t\t\t\t<\/div>\n\t\t<\/div>\n\t\t\t\t\t<\/div>\n\t\t<\/section>\n\t\t\t\t<section class=\"elementor-section elementor-top-section elementor-element elementor-element-a998e34 elementor-section-boxed elementor-section-height-default elementor-section-height-default\" data-id=\"a998e34\" data-element_type=\"section\" data-e-type=\"section\">\n\t\t\t\t\t\t<div class=\"elementor-container elementor-column-gap-default\">\n\t\t\t\t\t<div class=\"elementor-column elementor-col-100 elementor-top-column elementor-element elementor-element-c61d342\" data-id=\"c61d342\" data-element_type=\"column\" data-e-type=\"column\">\n\t\t\t<div class=\"elementor-widget-wrap elementor-element-populated\">\n\t\t\t\t\t\t<div class=\"elementor-element elementor-element-9f2773e elementor-widget elementor-widget-heading\" data-id=\"9f2773e\" data-element_type=\"widget\" data-e-type=\"widget\" data-widget_type=\"heading.default\">\n\t\t\t\t<div class=\"elementor-widget-container\">\n\t\t\t\t\t<h1 class=\"elementor-heading-title elementor-size-default\">Una Curadur\u00eda de Literatura Variada\n\n<\/h1>\t\t\t\t<\/div>\n\t\t\t\t<\/div>\n\t\t\t\t\t<\/div>\n\t\t<\/div>\n\t\t\t\t\t<\/div>\n\t\t<\/section>\n\t\t\t\t<section class=\"elementor-section elementor-top-section elementor-element elementor-element-0fa007b elementor-section-boxed elementor-section-height-default elementor-section-height-default\" data-id=\"0fa007b\" data-element_type=\"section\" data-e-type=\"section\">\n\t\t\t\t\t\t<div class=\"elementor-container elementor-column-gap-default\">\n\t\t\t\t\t<div class=\"elementor-column elementor-col-100 elementor-top-column elementor-element elementor-element-00597e8\" data-id=\"00597e8\" data-element_type=\"column\" data-e-type=\"column\">\n\t\t\t<div class=\"elementor-widget-wrap elementor-element-populated\">\n\t\t\t\t\t\t<div class=\"elementor-element elementor-element-52ff64b elementor-widget-divider--view-line elementor-widget elementor-widget-divider\" data-id=\"52ff64b\" data-element_type=\"widget\" data-e-type=\"widget\" data-widget_type=\"divider.default\">\n\t\t\t\t<div class=\"elementor-widget-container\">\n\t\t\t\t\t\t\t<div class=\"elementor-divider\">\n\t\t\t<span class=\"elementor-divider-separator\">\n\t\t\t\t\t\t<\/span>\n\t\t<\/div>\n\t\t\t\t\t\t<\/div>\n\t\t\t\t<\/div>\n\t\t\t\t\t<\/div>\n\t\t<\/div>\n\t\t\t\t\t<\/div>\n\t\t<\/section>\n\t\t\t\t<section class=\"elementor-section elementor-top-section elementor-element elementor-element-597bee7 elementor-section-boxed elementor-section-height-default elementor-section-height-default\" data-id=\"597bee7\" data-element_type=\"section\" data-e-type=\"section\">\n\t\t\t\t\t\t<div class=\"elementor-container elementor-column-gap-default\">\n\t\t\t\t\t<div class=\"elementor-column elementor-col-100 elementor-top-column elementor-element elementor-element-326f00c\" data-id=\"326f00c\" data-element_type=\"column\" data-e-type=\"column\">\n\t\t\t<div class=\"elementor-widget-wrap elementor-element-populated\">\n\t\t\t\t\t\t<div class=\"elementor-element elementor-element-f9ad2d2 elementor-widget elementor-widget-text-editor\" data-id=\"f9ad2d2\" data-element_type=\"widget\" data-e-type=\"widget\" data-widget_type=\"text-editor.default\">\n\t\t\t\t<div class=\"elementor-widget-container\">\n\t\t\t\t\t\t\t\t\t<p>Comunicaciones de amigos de Engin y\/o escritores invitados, que incluyen literatura sobre la obra, la vida y el impacto social de Engin Aky\u00fcrek y m\u00e1s. <br><br><\/p>\n<p>Si desea enviar una idea o solicitar que su contenido sea considerado para su publicaci\u00f3n, env\u00ede un correo electr\u00f3nico a&nbsp;<a href=\"mailto:admin@friendsofengin.org\" target=\"_blank\"><u>admin@friendsofengin.org<\/u><\/a>.<span>  <\/span><i><i>Friends of Engin Aky\u00fcrek<\/i> <\/i>se reservan el derecho de editar para mayor claridad sin alterar el significado. Si es necesario, se consultar\u00e1 al autor. El contenido debe ser corregido antes de ser enviado; no ser\u00e1 posible editarlo despu\u00e9s de la publicaci\u00f3n.<\/p>\t\t\t\t\t\t\t\t<\/div>\n\t\t\t\t<\/div>\n\t\t\t\t\t<\/div>\n\t\t<\/div>\n\t\t\t\t\t<\/div>\n\t\t<\/section>\n\t\t\t\t<section class=\"elementor-section elementor-top-section elementor-element elementor-element-8c292f8 elementor-section-boxed elementor-section-height-default elementor-section-height-default\" data-id=\"8c292f8\" data-element_type=\"section\" data-e-type=\"section\">\n\t\t\t\t\t\t<div class=\"elementor-container elementor-column-gap-default\">\n\t\t\t\t\t<div class=\"elementor-column elementor-col-50 elementor-top-column elementor-element elementor-element-6c4dd89\" data-id=\"6c4dd89\" data-element_type=\"column\" data-e-type=\"column\">\n\t\t\t<div class=\"elementor-widget-wrap elementor-element-populated\">\n\t\t\t\t\t\t<div class=\"elementor-element elementor-element-8a64d2d elementor-widget elementor-widget-image\" data-id=\"8a64d2d\" data-element_type=\"widget\" data-e-type=\"widget\" data-widget_type=\"image.default\">\n\t\t\t\t<div class=\"elementor-widget-container\">\n\t\t\t\t\t\t\t\t\t\t\t\t<figure class=\"wp-caption\">\n\t\t\t\t\t\t\t\t\t\t\t<a href=\"https:\/\/friendsofenginakyurek.org\/es\/yolun-acik-olsun\/\">\n\t\t\t\t\t\t\t<img fetchpriority=\"high\" decoding=\"async\" width=\"444\" height=\"444\" src=\"https:\/\/friendsofenginakyurek.org\/wp-content\/uploads\/2022\/11\/03119D0E-0F0A-4355-AB41-2950602CB503-444x444.png\" class=\"elementor-animation-shrink attachment-maisha-staff-child-page-thumbnail size-maisha-staff-child-page-thumbnail wp-image-9062\" alt=\"\" srcset=\"https:\/\/friendsofenginakyurek.org\/wp-content\/uploads\/2022\/11\/03119D0E-0F0A-4355-AB41-2950602CB503-444x444.png 444w, https:\/\/friendsofenginakyurek.org\/wp-content\/uploads\/2022\/11\/03119D0E-0F0A-4355-AB41-2950602CB503-300x300.png 300w, https:\/\/friendsofenginakyurek.org\/wp-content\/uploads\/2022\/11\/03119D0E-0F0A-4355-AB41-2950602CB503-100x100.png 100w, https:\/\/friendsofenginakyurek.org\/wp-content\/uploads\/2022\/11\/03119D0E-0F0A-4355-AB41-2950602CB503-600x600.png 600w, https:\/\/friendsofenginakyurek.org\/wp-content\/uploads\/2022\/11\/03119D0E-0F0A-4355-AB41-2950602CB503-1024x1024.png 1024w, https:\/\/friendsofenginakyurek.org\/wp-content\/uploads\/2022\/11\/03119D0E-0F0A-4355-AB41-2950602CB503-150x150.png 150w, https:\/\/friendsofenginakyurek.org\/wp-content\/uploads\/2022\/11\/03119D0E-0F0A-4355-AB41-2950602CB503-768x768.png 768w, https:\/\/friendsofenginakyurek.org\/wp-content\/uploads\/2022\/11\/03119D0E-0F0A-4355-AB41-2950602CB503-12x12.png 12w, https:\/\/friendsofenginakyurek.org\/wp-content\/uploads\/2022\/11\/03119D0E-0F0A-4355-AB41-2950602CB503-200x200.png 200w, https:\/\/friendsofenginakyurek.org\/wp-content\/uploads\/2022\/11\/03119D0E-0F0A-4355-AB41-2950602CB503-547x547.png 547w, https:\/\/friendsofenginakyurek.org\/wp-content\/uploads\/2022\/11\/03119D0E-0F0A-4355-AB41-2950602CB503-678x678.png 678w, https:\/\/friendsofenginakyurek.org\/wp-content\/uploads\/2022\/11\/03119D0E-0F0A-4355-AB41-2950602CB503-524x524.png 524w, https:\/\/friendsofenginakyurek.org\/wp-content\/uploads\/2022\/11\/03119D0E-0F0A-4355-AB41-2950602CB503-420x420.png 420w, https:\/\/friendsofenginakyurek.org\/wp-content\/uploads\/2022\/11\/03119D0E-0F0A-4355-AB41-2950602CB503-916x916.png 916w, https:\/\/friendsofenginakyurek.org\/wp-content\/uploads\/2022\/11\/03119D0E-0F0A-4355-AB41-2950602CB503.png 1080w\" sizes=\"(max-width: 444px) 100vw, 444px\" \/>\t\t\t\t\t\t\t\t<\/a>\n\t\t\t\t\t\t\t\t\t\t\t<figcaption class=\"widget-image-caption wp-caption-text\">Publicaciones Especiales<\/figcaption>\n\t\t\t\t\t\t\t\t\t\t<\/figure>\n\t\t\t\t\t\t\t\t\t<\/div>\n\t\t\t\t<\/div>\n\t\t\t\t\t<\/div>\n\t\t<\/div>\n\t\t\t\t<div class=\"elementor-column elementor-col-50 elementor-top-column elementor-element elementor-element-b61bcca\" data-id=\"b61bcca\" data-element_type=\"column\" data-e-type=\"column\">\n\t\t\t<div class=\"elementor-widget-wrap elementor-element-populated\">\n\t\t\t\t\t\t<div class=\"elementor-element elementor-element-10a5005 elementor-widget elementor-widget-image\" data-id=\"10a5005\" data-element_type=\"widget\" data-e-type=\"widget\" data-widget_type=\"image.default\">\n\t\t\t\t<div class=\"elementor-widget-container\">\n\t\t\t\t\t\t\t\t\t\t\t\t<figure class=\"wp-caption\">\n\t\t\t\t\t\t\t\t\t\t\t<a href=\"#\">\n\t\t\t\t\t\t\t<img decoding=\"async\" width=\"444\" height=\"444\" src=\"https:\/\/friendsofenginakyurek.org\/wp-content\/uploads\/2022\/11\/38F8C45C-FCE8-4DA5-B125-6C15AC363B39-444x444.png\" class=\"elementor-animation-shrink attachment-maisha-staff-child-page-thumbnail size-maisha-staff-child-page-thumbnail wp-image-9063\" alt=\"\" srcset=\"https:\/\/friendsofenginakyurek.org\/wp-content\/uploads\/2022\/11\/38F8C45C-FCE8-4DA5-B125-6C15AC363B39-444x444.png 444w, https:\/\/friendsofenginakyurek.org\/wp-content\/uploads\/2022\/11\/38F8C45C-FCE8-4DA5-B125-6C15AC363B39-300x300.png 300w, https:\/\/friendsofenginakyurek.org\/wp-content\/uploads\/2022\/11\/38F8C45C-FCE8-4DA5-B125-6C15AC363B39-100x100.png 100w, https:\/\/friendsofenginakyurek.org\/wp-content\/uploads\/2022\/11\/38F8C45C-FCE8-4DA5-B125-6C15AC363B39-600x600.png 600w, https:\/\/friendsofenginakyurek.org\/wp-content\/uploads\/2022\/11\/38F8C45C-FCE8-4DA5-B125-6C15AC363B39-1024x1024.png 1024w, https:\/\/friendsofenginakyurek.org\/wp-content\/uploads\/2022\/11\/38F8C45C-FCE8-4DA5-B125-6C15AC363B39-150x150.png 150w, https:\/\/friendsofenginakyurek.org\/wp-content\/uploads\/2022\/11\/38F8C45C-FCE8-4DA5-B125-6C15AC363B39-768x768.png 768w, https:\/\/friendsofenginakyurek.org\/wp-content\/uploads\/2022\/11\/38F8C45C-FCE8-4DA5-B125-6C15AC363B39-12x12.png 12w, https:\/\/friendsofenginakyurek.org\/wp-content\/uploads\/2022\/11\/38F8C45C-FCE8-4DA5-B125-6C15AC363B39-200x200.png 200w, https:\/\/friendsofenginakyurek.org\/wp-content\/uploads\/2022\/11\/38F8C45C-FCE8-4DA5-B125-6C15AC363B39-547x547.png 547w, https:\/\/friendsofenginakyurek.org\/wp-content\/uploads\/2022\/11\/38F8C45C-FCE8-4DA5-B125-6C15AC363B39-678x678.png 678w, https:\/\/friendsofenginakyurek.org\/wp-content\/uploads\/2022\/11\/38F8C45C-FCE8-4DA5-B125-6C15AC363B39-524x524.png 524w, https:\/\/friendsofenginakyurek.org\/wp-content\/uploads\/2022\/11\/38F8C45C-FCE8-4DA5-B125-6C15AC363B39-420x420.png 420w, https:\/\/friendsofenginakyurek.org\/wp-content\/uploads\/2022\/11\/38F8C45C-FCE8-4DA5-B125-6C15AC363B39-916x916.png 916w, https:\/\/friendsofenginakyurek.org\/wp-content\/uploads\/2022\/11\/38F8C45C-FCE8-4DA5-B125-6C15AC363B39.png 1080w\" sizes=\"(max-width: 444px) 100vw, 444px\" \/>\t\t\t\t\t\t\t\t<\/a>\n\t\t\t\t\t\t\t\t\t\t\t<figcaption class=\"widget-image-caption wp-caption-text\">M\u00e1s por Venir<\/figcaption>\n\t\t\t\t\t\t\t\t\t\t<\/figure>\n\t\t\t\t\t\t\t\t\t<\/div>\n\t\t\t\t<\/div>\n\t\t\t\t\t<\/div>\n\t\t<\/div>\n\t\t\t\t\t<\/div>\n\t\t<\/section>\n\t\t\t\t<section class=\"elementor-section elementor-top-section elementor-element elementor-element-24598cc elementor-section-boxed elementor-section-height-default elementor-section-height-default\" data-id=\"24598cc\" data-element_type=\"section\" data-e-type=\"section\">\n\t\t\t\t\t\t<div class=\"elementor-container elementor-column-gap-default\">\n\t\t\t\t\t<div class=\"elementor-column elementor-col-100 elementor-top-column elementor-element elementor-element-712d8f6\" data-id=\"712d8f6\" data-element_type=\"column\" data-e-type=\"column\">\n\t\t\t<div class=\"elementor-widget-wrap elementor-element-populated\">\n\t\t\t\t\t\t<div class=\"elementor-element elementor-element-1aa6829 elementor-widget elementor-widget-heading\" data-id=\"1aa6829\" data-element_type=\"widget\" data-e-type=\"widget\" data-widget_type=\"heading.default\">\n\t\t\t\t<div class=\"elementor-widget-container\">\n\t\t\t\t\t<h2 class=\"elementor-heading-title elementor-size-default\"><a href=\"https:\/\/friendsofenginakyurek.org\/es\/publications\/\">VOLVER A PUBLICACIONES<\/a><\/h2>\t\t\t\t<\/div>\n\t\t\t\t<\/div>\n\t\t\t\t\t<\/div>\n\t\t<\/div>\n\t\t\t\t\t<\/div>\n\t\t<\/section>\n\t\t\t\t<\/div>","protected":false},"excerpt":{"rendered":"<p>Publicaciones especiales Una selecci\u00f3n de publicaciones literarias Comunicaciones de amigos de Engin y\/o escritores invitados, que incluyen literatura sobre el trabajo, la vida, el impacto social y m\u00e1s de Engin Aky\u00fcrek. Si desea enviar una idea o solicitar que se considere su publicaci\u00f3n, env\u00ede un correo electr\u00f3nico a admin@friendsofengin.org. Friends of Engin Aky\u00fcrek se reserva el derecho de editar para mayor claridad... <a href=\"https:\/\/friendsofenginakyurek.org\/es\/special-publications\/\" class=\"more-link\">sigue leyendo <span class=\"screen-reader-text\">Publicaciones Especiales<\/span><\/a><\/p>","protected":false},"author":1,"featured_media":9778,"parent":0,"menu_order":0,"comment_status":"closed","ping_status":"closed","template":"elementor_header_footer","meta":{"footnotes":""},"class_list":["post-9059","page","type-page","status-publish","has-post-thumbnail","hentry"],"jetpack_sharing_enabled":true,"_links":{"self":[{"href":"https:\/\/friendsofenginakyurek.org\/es\/wp-json\/wp\/v2\/pages\/9059","targetHints":{"allow":["GET"]}}],"collection":[{"href":"https:\/\/friendsofenginakyurek.org\/es\/wp-json\/wp\/v2\/pages"}],"about":[{"href":"https:\/\/friendsofenginakyurek.org\/es\/wp-json\/wp\/v2\/types\/page"}],"author":[{"embeddable":true,"href":"https:\/\/friendsofenginakyurek.org\/es\/wp-json\/wp\/v2\/users\/1"}],"replies":[{"embeddable":true,"href":"https:\/\/friendsofenginakyurek.org\/es\/wp-json\/wp\/v2\/comments?post=9059"}],"version-history":[{"count":66,"href":"https:\/\/friendsofenginakyurek.org\/es\/wp-json\/wp\/v2\/pages\/9059\/revisions"}],"predecessor-version":[{"id":11414,"href":"https:\/\/friendsofenginakyurek.org\/es\/wp-json\/wp\/v2\/pages\/9059\/revisions\/11414"}],"wp:featuredmedia":[{"embeddable":true,"href":"https:\/\/friendsofenginakyurek.org\/es\/wp-json\/wp\/v2\/media\/9778"}],"wp:attachment":[{"href":"https:\/\/friendsofenginakyurek.org\/es\/wp-json\/wp\/v2\/media?parent=9059"}],"curies":[{"name":"gracias","href":"https:\/\/api.w.org\/{rel}","templated":true}]}}