{"id":10090,"date":"2023-02-06T21:03:06","date_gmt":"2023-02-06T21:03:06","guid":{"rendered":"https:\/\/friendsofenginakyurek.org\/?page_id=10090"},"modified":"2023-02-24T22:34:53","modified_gmt":"2023-02-24T22:34:53","slug":"popup","status":"publish","type":"page","link":"https:\/\/friendsofenginakyurek.org\/fr\/popup\/","title":{"rendered":"surgir"},"content":{"rendered":"<div data-elementor-type=\"wp-page\" data-elementor-id=\"10090\" class=\"elementor elementor-10090\" data-elementor-post-type=\"page\">\n\t\t\t\t\t\t<section class=\"elementor-section elementor-top-section elementor-element elementor-element-176a040 elementor-section-boxed elementor-section-height-default elementor-section-height-default\" data-id=\"176a040\" data-element_type=\"section\" data-e-type=\"section\">\n\t\t\t\t\t\t<div class=\"elementor-container elementor-column-gap-default\">\n\t\t\t\t\t<div class=\"elementor-column elementor-col-50 elementor-top-column elementor-element elementor-element-dfb0049\" data-id=\"dfb0049\" data-element_type=\"column\" data-e-type=\"column\">\n\t\t\t<div class=\"elementor-widget-wrap elementor-element-populated\">\n\t\t\t\t\t\t<div class=\"elementor-element elementor-element-0920392 elementor-widget elementor-widget-heading\" data-id=\"0920392\" data-element_type=\"widget\" data-e-type=\"widget\" data-widget_type=\"heading.default\">\n\t\t\t\t<div class=\"elementor-widget-container\">\n\t\t\t\t\t<h2 class=\"elementor-heading-title elementor-size-default\">2023 Aide apr\u00e8s le s\u00e9isme<\/h2>\t\t\t\t<\/div>\n\t\t\t\t<\/div>\n\t\t\t\t<section class=\"elementor-section elementor-inner-section elementor-element elementor-element-8a10c88 elementor-section-boxed elementor-section-height-default elementor-section-height-default\" data-id=\"8a10c88\" data-element_type=\"section\" data-e-type=\"section\">\n\t\t\t\t\t\t<div class=\"elementor-container elementor-column-gap-default\">\n\t\t\t\t\t<div class=\"elementor-column elementor-col-100 elementor-inner-column elementor-element elementor-element-34b5147\" data-id=\"34b5147\" data-element_type=\"column\" data-e-type=\"column\">\n\t\t\t<div class=\"elementor-widget-wrap elementor-element-populated\">\n\t\t\t\t\t\t<div class=\"elementor-element elementor-element-bdeea23 elementor-widget elementor-widget-text-editor\" data-id=\"bdeea23\" data-element_type=\"widget\" data-e-type=\"widget\" data-widget_type=\"text-editor.default\">\n\t\t\t\t<div class=\"elementor-widget-container\">\n\t\t\t\t\t\t\t\t\tAux premi\u00e8res heures du matin du 6 f\u00e9vrier 2023, la vie d'innombrables citoyens turcs a \u00e9t\u00e9 boulevers\u00e9e par un puissant tremblement de terre. La r\u00e9gion du sud de la Turquie et la Syrie frontali\u00e8re ont subi une d\u00e9vastation massive \u00e0 grande \u00e9chelle, des pertes, des souffrances et des dommages incommensurables.\n\t\t\t\t\t\t\t\t<\/div>\n\t\t\t\t<\/div>\n\t\t\t\t<div class=\"elementor-element elementor-element-f690d0f elementor-widget elementor-widget-text-editor\" data-id=\"f690d0f\" data-element_type=\"widget\" data-e-type=\"widget\" data-widget_type=\"text-editor.default\">\n\t\t\t\t<div class=\"elementor-widget-container\">\n\t\t\t\t\t\t\t\t\tPeu apr\u00e8s le lever du jour, Engin Aky\u00fcrek a lanc\u00e9 un appel \u00e0 ses amis pour qu'ils pr\u00eatent leur aide \u00e0 son beau pays. L'\u00e9quipe de Friends of Engin Aky\u00fcrek a imm\u00e9diatement mobilis\u00e9 ses supporters et nous avons envoy\u00e9 des dons importants \u00e0 ahbap.org, une organisation caritative non gouvernementale d\u00e9di\u00e9e \u00e0 l'aide d'urgence. \t\t\t\t\t\t\t\t<\/div>\n\t\t\t\t<\/div>\n\t\t\t\t\t<\/div>\n\t\t<\/div>\n\t\t\t\t\t<\/div>\n\t\t<\/section>\n\t\t\t\t<section class=\"elementor-section elementor-inner-section elementor-element elementor-element-ce4db5e elementor-section-boxed elementor-section-height-default elementor-section-height-default\" data-id=\"ce4db5e\" data-element_type=\"section\" data-e-type=\"section\">\n\t\t\t\t\t\t<div class=\"elementor-container elementor-column-gap-default\">\n\t\t\t\t\t<div class=\"elementor-column elementor-col-50 elementor-inner-column elementor-element elementor-element-3cfb56f\" data-id=\"3cfb56f\" data-element_type=\"column\" data-e-type=\"column\">\n\t\t\t<div class=\"elementor-widget-wrap elementor-element-populated\">\n\t\t\t\t\t\t<div class=\"elementor-element elementor-element-db4c6e3 elementor-widget elementor-widget-image\" data-id=\"db4c6e3\" data-element_type=\"widget\" data-e-type=\"widget\" data-widget_type=\"image.default\">\n\t\t\t\t<div class=\"elementor-widget-container\">\n\t\t\t\t\t\t\t\t\t\t\t\t\t\t\t<img fetchpriority=\"high\" decoding=\"async\" width=\"791\" height=\"1024\" src=\"https:\/\/friendsofenginakyurek.org\/wp-content\/uploads\/2023\/02\/Earthquake-Relief-1-791x1024.png\" class=\"attachment-large size-large wp-image-10942\" alt=\"\" srcset=\"https:\/\/friendsofenginakyurek.org\/wp-content\/uploads\/2023\/02\/Earthquake-Relief-1-791x1024.png 791w, https:\/\/friendsofenginakyurek.org\/wp-content\/uploads\/2023\/02\/Earthquake-Relief-1-232x300.png 232w, https:\/\/friendsofenginakyurek.org\/wp-content\/uploads\/2023\/02\/Earthquake-Relief-1-768x994.png 768w, https:\/\/friendsofenginakyurek.org\/wp-content\/uploads\/2023\/02\/Earthquake-Relief-1-1187x1536.png 1187w, https:\/\/friendsofenginakyurek.org\/wp-content\/uploads\/2023\/02\/Earthquake-Relief-1-1583x2048.png 1583w, https:\/\/friendsofenginakyurek.org\/wp-content\/uploads\/2023\/02\/Earthquake-Relief-1-9x12.png 9w, https:\/\/friendsofenginakyurek.org\/wp-content\/uploads\/2023\/02\/Earthquake-Relief-1-155x200.png 155w, https:\/\/friendsofenginakyurek.org\/wp-content\/uploads\/2023\/02\/Earthquake-Relief-1-150x194.png 150w, https:\/\/friendsofenginakyurek.org\/wp-content\/uploads\/2023\/02\/Earthquake-Relief-1-547x708.png 547w, https:\/\/friendsofenginakyurek.org\/wp-content\/uploads\/2023\/02\/Earthquake-Relief-1-678x877.png 678w, https:\/\/friendsofenginakyurek.org\/wp-content\/uploads\/2023\/02\/Earthquake-Relief-1-300x388.png 300w, https:\/\/friendsofenginakyurek.org\/wp-content\/uploads\/2023\/02\/Earthquake-Relief-1-524x678.png 524w, https:\/\/friendsofenginakyurek.org\/wp-content\/uploads\/2023\/02\/Earthquake-Relief-1-420x544.png 420w, https:\/\/friendsofenginakyurek.org\/wp-content\/uploads\/2023\/02\/Earthquake-Relief-1-444x575.png 444w, https:\/\/friendsofenginakyurek.org\/wp-content\/uploads\/2023\/02\/Earthquake-Relief-1-916x1185.png 916w, https:\/\/friendsofenginakyurek.org\/wp-content\/uploads\/2023\/02\/Earthquake-Relief-1-1320x1708.png 1320w, https:\/\/friendsofenginakyurek.org\/wp-content\/uploads\/2023\/02\/Earthquake-Relief-1-600x776.png 600w\" sizes=\"(max-width: 791px) 100vw, 791px\" \/>\t\t\t\t\t\t\t\t\t\t\t\t\t\t\t<\/div>\n\t\t\t\t<\/div>\n\t\t\t\t\t<\/div>\n\t\t<\/div>\n\t\t\t\t<div class=\"elementor-column elementor-col-50 elementor-inner-column elementor-element elementor-element-b802fcb\" data-id=\"b802fcb\" data-element_type=\"column\" data-e-type=\"column\">\n\t\t\t<div class=\"elementor-widget-wrap elementor-element-populated\">\n\t\t\t\t\t\t<div class=\"elementor-element elementor-element-c259ee7 elementor-widget elementor-widget-text-editor\" data-id=\"c259ee7\" data-element_type=\"widget\" data-e-type=\"widget\" data-widget_type=\"text-editor.default\">\n\t\t\t\t<div class=\"elementor-widget-container\">\n\t\t\t\t\t\t\t\t\tNous continuerons \u00e0 contribuer aux nobles efforts de ahbap.org et \u00e0 ceux d'autres organisations identifi\u00e9es par Engin Aky\u00fcrek, comme l'association de paralysie m\u00e9dullaire de T\u00fcrkiye [T\u00fcrkiye Omurilik Fel\u00e7lileri Derne\u011fi].\t\t\t\t\t\t\t\t<\/div>\n\t\t\t\t<\/div>\n\t\t\t\t\t<\/div>\n\t\t<\/div>\n\t\t\t\t\t<\/div>\n\t\t<\/section>\n\t\t\t\t\t<\/div>\n\t\t<\/div>\n\t\t\t\t<div class=\"elementor-column elementor-col-50 elementor-top-column elementor-element elementor-element-246d09d\" data-id=\"246d09d\" data-element_type=\"column\" data-e-type=\"column\">\n\t\t\t<div class=\"elementor-widget-wrap elementor-element-populated\">\n\t\t\t\t\t\t<div class=\"elementor-element elementor-element-09844b6 elementor-widget elementor-widget-heading\" data-id=\"09844b6\" data-element_type=\"widget\" data-e-type=\"widget\" data-widget_type=\"heading.default\">\n\t\t\t\t<div class=\"elementor-widget-container\">\n\t\t\t\t\t<h2 class=\"elementor-heading-title elementor-size-default\">Flexible Press et Friends of Engin s'associent ; Publication du livre Silence<\/h2>\t\t\t\t<\/div>\n\t\t\t\t<\/div>\n\t\t\t\t<section class=\"elementor-section elementor-inner-section elementor-element elementor-element-a3aa2de elementor-section-full_width elementor-section-height-default elementor-section-height-default\" data-id=\"a3aa2de\" data-element_type=\"section\" data-e-type=\"section\">\n\t\t\t\t\t\t<div class=\"elementor-container elementor-column-gap-default\">\n\t\t\t\t\t<div class=\"elementor-column elementor-col-50 elementor-inner-column elementor-element elementor-element-3110afc\" data-id=\"3110afc\" data-element_type=\"column\" data-e-type=\"column\">\n\t\t\t<div class=\"elementor-widget-wrap elementor-element-populated\">\n\t\t\t\t\t\t<div class=\"elementor-element elementor-element-b5e8c03 elementor-widget elementor-widget-text-editor\" data-id=\"b5e8c03\" data-element_type=\"widget\" data-e-type=\"widget\" data-widget_type=\"text-editor.default\">\n\t\t\t\t<div class=\"elementor-widget-container\">\n\t\t\t\t\t\t\t\t\tLa premi\u00e8re \u00e9dition anglaise de Silence <i>[Sessizlik]<\/i>, 21 nouvelles \u00e9crites par l&#039;acteur turc de renomm\u00e9e mondiale Engin Aky\u00fcrek, atteindront un lectorat enthousiaste et sortiront le 4 avril 2023. Cette publication est rendue publique par un \u00e9diteur boutique. <u><a href=\"https:\/\/www.flexiblepub.com\/\"  target=\"_blank\">Presse souple<\/a><\/u> et l&#039;association caritative \u00e0 but non lucratif Friends of Engin Aky\u00fcrek.\t\t\t\t\t\t\t\t<\/div>\n\t\t\t\t<\/div>\n\t\t\t\t<div class=\"elementor-element elementor-element-e9a6efe elementor-widget elementor-widget-text-editor\" data-id=\"e9a6efe\" data-element_type=\"widget\" data-e-type=\"widget\" data-widget_type=\"text-editor.default\">\n\t\t\t\t<div class=\"elementor-widget-container\">\n\t\t\t\t\t\t\t\t\tCe recueil de nouvelles acclam\u00e9 a \u00e9t\u00e9 traduit en plusieurs langues. Cette \u00e9dition est exclusivement destin\u00e9e au public des \u00c9tats-Unis, de ses territoires et du Canada.\n\n\t\t\t\t\t\t\t\t<\/div>\n\t\t\t\t<\/div>\n\t\t\t\t\t<\/div>\n\t\t<\/div>\n\t\t\t\t<div class=\"elementor-column elementor-col-50 elementor-inner-column elementor-element elementor-element-a4aafb4\" data-id=\"a4aafb4\" data-element_type=\"column\" data-e-type=\"column\">\n\t\t\t<div class=\"elementor-widget-wrap elementor-element-populated\">\n\t\t\t\t\t\t<div class=\"elementor-element elementor-element-7a9356e elementor-widget elementor-widget-image\" data-id=\"7a9356e\" data-element_type=\"widget\" data-e-type=\"widget\" data-widget_type=\"image.default\">\n\t\t\t\t<div class=\"elementor-widget-container\">\n\t\t\t\t\t\t\t\t\t\t\t\t\t\t\t<img decoding=\"async\" width=\"2318\" height=\"3000\" src=\"https:\/\/friendsofenginakyurek.org\/wp-content\/uploads\/2023\/02\/Press-Release-1.png\" class=\"attachment-full size-full wp-image-10944\" alt=\"\" srcset=\"https:\/\/friendsofenginakyurek.org\/wp-content\/uploads\/2023\/02\/Press-Release-1.png 2318w, https:\/\/friendsofenginakyurek.org\/wp-content\/uploads\/2023\/02\/Press-Release-1-232x300.png 232w, https:\/\/friendsofenginakyurek.org\/wp-content\/uploads\/2023\/02\/Press-Release-1-791x1024.png 791w, https:\/\/friendsofenginakyurek.org\/wp-content\/uploads\/2023\/02\/Press-Release-1-768x994.png 768w, https:\/\/friendsofenginakyurek.org\/wp-content\/uploads\/2023\/02\/Press-Release-1-1187x1536.png 1187w, https:\/\/friendsofenginakyurek.org\/wp-content\/uploads\/2023\/02\/Press-Release-1-1582x2048.png 1582w, https:\/\/friendsofenginakyurek.org\/wp-content\/uploads\/2023\/02\/Press-Release-1-9x12.png 9w, https:\/\/friendsofenginakyurek.org\/wp-content\/uploads\/2023\/02\/Press-Release-1-155x200.png 155w, https:\/\/friendsofenginakyurek.org\/wp-content\/uploads\/2023\/02\/Press-Release-1-150x194.png 150w, https:\/\/friendsofenginakyurek.org\/wp-content\/uploads\/2023\/02\/Press-Release-1-547x708.png 547w, https:\/\/friendsofenginakyurek.org\/wp-content\/uploads\/2023\/02\/Press-Release-1-678x877.png 678w, https:\/\/friendsofenginakyurek.org\/wp-content\/uploads\/2023\/02\/Press-Release-1-300x388.png 300w, https:\/\/friendsofenginakyurek.org\/wp-content\/uploads\/2023\/02\/Press-Release-1-524x678.png 524w, https:\/\/friendsofenginakyurek.org\/wp-content\/uploads\/2023\/02\/Press-Release-1-420x544.png 420w, https:\/\/friendsofenginakyurek.org\/wp-content\/uploads\/2023\/02\/Press-Release-1-444x575.png 444w, https:\/\/friendsofenginakyurek.org\/wp-content\/uploads\/2023\/02\/Press-Release-1-916x1186.png 916w, https:\/\/friendsofenginakyurek.org\/wp-content\/uploads\/2023\/02\/Press-Release-1-1320x1708.png 1320w, https:\/\/friendsofenginakyurek.org\/wp-content\/uploads\/2023\/02\/Press-Release-1-600x777.png 600w\" sizes=\"(max-width: 2318px) 100vw, 2318px\" \/>\t\t\t\t\t\t\t\t\t\t\t\t\t\t\t<\/div>\n\t\t\t\t<\/div>\n\t\t\t\t\t<\/div>\n\t\t<\/div>\n\t\t\t\t\t<\/div>\n\t\t<\/section>\n\t\t\t\t<div class=\"elementor-element elementor-element-67d64d1 elementor-widget elementor-widget-text-editor\" data-id=\"67d64d1\" data-element_type=\"widget\" data-e-type=\"widget\" data-widget_type=\"text-editor.default\">\n\t\t\t\t<div class=\"elementor-widget-container\">\n\t\t\t\t\t\t\t\t\t\"Nous ne pourrions pas \u00eatre plus enthousiastes \u00e0 l'id\u00e9e de travailler avec Friends of Engin dans le cadre de nos missions communes visant \u00e0 faire conna\u00eetre Engin Aky\u00fcrek \u00e0 de nouveaux publics\", a d\u00e9clar\u00e9 William Burleson, \u00e9diteur et directeur ex\u00e9cutif de Flexible Press. \"Construire des ponts et \u00e9tablir des liens entre cultures, c'est ce que nos organisations \u2013 et je crois que M. Aky\u00fcrek \u2013 font.\"\t\t\t\t\t\t\t\t<\/div>\n\t\t\t\t<\/div>\n\t\t\t\t<div class=\"elementor-element elementor-element-c1eb0eb elementor-widget elementor-widget-text-editor\" data-id=\"c1eb0eb\" data-element_type=\"widget\" data-e-type=\"widget\" data-widget_type=\"text-editor.default\">\n\t\t\t\t<div class=\"elementor-widget-container\">\n\t\t\t\t\t\t\t\t\tFareen Effendi, pr\u00e9sident et fondateur de Friends of Engin Aky\u00fcrek, a d\u00e9clar\u00e9 : \"L'opportunit\u00e9 de travailler avec une organisation aussi talentueuse et ancr\u00e9e dans sa cause de changement est un v\u00e9ritable plaisir. Mon \u00e9quipe et moi-m\u00eame nous esp\u00e9rons une longue et positive synergie d'impact social significatif.\" Son organisation \u00e0 but non lucratif soutient le peuple de T\u00fcrkiye en l'honneur de M. Aky\u00fcrek.\n\n\t\t\t\t\t\t\t\t<\/div>\n\t\t\t\t<\/div>\n\t\t\t\t<div class=\"elementor-element elementor-element-38d19a9 elementor-widget elementor-widget-text-editor\" data-id=\"38d19a9\" data-element_type=\"widget\" data-e-type=\"widget\" data-widget_type=\"text-editor.default\">\n\t\t\t\t<div class=\"elementor-widget-container\">\n\t\t\t\t\t\t\t\t\tSilence <i>[Sessizlik]<\/i> offre un aper\u00e7u de la culture turque \u00e0 travers des histoires de la vie quotidienne \u00e9crites par Engin Aky\u00fcrek et traduites par Doina L. Kovalik et Atiye Erden. L&#039;attention mondiale est centr\u00e9e sur la Turquie apr\u00e8s qu&#039;une s\u00e9rie de tremblements de terre dans la r\u00e9gion du sud-est et en Syrie ont caus\u00e9 des d\u00e9g\u00e2ts catastrophiques et des pertes d\u00e9vastatrices en vies humaines.\n\n\t\t\t\t\t\t\t\t<\/div>\n\t\t\t\t<\/div>\n\t\t\t\t<div class=\"elementor-element elementor-element-4820ae1 elementor-widget elementor-widget-text-editor\" data-id=\"4820ae1\" data-element_type=\"widget\" data-e-type=\"widget\" data-widget_type=\"text-editor.default\">\n\t\t\t\t<div class=\"elementor-widget-container\">\n\t\t\t\t\t\t\t\t\tLes pr\u00e9commandes sont disponibles chez les libraires. Une partie des recettes de la vente soutient des causes sociales.\nPour plus d'informations, contacter : <u><a href=\"mailto:admin@friendsofengin.com\">admin@friendsofengin.com<\/a><\/u>\t\t\t\t\t\t\t\t<\/div>\n\t\t\t\t<\/div>\n\t\t\t\t\t<\/div>\n\t\t<\/div>\n\t\t\t\t\t<\/div>\n\t\t<\/section>\n\t\t\t\t<section class=\"elementor-section elementor-top-section elementor-element elementor-element-a130210 elementor-section-boxed elementor-section-height-default elementor-section-height-default\" data-id=\"a130210\" data-element_type=\"section\" data-e-type=\"section\">\n\t\t\t\t\t\t<div class=\"elementor-container elementor-column-gap-default\">\n\t\t\t\t\t<div class=\"elementor-column elementor-col-50 elementor-top-column elementor-element elementor-element-d88d9de\" data-id=\"d88d9de\" data-element_type=\"column\" data-e-type=\"column\">\n\t\t\t<div class=\"elementor-widget-wrap elementor-element-populated\">\n\t\t\t\t\t\t<div class=\"elementor-element elementor-element-89690de elementor-widget elementor-widget-image\" data-id=\"89690de\" data-element_type=\"widget\" data-e-type=\"widget\" data-widget_type=\"image.default\">\n\t\t\t\t<div class=\"elementor-widget-container\">\n\t\t\t\t\t\t\t\t\t\t\t\t<figure class=\"wp-caption\">\n\t\t\t\t\t\t\t\t\t\t\t<a href=\"https:\/\/friendsofenginakyurek.org\/fr\/scammed\/\">\n\t\t\t\t\t\t\t<img decoding=\"async\" width=\"444\" height=\"444\" src=\"https:\/\/friendsofenginakyurek.org\/wp-content\/uploads\/2023\/02\/Book-Cover-Thumbnail--444x444.png\" class=\"elementor-animation-shrink attachment-maisha-staff-child-page-thumbnail size-maisha-staff-child-page-thumbnail wp-image-11009\" alt=\"\" srcset=\"https:\/\/friendsofenginakyurek.org\/wp-content\/uploads\/2023\/02\/Book-Cover-Thumbnail--444x444.png 444w, https:\/\/friendsofenginakyurek.org\/wp-content\/uploads\/2023\/02\/Book-Cover-Thumbnail--300x300.png 300w, https:\/\/friendsofenginakyurek.org\/wp-content\/uploads\/2023\/02\/Book-Cover-Thumbnail--1024x1024.png 1024w, https:\/\/friendsofenginakyurek.org\/wp-content\/uploads\/2023\/02\/Book-Cover-Thumbnail--150x150.png 150w, https:\/\/friendsofenginakyurek.org\/wp-content\/uploads\/2023\/02\/Book-Cover-Thumbnail--768x768.png 768w, https:\/\/friendsofenginakyurek.org\/wp-content\/uploads\/2023\/02\/Book-Cover-Thumbnail--12x12.png 12w, https:\/\/friendsofenginakyurek.org\/wp-content\/uploads\/2023\/02\/Book-Cover-Thumbnail--200x200.png 200w, https:\/\/friendsofenginakyurek.org\/wp-content\/uploads\/2023\/02\/Book-Cover-Thumbnail--547x547.png 547w, https:\/\/friendsofenginakyurek.org\/wp-content\/uploads\/2023\/02\/Book-Cover-Thumbnail--678x678.png 678w, https:\/\/friendsofenginakyurek.org\/wp-content\/uploads\/2023\/02\/Book-Cover-Thumbnail--524x524.png 524w, https:\/\/friendsofenginakyurek.org\/wp-content\/uploads\/2023\/02\/Book-Cover-Thumbnail--420x420.png 420w, https:\/\/friendsofenginakyurek.org\/wp-content\/uploads\/2023\/02\/Book-Cover-Thumbnail--916x916.png 916w, https:\/\/friendsofenginakyurek.org\/wp-content\/uploads\/2023\/02\/Book-Cover-Thumbnail--600x600.png 600w, https:\/\/friendsofenginakyurek.org\/wp-content\/uploads\/2023\/02\/Book-Cover-Thumbnail--100x100.png 100w, https:\/\/friendsofenginakyurek.org\/wp-content\/uploads\/2023\/02\/Book-Cover-Thumbnail--32x32.png 32w, https:\/\/friendsofenginakyurek.org\/wp-content\/uploads\/2023\/02\/Book-Cover-Thumbnail-.png 1080w\" sizes=\"(max-width: 444px) 100vw, 444px\" \/>\t\t\t\t\t\t\t\t<\/a>\n\t\t\t\t\t\t\t\t\t\t\t<figcaption class=\"widget-image-caption wp-caption-text\">Silence <i>[Sessizlik]<i \/>, \u00e9dition anglaise<br>  *Envio para os EUA e Canad\u00e1<\/figcaption>\n\t\t\t\t\t\t\t\t\t\t<\/figure>\n\t\t\t\t\t\t\t\t\t<\/div>\n\t\t\t\t<\/div>\n\t\t\t\t\t<\/div>\n\t\t<\/div>\n\t\t\t\t<div class=\"elementor-column elementor-col-50 elementor-top-column elementor-element elementor-element-cdcbe13\" data-id=\"cdcbe13\" data-element_type=\"column\" data-e-type=\"column\">\n\t\t\t<div class=\"elementor-widget-wrap elementor-element-populated\">\n\t\t\t\t\t\t<div class=\"elementor-element elementor-element-f760a9a elementor-widget elementor-widget-image\" data-id=\"f760a9a\" data-element_type=\"widget\" data-e-type=\"widget\" data-widget_type=\"image.default\">\n\t\t\t\t<div class=\"elementor-widget-container\">\n\t\t\t\t\t\t\t\t\t\t\t\t<figure class=\"wp-caption\">\n\t\t\t\t\t\t\t\t\t\t\t<a href=\"https:\/\/friendsofenginakyurek.org\/fr\/2023-48\/\">\n\t\t\t\t\t\t\t<img loading=\"lazy\" decoding=\"async\" width=\"444\" height=\"444\" src=\"https:\/\/friendsofenginakyurek.org\/wp-content\/uploads\/2023\/01\/48_New-Year-Thumbnail-444x444.png\" class=\"elementor-animation-shrink attachment-maisha-staff-child-page-thumbnail size-maisha-staff-child-page-thumbnail wp-image-10029\" alt=\"\" srcset=\"https:\/\/friendsofenginakyurek.org\/wp-content\/uploads\/2023\/01\/48_New-Year-Thumbnail-444x444.png 444w, https:\/\/friendsofenginakyurek.org\/wp-content\/uploads\/2023\/01\/48_New-Year-Thumbnail-300x300.png 300w, https:\/\/friendsofenginakyurek.org\/wp-content\/uploads\/2023\/01\/48_New-Year-Thumbnail-100x100.png 100w, https:\/\/friendsofenginakyurek.org\/wp-content\/uploads\/2023\/01\/48_New-Year-Thumbnail-600x600.png 600w, https:\/\/friendsofenginakyurek.org\/wp-content\/uploads\/2023\/01\/48_New-Year-Thumbnail-1024x1024.png 1024w, https:\/\/friendsofenginakyurek.org\/wp-content\/uploads\/2023\/01\/48_New-Year-Thumbnail-150x150.png 150w, https:\/\/friendsofenginakyurek.org\/wp-content\/uploads\/2023\/01\/48_New-Year-Thumbnail-768x768.png 768w, https:\/\/friendsofenginakyurek.org\/wp-content\/uploads\/2023\/01\/48_New-Year-Thumbnail-12x12.png 12w, https:\/\/friendsofenginakyurek.org\/wp-content\/uploads\/2023\/01\/48_New-Year-Thumbnail-200x200.png 200w, https:\/\/friendsofenginakyurek.org\/wp-content\/uploads\/2023\/01\/48_New-Year-Thumbnail-547x547.png 547w, https:\/\/friendsofenginakyurek.org\/wp-content\/uploads\/2023\/01\/48_New-Year-Thumbnail-678x678.png 678w, https:\/\/friendsofenginakyurek.org\/wp-content\/uploads\/2023\/01\/48_New-Year-Thumbnail-524x524.png 524w, https:\/\/friendsofenginakyurek.org\/wp-content\/uploads\/2023\/01\/48_New-Year-Thumbnail-420x420.png 420w, https:\/\/friendsofenginakyurek.org\/wp-content\/uploads\/2023\/01\/48_New-Year-Thumbnail-916x916.png 916w, https:\/\/friendsofenginakyurek.org\/wp-content\/uploads\/2023\/01\/48_New-Year-Thumbnail.png 1080w\" sizes=\"(max-width: 444px) 100vw, 444px\" \/>\t\t\t\t\t\t\t\t<\/a>\n\t\t\t\t\t\t\t\t\t\t\t<figcaption class=\"widget-image-caption wp-caption-text\">janvier \u2013 f\u00e9vrier 2023<\/figcaption>\n\t\t\t\t\t\t\t\t\t\t<\/figure>\n\t\t\t\t\t\t\t\t\t<\/div>\n\t\t\t\t<\/div>\n\t\t\t\t\t<\/div>\n\t\t<\/div>\n\t\t\t\t\t<\/div>\n\t\t<\/section>\n\t\t\t\t<\/div>","protected":false},"excerpt":{"rendered":"<p>2023 Earthquake Relief During the early morning hours of February 6, 2023, the lives of countless Turkish citizens were rocked to the core from a powerful earthquake. The southern T\u00fcrkiye region and bordering Syria experienced wide scale massive devastation, immeasurable loss, suffering and damage. Shortly after daybreak, Engin Aky\u00fcrek made a call to his friends &hellip; <a href=\"https:\/\/friendsofenginakyurek.org\/fr\/popup\/\" class=\"more-link\">continuer la lecture <span class=\"screen-reader-text\">surgir<\/span><\/a><\/p>","protected":false},"author":1,"featured_media":4684,"parent":0,"menu_order":0,"comment_status":"closed","ping_status":"closed","template":"elementor_header_footer","meta":{"footnotes":""},"class_list":["post-10090","page","type-page","status-publish","has-post-thumbnail","hentry"],"jetpack_sharing_enabled":true,"_links":{"self":[{"href":"https:\/\/friendsofenginakyurek.org\/fr\/wp-json\/wp\/v2\/pages\/10090","targetHints":{"allow":["GET"]}}],"collection":[{"href":"https:\/\/friendsofenginakyurek.org\/fr\/wp-json\/wp\/v2\/pages"}],"about":[{"href":"https:\/\/friendsofenginakyurek.org\/fr\/wp-json\/wp\/v2\/types\/page"}],"author":[{"embeddable":true,"href":"https:\/\/friendsofenginakyurek.org\/fr\/wp-json\/wp\/v2\/users\/1"}],"replies":[{"embeddable":true,"href":"https:\/\/friendsofenginakyurek.org\/fr\/wp-json\/wp\/v2\/comments?post=10090"}],"version-history":[{"count":70,"href":"https:\/\/friendsofenginakyurek.org\/fr\/wp-json\/wp\/v2\/pages\/10090\/revisions"}],"predecessor-version":[{"id":11020,"href":"https:\/\/friendsofenginakyurek.org\/fr\/wp-json\/wp\/v2\/pages\/10090\/revisions\/11020"}],"wp:featuredmedia":[{"embeddable":true,"href":"https:\/\/friendsofenginakyurek.org\/fr\/wp-json\/wp\/v2\/media\/4684"}],"wp:attachment":[{"href":"https:\/\/friendsofenginakyurek.org\/fr\/wp-json\/wp\/v2\/media?parent=10090"}],"curies":[{"name":"wp","href":"https:\/\/api.w.org\/{rel}","templated":true}]}}