{"id":10444,"date":"2023-02-20T02:30:28","date_gmt":"2023-02-20T02:30:28","guid":{"rendered":"https:\/\/friendsofenginakyurek.org\/?page_id=10444"},"modified":"2023-04-23T18:42:40","modified_gmt":"2023-04-23T18:42:40","slug":"silence-book","status":"publish","type":"page","link":"https:\/\/friendsofenginakyurek.org\/fr\/silence-book\/","title":{"rendered":"livre-silence"},"content":{"rendered":"<div data-elementor-type=\"wp-page\" data-elementor-id=\"10444\" class=\"elementor elementor-10444\" data-elementor-post-type=\"page\">\n\t\t\t\t\t\t<section class=\"elementor-section elementor-top-section elementor-element elementor-element-9e01e06 elementor-section-height-min-height elementor-section-content-middle elementor-section-boxed elementor-section-height-default elementor-section-items-middle\" data-id=\"9e01e06\" data-element_type=\"section\" data-e-type=\"section\" data-settings=\"{&quot;background_background&quot;:&quot;classic&quot;}\">\n\t\t\t\t\t\t\t<div class=\"elementor-background-overlay\"><\/div>\n\t\t\t\t\t\t\t<div class=\"elementor-container elementor-column-gap-no\">\n\t\t\t\t\t<div class=\"elementor-column elementor-col-100 elementor-top-column elementor-element elementor-element-fffd74c\" data-id=\"fffd74c\" data-element_type=\"column\" data-e-type=\"column\">\n\t\t\t<div class=\"elementor-widget-wrap elementor-element-populated\">\n\t\t\t\t\t\t<div class=\"elementor-element elementor-element-18ef34f elementor-widget elementor-widget-heading\" data-id=\"18ef34f\" data-element_type=\"widget\" data-e-type=\"widget\" data-widget_type=\"heading.default\">\n\t\t\t\t<div class=\"elementor-widget-container\">\n\t\t\t\t\t<h2 class=\"elementor-heading-title elementor-size-default\">Silence [Sessizlik]<\/h2>\t\t\t\t<\/div>\n\t\t\t\t<\/div>\n\t\t\t\t<div class=\"elementor-element elementor-element-4a344e1 elementor-widget elementor-widget-image\" data-id=\"4a344e1\" data-element_type=\"widget\" data-e-type=\"widget\" data-widget_type=\"image.default\">\n\t\t\t\t<div class=\"elementor-widget-container\">\n\t\t\t\t\t\t\t\t\t\t\t\t\t\t\t<img fetchpriority=\"high\" decoding=\"async\" width=\"768\" height=\"131\" src=\"https:\/\/friendsofenginakyurek.org\/wp-content\/uploads\/2023\/02\/Tagline6-1-1-768x131.png\" class=\"attachment-medium_large size-medium_large wp-image-10710\" alt=\"\" srcset=\"https:\/\/friendsofenginakyurek.org\/wp-content\/uploads\/2023\/02\/Tagline6-1-1-768x131.png 768w, https:\/\/friendsofenginakyurek.org\/wp-content\/uploads\/2023\/02\/Tagline6-1-1-300x51.png 300w, https:\/\/friendsofenginakyurek.org\/wp-content\/uploads\/2023\/02\/Tagline6-1-1-18x3.png 18w, https:\/\/friendsofenginakyurek.org\/wp-content\/uploads\/2023\/02\/Tagline6-1-1-200x34.png 200w, https:\/\/friendsofenginakyurek.org\/wp-content\/uploads\/2023\/02\/Tagline6-1-1-150x26.png 150w, https:\/\/friendsofenginakyurek.org\/wp-content\/uploads\/2023\/02\/Tagline6-1-1-547x94.png 547w, https:\/\/friendsofenginakyurek.org\/wp-content\/uploads\/2023\/02\/Tagline6-1-1-678x116.png 678w, https:\/\/friendsofenginakyurek.org\/wp-content\/uploads\/2023\/02\/Tagline6-1-1-524x90.png 524w, https:\/\/friendsofenginakyurek.org\/wp-content\/uploads\/2023\/02\/Tagline6-1-1-420x72.png 420w, https:\/\/friendsofenginakyurek.org\/wp-content\/uploads\/2023\/02\/Tagline6-1-1-444x76.png 444w, https:\/\/friendsofenginakyurek.org\/wp-content\/uploads\/2023\/02\/Tagline6-1-1-916x157.png 916w, https:\/\/friendsofenginakyurek.org\/wp-content\/uploads\/2023\/02\/Tagline6-1-1-600x103.png 600w, https:\/\/friendsofenginakyurek.org\/wp-content\/uploads\/2023\/02\/Tagline6-1-1.png 1012w\" sizes=\"(max-width: 768px) 100vw, 768px\" \/>\t\t\t\t\t\t\t\t\t\t\t\t\t\t\t<\/div>\n\t\t\t\t<\/div>\n\t\t\t\t\t<\/div>\n\t\t<\/div>\n\t\t\t\t\t<\/div>\n\t\t<\/section>\n\t\t\t\t<section class=\"elementor-section elementor-top-section elementor-element elementor-element-ac55786 elementor-section-boxed elementor-section-height-default elementor-section-height-default\" data-id=\"ac55786\" data-element_type=\"section\" data-e-type=\"section\">\n\t\t\t\t\t\t<div class=\"elementor-container elementor-column-gap-default\">\n\t\t\t\t\t<div class=\"elementor-column elementor-col-100 elementor-top-column elementor-element elementor-element-092bd8c\" data-id=\"092bd8c\" data-element_type=\"column\" data-e-type=\"column\">\n\t\t\t<div class=\"elementor-widget-wrap elementor-element-populated\">\n\t\t\t\t\t\t<div class=\"elementor-element elementor-element-c0d764c elementor-widget elementor-widget-heading\" data-id=\"c0d764c\" data-element_type=\"widget\" data-e-type=\"widget\" data-widget_type=\"heading.default\">\n\t\t\t\t<div class=\"elementor-widget-container\">\n\t\t\t\t\t<h2 class=\"elementor-heading-title elementor-size-default\">De la pointe de son stylo aux profondeurs du c\u0153ur..\n<\/h2>\t\t\t\t<\/div>\n\t\t\t\t<\/div>\n\t\t\t\t<div class=\"elementor-element elementor-element-4d53650 elementor-widget-divider--view-line elementor-widget elementor-widget-divider\" data-id=\"4d53650\" data-element_type=\"widget\" data-e-type=\"widget\" data-widget_type=\"divider.default\">\n\t\t\t\t<div class=\"elementor-widget-container\">\n\t\t\t\t\t\t\t<div class=\"elementor-divider\">\n\t\t\t<span class=\"elementor-divider-separator\">\n\t\t\t\t\t\t<\/span>\n\t\t<\/div>\n\t\t\t\t\t\t<\/div>\n\t\t\t\t<\/div>\n\t\t\t\t\t<\/div>\n\t\t<\/div>\n\t\t\t\t\t<\/div>\n\t\t<\/section>\n\t\t\t\t<section class=\"elementor-section elementor-top-section elementor-element elementor-element-b69089a elementor-section-content-middle elementor-section-boxed elementor-section-height-default elementor-section-height-default\" data-id=\"b69089a\" data-element_type=\"section\" data-e-type=\"section\">\n\t\t\t\t\t\t\t<div class=\"elementor-background-overlay\"><\/div>\n\t\t\t\t\t\t\t<div class=\"elementor-container elementor-column-gap-no\">\n\t\t\t\t\t<div class=\"elementor-column elementor-col-100 elementor-top-column elementor-element elementor-element-c8ae84b\" data-id=\"c8ae84b\" data-element_type=\"column\" data-e-type=\"column\">\n\t\t\t<div class=\"elementor-widget-wrap elementor-element-populated\">\n\t\t\t\t\t\t<div class=\"elementor-element elementor-element-9d3685c elementor-widget elementor-widget-text-editor\" data-id=\"9d3685c\" data-element_type=\"widget\" data-e-type=\"widget\" data-widget_type=\"text-editor.default\">\n\t\t\t\t<div class=\"elementor-widget-container\">\n\t\t\t\t\t\t\t\t\t<p>Depuis sa sortie en 2018, le recueil de nouvelles <i>Sessizlik<\/i> d'Engin Aky\u00fcrek, renomm\u00e9e star du cin\u00e9ma et de la t\u00e9l\u00e9vision turcs, a \u00e9t\u00e9 publi\u00e9 en plusieurs langues. D\u00e9sormais, les lecteurs des \u00c9tats-Unis (et de ses territoires) et du Canada ont droit au voyage que Silence (Sessizlik) leur fait faire, voyageant dans la riche culture de la T\u00fcrkiye - \u00e0 une \u00e9poque plus simple. Les personnages de ces histoires apprennent \u00e0 se conna\u00eetre sans m\u00e9dias num\u00e9riques, en face \u00e0 face, et \u00e0 se comprendre par l'\u00e9coute. Sur la toile de fond des rues du quartier, des enfants qui jouent ensemble et des r\u00e9cits de l'adolescence \u00e0 la vieillesse, Aky\u00fcrek file avec brio des histoires qui tiennent le lecteur en haleine jusqu'\u00e0 la derni\u00e8re syllabe.<\/p>\t\t\t\t\t\t\t\t<\/div>\n\t\t\t\t<\/div>\n\t\t\t\t\t<\/div>\n\t\t<\/div>\n\t\t\t\t\t<\/div>\n\t\t<\/section>\n\t\t\t\t<section class=\"elementor-section elementor-top-section elementor-element elementor-element-d1f8c98 elementor-section-boxed elementor-section-height-default elementor-section-height-default\" data-id=\"d1f8c98\" data-element_type=\"section\" data-e-type=\"section\">\n\t\t\t\t\t\t<div class=\"elementor-container elementor-column-gap-default\">\n\t\t\t\t\t<div class=\"elementor-column elementor-col-100 elementor-top-column elementor-element elementor-element-6feacb5\" data-id=\"6feacb5\" data-element_type=\"column\" data-e-type=\"column\">\n\t\t\t<div class=\"elementor-widget-wrap elementor-element-populated\">\n\t\t\t\t\t\t\t<\/div>\n\t\t<\/div>\n\t\t\t\t\t<\/div>\n\t\t<\/section>\n\t\t\t\t<section class=\"elementor-section elementor-top-section elementor-element elementor-element-f49cb2e elementor-section-boxed elementor-section-height-default elementor-section-height-default\" data-id=\"f49cb2e\" data-element_type=\"section\" data-e-type=\"section\">\n\t\t\t\t\t\t<div class=\"elementor-container elementor-column-gap-default\">\n\t\t\t\t\t<div class=\"elementor-column elementor-col-50 elementor-top-column elementor-element elementor-element-483bf13\" data-id=\"483bf13\" data-element_type=\"column\" data-e-type=\"column\">\n\t\t\t<div class=\"elementor-widget-wrap elementor-element-populated\">\n\t\t\t\t\t\t<div class=\"elementor-element elementor-element-bd5c4da elementor-hidden-tablet elementor-hidden-mobile elementor-widget elementor-widget-image\" data-id=\"bd5c4da\" data-element_type=\"widget\" data-e-type=\"widget\" data-widget_type=\"image.default\">\n\t\t\t\t<div class=\"elementor-widget-container\">\n\t\t\t\t\t\t\t\t\t\t\t\t<figure class=\"wp-caption\">\n\t\t\t\t\t\t\t\t\t\t<img decoding=\"async\" width=\"300\" height=\"300\" src=\"https:\/\/friendsofenginakyurek.org\/wp-content\/uploads\/2023\/02\/Silence_Bookcover_paperback-1-300x300.png\" class=\"attachment-medium size-medium wp-image-10558\" alt=\"\" srcset=\"https:\/\/friendsofenginakyurek.org\/wp-content\/uploads\/2023\/02\/Silence_Bookcover_paperback-1-300x300.png 300w, https:\/\/friendsofenginakyurek.org\/wp-content\/uploads\/2023\/02\/Silence_Bookcover_paperback-1-100x100.png 100w, https:\/\/friendsofenginakyurek.org\/wp-content\/uploads\/2023\/02\/Silence_Bookcover_paperback-1-600x600.png 600w, https:\/\/friendsofenginakyurek.org\/wp-content\/uploads\/2023\/02\/Silence_Bookcover_paperback-1-1024x1024.png 1024w, https:\/\/friendsofenginakyurek.org\/wp-content\/uploads\/2023\/02\/Silence_Bookcover_paperback-1-150x150.png 150w, https:\/\/friendsofenginakyurek.org\/wp-content\/uploads\/2023\/02\/Silence_Bookcover_paperback-1-768x768.png 768w, https:\/\/friendsofenginakyurek.org\/wp-content\/uploads\/2023\/02\/Silence_Bookcover_paperback-1-12x12.png 12w, https:\/\/friendsofenginakyurek.org\/wp-content\/uploads\/2023\/02\/Silence_Bookcover_paperback-1-200x200.png 200w, https:\/\/friendsofenginakyurek.org\/wp-content\/uploads\/2023\/02\/Silence_Bookcover_paperback-1-547x547.png 547w, https:\/\/friendsofenginakyurek.org\/wp-content\/uploads\/2023\/02\/Silence_Bookcover_paperback-1-678x678.png 678w, https:\/\/friendsofenginakyurek.org\/wp-content\/uploads\/2023\/02\/Silence_Bookcover_paperback-1-524x524.png 524w, https:\/\/friendsofenginakyurek.org\/wp-content\/uploads\/2023\/02\/Silence_Bookcover_paperback-1-420x420.png 420w, https:\/\/friendsofenginakyurek.org\/wp-content\/uploads\/2023\/02\/Silence_Bookcover_paperback-1-444x444.png 444w, https:\/\/friendsofenginakyurek.org\/wp-content\/uploads\/2023\/02\/Silence_Bookcover_paperback-1-916x916.png 916w, https:\/\/friendsofenginakyurek.org\/wp-content\/uploads\/2023\/02\/Silence_Bookcover_paperback-1.png 1080w\" sizes=\"(max-width: 300px) 100vw, 300px\" \/>\t\t\t\t\t\t\t\t\t\t\t<figcaption class=\"widget-image-caption wp-caption-text\"><\/figcaption>\n\t\t\t\t\t\t\t\t\t\t<\/figure>\n\t\t\t\t\t\t\t\t\t<\/div>\n\t\t\t\t<\/div>\n\t\t\t\t<div class=\"elementor-element elementor-element-c7e2c1d elementor-hidden-desktop elementor-widget elementor-widget-image\" data-id=\"c7e2c1d\" data-element_type=\"widget\" data-e-type=\"widget\" data-widget_type=\"image.default\">\n\t\t\t\t<div class=\"elementor-widget-container\">\n\t\t\t\t\t\t\t\t\t\t\t\t\t\t\t<img decoding=\"async\" width=\"300\" height=\"300\" src=\"https:\/\/friendsofenginakyurek.org\/wp-content\/uploads\/2023\/02\/Silence_Bookcover_paperback-1-300x300.png\" class=\"attachment-medium size-medium wp-image-10558\" alt=\"\" srcset=\"https:\/\/friendsofenginakyurek.org\/wp-content\/uploads\/2023\/02\/Silence_Bookcover_paperback-1-300x300.png 300w, https:\/\/friendsofenginakyurek.org\/wp-content\/uploads\/2023\/02\/Silence_Bookcover_paperback-1-100x100.png 100w, https:\/\/friendsofenginakyurek.org\/wp-content\/uploads\/2023\/02\/Silence_Bookcover_paperback-1-600x600.png 600w, https:\/\/friendsofenginakyurek.org\/wp-content\/uploads\/2023\/02\/Silence_Bookcover_paperback-1-1024x1024.png 1024w, https:\/\/friendsofenginakyurek.org\/wp-content\/uploads\/2023\/02\/Silence_Bookcover_paperback-1-150x150.png 150w, https:\/\/friendsofenginakyurek.org\/wp-content\/uploads\/2023\/02\/Silence_Bookcover_paperback-1-768x768.png 768w, https:\/\/friendsofenginakyurek.org\/wp-content\/uploads\/2023\/02\/Silence_Bookcover_paperback-1-12x12.png 12w, https:\/\/friendsofenginakyurek.org\/wp-content\/uploads\/2023\/02\/Silence_Bookcover_paperback-1-200x200.png 200w, https:\/\/friendsofenginakyurek.org\/wp-content\/uploads\/2023\/02\/Silence_Bookcover_paperback-1-547x547.png 547w, https:\/\/friendsofenginakyurek.org\/wp-content\/uploads\/2023\/02\/Silence_Bookcover_paperback-1-678x678.png 678w, https:\/\/friendsofenginakyurek.org\/wp-content\/uploads\/2023\/02\/Silence_Bookcover_paperback-1-524x524.png 524w, https:\/\/friendsofenginakyurek.org\/wp-content\/uploads\/2023\/02\/Silence_Bookcover_paperback-1-420x420.png 420w, https:\/\/friendsofenginakyurek.org\/wp-content\/uploads\/2023\/02\/Silence_Bookcover_paperback-1-444x444.png 444w, https:\/\/friendsofenginakyurek.org\/wp-content\/uploads\/2023\/02\/Silence_Bookcover_paperback-1-916x916.png 916w, https:\/\/friendsofenginakyurek.org\/wp-content\/uploads\/2023\/02\/Silence_Bookcover_paperback-1.png 1080w\" sizes=\"(max-width: 300px) 100vw, 300px\" \/>\t\t\t\t\t\t\t\t\t\t\t\t\t\t\t<\/div>\n\t\t\t\t<\/div>\n\t\t\t\t\t<\/div>\n\t\t<\/div>\n\t\t\t\t<div class=\"elementor-column elementor-col-50 elementor-top-column elementor-element elementor-element-4b0f2d7\" data-id=\"4b0f2d7\" data-element_type=\"column\" data-e-type=\"column\">\n\t\t\t<div class=\"elementor-widget-wrap elementor-element-populated\">\n\t\t\t\t\t\t<div class=\"elementor-element elementor-element-a020f0a elementor-widget elementor-widget-text-editor\" data-id=\"a020f0a\" data-element_type=\"widget\" data-e-type=\"widget\" data-widget_type=\"text-editor.default\">\n\t\t\t\t<div class=\"elementor-widget-container\">\n\t\t\t\t\t\t\t\t\t<h1>Silence (Sessizlik)<\/h1>\nPar Engin Aky\u00fcrek<br>\nTraduit par Doina L. Kovalik et Atiye Erden\n\t\t\t\t\t\t\t\t<\/div>\n\t\t\t\t<\/div>\n\t\t\t\t<div class=\"elementor-element elementor-element-c3f8ec5 elementor-widget elementor-widget-text-editor\" data-id=\"c3f8ec5\" data-element_type=\"widget\" data-e-type=\"widget\" data-widget_type=\"text-editor.default\">\n\t\t\t\t<div class=\"elementor-widget-container\">\n\t\t\t\t\t\t\t\t\tBroch\u00e9\n<h1>$16.46<\/h1>\n<em>Tous les b\u00e9n\u00e9fices de la vente profitent aux habitants de T\u00fcrkiye <br> L&#039;association caritative choisie par Engin Aky\u00fcrek\n\n<\/em>\t\t\t\t\t\t\t\t<\/div>\n\t\t\t\t<\/div>\n\t\t\t\t<div class=\"elementor-element elementor-element-827e48a elementor-widget elementor-widget-text-editor\" data-id=\"827e48a\" data-element_type=\"widget\" data-e-type=\"widget\" data-widget_type=\"text-editor.default\">\n\t\t\t\t<div class=\"elementor-widget-container\">\n\t\t\t\t\t\t\t\t\tDate de Sortie de la Publication :<b> 4 avril 2023<\/b><br>\nDisponible \u00e0 la commande\u00a0:* Imm\u00e9diatement\n\t\t\t\t\t\t\t\t<\/div>\n\t\t\t\t<\/div>\n\t\t\t\t<div class=\"elementor-element elementor-element-9a481fd elementor-widget elementor-widget-button\" data-id=\"9a481fd\" data-element_type=\"widget\" data-e-type=\"widget\" data-widget_type=\"button.default\">\n\t\t\t\t<div class=\"elementor-widget-container\">\n\t\t\t\t\t\t\t\t\t<div class=\"elementor-button-wrapper\">\n\t\t\t\t\t<a class=\"elementor-button elementor-button-link elementor-size-sm\" href=\"https:\/\/friendsofenginakyurek.org\/fr\/checkout\/?add-to-cart=10114\">\n\t\t\t\t\t\t<span class=\"elementor-button-content-wrapper\">\n\t\t\t\t\t\t\t\t\t<span class=\"elementor-button-text\">Commande<\/span>\n\t\t\t\t\t<\/span>\n\t\t\t\t\t<\/a>\n\t\t\t\t<\/div>\n\t\t\t\t\t\t\t\t<\/div>\n\t\t\t\t<\/div>\n\t\t\t\t\t<\/div>\n\t\t<\/div>\n\t\t\t\t\t<\/div>\n\t\t<\/section>\n\t\t\t\t<section class=\"elementor-section elementor-top-section elementor-element elementor-element-ce42066 elementor-section-boxed elementor-section-height-default elementor-section-height-default\" data-id=\"ce42066\" data-element_type=\"section\" data-e-type=\"section\">\n\t\t\t\t\t\t<div class=\"elementor-container elementor-column-gap-default\">\n\t\t\t\t\t<div class=\"elementor-column elementor-col-100 elementor-top-column elementor-element elementor-element-c9b0f71\" data-id=\"c9b0f71\" data-element_type=\"column\" data-e-type=\"column\">\n\t\t\t<div class=\"elementor-widget-wrap elementor-element-populated\">\n\t\t\t\t\t\t<div class=\"elementor-element elementor-element-9b9884b elementor-widget elementor-widget-heading\" data-id=\"9b9884b\" data-element_type=\"widget\" data-e-type=\"widget\" data-widget_type=\"heading.default\">\n\t\t\t\t<div class=\"elementor-widget-container\">\n\t\t\t\t\t<h2 class=\"elementor-heading-title elementor-size-default\">D\u00c9TAILS DU PRODUIT<\/h2>\t\t\t\t<\/div>\n\t\t\t\t<\/div>\n\t\t\t\t<section class=\"elementor-section elementor-inner-section elementor-element elementor-element-09f9ead elementor-section-boxed elementor-section-height-default elementor-section-height-default\" data-id=\"09f9ead\" data-element_type=\"section\" data-e-type=\"section\">\n\t\t\t\t\t\t<div class=\"elementor-container elementor-column-gap-default\">\n\t\t\t\t\t<div class=\"elementor-column elementor-col-50 elementor-inner-column elementor-element elementor-element-32cedb4\" data-id=\"32cedb4\" data-element_type=\"column\" data-e-type=\"column\">\n\t\t\t<div class=\"elementor-widget-wrap elementor-element-populated\">\n\t\t\t\t\t\t<div class=\"elementor-element elementor-element-a4d92a6 elementor-widget elementor-widget-text-editor\" data-id=\"a4d92a6\" data-element_type=\"widget\" data-e-type=\"widget\" data-widget_type=\"text-editor.default\">\n\t\t\t\t<div class=\"elementor-widget-container\">\n\t\t\t\t\t\t\t\t\tISBN :<br>\t\n\u00c9diteur :<br>\t\nDate de publication :<br>\t\nPages\u00a0:\t<br>\nDimensions:\t\t\t\t\t\t\t\t\t<\/div>\n\t\t\t\t<\/div>\n\t\t\t\t\t<\/div>\n\t\t<\/div>\n\t\t\t\t<div class=\"elementor-column elementor-col-50 elementor-inner-column elementor-element elementor-element-de1bca1\" data-id=\"de1bca1\" data-element_type=\"column\" data-e-type=\"column\">\n\t\t\t<div class=\"elementor-widget-wrap elementor-element-populated\">\n\t\t\t\t\t\t<div class=\"elementor-element elementor-element-7d1ff80 elementor-widget elementor-widget-text-editor\" data-id=\"7d1ff80\" data-element_type=\"widget\" data-e-type=\"widget\" data-widget_type=\"text-editor.default\">\n\t\t\t\t<div class=\"elementor-widget-container\">\n\t\t\t\t\t\t\t\t\t<p>\n979-8-9862459-4-2<br><a href=\"https:\/\/www.flexiblepub.com\/\"  target=\"_blank\">Presse souple<\/a><br>4 avril 2023<br>180<br>5\u2033x 8\u2033<\/p>\t\t\t\t\t\t\t\t<\/div>\n\t\t\t\t<\/div>\n\t\t\t\t\t<\/div>\n\t\t<\/div>\n\t\t\t\t\t<\/div>\n\t\t<\/section>\n\t\t\t\t\t<\/div>\n\t\t<\/div>\n\t\t\t\t\t<\/div>\n\t\t<\/section>\n\t\t\t\t<section class=\"elementor-section elementor-top-section elementor-element elementor-element-99d2827 elementor-section-content-middle elementor-section-boxed elementor-section-height-default elementor-section-height-default\" data-id=\"99d2827\" data-element_type=\"section\" data-e-type=\"section\">\n\t\t\t\t\t\t\t<div class=\"elementor-background-overlay\"><\/div>\n\t\t\t\t\t\t\t<div class=\"elementor-container elementor-column-gap-no\">\n\t\t\t\t\t<div class=\"elementor-column elementor-col-100 elementor-top-column elementor-element elementor-element-26626b0\" data-id=\"26626b0\" data-element_type=\"column\" data-e-type=\"column\">\n\t\t\t<div class=\"elementor-widget-wrap elementor-element-populated\">\n\t\t\t\t\t\t<div class=\"elementor-element elementor-element-fe25fe8 elementor-widget elementor-widget-text-editor\" data-id=\"fe25fe8\" data-element_type=\"widget\" data-e-type=\"widget\" data-widget_type=\"text-editor.default\">\n\t\t\t\t<div class=\"elementor-widget-container\">\n\t\t\t\t\t\t\t\t\t\u00c0 Propos de l'Auteur<br>\nN\u00e9 en 1981 dans la capitale de la T\u00fcrkiye (Ankara), Engin Aky\u00fcrek est devenu c\u00e9l\u00e8bre en 2004 en remportant le concours t\u00e9l\u00e9vis\u00e9 <i>T\u00fcrkiye&#039;nin Y\u0131ld\u0131zlar\u0131<\/i> (Les stars de la T\u00fcrkiye). Depuis lors, il a \u00e9t\u00e9 acclam\u00e9 par de nombreux longs m\u00e9trages et de multiples s\u00e9ries t\u00e9l\u00e9vis\u00e9es, visionn\u00e9s dans des dizaines de pays et dans de nombreuses langues. Sa passion pour l'\u00e9criture a commenc\u00e9 d\u00e8s son plus jeune \u00e2ge et est aliment\u00e9e par son amour des livres. Il est un plongeur certifi\u00e9 avide et exp\u00e9riment\u00e9, et aime plonger dans le bleu profond de la Mer \u00c9g\u00e9e. <br><br>\nFlexible Press et <i>Amis d&#039;Engine<\/i> se sont associ\u00e9s pour faire para\u00eetre le recueil de nouvelles d'Engin Aky\u00fcrek aux \u00c9tats-Unis et au Canada pour la premi\u00e8re fois.\n\n\n\n\t\t\t\t\t\t\t\t<\/div>\n\t\t\t\t<\/div>\n\t\t\t\t<div class=\"elementor-element elementor-element-18d8bab elementor-widget elementor-widget-text-editor\" data-id=\"18d8bab\" data-element_type=\"widget\" data-e-type=\"widget\" data-widget_type=\"text-editor.default\">\n\t\t\t\t<div class=\"elementor-widget-container\">\n\t\t\t\t\t\t\t\t\t*Exp\u00e9dition vers les \u00c9tats-Unis et le Canada uniquement\n\n\n\n\t\t\t\t\t\t\t\t<\/div>\n\t\t\t\t<\/div>\n\t\t\t\t<div class=\"elementor-element elementor-element-3023bed elementor-widget elementor-widget-text-editor\" data-id=\"3023bed\" data-element_type=\"widget\" data-e-type=\"widget\" data-widget_type=\"text-editor.default\">\n\t\t\t\t<div class=\"elementor-widget-container\">\n\t\t\t\t\t\t\t\t\t&nbsp;&nbsp;&nbsp;<a href=\"https:\/\/friendsofenginakyurek.org\/fr\/return-policy\/\" rel=\"noopener\" target=\"_blank\"><u>Politique de retour<\/u><\/a> , <a href=\"https:\/\/friendsofenginakyurek.org\/fr\/shipping-policy\/\" rel=\"noopener\" target=\"_blank\"><u>Politique d&#039;exp\u00e9dition<\/u><\/a>\n\n\n\t\t\t\t\t\t\t\t<\/div>\n\t\t\t\t<\/div>\n\t\t\t\t\t<\/div>\n\t\t<\/div>\n\t\t\t\t\t<\/div>\n\t\t<\/section>\n\t\t\t\t<\/div>","protected":false},"excerpt":{"rendered":"<p>Silence [Sessizlik] Du bout de sa plume jusqu&#039;au plus profond du c\u0153ur.. Depuis sa sortie en 2018, le recueil de nouvelles de la c\u00e9l\u00e8bre star du cin\u00e9ma et de la t\u00e9l\u00e9vision turque Engin Aky\u00fcrek, Sessizlik, a \u00e9t\u00e9 publi\u00e9 en plusieurs langues. D\u00e9sormais, les lecteurs des \u00c9tats-Unis (et de leurs territoires) et du Canada ont droit au voyage qu&#039;entreprend Silence (Sessizlik)\u2026 <a href=\"https:\/\/friendsofenginakyurek.org\/fr\/silence-book\/\" class=\"more-link\">continuer la lecture <span class=\"screen-reader-text\">livre-silence<\/span><\/a><\/p>","protected":false},"author":1,"featured_media":11009,"parent":0,"menu_order":0,"comment_status":"closed","ping_status":"closed","template":"elementor_header_footer","meta":{"footnotes":""},"class_list":["post-10444","page","type-page","status-publish","has-post-thumbnail","hentry"],"jetpack_sharing_enabled":true,"_links":{"self":[{"href":"https:\/\/friendsofenginakyurek.org\/fr\/wp-json\/wp\/v2\/pages\/10444","targetHints":{"allow":["GET"]}}],"collection":[{"href":"https:\/\/friendsofenginakyurek.org\/fr\/wp-json\/wp\/v2\/pages"}],"about":[{"href":"https:\/\/friendsofenginakyurek.org\/fr\/wp-json\/wp\/v2\/types\/page"}],"author":[{"embeddable":true,"href":"https:\/\/friendsofenginakyurek.org\/fr\/wp-json\/wp\/v2\/users\/1"}],"replies":[{"embeddable":true,"href":"https:\/\/friendsofenginakyurek.org\/fr\/wp-json\/wp\/v2\/comments?post=10444"}],"version-history":[{"count":229,"href":"https:\/\/friendsofenginakyurek.org\/fr\/wp-json\/wp\/v2\/pages\/10444\/revisions"}],"predecessor-version":[{"id":11764,"href":"https:\/\/friendsofenginakyurek.org\/fr\/wp-json\/wp\/v2\/pages\/10444\/revisions\/11764"}],"wp:featuredmedia":[{"embeddable":true,"href":"https:\/\/friendsofenginakyurek.org\/fr\/wp-json\/wp\/v2\/media\/11009"}],"wp:attachment":[{"href":"https:\/\/friendsofenginakyurek.org\/fr\/wp-json\/wp\/v2\/media?parent=10444"}],"curies":[{"name":"wp","href":"https:\/\/api.w.org\/{rel}","templated":true}]}}