{"id":1177,"date":"2015-04-20T08:10:04","date_gmt":"2015-04-20T08:10:04","guid":{"rendered":"http:\/\/www.anarieldesign.com\/themedemos\/maisha\/?page_id=40"},"modified":"2022-10-15T16:49:41","modified_gmt":"2022-10-15T16:49:41","slug":"slide-in-panel","status":"publish","type":"page","link":"https:\/\/friendsofenginakyurek.org\/fr\/home\/slide-in-panel\/","title":{"rendered":"Panneau coulissant"},"content":{"rendered":"<h2>Merci de votre visite sur notre site !<\/h2>\r\n<p>Merci de votre visite sur notre site! Si vous avez atteint notre maison ici, alors vous \u00eates sans aucun doute un ami d&#039;Engin Aky\u00fcrek et souhaitez en savoir plus sur son impact sur la communaut\u00e9 mondiale. Nous vous invitons \u00e0 regarder cette vid\u00e9o sur M. Aky\u00fcrek et son travail humanitaire. Nous appr\u00e9cions votre soutien!<\/p>\r\n<p><a class=\"button\" href=\"https:\/\/www.youtube.com\/watch?v=m_xC5kKjXAE&amp;t=18s\" target=\"_blank\" rel=\"noopener\">FRIENDS OF ENG\u0130N AKY\u00dcREK YOUTUBE<\/a><\/p>\r\n\r\n<figure class=\"wp-block-image size-large\"><a href=\"https:\/\/www.youtube.com\/watch?v=m_xC5kKjXAE&amp;t=18s\" target=\"_blank\" rel=\"noopener\"><img fetchpriority=\"high\" decoding=\"async\" class=\"alignnone wp-image-4755\" src=\"https:\/\/friendsofenginakyurek.org\/wp-content\/uploads\/2022\/09\/B9A92686-1B29-41A0-B59F-D01B71C654AE.png\" alt=\"\" width=\"1280\" height=\"720\" \/><\/a><\/figure>\r\n\r\n<p style=\"font-weight: 400;\">MISSON<\/p>\r\n<em>COMMENT NOUS SERVONS<\/em>\r\n<ul>\r\n<li style=\"font-weight: 400;\">Collectez des fonds pour les enfants, les femmes et les familles turcs vuln\u00e9rables<\/li>\r\n<li style=\"font-weight: 400;\">Promouvoir les projets \u00e0 vocation humanitaire d&#039;Engin Aky\u00fcrek<\/li>\r\n<li style=\"font-weight: 400;\">Organiser des \u00e9v\u00e9nements sp\u00e9ciaux, des collectes de fonds et des projets<\/li>\r\n<li style=\"font-weight: 400;\">Accro\u00eetre la sensibilisation aux probl\u00e8mes sociaux<\/li>\r\n<li style=\"font-weight: 400;\">Mettre en \u00e9vidence le travail caritatif des supporters d'Engin Aky\u00fcrek<\/li>\r\n<\/ul>\r\n<p style=\"font-weight: 400;\">VALEURS<\/p>\r\n<em>NOTRE MODE DE VIE<\/em>\r\n<ul>\r\n<li style=\"font-weight: 400;\">RESPECT et BIENVEILLANCE<\/li>\r\n<li style=\"font-weight: 400;\">INT\u00c9GRIT\u00c9, SINC\u00c9RIT\u00c9 et droiture<\/li>\r\n<li style=\"font-weight: 400;\">G\u00c9N\u00c9ROSIT\u00c9, empathie et PAIX<\/li>\r\n<li style=\"font-weight: 400;\">Travail d&#039;\u00e9quipe, HONN\u00caTET\u00c9 et pers\u00e9v\u00e9rance<\/li>\r\n<li style=\"font-weight: 400;\">NOURRIR la communaut\u00e9<\/li>\r\n<\/ul>","protected":false},"excerpt":{"rendered":"<p>Thank you for your visit to our site! Thank you for your visit to our site! If you have reached our home here, then you are undoubtedly a friend of Engin Aky\u00fcrek and are interested in learning more about his impact on the global community. We invite you to watch this video about Mr. Aky\u00fcrek &hellip; <a href=\"https:\/\/friendsofenginakyurek.org\/fr\/home\/slide-in-panel\/\" class=\"more-link\">continuer la lecture <span class=\"screen-reader-text\">Panneau coulissant<\/span><\/a><\/p>","protected":false},"author":1,"featured_media":4684,"parent":1176,"menu_order":0,"comment_status":"closed","ping_status":"closed","template":"","meta":{"footnotes":""},"class_list":["post-1177","page","type-page","status-publish","has-post-thumbnail","hentry"],"jetpack_sharing_enabled":true,"_links":{"self":[{"href":"https:\/\/friendsofenginakyurek.org\/fr\/wp-json\/wp\/v2\/pages\/1177","targetHints":{"allow":["GET"]}}],"collection":[{"href":"https:\/\/friendsofenginakyurek.org\/fr\/wp-json\/wp\/v2\/pages"}],"about":[{"href":"https:\/\/friendsofenginakyurek.org\/fr\/wp-json\/wp\/v2\/types\/page"}],"author":[{"embeddable":true,"href":"https:\/\/friendsofenginakyurek.org\/fr\/wp-json\/wp\/v2\/users\/1"}],"replies":[{"embeddable":true,"href":"https:\/\/friendsofenginakyurek.org\/fr\/wp-json\/wp\/v2\/comments?post=1177"}],"version-history":[{"count":22,"href":"https:\/\/friendsofenginakyurek.org\/fr\/wp-json\/wp\/v2\/pages\/1177\/revisions"}],"predecessor-version":[{"id":8735,"href":"https:\/\/friendsofenginakyurek.org\/fr\/wp-json\/wp\/v2\/pages\/1177\/revisions\/8735"}],"up":[{"embeddable":true,"href":"https:\/\/friendsofenginakyurek.org\/fr\/wp-json\/wp\/v2\/pages\/1176"}],"wp:featuredmedia":[{"embeddable":true,"href":"https:\/\/friendsofenginakyurek.org\/fr\/wp-json\/wp\/v2\/media\/4684"}],"wp:attachment":[{"href":"https:\/\/friendsofenginakyurek.org\/fr\/wp-json\/wp\/v2\/media?parent=1177"}],"curies":[{"name":"wp","href":"https:\/\/api.w.org\/{rel}","templated":true}]}}