{"id":315,"date":"2015-04-26T07:19:18","date_gmt":"2015-04-26T07:19:18","guid":{"rendered":"http:\/\/www.anarieldesign.com\/themedemos\/maisha\/?page_id=315"},"modified":"2015-04-26T07:19:18","modified_gmt":"2015-04-26T07:19:18","slug":"slider-panel-five","status":"publish","type":"page","link":"https:\/\/friendsofenginakyurek.org\/fr\/front-page-with-video\/slider-panel-five\/","title":{"rendered":"Panneau coulissant cinq"},"content":{"rendered":"<h2>Parrainez un parc national des Virunga.<\/h2>\n<p>VIRUNGA est l&#039;incroyable histoire vraie d&#039;un groupe de <span class=\"color\">courageux<\/span> des gens qui risquent leur vie pour construire un avenir meilleur dans une partie de l&#039;Afrique oubli\u00e9e du monde et un expos\u00e9 captivant des r\u00e9alit\u00e9s de la vie au Congo.<br \/>\n<a class=\"button\" href=\"https:\/\/virunga.org\/donate\/\">PARRAINEZ UN VRAI PROJET<\/a> <a class=\"button\" href=\"http:\/\/virungamovie.com\/\">Regarder un film<\/a><\/p>\n<p>[soliloque id=\u201d177\u2033]<br \/>\nDepuis <a href=\"http:\/\/virungamovie.com\/\">Film Virunga<\/a> site web : \u00ab Dans les profondeurs bois\u00e9es de l&#039;est du Congo se trouve <a href=\"https:\/\/virunga.org\/donate\/\">Parc national des Virunga<\/a>, l&#039;un des endroits les plus riches en biodiversit\u00e9 de la plan\u00e8te, qui abrite les derniers gorilles de montagne de la plan\u00e8te. Dans cet environnement sauvage mais enchanteur, une petite \u00e9quipe de gardes forestiers acharn\u00e9s \u2013 dont un ancien enfant soldat devenu garde forestier, un soigneur de gorilles orphelins et un d\u00e9fenseur de l&#039;environnement d\u00e9vou\u00e9 \u2013 prot\u00e8ge ce site class\u00e9 au patrimoine mondial de l&#039;UNESCO des milices arm\u00e9es, des braconniers et des forces obscures qui luttent pour le contr\u00f4le des riches ressources naturelles du Congo. Lorsque le nouveau groupe rebelle M23 d\u00e9clare la guerre, un nouveau conflit menace la vie et la stabilit\u00e9 de tous et de tout ce qu&#039;ils ont tant travaill\u00e9 \u00e0 prot\u00e9ger, les cin\u00e9astes et les participants du film \u00e9tant pris entre deux feux.<br \/>\nUne puissante combinaison de journalisme d&#039;investigation et de documentaire sur la nature, <a href=\"https:\/\/virunga.org\/donate\/\">VIRUNGA<\/a> est l&#039;incroyable histoire vraie d&#039;un groupe de personnes courageuses qui risquent leur vie pour construire un avenir meilleur dans une partie de l&#039;Afrique oubli\u00e9e du monde, et un expos\u00e9 captivant des r\u00e9alit\u00e9s de la vie au Congo.<\/p>\n<blockquote><p>Du r\u00e9alisateur Orlando von Einsiedel et du producteur ex\u00e9cutif Leonardo DiCaprio.<\/p><\/blockquote>","protected":false},"excerpt":{"rendered":"<p>Sponsor a Virunga National Park. VIRUNGA is the incredible true story of a group of brave people risking their lives to build a better future in a part of Africa the world&#8217;s forgotten and a gripping expose of the realities of life in the Congo. SPONSOR A REAL PROJECT Watch a movie [soliloquy id=&#8221;177&#8243;] From &hellip; <a href=\"https:\/\/friendsofenginakyurek.org\/fr\/front-page-with-video\/slider-panel-five\/\" class=\"more-link\">continuer la lecture <span class=\"screen-reader-text\">Panneau coulissant cinq<\/span><\/a><\/p>","protected":false},"author":1,"featured_media":4684,"parent":283,"menu_order":0,"comment_status":"open","ping_status":"open","template":"","meta":{"footnotes":""},"class_list":["post-315","page","type-page","status-publish","has-post-thumbnail","hentry"],"jetpack_sharing_enabled":true,"_links":{"self":[{"href":"https:\/\/friendsofenginakyurek.org\/fr\/wp-json\/wp\/v2\/pages\/315","targetHints":{"allow":["GET"]}}],"collection":[{"href":"https:\/\/friendsofenginakyurek.org\/fr\/wp-json\/wp\/v2\/pages"}],"about":[{"href":"https:\/\/friendsofenginakyurek.org\/fr\/wp-json\/wp\/v2\/types\/page"}],"author":[{"embeddable":true,"href":"https:\/\/friendsofenginakyurek.org\/fr\/wp-json\/wp\/v2\/users\/1"}],"replies":[{"embeddable":true,"href":"https:\/\/friendsofenginakyurek.org\/fr\/wp-json\/wp\/v2\/comments?post=315"}],"version-history":[{"count":0,"href":"https:\/\/friendsofenginakyurek.org\/fr\/wp-json\/wp\/v2\/pages\/315\/revisions"}],"up":[{"embeddable":true,"href":"https:\/\/friendsofenginakyurek.org\/fr\/wp-json\/wp\/v2\/pages\/283"}],"wp:featuredmedia":[{"embeddable":true,"href":"https:\/\/friendsofenginakyurek.org\/fr\/wp-json\/wp\/v2\/media\/4684"}],"wp:attachment":[{"href":"https:\/\/friendsofenginakyurek.org\/fr\/wp-json\/wp\/v2\/media?parent=315"}],"curies":[{"name":"wp","href":"https:\/\/api.w.org\/{rel}","templated":true}]}}