{"id":336,"date":"2015-04-26T12:25:58","date_gmt":"2015-04-26T12:25:58","guid":{"rendered":"http:\/\/www.anarieldesign.com\/themedemos\/maisha\/?page_id=336"},"modified":"2022-10-08T00:27:53","modified_gmt":"2022-10-08T00:27:53","slug":"our-mission","status":"publish","type":"page","link":"https:\/\/friendsofenginakyurek.org\/fr\/our-mission\/","title":{"rendered":"Nos principes directeurs"},"content":{"rendered":"<h1 style=\"text-align: center;\">Nos principes directeurs<\/h1>\n<p>Merci de votre int\u00e9r\u00eat pour notre projet ! Nous sommes profond\u00e9ment d\u00e9termin\u00e9s \u00e0 honorer Engin Aky\u00fcrek de mani\u00e8re concr\u00e8te. Bien que les informations contenues dans les sections suivantes puissent \u00eatre trouv\u00e9es dans d&#039;autres zones de notre site, voici un endroit pour en savoir plus sur notre VISION, MISSION et VALEURS. En plus de la version texte des informations disponibles en anglais, nous avons inclus des images de ces principes importants de notre organisation en anglais, espagnol et turc. Merci encore.<\/p>","protected":false},"excerpt":{"rendered":"<p>Our Guiding Principles Thank you for your interest in our project! We are deeply committed to honoring Engin Aky\u00fcrek in actionable ways. Though the information contained in the following sections may be found in other areas of our site, here is one place to read about our VISION, MISSION and VALUES in a bit more &hellip; <a href=\"https:\/\/friendsofenginakyurek.org\/fr\/our-mission\/\" class=\"more-link\">continuer la lecture <span class=\"screen-reader-text\">Nos principes directeurs<\/span><\/a><\/p>","protected":false},"author":1,"featured_media":4684,"parent":0,"menu_order":0,"comment_status":"closed","ping_status":"closed","template":"page-templates\/full-width-page.php","meta":{"footnotes":""},"class_list":["post-336","page","type-page","status-publish","has-post-thumbnail","hentry"],"jetpack_sharing_enabled":true,"_links":{"self":[{"href":"https:\/\/friendsofenginakyurek.org\/fr\/wp-json\/wp\/v2\/pages\/336","targetHints":{"allow":["GET"]}}],"collection":[{"href":"https:\/\/friendsofenginakyurek.org\/fr\/wp-json\/wp\/v2\/pages"}],"about":[{"href":"https:\/\/friendsofenginakyurek.org\/fr\/wp-json\/wp\/v2\/types\/page"}],"author":[{"embeddable":true,"href":"https:\/\/friendsofenginakyurek.org\/fr\/wp-json\/wp\/v2\/users\/1"}],"replies":[{"embeddable":true,"href":"https:\/\/friendsofenginakyurek.org\/fr\/wp-json\/wp\/v2\/comments?post=336"}],"version-history":[{"count":3,"href":"https:\/\/friendsofenginakyurek.org\/fr\/wp-json\/wp\/v2\/pages\/336\/revisions"}],"predecessor-version":[{"id":6395,"href":"https:\/\/friendsofenginakyurek.org\/fr\/wp-json\/wp\/v2\/pages\/336\/revisions\/6395"}],"wp:featuredmedia":[{"embeddable":true,"href":"https:\/\/friendsofenginakyurek.org\/fr\/wp-json\/wp\/v2\/media\/4684"}],"wp:attachment":[{"href":"https:\/\/friendsofenginakyurek.org\/fr\/wp-json\/wp\/v2\/media?parent=336"}],"curies":[{"name":"wp","href":"https:\/\/api.w.org\/{rel}","templated":true}]}}