{"id":346,"date":"2015-04-26T12:51:49","date_gmt":"2015-04-26T12:51:49","guid":{"rendered":"http:\/\/www.anarieldesign.com\/themedemos\/maisha\/?page_id=346"},"modified":"2022-09-24T02:43:27","modified_gmt":"2022-09-24T02:43:27","slug":"mission-four","status":"publish","type":"page","link":"https:\/\/friendsofenginakyurek.org\/fr\/mission-four\/","title":{"rendered":"Mission quatre"},"content":{"rendered":"<p>Massepain guimauve biscuit g\u00e2teau gla\u00e7age guimauve biscuit au chocolat g\u00e2teau aux carottes drag\u00e9e chocolat cannes de bonbon g\u00e2teau aux carottes.<\/p>\n<p><!--more--><\/p>\n<p>Lorem ipsum dolor sit amet, <a title=\"lien de test\" href=\"#\">lien de test<\/a> \u00e9lite adipiscante. <strong>C&#039;est fort.<\/strong> Nullam dignissim convallis est. Quisque aliquam. <em>Ceci est soulign\u00e9.<\/em> Faucibus du Donec. Nunc iaculis suscipit dui. 5<sup>3<\/sup> = 125. L&#039;eau est H<sub>2<\/sub>O. Nam s&#039;assoit amet sem. Aliquam libero nisi, imperdiet at, tincidunt nec, gravida vehicula, nisl. <cite>Le New York Times<\/cite> (C&#039;est une citation). <span style=\"text-decoration:underline;\">Souligner.<\/span> M\u00e9c\u00e8ne ornare tortor. Donec sed tellus eget sapien fringilla nonummy. Mauris est \u00e0 la hauteur. Suspendisse quam sem, consequat at, commodo vitae, feugiat in, nunc. Morbi imperdiet augue quis tellus. <abbr title=\"langage de balisage hypertexte\">HTML<\/abbr> et <abbr title=\"Feuilles de style en cascade\">CSS<\/abbr> sont nos outils. Mauris est \u00e0 la hauteur. Suspendisse quam sem, consequat at, commodo vitae, feugiat in, nunc. Morbi imperdiet augue quis tellus. Praesent mattis, massa quis luctus fermentum, turpis mi volutpat justo, eu volutpat enim diam eget metus. Pour copier un type de fichier <code>COPIER <var>le nom du fichier<\/var><\/code>.<\/p>\n<p><a href=\"http:\/\/anariel.com.www361.your-server.de\/maisha\/wp-content\/uploads\/2015\/05\/maisha_shop_slider_1.jpg\"><img fetchpriority=\"high\" decoding=\"async\" src=\"http:\/\/anariel.com.www361.your-server.de\/maisha\/wp-content\/uploads\/2015\/05\/maisha_shop_slider_1.jpg\" data-sizes=\"(max-width: 1405px) 100vw, 1405px\" srcset=\"http:\/\/www.anariel.com\/maishademo\/wp-content\/uploads\/2015\/05\/maisha_shop_slider_1-300x85.jpg 300w, http:\/\/www.anariel.com\/maishademo\/wp-content\/uploads\/2015\/05\/maisha_shop_slider_1-1024x292.jpg 1024w, http:\/\/www.anariel.com\/maishademo\/wp-content\/uploads\/2015\/05\/maisha_shop_slider_1-300x85.jpg 300w, http:\/\/www.anariel.com\/maishademo\/wp-content\/uploads\/2015\/05\/maisha_shop_slider_1-300x85.jpg 300w, http:\/\/www.anariel.com\/maishademo\/wp-content\/uploads\/2015\/05\/maisha_shop_slider_1-200x57.jpg 200w, http:\/\/www.anariel.com\/maishademo\/wp-content\/uploads\/2015\/05\/maisha_shop_slider_1-150x43.jpg 150w, http:\/\/anariel.com.www361.your-server.de\/maisha\/wp-content\/uploads\/2015\/05\/maisha_shop_slider_1.jpg 1405w\" alt=\"maisha_shop_slider_1\" width=\"1405\" height=\"400\" class=\"aligncenter size-full wp-image-1069\"><\/a><\/p>\n<blockquote><p>Il s&#039;agit de la version Photoshop de Lorem Ipsum. Proin gravida nibh vel velit auctor aliquet. Sollicitudin \u00e9n\u00e9en, lorem quis bibendum auctor, nisi elit consequat ipsum, nec sagittis sem nibh id elit.<\/p><\/blockquote>\n<table>\n<tbody>\n<tr>\n<th>En-t\u00eate du tableau 1<\/th>\n<th>En-t\u00eate du tableau 2<\/th>\n<th>En-t\u00eate du tableau 3<\/th>\n<\/tr>\n<tr>\n<td>Division 1<\/td>\n<td>Division 2<\/td>\n<td>Division 3<\/td>\n<\/tr>\n<\/tbody>\n<\/table>\n<p>[give_form id = &quot;403&quot;]<\/p>","protected":false},"excerpt":{"rendered":"<p>Massepain guimauve biscuit g\u00e2teau gla\u00e7age guimauve biscuit au chocolat g\u00e2teau aux carottes drag\u00e9e chocolat cannes de bonbon g\u00e2teau aux carottes.<\/p>","protected":false},"author":1,"featured_media":2502,"parent":0,"menu_order":0,"comment_status":"closed","ping_status":"closed","template":"page-templates\/full-width-page.php","meta":{"footnotes":""},"class_list":["post-346","page","type-page","status-publish","has-post-thumbnail","hentry"],"jetpack_sharing_enabled":true,"_links":{"self":[{"href":"https:\/\/friendsofenginakyurek.org\/fr\/wp-json\/wp\/v2\/pages\/346","targetHints":{"allow":["GET"]}}],"collection":[{"href":"https:\/\/friendsofenginakyurek.org\/fr\/wp-json\/wp\/v2\/pages"}],"about":[{"href":"https:\/\/friendsofenginakyurek.org\/fr\/wp-json\/wp\/v2\/types\/page"}],"author":[{"embeddable":true,"href":"https:\/\/friendsofenginakyurek.org\/fr\/wp-json\/wp\/v2\/users\/1"}],"replies":[{"embeddable":true,"href":"https:\/\/friendsofenginakyurek.org\/fr\/wp-json\/wp\/v2\/comments?post=346"}],"version-history":[{"count":1,"href":"https:\/\/friendsofenginakyurek.org\/fr\/wp-json\/wp\/v2\/pages\/346\/revisions"}],"predecessor-version":[{"id":4736,"href":"https:\/\/friendsofenginakyurek.org\/fr\/wp-json\/wp\/v2\/pages\/346\/revisions\/4736"}],"wp:featuredmedia":[{"embeddable":true,"href":"https:\/\/friendsofenginakyurek.org\/fr\/wp-json\/wp\/v2\/media\/2502"}],"wp:attachment":[{"href":"https:\/\/friendsofenginakyurek.org\/fr\/wp-json\/wp\/v2\/media?parent=346"}],"curies":[{"name":"wp","href":"https:\/\/api.w.org\/{rel}","templated":true}]}}