{"id":5022,"date":"2022-09-28T22:54:45","date_gmt":"2022-09-28T22:54:45","guid":{"rendered":"https:\/\/friendsofenginakyurek.org\/?page_id=5022"},"modified":"2023-03-11T23:06:55","modified_gmt":"2023-03-11T23:06:55","slug":"get-involved","status":"publish","type":"page","link":"https:\/\/friendsofenginakyurek.org\/fr\/get-involved\/","title":{"rendered":"Impliquez-vous"},"content":{"rendered":"<div data-elementor-type=\"wp-page\" data-elementor-id=\"5022\" class=\"elementor elementor-5022\" data-elementor-post-type=\"page\">\n\t\t\t\t\t\t<section class=\"elementor-section elementor-top-section elementor-element elementor-element-776a9c3 elementor-section-height-min-height elementor-section-content-middle elementor-section-boxed elementor-section-height-default elementor-section-items-middle\" data-id=\"776a9c3\" data-element_type=\"section\" data-e-type=\"section\" data-settings=\"{&quot;background_background&quot;:&quot;classic&quot;}\">\n\t\t\t\t\t\t\t<div class=\"elementor-background-overlay\"><\/div>\n\t\t\t\t\t\t\t<div class=\"elementor-container elementor-column-gap-no\">\n\t\t\t\t\t<div class=\"elementor-column elementor-col-100 elementor-top-column elementor-element elementor-element-b8547d9\" data-id=\"b8547d9\" data-element_type=\"column\" data-e-type=\"column\">\n\t\t\t<div class=\"elementor-widget-wrap elementor-element-populated\">\n\t\t\t\t\t\t<div class=\"elementor-element elementor-element-59be9d2 elementor-widget elementor-widget-heading\" data-id=\"59be9d2\" data-element_type=\"widget\" data-e-type=\"widget\" data-widget_type=\"heading.default\">\n\t\t\t\t<div class=\"elementor-widget-container\">\n\t\t\t\t\t<h2 class=\"elementor-heading-title elementor-size-default\">Impliquez-vous<\/h2>\t\t\t\t<\/div>\n\t\t\t\t<\/div>\n\t\t\t\t<div class=\"elementor-element elementor-element-c4ce53d elementor-widget elementor-widget-image\" data-id=\"c4ce53d\" data-element_type=\"widget\" data-e-type=\"widget\" data-widget_type=\"image.default\">\n\t\t\t\t<div class=\"elementor-widget-container\">\n\t\t\t\t\t\t\t\t\t\t\t\t\t\t\t<img fetchpriority=\"high\" decoding=\"async\" width=\"3500\" height=\"498\" src=\"https:\/\/friendsofenginakyurek.org\/wp-content\/uploads\/2022\/10\/Get-Involved-Tagline-e1664936789777.png\" class=\"attachment-full size-full wp-image-5966\" alt=\"\" srcset=\"https:\/\/friendsofenginakyurek.org\/wp-content\/uploads\/2022\/10\/Get-Involved-Tagline-e1664936789777.png 3500w, https:\/\/friendsofenginakyurek.org\/wp-content\/uploads\/2022\/10\/Get-Involved-Tagline-e1664936789777-600x85.png 600w, https:\/\/friendsofenginakyurek.org\/wp-content\/uploads\/2022\/10\/Get-Involved-Tagline-e1664936789777-300x43.png 300w, https:\/\/friendsofenginakyurek.org\/wp-content\/uploads\/2022\/10\/Get-Involved-Tagline-e1664936789777-1024x146.png 1024w, https:\/\/friendsofenginakyurek.org\/wp-content\/uploads\/2022\/10\/Get-Involved-Tagline-e1664936789777-768x109.png 768w, https:\/\/friendsofenginakyurek.org\/wp-content\/uploads\/2022\/10\/Get-Involved-Tagline-e1664936789777-1536x219.png 1536w, https:\/\/friendsofenginakyurek.org\/wp-content\/uploads\/2022\/10\/Get-Involved-Tagline-e1664936789777-2048x291.png 2048w, https:\/\/friendsofenginakyurek.org\/wp-content\/uploads\/2022\/10\/Get-Involved-Tagline-e1664936789777-18x3.png 18w, https:\/\/friendsofenginakyurek.org\/wp-content\/uploads\/2022\/10\/Get-Involved-Tagline-e1664936789777-200x28.png 200w, https:\/\/friendsofenginakyurek.org\/wp-content\/uploads\/2022\/10\/Get-Involved-Tagline-e1664936789777-150x21.png 150w, https:\/\/friendsofenginakyurek.org\/wp-content\/uploads\/2022\/10\/Get-Involved-Tagline-e1664936789777-547x78.png 547w, https:\/\/friendsofenginakyurek.org\/wp-content\/uploads\/2022\/10\/Get-Involved-Tagline-e1664936789777-678x96.png 678w, https:\/\/friendsofenginakyurek.org\/wp-content\/uploads\/2022\/10\/Get-Involved-Tagline-e1664936789777-524x75.png 524w, https:\/\/friendsofenginakyurek.org\/wp-content\/uploads\/2022\/10\/Get-Involved-Tagline-e1664936789777-420x60.png 420w, https:\/\/friendsofenginakyurek.org\/wp-content\/uploads\/2022\/10\/Get-Involved-Tagline-e1664936789777-444x63.png 444w, https:\/\/friendsofenginakyurek.org\/wp-content\/uploads\/2022\/10\/Get-Involved-Tagline-e1664936789777-916x130.png 916w\" sizes=\"(max-width: 3500px) 100vw, 3500px\" \/>\t\t\t\t\t\t\t\t\t\t\t\t\t\t\t<\/div>\n\t\t\t\t<\/div>\n\t\t\t\t\t<\/div>\n\t\t<\/div>\n\t\t\t\t\t<\/div>\n\t\t<\/section>\n\t\t\t\t<section class=\"elementor-section elementor-top-section elementor-element elementor-element-92a49db elementor-section-boxed elementor-section-height-default elementor-section-height-default\" data-id=\"92a49db\" data-element_type=\"section\" data-e-type=\"section\">\n\t\t\t\t\t\t<div class=\"elementor-container elementor-column-gap-default\">\n\t\t\t\t\t<div class=\"elementor-column elementor-col-100 elementor-top-column elementor-element elementor-element-6d44d9d\" data-id=\"6d44d9d\" data-element_type=\"column\" data-e-type=\"column\">\n\t\t\t<div class=\"elementor-widget-wrap elementor-element-populated\">\n\t\t\t\t\t\t<div class=\"elementor-element elementor-element-90a680d elementor-widget elementor-widget-heading\" data-id=\"90a680d\" data-element_type=\"widget\" data-e-type=\"widget\" data-widget_type=\"heading.default\">\n\t\t\t\t<div class=\"elementor-widget-container\">\n\t\t\t\t\t<h2 class=\"elementor-heading-title elementor-size-default\">Nous vous invitons \u00e0 nous rejoindre\n\n<\/h2>\t\t\t\t<\/div>\n\t\t\t\t<\/div>\n\t\t\t\t\t<\/div>\n\t\t<\/div>\n\t\t\t\t\t<\/div>\n\t\t<\/section>\n\t\t\t\t<section class=\"elementor-section elementor-top-section elementor-element elementor-element-6e14aa6 elementor-section-boxed elementor-section-height-default elementor-section-height-default\" data-id=\"6e14aa6\" data-element_type=\"section\" data-e-type=\"section\">\n\t\t\t\t\t\t<div class=\"elementor-container elementor-column-gap-default\">\n\t\t\t\t\t<div class=\"elementor-column elementor-col-100 elementor-top-column elementor-element elementor-element-7f7df1b\" data-id=\"7f7df1b\" data-element_type=\"column\" data-e-type=\"column\">\n\t\t\t<div class=\"elementor-widget-wrap elementor-element-populated\">\n\t\t\t\t\t\t<div class=\"elementor-element elementor-element-249ebe6 elementor-widget-divider--view-line elementor-widget elementor-widget-divider\" data-id=\"249ebe6\" data-element_type=\"widget\" data-e-type=\"widget\" data-widget_type=\"divider.default\">\n\t\t\t\t<div class=\"elementor-widget-container\">\n\t\t\t\t\t\t\t<div class=\"elementor-divider\">\n\t\t\t<span class=\"elementor-divider-separator\">\n\t\t\t\t\t\t<\/span>\n\t\t<\/div>\n\t\t\t\t\t\t<\/div>\n\t\t\t\t<\/div>\n\t\t\t\t\t<\/div>\n\t\t<\/div>\n\t\t\t\t\t<\/div>\n\t\t<\/section>\n\t\t\t\t<section class=\"elementor-section elementor-top-section elementor-element elementor-element-4e52a25 elementor-section-boxed elementor-section-height-default elementor-section-height-default\" data-id=\"4e52a25\" data-element_type=\"section\" data-e-type=\"section\">\n\t\t\t\t\t\t<div class=\"elementor-container elementor-column-gap-default\">\n\t\t\t\t\t<div class=\"elementor-column elementor-col-25 elementor-top-column elementor-element elementor-element-fd4d27e\" data-id=\"fd4d27e\" data-element_type=\"column\" data-e-type=\"column\">\n\t\t\t<div class=\"elementor-widget-wrap elementor-element-populated\">\n\t\t\t\t\t\t<div class=\"elementor-element elementor-element-de2fd4d elementor-position-top elementor-widget elementor-widget-image-box\" data-id=\"de2fd4d\" data-element_type=\"widget\" data-e-type=\"widget\" data-widget_type=\"image-box.default\">\n\t\t\t\t<div class=\"elementor-widget-container\">\n\t\t\t\t\t<div class=\"elementor-image-box-wrapper\"><figure class=\"elementor-image-box-img\"><a href=\"https:\/\/friendsofenginakyurek.org\/fr\/donate-to-engins-cause\/\" tabindex=\"-1\"><img decoding=\"async\" width=\"2560\" height=\"940\" src=\"https:\/\/friendsofenginakyurek.org\/wp-content\/uploads\/2022\/10\/image_6483441-22.jpg\" class=\"attachment-full size-full wp-image-5769\" alt=\"\" srcset=\"https:\/\/friendsofenginakyurek.org\/wp-content\/uploads\/2022\/10\/image_6483441-22.jpg 2560w, https:\/\/friendsofenginakyurek.org\/wp-content\/uploads\/2022\/10\/image_6483441-22-600x220.jpg 600w, https:\/\/friendsofenginakyurek.org\/wp-content\/uploads\/2022\/10\/image_6483441-22-300x110.jpg 300w, https:\/\/friendsofenginakyurek.org\/wp-content\/uploads\/2022\/10\/image_6483441-22-1024x376.jpg 1024w, https:\/\/friendsofenginakyurek.org\/wp-content\/uploads\/2022\/10\/image_6483441-22-768x282.jpg 768w, https:\/\/friendsofenginakyurek.org\/wp-content\/uploads\/2022\/10\/image_6483441-22-1536x564.jpg 1536w, https:\/\/friendsofenginakyurek.org\/wp-content\/uploads\/2022\/10\/image_6483441-22-2048x752.jpg 2048w, https:\/\/friendsofenginakyurek.org\/wp-content\/uploads\/2022\/10\/image_6483441-22-18x7.jpg 18w, https:\/\/friendsofenginakyurek.org\/wp-content\/uploads\/2022\/10\/image_6483441-22-200x73.jpg 200w, https:\/\/friendsofenginakyurek.org\/wp-content\/uploads\/2022\/10\/image_6483441-22-150x55.jpg 150w, https:\/\/friendsofenginakyurek.org\/wp-content\/uploads\/2022\/10\/image_6483441-22-547x201.jpg 547w, https:\/\/friendsofenginakyurek.org\/wp-content\/uploads\/2022\/10\/image_6483441-22-678x249.jpg 678w, https:\/\/friendsofenginakyurek.org\/wp-content\/uploads\/2022\/10\/image_6483441-22-524x192.jpg 524w, https:\/\/friendsofenginakyurek.org\/wp-content\/uploads\/2022\/10\/image_6483441-22-420x154.jpg 420w, https:\/\/friendsofenginakyurek.org\/wp-content\/uploads\/2022\/10\/image_6483441-22-444x163.jpg 444w, https:\/\/friendsofenginakyurek.org\/wp-content\/uploads\/2022\/10\/image_6483441-22-916x336.jpg 916w\" sizes=\"(max-width: 2560px) 100vw, 2560px\" \/><\/a><\/figure><div class=\"elementor-image-box-content\"><h3 class=\"elementor-image-box-title\"><a href=\"https:\/\/friendsofenginakyurek.org\/fr\/donate-to-engins-cause\/\">Faire un don \u00e0 la cause d&#039;Engin<\/a><\/h3><p class=\"elementor-image-box-description\">Faites un don en l&#039;honneur d&#039;Engin Aky\u00fcrek en soutenant l&#039;\u00e9v\u00e9nement annuel via des organisations identifi\u00e9es par lui\u00a0; centr\u00e9e sur des causes humanitaires.\n\n<\/p><\/div><\/div>\t\t\t\t<\/div>\n\t\t\t\t<\/div>\n\t\t\t\t\t<\/div>\n\t\t<\/div>\n\t\t\t\t<div class=\"elementor-column elementor-col-25 elementor-top-column elementor-element elementor-element-54cfc6e\" data-id=\"54cfc6e\" data-element_type=\"column\" data-e-type=\"column\">\n\t\t\t<div class=\"elementor-widget-wrap elementor-element-populated\">\n\t\t\t\t\t\t<div class=\"elementor-element elementor-element-0bb2970 elementor-position-top elementor-widget elementor-widget-image-box\" data-id=\"0bb2970\" data-element_type=\"widget\" data-e-type=\"widget\" data-widget_type=\"image-box.default\">\n\t\t\t\t<div class=\"elementor-widget-container\">\n\t\t\t\t\t<div class=\"elementor-image-box-wrapper\"><figure class=\"elementor-image-box-img\"><a href=\"https:\/\/friendsofenginakyurek.org\/fr\/support-our-programs\/\" tabindex=\"-1\"><img decoding=\"async\" width=\"2560\" height=\"940\" src=\"https:\/\/friendsofenginakyurek.org\/wp-content\/uploads\/2022\/10\/image_6483441-28.jpg\" class=\"attachment-full size-full wp-image-6042\" alt=\"\" srcset=\"https:\/\/friendsofenginakyurek.org\/wp-content\/uploads\/2022\/10\/image_6483441-28.jpg 2560w, https:\/\/friendsofenginakyurek.org\/wp-content\/uploads\/2022\/10\/image_6483441-28-600x220.jpg 600w, https:\/\/friendsofenginakyurek.org\/wp-content\/uploads\/2022\/10\/image_6483441-28-300x110.jpg 300w, https:\/\/friendsofenginakyurek.org\/wp-content\/uploads\/2022\/10\/image_6483441-28-1024x376.jpg 1024w, https:\/\/friendsofenginakyurek.org\/wp-content\/uploads\/2022\/10\/image_6483441-28-768x282.jpg 768w, https:\/\/friendsofenginakyurek.org\/wp-content\/uploads\/2022\/10\/image_6483441-28-1536x564.jpg 1536w, https:\/\/friendsofenginakyurek.org\/wp-content\/uploads\/2022\/10\/image_6483441-28-2048x752.jpg 2048w, https:\/\/friendsofenginakyurek.org\/wp-content\/uploads\/2022\/10\/image_6483441-28-18x7.jpg 18w, https:\/\/friendsofenginakyurek.org\/wp-content\/uploads\/2022\/10\/image_6483441-28-200x73.jpg 200w, https:\/\/friendsofenginakyurek.org\/wp-content\/uploads\/2022\/10\/image_6483441-28-150x55.jpg 150w, https:\/\/friendsofenginakyurek.org\/wp-content\/uploads\/2022\/10\/image_6483441-28-547x201.jpg 547w, https:\/\/friendsofenginakyurek.org\/wp-content\/uploads\/2022\/10\/image_6483441-28-678x249.jpg 678w, https:\/\/friendsofenginakyurek.org\/wp-content\/uploads\/2022\/10\/image_6483441-28-524x192.jpg 524w, https:\/\/friendsofenginakyurek.org\/wp-content\/uploads\/2022\/10\/image_6483441-28-420x154.jpg 420w, https:\/\/friendsofenginakyurek.org\/wp-content\/uploads\/2022\/10\/image_6483441-28-444x163.jpg 444w, https:\/\/friendsofenginakyurek.org\/wp-content\/uploads\/2022\/10\/image_6483441-28-916x336.jpg 916w\" sizes=\"(max-width: 2560px) 100vw, 2560px\" \/><\/a><\/figure><div class=\"elementor-image-box-content\"><h3 class=\"elementor-image-box-title\"><a href=\"https:\/\/friendsofenginakyurek.org\/fr\/support-our-programs\/\">Soutenez nos programmes<\/a><\/h3><p class=\"elementor-image-box-description\">Le but humanitaire de M. Aky\u00fcrek, guid\u00e9 par son mode de vie. En outre, une plate-forme d&#039;information pour les amis d&#039;Engin.<\/p><\/div><\/div>\t\t\t\t<\/div>\n\t\t\t\t<\/div>\n\t\t\t\t\t<\/div>\n\t\t<\/div>\n\t\t\t\t<div class=\"elementor-column elementor-col-25 elementor-top-column elementor-element elementor-element-47c60bf\" data-id=\"47c60bf\" data-element_type=\"column\" data-e-type=\"column\">\n\t\t\t<div class=\"elementor-widget-wrap elementor-element-populated\">\n\t\t\t\t\t\t<div class=\"elementor-element elementor-element-e48cac5 elementor-position-top elementor-widget elementor-widget-image-box\" data-id=\"e48cac5\" data-element_type=\"widget\" data-e-type=\"widget\" data-widget_type=\"image-box.default\">\n\t\t\t\t<div class=\"elementor-widget-container\">\n\t\t\t\t\t<div class=\"elementor-image-box-wrapper\"><figure class=\"elementor-image-box-img\"><a href=\"https:\/\/friendsofenginakyurek.org\/fr\/become-an-ambassador\/\" tabindex=\"-1\"><img decoding=\"async\" src=\"https:\/\/friendsofenginakyurek.org\/wp-content\/uploads\/elementor\/thumbs\/image_6483441-24-rb58azdp9g3c400thyo2mb28mztd235lluvnadcgqg.jpg\" title=\"image_6483441 (24)\" alt=\"image_6483441 (24)\" loading=\"lazy\" \/><\/a><\/figure><div class=\"elementor-image-box-content\"><h3 class=\"elementor-image-box-title\"><a href=\"https:\/\/friendsofenginakyurek.org\/fr\/become-an-ambassador\/\">Devenez un ambassadeur<\/a><\/h3><p class=\"elementor-image-box-description\">Les ambassadeurs nomm\u00e9s Global Friends of Engin Aky\u00fcrek s&#039;efforcent de diffuser notre mission au loin, en favorisant le soutien caritatif et la bonne volont\u00e9 sociale.<\/p><\/div><\/div>\t\t\t\t<\/div>\n\t\t\t\t<\/div>\n\t\t\t\t\t<\/div>\n\t\t<\/div>\n\t\t\t\t<div class=\"elementor-column elementor-col-25 elementor-top-column elementor-element elementor-element-681e10b\" data-id=\"681e10b\" data-element_type=\"column\" data-e-type=\"column\">\n\t\t\t<div class=\"elementor-widget-wrap elementor-element-populated\">\n\t\t\t\t\t\t<div class=\"elementor-element elementor-element-ad5b778 elementor-position-top elementor-widget elementor-widget-image-box\" data-id=\"ad5b778\" data-element_type=\"widget\" data-e-type=\"widget\" data-widget_type=\"image-box.default\">\n\t\t\t\t<div class=\"elementor-widget-container\">\n\t\t\t\t\t<div class=\"elementor-image-box-wrapper\"><figure class=\"elementor-image-box-img\"><a href=\"https:\/\/friendsofenginakyurek.org\/fr\/gratitude\/\" tabindex=\"-1\"><img loading=\"lazy\" decoding=\"async\" width=\"2560\" height=\"940\" src=\"https:\/\/friendsofenginakyurek.org\/wp-content\/uploads\/2022\/10\/image_6483441-12.jpg\" class=\"attachment-full size-full wp-image-5406\" alt=\"\" srcset=\"https:\/\/friendsofenginakyurek.org\/wp-content\/uploads\/2022\/10\/image_6483441-12.jpg 2560w, https:\/\/friendsofenginakyurek.org\/wp-content\/uploads\/2022\/10\/image_6483441-12-600x220.jpg 600w, https:\/\/friendsofenginakyurek.org\/wp-content\/uploads\/2022\/10\/image_6483441-12-300x110.jpg 300w, https:\/\/friendsofenginakyurek.org\/wp-content\/uploads\/2022\/10\/image_6483441-12-1024x376.jpg 1024w, https:\/\/friendsofenginakyurek.org\/wp-content\/uploads\/2022\/10\/image_6483441-12-768x282.jpg 768w, https:\/\/friendsofenginakyurek.org\/wp-content\/uploads\/2022\/10\/image_6483441-12-1536x564.jpg 1536w, https:\/\/friendsofenginakyurek.org\/wp-content\/uploads\/2022\/10\/image_6483441-12-2048x752.jpg 2048w, https:\/\/friendsofenginakyurek.org\/wp-content\/uploads\/2022\/10\/image_6483441-12-18x7.jpg 18w, https:\/\/friendsofenginakyurek.org\/wp-content\/uploads\/2022\/10\/image_6483441-12-200x73.jpg 200w, https:\/\/friendsofenginakyurek.org\/wp-content\/uploads\/2022\/10\/image_6483441-12-150x55.jpg 150w, https:\/\/friendsofenginakyurek.org\/wp-content\/uploads\/2022\/10\/image_6483441-12-547x201.jpg 547w, https:\/\/friendsofenginakyurek.org\/wp-content\/uploads\/2022\/10\/image_6483441-12-678x249.jpg 678w, https:\/\/friendsofenginakyurek.org\/wp-content\/uploads\/2022\/10\/image_6483441-12-524x192.jpg 524w, https:\/\/friendsofenginakyurek.org\/wp-content\/uploads\/2022\/10\/image_6483441-12-420x154.jpg 420w, https:\/\/friendsofenginakyurek.org\/wp-content\/uploads\/2022\/10\/image_6483441-12-444x163.jpg 444w, https:\/\/friendsofenginakyurek.org\/wp-content\/uploads\/2022\/10\/image_6483441-12-916x336.jpg 916w\" sizes=\"(max-width: 2560px) 100vw, 2560px\" \/><\/a><\/figure><div class=\"elementor-image-box-content\"><h3 class=\"elementor-image-box-title\"><a href=\"https:\/\/friendsofenginakyurek.org\/fr\/gratitude\/\">Appr\u00e9cier les donateurs<\/a><\/h3><p class=\"elementor-image-box-description\">Nous exprimons avec amour notre gratitude aux g\u00e9n\u00e9reux donateurs qui ont plac\u00e9 leur confiance en nos capacit\u00e9s. Nous ne vous laisserons pas tomber.<\/p><\/div><\/div>\t\t\t\t<\/div>\n\t\t\t\t<\/div>\n\t\t\t\t\t<\/div>\n\t\t<\/div>\n\t\t\t\t\t<\/div>\n\t\t<\/section>\n\t\t\t\t<\/div>","protected":false},"excerpt":{"rendered":"<p>Get Involved We Invite You to Join Us Donate to Engin&#8217;s Cause Donate in honor of Engin Aky\u00fcrek by supporting the annual event via organizations identified by him; centered on humanitarian causes. Support Our Programs Mr. Aky\u00fcrek&#8217;s humanitarian purpose, guided by his way of life. Also, an informational platform for friends of Engin. Become an &hellip; <a href=\"https:\/\/friendsofenginakyurek.org\/fr\/get-involved\/\" class=\"more-link\">continuer la lecture <span class=\"screen-reader-text\">Impliquez-vous<\/span><\/a><\/p>","protected":false},"author":1,"featured_media":9778,"parent":0,"menu_order":0,"comment_status":"closed","ping_status":"closed","template":"elementor_header_footer","meta":{"footnotes":""},"class_list":["post-5022","page","type-page","status-publish","has-post-thumbnail","hentry"],"jetpack_sharing_enabled":true,"_links":{"self":[{"href":"https:\/\/friendsofenginakyurek.org\/fr\/wp-json\/wp\/v2\/pages\/5022","targetHints":{"allow":["GET"]}}],"collection":[{"href":"https:\/\/friendsofenginakyurek.org\/fr\/wp-json\/wp\/v2\/pages"}],"about":[{"href":"https:\/\/friendsofenginakyurek.org\/fr\/wp-json\/wp\/v2\/types\/page"}],"author":[{"embeddable":true,"href":"https:\/\/friendsofenginakyurek.org\/fr\/wp-json\/wp\/v2\/users\/1"}],"replies":[{"embeddable":true,"href":"https:\/\/friendsofenginakyurek.org\/fr\/wp-json\/wp\/v2\/comments?post=5022"}],"version-history":[{"count":167,"href":"https:\/\/friendsofenginakyurek.org\/fr\/wp-json\/wp\/v2\/pages\/5022\/revisions"}],"predecessor-version":[{"id":11402,"href":"https:\/\/friendsofenginakyurek.org\/fr\/wp-json\/wp\/v2\/pages\/5022\/revisions\/11402"}],"wp:featuredmedia":[{"embeddable":true,"href":"https:\/\/friendsofenginakyurek.org\/fr\/wp-json\/wp\/v2\/media\/9778"}],"wp:attachment":[{"href":"https:\/\/friendsofenginakyurek.org\/fr\/wp-json\/wp\/v2\/media?parent=5022"}],"curies":[{"name":"wp","href":"https:\/\/api.w.org\/{rel}","templated":true}]}}