{"id":5522,"date":"2022-10-03T23:42:31","date_gmt":"2022-10-03T23:42:31","guid":{"rendered":"https:\/\/friendsofenginakyurek.org\/?page_id=5522"},"modified":"2023-03-11T23:02:38","modified_gmt":"2023-03-11T23:02:38","slug":"frequently-asked-questions","status":"publish","type":"page","link":"https:\/\/friendsofenginakyurek.org\/fr\/frequently-asked-questions\/","title":{"rendered":"Questions fr\u00e9quemment pos\u00e9es"},"content":{"rendered":"<div data-elementor-type=\"wp-page\" data-elementor-id=\"5522\" class=\"elementor elementor-5522\" data-elementor-post-type=\"page\">\n\t\t\t\t\t\t<section class=\"elementor-section elementor-top-section elementor-element elementor-element-fe97790 elementor-section-height-min-height elementor-section-content-middle elementor-section-boxed elementor-section-height-default elementor-section-items-middle\" data-id=\"fe97790\" data-element_type=\"section\" data-e-type=\"section\" data-settings=\"{&quot;background_background&quot;:&quot;classic&quot;}\">\n\t\t\t\t\t\t\t<div class=\"elementor-background-overlay\"><\/div>\n\t\t\t\t\t\t\t<div class=\"elementor-container elementor-column-gap-no\">\n\t\t\t\t\t<div class=\"elementor-column elementor-col-100 elementor-top-column elementor-element elementor-element-237bd96\" data-id=\"237bd96\" data-element_type=\"column\" data-e-type=\"column\">\n\t\t\t<div class=\"elementor-widget-wrap elementor-element-populated\">\n\t\t\t\t\t\t<div class=\"elementor-element elementor-element-539a491 elementor-widget elementor-widget-heading\" data-id=\"539a491\" data-element_type=\"widget\" data-e-type=\"widget\" data-widget_type=\"heading.default\">\n\t\t\t\t<div class=\"elementor-widget-container\">\n\t\t\t\t\t<h2 class=\"elementor-heading-title elementor-size-default\">Questions fr\u00e9quemment pos\u00e9es<\/h2>\t\t\t\t<\/div>\n\t\t\t\t<\/div>\n\t\t\t\t<div class=\"elementor-element elementor-element-c2afd82 elementor-widget elementor-widget-image\" data-id=\"c2afd82\" data-element_type=\"widget\" data-e-type=\"widget\" data-widget_type=\"image.default\">\n\t\t\t\t<div class=\"elementor-widget-container\">\n\t\t\t\t\t\t\t\t\t\t\t\t\t\t\t<img fetchpriority=\"high\" decoding=\"async\" width=\"768\" height=\"158\" src=\"https:\/\/friendsofenginakyurek.org\/wp-content\/uploads\/2022\/10\/8888C6C6-7FD1-475B-959C-8198F5831A7F-1-768x158.png\" class=\"attachment-medium_large size-medium_large wp-image-5640\" alt=\"\" srcset=\"https:\/\/friendsofenginakyurek.org\/wp-content\/uploads\/2022\/10\/8888C6C6-7FD1-475B-959C-8198F5831A7F-1-768x158.png 768w, https:\/\/friendsofenginakyurek.org\/wp-content\/uploads\/2022\/10\/8888C6C6-7FD1-475B-959C-8198F5831A7F-1-600x123.png 600w, https:\/\/friendsofenginakyurek.org\/wp-content\/uploads\/2022\/10\/8888C6C6-7FD1-475B-959C-8198F5831A7F-1-300x62.png 300w, https:\/\/friendsofenginakyurek.org\/wp-content\/uploads\/2022\/10\/8888C6C6-7FD1-475B-959C-8198F5831A7F-1-1024x211.png 1024w, https:\/\/friendsofenginakyurek.org\/wp-content\/uploads\/2022\/10\/8888C6C6-7FD1-475B-959C-8198F5831A7F-1-1536x316.png 1536w, https:\/\/friendsofenginakyurek.org\/wp-content\/uploads\/2022\/10\/8888C6C6-7FD1-475B-959C-8198F5831A7F-1-2048x421.png 2048w, https:\/\/friendsofenginakyurek.org\/wp-content\/uploads\/2022\/10\/8888C6C6-7FD1-475B-959C-8198F5831A7F-1-18x4.png 18w, https:\/\/friendsofenginakyurek.org\/wp-content\/uploads\/2022\/10\/8888C6C6-7FD1-475B-959C-8198F5831A7F-1-200x41.png 200w, https:\/\/friendsofenginakyurek.org\/wp-content\/uploads\/2022\/10\/8888C6C6-7FD1-475B-959C-8198F5831A7F-1-150x31.png 150w, https:\/\/friendsofenginakyurek.org\/wp-content\/uploads\/2022\/10\/8888C6C6-7FD1-475B-959C-8198F5831A7F-1-547x113.png 547w, https:\/\/friendsofenginakyurek.org\/wp-content\/uploads\/2022\/10\/8888C6C6-7FD1-475B-959C-8198F5831A7F-1-678x139.png 678w, https:\/\/friendsofenginakyurek.org\/wp-content\/uploads\/2022\/10\/8888C6C6-7FD1-475B-959C-8198F5831A7F-1-524x108.png 524w, https:\/\/friendsofenginakyurek.org\/wp-content\/uploads\/2022\/10\/8888C6C6-7FD1-475B-959C-8198F5831A7F-1-420x86.png 420w, https:\/\/friendsofenginakyurek.org\/wp-content\/uploads\/2022\/10\/8888C6C6-7FD1-475B-959C-8198F5831A7F-1-444x91.png 444w, https:\/\/friendsofenginakyurek.org\/wp-content\/uploads\/2022\/10\/8888C6C6-7FD1-475B-959C-8198F5831A7F-1-916x188.png 916w\" sizes=\"(max-width: 768px) 100vw, 768px\" \/>\t\t\t\t\t\t\t\t\t\t\t\t\t\t\t<\/div>\n\t\t\t\t<\/div>\n\t\t\t\t\t<\/div>\n\t\t<\/div>\n\t\t\t\t\t<\/div>\n\t\t<\/section>\n\t\t\t\t<section class=\"elementor-section elementor-top-section elementor-element elementor-element-3b620f59 elementor-section-content-middle elementor-section-boxed elementor-section-height-default elementor-section-height-default\" data-id=\"3b620f59\" data-element_type=\"section\" data-e-type=\"section\">\n\t\t\t\t\t\t<div class=\"elementor-container elementor-column-gap-no\">\n\t\t\t\t\t<div class=\"elementor-column elementor-col-100 elementor-top-column elementor-element elementor-element-54f0812e\" data-id=\"54f0812e\" data-element_type=\"column\" data-e-type=\"column\">\n\t\t\t<div class=\"elementor-widget-wrap elementor-element-populated\">\n\t\t\t\t\t\t<div class=\"elementor-element elementor-element-15ea22fe elementor-widget elementor-widget-heading\" data-id=\"15ea22fe\" data-element_type=\"widget\" data-e-type=\"widget\" data-widget_type=\"heading.default\">\n\t\t\t\t<div class=\"elementor-widget-container\">\n\t\t\t\t\t<h5 class=\"elementor-heading-title elementor-size-default\">Veuillez cliquer ci-dessous pour afficher les r\u00e9ponses aux questions fr\u00e9quemment pos\u00e9es<\/h5>\t\t\t\t<\/div>\n\t\t\t\t<\/div>\n\t\t\t\t<div class=\"elementor-element elementor-element-dd43690 elementor-widget elementor-widget-toggle\" data-id=\"dd43690\" data-element_type=\"widget\" data-e-type=\"widget\" data-widget_type=\"toggle.default\">\n\t\t\t\t<div class=\"elementor-widget-container\">\n\t\t\t\t\t\t\t<div class=\"elementor-toggle\">\n\t\t\t\t\t\t\t<div class=\"elementor-toggle-item\">\n\t\t\t\t\t<div id=\"elementor-tab-title-2321\" class=\"elementor-tab-title\" data-tab=\"1\" role=\"button\" aria-controls=\"elementor-tab-content-2321\" aria-expanded=\"false\">\n\t\t\t\t\t\t\t\t\t\t\t\t<span class=\"elementor-toggle-icon elementor-toggle-icon-right\" aria-hidden=\"true\">\n\t\t\t\t\t\t\t\t\t\t\t\t\t\t\t<span class=\"elementor-toggle-icon-closed\"><i class=\"fas fa-caret-right\"><\/i><\/span>\n\t\t\t\t\t\t\t\t<span class=\"elementor-toggle-icon-opened\"><i class=\"elementor-toggle-icon-opened fas fa-caret-up\"><\/i><\/span>\n\t\t\t\t\t\t\t\t\t\t\t\t\t<\/span>\n\t\t\t\t\t\t\t\t\t\t\t\t<a class=\"elementor-toggle-title\" tabindex=\"0\">Qu&#039;est-ce qui nous rend uniques ?<\/a>\n\t\t\t\t\t<\/div>\n\n\t\t\t\t\t<div id=\"elementor-tab-content-2321\" class=\"elementor-tab-content elementor-clearfix\" data-tab=\"1\" role=\"region\" aria-labelledby=\"elementor-tab-title-2321\"><p>Nous sommes l&#039;une des seules organisations caritatives transparentes \u00e0 but non lucratif d\u00e9di\u00e9es uniquement \u00e0 l&#039;objectif du travail humanitaire fond\u00e9 sur les principes directeurs du mode de vie d&#039;Engin Aky\u00fcrek.<\/p><\/div>\n\t\t\t\t<\/div>\n\t\t\t\t\t\t\t<div class=\"elementor-toggle-item\">\n\t\t\t\t\t<div id=\"elementor-tab-title-2322\" class=\"elementor-tab-title\" data-tab=\"2\" role=\"button\" aria-controls=\"elementor-tab-content-2322\" aria-expanded=\"false\">\n\t\t\t\t\t\t\t\t\t\t\t\t<span class=\"elementor-toggle-icon elementor-toggle-icon-right\" aria-hidden=\"true\">\n\t\t\t\t\t\t\t\t\t\t\t\t\t\t\t<span class=\"elementor-toggle-icon-closed\"><i class=\"fas fa-caret-right\"><\/i><\/span>\n\t\t\t\t\t\t\t\t<span class=\"elementor-toggle-icon-opened\"><i class=\"elementor-toggle-icon-opened fas fa-caret-up\"><\/i><\/span>\n\t\t\t\t\t\t\t\t\t\t\t\t\t<\/span>\n\t\t\t\t\t\t\t\t\t\t\t\t<a class=\"elementor-toggle-title\" tabindex=\"0\">Quel est notre impact ?<\/a>\n\t\t\t\t\t<\/div>\n\n\t\t\t\t\t<div id=\"elementor-tab-content-2322\" class=\"elementor-tab-content elementor-clearfix\" data-tab=\"2\" role=\"region\" aria-labelledby=\"elementor-tab-title-2322\"><p>Jusqu&#039;\u00e0 pr\u00e9sent, Friends of Engin Aky\u00fcrek a une port\u00e9e mondiale bimensuelle sur les r\u00e9seaux sociaux de plus de 400 000 comptes dans plus de 30 pays, touchant une base d&#039;amis d&#039;admirateurs d&#039;Engin Aky\u00fcrek \u00e2g\u00e9s de 14 ans \u00e0 plus de 90 ans. . Nous avons pr\u00e9sent\u00e9 \u00e0 d&#039;innombrables nouveaux amis le travail de M. Aky\u00fcrek et partag\u00e9 les traductions de ses \u00e9crits de la publication Kafas\u0131na G\u00f6re et d&#039;autres m\u00e9dias tels qu&#039;ils sont parus. De plus, nous avons lanc\u00e9 un effort pour am\u00e9liorer l&#039;exp\u00e9rience en ligne des amis des m\u00e9dias sociaux gr\u00e2ce \u00e0 une campagne de sensibilisation \u00e0 la cybercriminalit\u00e9 ax\u00e9e sur la menace croissante visant les abonn\u00e9s d&#039;Engin Aky\u00fcrek.\u00a0<\/p><p>\u00c0 l&#039;avenir, nous pr\u00e9voyons d&#039;avoir un impact direct sur les communaut\u00e9s de T\u00fcrkiye identifi\u00e9es par M. Aky\u00fcrek comme celles qui ont besoin de notre aide.<\/p><\/div>\n\t\t\t\t<\/div>\n\t\t\t\t\t\t\t<div class=\"elementor-toggle-item\">\n\t\t\t\t\t<div id=\"elementor-tab-title-2323\" class=\"elementor-tab-title\" data-tab=\"3\" role=\"button\" aria-controls=\"elementor-tab-content-2323\" aria-expanded=\"false\">\n\t\t\t\t\t\t\t\t\t\t\t\t<span class=\"elementor-toggle-icon elementor-toggle-icon-right\" aria-hidden=\"true\">\n\t\t\t\t\t\t\t\t\t\t\t\t\t\t\t<span class=\"elementor-toggle-icon-closed\"><i class=\"fas fa-caret-right\"><\/i><\/span>\n\t\t\t\t\t\t\t\t<span class=\"elementor-toggle-icon-opened\"><i class=\"elementor-toggle-icon-opened fas fa-caret-up\"><\/i><\/span>\n\t\t\t\t\t\t\t\t\t\t\t\t\t<\/span>\n\t\t\t\t\t\t\t\t\t\t\t\t<a class=\"elementor-toggle-title\" tabindex=\"0\">Quel pourcentage des dons va \u00e0 la mission\/aux projets\u00a0?<\/a>\n\t\t\t\t\t<\/div>\n\n\t\t\t\t\t<div id=\"elementor-tab-content-2323\" class=\"elementor-tab-content elementor-clearfix\" data-tab=\"3\" role=\"region\" aria-labelledby=\"elementor-tab-title-2323\"><p>Bien que nous venons tout juste de commencer (organisation 501c3 : fin mars 2022, statuts : mi-ao\u00fbt 2022) et que nous d\u00e9veloppions encore certains de nos programmes, nous veillons \u00e0 ce que 95-99% des contributions re\u00e7ues aillent directement \u00e0 notre mission premi\u00e8re, aider les enfants turcs vuln\u00e9rables et familles en l&#039;honneur de M. Aky\u00fcrek. Au cours des premi\u00e8res \u00e9tapes des premiers mois d&#039;existence, selon le montant des dons re\u00e7us, nous pourrions avoir besoin d&#039;un peu plus de ce 4% alors que nous travaillons \u00e0 \u00e9tablir notre r\u00e9seau s\u00e9curis\u00e9 de programmes.<\/p><\/div>\n\t\t\t\t<\/div>\n\t\t\t\t\t\t\t<div class=\"elementor-toggle-item\">\n\t\t\t\t\t<div id=\"elementor-tab-title-2324\" class=\"elementor-tab-title\" data-tab=\"4\" role=\"button\" aria-controls=\"elementor-tab-content-2324\" aria-expanded=\"false\">\n\t\t\t\t\t\t\t\t\t\t\t\t<span class=\"elementor-toggle-icon elementor-toggle-icon-right\" aria-hidden=\"true\">\n\t\t\t\t\t\t\t\t\t\t\t\t\t\t\t<span class=\"elementor-toggle-icon-closed\"><i class=\"fas fa-caret-right\"><\/i><\/span>\n\t\t\t\t\t\t\t\t<span class=\"elementor-toggle-icon-opened\"><i class=\"elementor-toggle-icon-opened fas fa-caret-up\"><\/i><\/span>\n\t\t\t\t\t\t\t\t\t\t\t\t\t<\/span>\n\t\t\t\t\t\t\t\t\t\t\t\t<a class=\"elementor-toggle-title\" tabindex=\"0\">Qu&#039;est-ce qu&#039;une organisation exon\u00e9r\u00e9e d&#039;imp\u00f4t 501c3\u00a0?<\/a>\n\t\t\t\t\t<\/div>\n\n\t\t\t\t\t<div id=\"elementor-tab-content-2324\" class=\"elementor-tab-content elementor-clearfix\" data-tab=\"4\" role=\"region\" aria-labelledby=\"elementor-tab-title-2324\"><p>Notre organisation 501(c)3, exon\u00e9r\u00e9e d&#039;imp\u00f4t, est une organisation \u00e0 but non lucratif cr\u00e9\u00e9e exclusivement \u00e0 des fins caritatives.<\/p><\/div>\n\t\t\t\t<\/div>\n\t\t\t\t\t\t\t<div class=\"elementor-toggle-item\">\n\t\t\t\t\t<div id=\"elementor-tab-title-2325\" class=\"elementor-tab-title\" data-tab=\"5\" role=\"button\" aria-controls=\"elementor-tab-content-2325\" aria-expanded=\"false\">\n\t\t\t\t\t\t\t\t\t\t\t\t<span class=\"elementor-toggle-icon elementor-toggle-icon-right\" aria-hidden=\"true\">\n\t\t\t\t\t\t\t\t\t\t\t\t\t\t\t<span class=\"elementor-toggle-icon-closed\"><i class=\"fas fa-caret-right\"><\/i><\/span>\n\t\t\t\t\t\t\t\t<span class=\"elementor-toggle-icon-opened\"><i class=\"elementor-toggle-icon-opened fas fa-caret-up\"><\/i><\/span>\n\t\t\t\t\t\t\t\t\t\t\t\t\t<\/span>\n\t\t\t\t\t\t\t\t\t\t\t\t<a class=\"elementor-toggle-title\" tabindex=\"0\">Quelle est la diff\u00e9rence entre une organisation \u00e0 but non lucratif, une association caritative et une organisation exon\u00e9r\u00e9e d&#039;imp\u00f4t 501c3\u00a0?<\/a>\n\t\t\t\t\t<\/div>\n\n\t\t\t\t\t<div id=\"elementor-tab-content-2325\" class=\"elementor-tab-content elementor-clearfix\" data-tab=\"5\" role=\"region\" aria-labelledby=\"elementor-tab-title-2325\">Une organisation 501(c)3 est une organisation \u00e0 but non lucratif avec un statut d&#039;exon\u00e9ration fiscale, d\u00e9di\u00e9e au bien-\u00eatre g\u00e9n\u00e9ral de la soci\u00e9t\u00e9. Comme dict\u00e9 par la sous-section 501(c) de l&#039;autorit\u00e9 fiscale du gouvernement am\u00e9ricain (Internal Revenue Service), un ensemble strict de r\u00e9glementations sont respect\u00e9es, afin de maintenir le statut 501(c)3. Les dons faits \u00e0 l&#039;organisme peuvent \u00eatre exon\u00e9r\u00e9s d&#039;imp\u00f4t pour certains donateurs.<\/div>\n\t\t\t\t<\/div>\n\t\t\t\t\t\t\t<div class=\"elementor-toggle-item\">\n\t\t\t\t\t<div id=\"elementor-tab-title-2326\" class=\"elementor-tab-title\" data-tab=\"6\" role=\"button\" aria-controls=\"elementor-tab-content-2326\" aria-expanded=\"false\">\n\t\t\t\t\t\t\t\t\t\t\t\t<span class=\"elementor-toggle-icon elementor-toggle-icon-right\" aria-hidden=\"true\">\n\t\t\t\t\t\t\t\t\t\t\t\t\t\t\t<span class=\"elementor-toggle-icon-closed\"><i class=\"fas fa-caret-right\"><\/i><\/span>\n\t\t\t\t\t\t\t\t<span class=\"elementor-toggle-icon-opened\"><i class=\"elementor-toggle-icon-opened fas fa-caret-up\"><\/i><\/span>\n\t\t\t\t\t\t\t\t\t\t\t\t\t<\/span>\n\t\t\t\t\t\t\t\t\t\t\t\t<a class=\"elementor-toggle-title\" tabindex=\"0\">Comment les d\u00e9penses de fonctionnement de l&#039;organisation sont-elles couvertes ?<\/a>\n\t\t\t\t\t<\/div>\n\n\t\t\t\t\t<div id=\"elementor-tab-content-2326\" class=\"elementor-tab-content elementor-clearfix\" data-tab=\"6\" role=\"region\" aria-labelledby=\"elementor-tab-title-2326\"><p>Nos d\u00e9penses devraient principalement \u00eatre couvertes par de g\u00e9n\u00e9reux donateurs priv\u00e9s, nos membres du conseil d&#039;administration et les membres du conseil consultatif. Au cours de la p\u00e9riode de configuration initiale, nous pouvons compter au minimum sur les dons publics, avec le consentement des donateurs, pour nous aider \u00e0 \u00e9tablir nos programmes. Nous avons des frais g\u00e9n\u00e9raux quasi inexistants.<\/p><\/div>\n\t\t\t\t<\/div>\n\t\t\t\t\t\t\t\t<\/div>\n\t\t\t\t\t\t<\/div>\n\t\t\t\t<\/div>\n\t\t\t\t\t<\/div>\n\t\t<\/div>\n\t\t\t\t\t<\/div>\n\t\t<\/section>\n\t\t\t\t<\/div>","protected":false},"excerpt":{"rendered":"<p>Questions fr\u00e9quemment pos\u00e9es Veuillez cliquer ci-dessous pour afficher les r\u00e9ponses aux questions fr\u00e9quemment pos\u00e9es Qu&#039;est-ce qui nous rend unique ? Nous sommes l&#039;une des seules organisations caritatives transparentes \u00e0 but non lucratif d\u00e9di\u00e9es uniquement \u00e0 l&#039;objectif du travail humanitaire fond\u00e9 sur les principes directeurs du mode de vie d&#039;Engin Aky\u00fcrek. Quel est notre impact ? Jusqu&#039;\u00e0 pr\u00e9sent, les Amis d&#039;Engin \u2026 <a href=\"https:\/\/friendsofenginakyurek.org\/fr\/frequently-asked-questions\/\" class=\"more-link\">continuer la lecture <span class=\"screen-reader-text\">Questions fr\u00e9quemment pos\u00e9es<\/span><\/a><\/p>","protected":false},"author":1,"featured_media":9778,"parent":0,"menu_order":0,"comment_status":"closed","ping_status":"closed","template":"elementor_header_footer","meta":{"footnotes":""},"class_list":["post-5522","page","type-page","status-publish","has-post-thumbnail","hentry"],"jetpack_sharing_enabled":true,"_links":{"self":[{"href":"https:\/\/friendsofenginakyurek.org\/fr\/wp-json\/wp\/v2\/pages\/5522","targetHints":{"allow":["GET"]}}],"collection":[{"href":"https:\/\/friendsofenginakyurek.org\/fr\/wp-json\/wp\/v2\/pages"}],"about":[{"href":"https:\/\/friendsofenginakyurek.org\/fr\/wp-json\/wp\/v2\/types\/page"}],"author":[{"embeddable":true,"href":"https:\/\/friendsofenginakyurek.org\/fr\/wp-json\/wp\/v2\/users\/1"}],"replies":[{"embeddable":true,"href":"https:\/\/friendsofenginakyurek.org\/fr\/wp-json\/wp\/v2\/comments?post=5522"}],"version-history":[{"count":65,"href":"https:\/\/friendsofenginakyurek.org\/fr\/wp-json\/wp\/v2\/pages\/5522\/revisions"}],"predecessor-version":[{"id":11397,"href":"https:\/\/friendsofenginakyurek.org\/fr\/wp-json\/wp\/v2\/pages\/5522\/revisions\/11397"}],"wp:featuredmedia":[{"embeddable":true,"href":"https:\/\/friendsofenginakyurek.org\/fr\/wp-json\/wp\/v2\/media\/9778"}],"wp:attachment":[{"href":"https:\/\/friendsofenginakyurek.org\/fr\/wp-json\/wp\/v2\/media?parent=5522"}],"curies":[{"name":"wp","href":"https:\/\/api.w.org\/{rel}","templated":true}]}}