{"id":57,"date":"2015-04-20T11:08:33","date_gmt":"2015-04-20T11:08:33","guid":{"rendered":"http:\/\/www.anarieldesign.com\/themedemos\/maisha\/?page_id=57"},"modified":"2022-10-07T23:59:00","modified_gmt":"2022-10-07T23:59:00","slug":"program-one","status":"publish","type":"page","link":"https:\/\/friendsofenginakyurek.org\/fr\/our-programs\/program-one\/","title":{"rendered":"SERVIR"},"content":{"rendered":"<p>SERVIR<br \/>\nCollecter des fonds pour soutenir les enfants, les femmes et les familles vuln\u00e9rables de T\u00fcrkiye via d&#039;autres organisations caritatives mondiales \u00e9tablies, en l&#039;honneur d&#039;Engin Aky\u00fcrek\u00a0;<\/p>","protected":false},"excerpt":{"rendered":"<p>SERVE Raise funds to support vulnerable children, women and families in T\u00fcrkiye via other established world charitable organizations, in honor of Engin Aky\u00fcrek;<\/p>","protected":false},"author":1,"featured_media":942,"parent":54,"menu_order":0,"comment_status":"open","ping_status":"open","template":"","meta":{"footnotes":""},"class_list":["post-57","page","type-page","status-publish","has-post-thumbnail","hentry"],"jetpack_sharing_enabled":true,"_links":{"self":[{"href":"https:\/\/friendsofenginakyurek.org\/fr\/wp-json\/wp\/v2\/pages\/57","targetHints":{"allow":["GET"]}}],"collection":[{"href":"https:\/\/friendsofenginakyurek.org\/fr\/wp-json\/wp\/v2\/pages"}],"about":[{"href":"https:\/\/friendsofenginakyurek.org\/fr\/wp-json\/wp\/v2\/types\/page"}],"author":[{"embeddable":true,"href":"https:\/\/friendsofenginakyurek.org\/fr\/wp-json\/wp\/v2\/users\/1"}],"replies":[{"embeddable":true,"href":"https:\/\/friendsofenginakyurek.org\/fr\/wp-json\/wp\/v2\/comments?post=57"}],"version-history":[{"count":4,"href":"https:\/\/friendsofenginakyurek.org\/fr\/wp-json\/wp\/v2\/pages\/57\/revisions"}],"predecessor-version":[{"id":6388,"href":"https:\/\/friendsofenginakyurek.org\/fr\/wp-json\/wp\/v2\/pages\/57\/revisions\/6388"}],"up":[{"embeddable":true,"href":"https:\/\/friendsofenginakyurek.org\/fr\/wp-json\/wp\/v2\/pages\/54"}],"wp:featuredmedia":[{"embeddable":true,"href":"https:\/\/friendsofenginakyurek.org\/fr\/wp-json\/wp\/v2\/media\/942"}],"wp:attachment":[{"href":"https:\/\/friendsofenginakyurek.org\/fr\/wp-json\/wp\/v2\/media?parent=57"}],"curies":[{"name":"wp","href":"https:\/\/api.w.org\/{rel}","templated":true}]}}