{"id":60,"date":"2015-04-20T11:10:08","date_gmt":"2015-04-20T11:10:08","guid":{"rendered":"http:\/\/www.anarieldesign.com\/themedemos\/maisha\/?page_id=60"},"modified":"2022-10-08T00:01:06","modified_gmt":"2022-10-08T00:01:06","slug":"program-two","status":"publish","type":"page","link":"https:\/\/friendsofenginakyurek.org\/fr\/our-programs\/program-two\/","title":{"rendered":"PROMOUVOIR"},"content":{"rendered":"<p>PROMOUVOIR<br \/>\nPromouvoir les projets \u00e0 vocation humanitaire de M. Aky\u00fcrek \u00e0 travers les m\u00e9dias de masse via les m\u00e9dias sociaux, les publications imprim\u00e9es, les forums et les groupes de discussion des membres\u00a0;<\/p>\n<p>Organiser des \u00e9v\u00e9nements sp\u00e9ciaux, des collectes de fonds et des projets sp\u00e9ciaux et des promotions\u00a0;<\/p>","protected":false},"excerpt":{"rendered":"<p>ADVOCATE Promote Mr. Aky\u00fcrek\u2019s humanitarian-purpose projects through mass media via social media, print publications, forums and member discussion groups; Hold special events, fundraisers and special projects and promotions;<\/p>","protected":false},"author":1,"featured_media":942,"parent":54,"menu_order":0,"comment_status":"open","ping_status":"open","template":"","meta":{"footnotes":""},"class_list":["post-60","page","type-page","status-publish","has-post-thumbnail","hentry"],"jetpack_sharing_enabled":true,"_links":{"self":[{"href":"https:\/\/friendsofenginakyurek.org\/fr\/wp-json\/wp\/v2\/pages\/60","targetHints":{"allow":["GET"]}}],"collection":[{"href":"https:\/\/friendsofenginakyurek.org\/fr\/wp-json\/wp\/v2\/pages"}],"about":[{"href":"https:\/\/friendsofenginakyurek.org\/fr\/wp-json\/wp\/v2\/types\/page"}],"author":[{"embeddable":true,"href":"https:\/\/friendsofenginakyurek.org\/fr\/wp-json\/wp\/v2\/users\/1"}],"replies":[{"embeddable":true,"href":"https:\/\/friendsofenginakyurek.org\/fr\/wp-json\/wp\/v2\/comments?post=60"}],"version-history":[{"count":5,"href":"https:\/\/friendsofenginakyurek.org\/fr\/wp-json\/wp\/v2\/pages\/60\/revisions"}],"predecessor-version":[{"id":6390,"href":"https:\/\/friendsofenginakyurek.org\/fr\/wp-json\/wp\/v2\/pages\/60\/revisions\/6390"}],"up":[{"embeddable":true,"href":"https:\/\/friendsofenginakyurek.org\/fr\/wp-json\/wp\/v2\/pages\/54"}],"wp:featuredmedia":[{"embeddable":true,"href":"https:\/\/friendsofenginakyurek.org\/fr\/wp-json\/wp\/v2\/media\/942"}],"wp:attachment":[{"href":"https:\/\/friendsofenginakyurek.org\/fr\/wp-json\/wp\/v2\/media?parent=60"}],"curies":[{"name":"wp","href":"https:\/\/api.w.org\/{rel}","templated":true}]}}