{"id":754,"date":"2015-05-14T07:41:23","date_gmt":"2015-05-14T07:41:23","guid":{"rendered":"http:\/\/www.anarieldesign.com\/themedemos\/maisha\/?page_id=754"},"modified":"2015-05-14T07:41:23","modified_gmt":"2015-05-14T07:41:23","slug":"cause-maisha","status":"publish","type":"page","link":"https:\/\/friendsofenginakyurek.org\/fr\/causes\/cause-maisha\/","title":{"rendered":"Parce que Maisha"},"content":{"rendered":"<p>\t\tMassepain guimauve biscuit g\u00e2teau gla\u00e7age guimauve biscuit au chocolat g\u00e2teau aux carottes drag\u00e9e chocolat cannes de bonbon g\u00e2teau aux carottes.<\/p>\n<p><!--more--><\/p>\n<p>Massepain guimauve biscuit g\u00e2teau gla\u00e7age guimauve biscuit au chocolat g\u00e2teau aux carottes drag\u00e9e chocolat cannes de bonbon g\u00e2teau aux carottes. Rouleau sucr\u00e9 au beignet Wypas <span class=\"color\"><strong>20,456<\/strong><\/span> petit pain sucr\u00e9 au caramel <span class=\"color\"><strong>19<\/strong><\/span> gel\u00e9e-o. Fusce a ante nisl, vitae pretium enim. Nunc imperdiet iaculis augue nec porta! Phaselle. Fusce a ante nisl, vitae pretium enim. Nunc imperdiet iaculis augue nec porta! Phaselle. Fusce a ante nisl, vitae pretium enim. Nunc imperdiet iaculis augue nec porta! Phaselle.<\/p>\n<p><img fetchpriority=\"high\" decoding=\"async\" src=\"http:\/\/anariel.com.www361.your-server.de\/maisha\/wp-content\/uploads\/2015\/04\/maisha_shop_slider_3.jpg\" data-sizes=\"(max-width: 1405px) 100vw, 1405px\" srcset=\"http:\/\/www.anariel.com\/maishademo\/wp-content\/uploads\/2015\/04\/maisha_shop_slider_3-300x85.jpg 300w, http:\/\/www.anariel.com\/maishademo\/wp-content\/uploads\/2015\/04\/maisha_shop_slider_3-1024x292.jpg 1024w, http:\/\/www.anariel.com\/maishademo\/wp-content\/uploads\/2015\/04\/maisha_shop_slider_3-300x85.jpg 300w, http:\/\/www.anariel.com\/maishademo\/wp-content\/uploads\/2015\/04\/maisha_shop_slider_3-300x85.jpg 300w, http:\/\/www.anariel.com\/maishademo\/wp-content\/uploads\/2015\/04\/maisha_shop_slider_3-200x57.jpg 200w, http:\/\/www.anariel.com\/maishademo\/wp-content\/uploads\/2015\/04\/maisha_shop_slider_3-150x43.jpg 150w, http:\/\/anariel.com.www361.your-server.de\/maisha\/wp-content\/uploads\/2015\/04\/maisha_shop_slider_3.jpg 1405w\" alt=\"maisha_shop_slider_3\" width=\"1405\" height=\"400\" class=\"aligncenter size-full wp-image-956\" \/><\/p>\n<p>[give_form id = &quot;403&quot;]\t\t<\/p>","protected":false},"excerpt":{"rendered":"<p>Massepain guimauve biscuit g\u00e2teau gla\u00e7age guimauve biscuit au chocolat g\u00e2teau aux carottes drag\u00e9e chocolat cannes de bonbon g\u00e2teau aux carottes.<\/p>","protected":false},"author":1,"featured_media":2503,"parent":738,"menu_order":0,"comment_status":"closed","ping_status":"closed","template":"","meta":{"footnotes":""},"class_list":["post-754","page","type-page","status-publish","has-post-thumbnail","hentry"],"jetpack_sharing_enabled":true,"_links":{"self":[{"href":"https:\/\/friendsofenginakyurek.org\/fr\/wp-json\/wp\/v2\/pages\/754","targetHints":{"allow":["GET"]}}],"collection":[{"href":"https:\/\/friendsofenginakyurek.org\/fr\/wp-json\/wp\/v2\/pages"}],"about":[{"href":"https:\/\/friendsofenginakyurek.org\/fr\/wp-json\/wp\/v2\/types\/page"}],"author":[{"embeddable":true,"href":"https:\/\/friendsofenginakyurek.org\/fr\/wp-json\/wp\/v2\/users\/1"}],"replies":[{"embeddable":true,"href":"https:\/\/friendsofenginakyurek.org\/fr\/wp-json\/wp\/v2\/comments?post=754"}],"version-history":[{"count":0,"href":"https:\/\/friendsofenginakyurek.org\/fr\/wp-json\/wp\/v2\/pages\/754\/revisions"}],"up":[{"embeddable":true,"href":"https:\/\/friendsofenginakyurek.org\/fr\/wp-json\/wp\/v2\/pages\/738"}],"wp:featuredmedia":[{"embeddable":true,"href":"https:\/\/friendsofenginakyurek.org\/fr\/wp-json\/wp\/v2\/media\/2503"}],"wp:attachment":[{"href":"https:\/\/friendsofenginakyurek.org\/fr\/wp-json\/wp\/v2\/media?parent=754"}],"curies":[{"name":"wp","href":"https:\/\/api.w.org\/{rel}","templated":true}]}}