{"id":10090,"date":"2023-02-06T21:03:06","date_gmt":"2023-02-06T21:03:06","guid":{"rendered":"https:\/\/friendsofenginakyurek.org\/?page_id=10090"},"modified":"2023-02-24T22:34:53","modified_gmt":"2023-02-24T22:34:53","slug":"popup","status":"publish","type":"page","link":"https:\/\/friendsofenginakyurek.org\/it\/popup\/","title":{"rendered":"apparire"},"content":{"rendered":"<div data-elementor-type=\"wp-page\" data-elementor-id=\"10090\" class=\"elementor elementor-10090\" data-elementor-post-type=\"page\">\n\t\t\t\t\t\t<section class=\"elementor-section elementor-top-section elementor-element elementor-element-176a040 elementor-section-boxed elementor-section-height-default elementor-section-height-default\" data-id=\"176a040\" data-element_type=\"section\" data-e-type=\"section\">\n\t\t\t\t\t\t<div class=\"elementor-container elementor-column-gap-default\">\n\t\t\t\t\t<div class=\"elementor-column elementor-col-50 elementor-top-column elementor-element elementor-element-dfb0049\" data-id=\"dfb0049\" data-element_type=\"column\" data-e-type=\"column\">\n\t\t\t<div class=\"elementor-widget-wrap elementor-element-populated\">\n\t\t\t\t\t\t<div class=\"elementor-element elementor-element-0920392 elementor-widget elementor-widget-heading\" data-id=\"0920392\" data-element_type=\"widget\" data-e-type=\"widget\" data-widget_type=\"heading.default\">\n\t\t\t\t<div class=\"elementor-widget-container\">\n\t\t\t\t\t<h2 class=\"elementor-heading-title elementor-size-default\">2023 Soccorso per il terremoto<\/h2>\t\t\t\t<\/div>\n\t\t\t\t<\/div>\n\t\t\t\t<section class=\"elementor-section elementor-inner-section elementor-element elementor-element-8a10c88 elementor-section-boxed elementor-section-height-default elementor-section-height-default\" data-id=\"8a10c88\" data-element_type=\"section\" data-e-type=\"section\">\n\t\t\t\t\t\t<div class=\"elementor-container elementor-column-gap-default\">\n\t\t\t\t\t<div class=\"elementor-column elementor-col-100 elementor-inner-column elementor-element elementor-element-34b5147\" data-id=\"34b5147\" data-element_type=\"column\" data-e-type=\"column\">\n\t\t\t<div class=\"elementor-widget-wrap elementor-element-populated\">\n\t\t\t\t\t\t<div class=\"elementor-element elementor-element-bdeea23 elementor-widget elementor-widget-text-editor\" data-id=\"bdeea23\" data-element_type=\"widget\" data-e-type=\"widget\" data-widget_type=\"text-editor.default\">\n\t\t\t\t<div class=\"elementor-widget-container\">\n\t\t\t\t\t\t\t\t\tDurante le prime ore del mattino del 6 febbraio 2023, le vite di innumerevoli cittadini turchi sono state scosse fino al midollo da un potente terremoto. La regione meridionale di T\u00fcrkiye e la confinante Siria hanno subito enormi devastazioni su larga scala, perdite, sofferenze e danni incommensurabili.\n\t\t\t\t\t\t\t\t<\/div>\n\t\t\t\t<\/div>\n\t\t\t\t<div class=\"elementor-element elementor-element-f690d0f elementor-widget elementor-widget-text-editor\" data-id=\"f690d0f\" data-element_type=\"widget\" data-e-type=\"widget\" data-widget_type=\"text-editor.default\">\n\t\t\t\t<div class=\"elementor-widget-container\">\n\t\t\t\t\t\t\t\t\tPoco dopo l&#039;alba, Engin Aky\u00fcrek ha chiamato i suoi amici per dare una mano al suo bellissimo paese. Il Team Friends of Engin Aky\u00fcrek ha immediatamente mobilitato i nostri sostenitori e abbiamo inviato ingenti donazioni ad ahbap.org, un&#039;organizzazione di beneficenza non governativa dedicata agli aiuti di emergenza. \t\t\t\t\t\t\t\t<\/div>\n\t\t\t\t<\/div>\n\t\t\t\t\t<\/div>\n\t\t<\/div>\n\t\t\t\t\t<\/div>\n\t\t<\/section>\n\t\t\t\t<section class=\"elementor-section elementor-inner-section elementor-element elementor-element-ce4db5e elementor-section-boxed elementor-section-height-default elementor-section-height-default\" data-id=\"ce4db5e\" data-element_type=\"section\" data-e-type=\"section\">\n\t\t\t\t\t\t<div class=\"elementor-container elementor-column-gap-default\">\n\t\t\t\t\t<div class=\"elementor-column elementor-col-50 elementor-inner-column elementor-element elementor-element-3cfb56f\" data-id=\"3cfb56f\" data-element_type=\"column\" data-e-type=\"column\">\n\t\t\t<div class=\"elementor-widget-wrap elementor-element-populated\">\n\t\t\t\t\t\t<div class=\"elementor-element elementor-element-db4c6e3 elementor-widget elementor-widget-image\" data-id=\"db4c6e3\" data-element_type=\"widget\" data-e-type=\"widget\" data-widget_type=\"image.default\">\n\t\t\t\t<div class=\"elementor-widget-container\">\n\t\t\t\t\t\t\t\t\t\t\t\t\t\t\t<img fetchpriority=\"high\" decoding=\"async\" width=\"791\" height=\"1024\" src=\"https:\/\/friendsofenginakyurek.org\/wp-content\/uploads\/2023\/02\/Earthquake-Relief-1-791x1024.png\" class=\"attachment-large size-large wp-image-10942\" alt=\"\" srcset=\"https:\/\/friendsofenginakyurek.org\/wp-content\/uploads\/2023\/02\/Earthquake-Relief-1-791x1024.png 791w, https:\/\/friendsofenginakyurek.org\/wp-content\/uploads\/2023\/02\/Earthquake-Relief-1-232x300.png 232w, https:\/\/friendsofenginakyurek.org\/wp-content\/uploads\/2023\/02\/Earthquake-Relief-1-768x994.png 768w, https:\/\/friendsofenginakyurek.org\/wp-content\/uploads\/2023\/02\/Earthquake-Relief-1-1187x1536.png 1187w, https:\/\/friendsofenginakyurek.org\/wp-content\/uploads\/2023\/02\/Earthquake-Relief-1-1583x2048.png 1583w, https:\/\/friendsofenginakyurek.org\/wp-content\/uploads\/2023\/02\/Earthquake-Relief-1-9x12.png 9w, https:\/\/friendsofenginakyurek.org\/wp-content\/uploads\/2023\/02\/Earthquake-Relief-1-155x200.png 155w, https:\/\/friendsofenginakyurek.org\/wp-content\/uploads\/2023\/02\/Earthquake-Relief-1-150x194.png 150w, https:\/\/friendsofenginakyurek.org\/wp-content\/uploads\/2023\/02\/Earthquake-Relief-1-547x708.png 547w, https:\/\/friendsofenginakyurek.org\/wp-content\/uploads\/2023\/02\/Earthquake-Relief-1-678x877.png 678w, https:\/\/friendsofenginakyurek.org\/wp-content\/uploads\/2023\/02\/Earthquake-Relief-1-300x388.png 300w, https:\/\/friendsofenginakyurek.org\/wp-content\/uploads\/2023\/02\/Earthquake-Relief-1-524x678.png 524w, https:\/\/friendsofenginakyurek.org\/wp-content\/uploads\/2023\/02\/Earthquake-Relief-1-420x544.png 420w, https:\/\/friendsofenginakyurek.org\/wp-content\/uploads\/2023\/02\/Earthquake-Relief-1-444x575.png 444w, https:\/\/friendsofenginakyurek.org\/wp-content\/uploads\/2023\/02\/Earthquake-Relief-1-916x1185.png 916w, https:\/\/friendsofenginakyurek.org\/wp-content\/uploads\/2023\/02\/Earthquake-Relief-1-1320x1708.png 1320w, https:\/\/friendsofenginakyurek.org\/wp-content\/uploads\/2023\/02\/Earthquake-Relief-1-600x776.png 600w\" sizes=\"(max-width: 791px) 100vw, 791px\" \/>\t\t\t\t\t\t\t\t\t\t\t\t\t\t\t<\/div>\n\t\t\t\t<\/div>\n\t\t\t\t\t<\/div>\n\t\t<\/div>\n\t\t\t\t<div class=\"elementor-column elementor-col-50 elementor-inner-column elementor-element elementor-element-b802fcb\" data-id=\"b802fcb\" data-element_type=\"column\" data-e-type=\"column\">\n\t\t\t<div class=\"elementor-widget-wrap elementor-element-populated\">\n\t\t\t\t\t\t<div class=\"elementor-element elementor-element-c259ee7 elementor-widget elementor-widget-text-editor\" data-id=\"c259ee7\" data-element_type=\"widget\" data-e-type=\"widget\" data-widget_type=\"text-editor.default\">\n\t\t\t\t<div class=\"elementor-widget-container\">\n\t\t\t\t\t\t\t\t\tContinueremo a contribuire ai nobili sforzi di ahbap.org e altri identificati da Engin Aky\u00fcrek, come la Spinal Cord Paralysis Association of T\u00fcrkiye [T\u00fcrkiye Omurilik Fel\u00e7lileri Derne\u011fi].\t\t\t\t\t\t\t\t<\/div>\n\t\t\t\t<\/div>\n\t\t\t\t\t<\/div>\n\t\t<\/div>\n\t\t\t\t\t<\/div>\n\t\t<\/section>\n\t\t\t\t\t<\/div>\n\t\t<\/div>\n\t\t\t\t<div class=\"elementor-column elementor-col-50 elementor-top-column elementor-element elementor-element-246d09d\" data-id=\"246d09d\" data-element_type=\"column\" data-e-type=\"column\">\n\t\t\t<div class=\"elementor-widget-wrap elementor-element-populated\">\n\t\t\t\t\t\t<div class=\"elementor-element elementor-element-09844b6 elementor-widget elementor-widget-heading\" data-id=\"09844b6\" data-element_type=\"widget\" data-e-type=\"widget\" data-widget_type=\"heading.default\">\n\t\t\t\t<div class=\"elementor-widget-container\">\n\t\t\t\t\t<h2 class=\"elementor-heading-title elementor-size-default\">Flexible Press e Friends of Engin Partner; Rilascio Libro Silenzio<\/h2>\t\t\t\t<\/div>\n\t\t\t\t<\/div>\n\t\t\t\t<section class=\"elementor-section elementor-inner-section elementor-element elementor-element-a3aa2de elementor-section-full_width elementor-section-height-default elementor-section-height-default\" data-id=\"a3aa2de\" data-element_type=\"section\" data-e-type=\"section\">\n\t\t\t\t\t\t<div class=\"elementor-container elementor-column-gap-default\">\n\t\t\t\t\t<div class=\"elementor-column elementor-col-50 elementor-inner-column elementor-element elementor-element-3110afc\" data-id=\"3110afc\" data-element_type=\"column\" data-e-type=\"column\">\n\t\t\t<div class=\"elementor-widget-wrap elementor-element-populated\">\n\t\t\t\t\t\t<div class=\"elementor-element elementor-element-b5e8c03 elementor-widget elementor-widget-text-editor\" data-id=\"b5e8c03\" data-element_type=\"widget\" data-e-type=\"widget\" data-widget_type=\"text-editor.default\">\n\t\t\t\t<div class=\"elementor-widget-container\">\n\t\t\t\t\t\t\t\t\tLa prima edizione inglese di Silence <i>[Sessizlik]<\/i>, 21 racconti scritti dall&#039;attore turco di fama mondiale Engin Aky\u00fcrek, raggiungeranno un pubblico di lettori entusiasti e usciranno il 4 aprile 2023. A portare questa pubblicazione al pubblico \u00e8 un editore boutique <u><a href=\"https:\/\/www.flexiblepub.com\/\"  target=\"_blank\">Stampa flessibile<\/a><\/u> e l&#039;organizzazione benefica senza scopo di lucro Friends of Engin Aky\u00fcrek.\t\t\t\t\t\t\t\t<\/div>\n\t\t\t\t<\/div>\n\t\t\t\t<div class=\"elementor-element elementor-element-e9a6efe elementor-widget elementor-widget-text-editor\" data-id=\"e9a6efe\" data-element_type=\"widget\" data-e-type=\"widget\" data-widget_type=\"text-editor.default\">\n\t\t\t\t<div class=\"elementor-widget-container\">\n\t\t\t\t\t\t\t\t\tL&#039;acclamata raccolta di racconti \u00e8 stata tradotta in diverse lingue, con questa edizione esclusivamente per gli Stati Uniti, i suoi territori e il pubblico canadese.\n\n\t\t\t\t\t\t\t\t<\/div>\n\t\t\t\t<\/div>\n\t\t\t\t\t<\/div>\n\t\t<\/div>\n\t\t\t\t<div class=\"elementor-column elementor-col-50 elementor-inner-column elementor-element elementor-element-a4aafb4\" data-id=\"a4aafb4\" data-element_type=\"column\" data-e-type=\"column\">\n\t\t\t<div class=\"elementor-widget-wrap elementor-element-populated\">\n\t\t\t\t\t\t<div class=\"elementor-element elementor-element-7a9356e elementor-widget elementor-widget-image\" data-id=\"7a9356e\" data-element_type=\"widget\" data-e-type=\"widget\" data-widget_type=\"image.default\">\n\t\t\t\t<div class=\"elementor-widget-container\">\n\t\t\t\t\t\t\t\t\t\t\t\t\t\t\t<img decoding=\"async\" width=\"2318\" height=\"3000\" src=\"https:\/\/friendsofenginakyurek.org\/wp-content\/uploads\/2023\/02\/Press-Release-1.png\" class=\"attachment-full size-full wp-image-10944\" alt=\"\" srcset=\"https:\/\/friendsofenginakyurek.org\/wp-content\/uploads\/2023\/02\/Press-Release-1.png 2318w, https:\/\/friendsofenginakyurek.org\/wp-content\/uploads\/2023\/02\/Press-Release-1-232x300.png 232w, https:\/\/friendsofenginakyurek.org\/wp-content\/uploads\/2023\/02\/Press-Release-1-791x1024.png 791w, https:\/\/friendsofenginakyurek.org\/wp-content\/uploads\/2023\/02\/Press-Release-1-768x994.png 768w, https:\/\/friendsofenginakyurek.org\/wp-content\/uploads\/2023\/02\/Press-Release-1-1187x1536.png 1187w, https:\/\/friendsofenginakyurek.org\/wp-content\/uploads\/2023\/02\/Press-Release-1-1582x2048.png 1582w, https:\/\/friendsofenginakyurek.org\/wp-content\/uploads\/2023\/02\/Press-Release-1-9x12.png 9w, https:\/\/friendsofenginakyurek.org\/wp-content\/uploads\/2023\/02\/Press-Release-1-155x200.png 155w, https:\/\/friendsofenginakyurek.org\/wp-content\/uploads\/2023\/02\/Press-Release-1-150x194.png 150w, https:\/\/friendsofenginakyurek.org\/wp-content\/uploads\/2023\/02\/Press-Release-1-547x708.png 547w, https:\/\/friendsofenginakyurek.org\/wp-content\/uploads\/2023\/02\/Press-Release-1-678x877.png 678w, https:\/\/friendsofenginakyurek.org\/wp-content\/uploads\/2023\/02\/Press-Release-1-300x388.png 300w, https:\/\/friendsofenginakyurek.org\/wp-content\/uploads\/2023\/02\/Press-Release-1-524x678.png 524w, https:\/\/friendsofenginakyurek.org\/wp-content\/uploads\/2023\/02\/Press-Release-1-420x544.png 420w, https:\/\/friendsofenginakyurek.org\/wp-content\/uploads\/2023\/02\/Press-Release-1-444x575.png 444w, https:\/\/friendsofenginakyurek.org\/wp-content\/uploads\/2023\/02\/Press-Release-1-916x1186.png 916w, https:\/\/friendsofenginakyurek.org\/wp-content\/uploads\/2023\/02\/Press-Release-1-1320x1708.png 1320w, https:\/\/friendsofenginakyurek.org\/wp-content\/uploads\/2023\/02\/Press-Release-1-600x777.png 600w\" sizes=\"(max-width: 2318px) 100vw, 2318px\" \/>\t\t\t\t\t\t\t\t\t\t\t\t\t\t\t<\/div>\n\t\t\t\t<\/div>\n\t\t\t\t\t<\/div>\n\t\t<\/div>\n\t\t\t\t\t<\/div>\n\t\t<\/section>\n\t\t\t\t<div class=\"elementor-element elementor-element-67d64d1 elementor-widget elementor-widget-text-editor\" data-id=\"67d64d1\" data-element_type=\"widget\" data-e-type=\"widget\" data-widget_type=\"text-editor.default\">\n\t\t\t\t<div class=\"elementor-widget-container\">\n\t\t\t\t\t\t\t\t\t&quot;Non potremmo essere pi\u00f9 entusiasti di lavorare con Friends of Engin nelle nostre missioni condivise di portare Engin Aky\u00fcrek a un nuovo pubblico&quot;, ha affermato William Burleson, editore ed editore esecutivo di Flexible Press. &quot;Costruire ponti e costruire connessioni tra le culture \u00e8 ci\u00f2 di cui si occupano le nostre organizzazioni - e credo il signor Aky\u00fcrek&quot;.\t\t\t\t\t\t\t\t<\/div>\n\t\t\t\t<\/div>\n\t\t\t\t<div class=\"elementor-element elementor-element-c1eb0eb elementor-widget elementor-widget-text-editor\" data-id=\"c1eb0eb\" data-element_type=\"widget\" data-e-type=\"widget\" data-widget_type=\"text-editor.default\">\n\t\t\t\t<div class=\"elementor-widget-container\">\n\t\t\t\t\t\t\t\t\tFareen Effendi, presidente e fondatore di Friends of Engin Aky\u00fcrek ha dichiarato: \u201cL&#039;opportunit\u00e0 di lavorare con un&#039;organizzazione cos\u00ec talentuosa radicata nella sua causa di cambiamento \u00e8 un vero piacere. Io e il mio team non vediamo l&#039;ora di instaurare una sinergia lunga e positiva con un impatto sociale significativo&quot;. La sua organizzazione senza scopo di lucro sostiene la gente di T\u00fcrkiye in onore del signor Aky\u00fcrek.\n\n\t\t\t\t\t\t\t\t<\/div>\n\t\t\t\t<\/div>\n\t\t\t\t<div class=\"elementor-element elementor-element-38d19a9 elementor-widget elementor-widget-text-editor\" data-id=\"38d19a9\" data-element_type=\"widget\" data-e-type=\"widget\" data-widget_type=\"text-editor.default\">\n\t\t\t\t<div class=\"elementor-widget-container\">\n\t\t\t\t\t\t\t\t\tSilenzio <i>[Sessizlik]<\/i> offre uno scorcio della cultura turca attraverso storie di vita quotidiana scritte da Engin Aky\u00fcrek e tradotte da Doina L. Kovalik e Atiye Erden. L&#039;attenzione mondiale \u00e8 concentrata sulla Turchia dopo che una serie di terremoti nella regione sud-orientale e in Siria hanno causato danni catastrofici e devastanti perdite di vite umane.\n\n\t\t\t\t\t\t\t\t<\/div>\n\t\t\t\t<\/div>\n\t\t\t\t<div class=\"elementor-element elementor-element-4820ae1 elementor-widget elementor-widget-text-editor\" data-id=\"4820ae1\" data-element_type=\"widget\" data-e-type=\"widget\" data-widget_type=\"text-editor.default\">\n\t\t\t\t<div class=\"elementor-widget-container\">\n\t\t\t\t\t\t\t\t\tI preordini sono disponibili presso i rivenditori di libri. Una parte del ricavato della vendita sostiene cause sociali. Per maggiori informazioni contattare: <u><a href=\"mailto:admin@friendsofengin.com\">admin@friendsofengin.com<\/a><\/u>\t\t\t\t\t\t\t\t<\/div>\n\t\t\t\t<\/div>\n\t\t\t\t\t<\/div>\n\t\t<\/div>\n\t\t\t\t\t<\/div>\n\t\t<\/section>\n\t\t\t\t<section class=\"elementor-section elementor-top-section elementor-element elementor-element-a130210 elementor-section-boxed elementor-section-height-default elementor-section-height-default\" data-id=\"a130210\" data-element_type=\"section\" data-e-type=\"section\">\n\t\t\t\t\t\t<div class=\"elementor-container elementor-column-gap-default\">\n\t\t\t\t\t<div class=\"elementor-column elementor-col-50 elementor-top-column elementor-element elementor-element-d88d9de\" data-id=\"d88d9de\" data-element_type=\"column\" data-e-type=\"column\">\n\t\t\t<div class=\"elementor-widget-wrap elementor-element-populated\">\n\t\t\t\t\t\t<div class=\"elementor-element elementor-element-89690de elementor-widget elementor-widget-image\" data-id=\"89690de\" data-element_type=\"widget\" data-e-type=\"widget\" data-widget_type=\"image.default\">\n\t\t\t\t<div class=\"elementor-widget-container\">\n\t\t\t\t\t\t\t\t\t\t\t\t<figure class=\"wp-caption\">\n\t\t\t\t\t\t\t\t\t\t\t<a href=\"https:\/\/friendsofenginakyurek.org\/it\/scammed\/\">\n\t\t\t\t\t\t\t<img decoding=\"async\" width=\"444\" height=\"444\" src=\"https:\/\/friendsofenginakyurek.org\/wp-content\/uploads\/2023\/02\/Book-Cover-Thumbnail--444x444.png\" class=\"elementor-animation-shrink attachment-maisha-staff-child-page-thumbnail size-maisha-staff-child-page-thumbnail wp-image-11009\" alt=\"\" srcset=\"https:\/\/friendsofenginakyurek.org\/wp-content\/uploads\/2023\/02\/Book-Cover-Thumbnail--444x444.png 444w, https:\/\/friendsofenginakyurek.org\/wp-content\/uploads\/2023\/02\/Book-Cover-Thumbnail--300x300.png 300w, https:\/\/friendsofenginakyurek.org\/wp-content\/uploads\/2023\/02\/Book-Cover-Thumbnail--1024x1024.png 1024w, https:\/\/friendsofenginakyurek.org\/wp-content\/uploads\/2023\/02\/Book-Cover-Thumbnail--150x150.png 150w, https:\/\/friendsofenginakyurek.org\/wp-content\/uploads\/2023\/02\/Book-Cover-Thumbnail--768x768.png 768w, https:\/\/friendsofenginakyurek.org\/wp-content\/uploads\/2023\/02\/Book-Cover-Thumbnail--12x12.png 12w, https:\/\/friendsofenginakyurek.org\/wp-content\/uploads\/2023\/02\/Book-Cover-Thumbnail--200x200.png 200w, https:\/\/friendsofenginakyurek.org\/wp-content\/uploads\/2023\/02\/Book-Cover-Thumbnail--547x547.png 547w, https:\/\/friendsofenginakyurek.org\/wp-content\/uploads\/2023\/02\/Book-Cover-Thumbnail--678x678.png 678w, https:\/\/friendsofenginakyurek.org\/wp-content\/uploads\/2023\/02\/Book-Cover-Thumbnail--524x524.png 524w, https:\/\/friendsofenginakyurek.org\/wp-content\/uploads\/2023\/02\/Book-Cover-Thumbnail--420x420.png 420w, https:\/\/friendsofenginakyurek.org\/wp-content\/uploads\/2023\/02\/Book-Cover-Thumbnail--916x916.png 916w, https:\/\/friendsofenginakyurek.org\/wp-content\/uploads\/2023\/02\/Book-Cover-Thumbnail--600x600.png 600w, https:\/\/friendsofenginakyurek.org\/wp-content\/uploads\/2023\/02\/Book-Cover-Thumbnail--100x100.png 100w, https:\/\/friendsofenginakyurek.org\/wp-content\/uploads\/2023\/02\/Book-Cover-Thumbnail--32x32.png 32w, https:\/\/friendsofenginakyurek.org\/wp-content\/uploads\/2023\/02\/Book-Cover-Thumbnail-.png 1080w\" sizes=\"(max-width: 444px) 100vw, 444px\" \/>\t\t\t\t\t\t\t\t<\/a>\n\t\t\t\t\t\t\t\t\t\t\t<figcaption class=\"widget-image-caption wp-caption-text\">Silenzio <i>[Sessizlik]<i \/>, edizione inglese<br>  *Spedizione negli Stati Uniti, Canada<\/figcaption>\n\t\t\t\t\t\t\t\t\t\t<\/figure>\n\t\t\t\t\t\t\t\t\t<\/div>\n\t\t\t\t<\/div>\n\t\t\t\t\t<\/div>\n\t\t<\/div>\n\t\t\t\t<div class=\"elementor-column elementor-col-50 elementor-top-column elementor-element elementor-element-cdcbe13\" data-id=\"cdcbe13\" data-element_type=\"column\" data-e-type=\"column\">\n\t\t\t<div class=\"elementor-widget-wrap elementor-element-populated\">\n\t\t\t\t\t\t<div class=\"elementor-element elementor-element-f760a9a elementor-widget elementor-widget-image\" data-id=\"f760a9a\" data-element_type=\"widget\" data-e-type=\"widget\" data-widget_type=\"image.default\">\n\t\t\t\t<div class=\"elementor-widget-container\">\n\t\t\t\t\t\t\t\t\t\t\t\t<figure class=\"wp-caption\">\n\t\t\t\t\t\t\t\t\t\t\t<a href=\"https:\/\/friendsofenginakyurek.org\/it\/2023-48\/\">\n\t\t\t\t\t\t\t<img loading=\"lazy\" decoding=\"async\" width=\"444\" height=\"444\" src=\"https:\/\/friendsofenginakyurek.org\/wp-content\/uploads\/2023\/01\/48_New-Year-Thumbnail-444x444.png\" class=\"elementor-animation-shrink attachment-maisha-staff-child-page-thumbnail size-maisha-staff-child-page-thumbnail wp-image-10029\" alt=\"\" srcset=\"https:\/\/friendsofenginakyurek.org\/wp-content\/uploads\/2023\/01\/48_New-Year-Thumbnail-444x444.png 444w, https:\/\/friendsofenginakyurek.org\/wp-content\/uploads\/2023\/01\/48_New-Year-Thumbnail-300x300.png 300w, https:\/\/friendsofenginakyurek.org\/wp-content\/uploads\/2023\/01\/48_New-Year-Thumbnail-100x100.png 100w, https:\/\/friendsofenginakyurek.org\/wp-content\/uploads\/2023\/01\/48_New-Year-Thumbnail-600x600.png 600w, https:\/\/friendsofenginakyurek.org\/wp-content\/uploads\/2023\/01\/48_New-Year-Thumbnail-1024x1024.png 1024w, https:\/\/friendsofenginakyurek.org\/wp-content\/uploads\/2023\/01\/48_New-Year-Thumbnail-150x150.png 150w, https:\/\/friendsofenginakyurek.org\/wp-content\/uploads\/2023\/01\/48_New-Year-Thumbnail-768x768.png 768w, https:\/\/friendsofenginakyurek.org\/wp-content\/uploads\/2023\/01\/48_New-Year-Thumbnail-12x12.png 12w, https:\/\/friendsofenginakyurek.org\/wp-content\/uploads\/2023\/01\/48_New-Year-Thumbnail-200x200.png 200w, https:\/\/friendsofenginakyurek.org\/wp-content\/uploads\/2023\/01\/48_New-Year-Thumbnail-547x547.png 547w, https:\/\/friendsofenginakyurek.org\/wp-content\/uploads\/2023\/01\/48_New-Year-Thumbnail-678x678.png 678w, https:\/\/friendsofenginakyurek.org\/wp-content\/uploads\/2023\/01\/48_New-Year-Thumbnail-524x524.png 524w, https:\/\/friendsofenginakyurek.org\/wp-content\/uploads\/2023\/01\/48_New-Year-Thumbnail-420x420.png 420w, https:\/\/friendsofenginakyurek.org\/wp-content\/uploads\/2023\/01\/48_New-Year-Thumbnail-916x916.png 916w, https:\/\/friendsofenginakyurek.org\/wp-content\/uploads\/2023\/01\/48_New-Year-Thumbnail.png 1080w\" sizes=\"(max-width: 444px) 100vw, 444px\" \/>\t\t\t\t\t\t\t\t<\/a>\n\t\t\t\t\t\t\t\t\t\t\t<figcaption class=\"widget-image-caption wp-caption-text\">gennaio \u2013 febbraio 2023<\/figcaption>\n\t\t\t\t\t\t\t\t\t\t<\/figure>\n\t\t\t\t\t\t\t\t\t<\/div>\n\t\t\t\t<\/div>\n\t\t\t\t\t<\/div>\n\t\t<\/div>\n\t\t\t\t\t<\/div>\n\t\t<\/section>\n\t\t\t\t<\/div>","protected":false},"excerpt":{"rendered":"<p>2023 Earthquake Relief During the early morning hours of February 6, 2023, the lives of countless Turkish citizens were rocked to the core from a powerful earthquake. The southern T\u00fcrkiye region and bordering Syria experienced wide scale massive devastation, immeasurable loss, suffering and damage. Shortly after daybreak, Engin Aky\u00fcrek made a call to his friends &hellip; <a href=\"https:\/\/friendsofenginakyurek.org\/it\/popup\/\" class=\"more-link\">Continua a leggere <span class=\"screen-reader-text\">apparire<\/span><\/a><\/p>","protected":false},"author":1,"featured_media":4684,"parent":0,"menu_order":0,"comment_status":"closed","ping_status":"closed","template":"elementor_header_footer","meta":{"footnotes":""},"class_list":["post-10090","page","type-page","status-publish","has-post-thumbnail","hentry"],"jetpack_sharing_enabled":true,"_links":{"self":[{"href":"https:\/\/friendsofenginakyurek.org\/it\/wp-json\/wp\/v2\/pages\/10090","targetHints":{"allow":["GET"]}}],"collection":[{"href":"https:\/\/friendsofenginakyurek.org\/it\/wp-json\/wp\/v2\/pages"}],"about":[{"href":"https:\/\/friendsofenginakyurek.org\/it\/wp-json\/wp\/v2\/types\/page"}],"author":[{"embeddable":true,"href":"https:\/\/friendsofenginakyurek.org\/it\/wp-json\/wp\/v2\/users\/1"}],"replies":[{"embeddable":true,"href":"https:\/\/friendsofenginakyurek.org\/it\/wp-json\/wp\/v2\/comments?post=10090"}],"version-history":[{"count":70,"href":"https:\/\/friendsofenginakyurek.org\/it\/wp-json\/wp\/v2\/pages\/10090\/revisions"}],"predecessor-version":[{"id":11020,"href":"https:\/\/friendsofenginakyurek.org\/it\/wp-json\/wp\/v2\/pages\/10090\/revisions\/11020"}],"wp:featuredmedia":[{"embeddable":true,"href":"https:\/\/friendsofenginakyurek.org\/it\/wp-json\/wp\/v2\/media\/4684"}],"wp:attachment":[{"href":"https:\/\/friendsofenginakyurek.org\/it\/wp-json\/wp\/v2\/media?parent=10090"}],"curies":[{"name":"parola chiave","href":"https:\/\/api.w.org\/{rel}","templated":true}]}}