{"id":1177,"date":"2015-04-20T08:10:04","date_gmt":"2015-04-20T08:10:04","guid":{"rendered":"http:\/\/www.anarieldesign.com\/themedemos\/maisha\/?page_id=40"},"modified":"2022-10-15T16:49:41","modified_gmt":"2022-10-15T16:49:41","slug":"slide-in-panel","status":"publish","type":"page","link":"https:\/\/friendsofenginakyurek.org\/it\/home\/slide-in-panel\/","title":{"rendered":"Pannello scorrevole"},"content":{"rendered":"<h2>Grazie per la tua visita al nostro sito!<\/h2>\r\n<p>Grazie per la tua visita al nostro sito! Se hai raggiunto la nostra casa qui, allora sei senza dubbio un amico di Engin Aky\u00fcrek e sei interessato a saperne di pi\u00f9 sul suo impatto sulla comunit\u00e0 globale. Vi invitiamo a guardare questo video sul Sig. Aky\u00fcrek e il suo lavoro umanitario. Apprezziamo il tuo supporto!<\/p>\r\n<p><a class=\"button\" href=\"https:\/\/www.youtube.com\/watch?v=m_xC5kKjXAE&amp;t=18s\" target=\"_blank\" rel=\"noopener\">Amici di ENG\u0130N AKY\u00dcREK youtube<\/a><\/p>\r\n\r\n<figure class=\"wp-block-image size-large\"><a href=\"https:\/\/www.youtube.com\/watch?v=m_xC5kKjXAE&amp;t=18s\" target=\"_blank\" rel=\"noopener\"><img fetchpriority=\"high\" decoding=\"async\" class=\"alignnone wp-image-4755\" src=\"https:\/\/friendsofenginakyurek.org\/wp-content\/uploads\/2022\/09\/B9A92686-1B29-41A0-B59F-D01B71C654AE.png\" alt=\"\" width=\"1280\" height=\"720\" \/><\/a><\/figure>\r\n\r\n<p style=\"font-weight: 400;\">MISSIONE<\/p>\r\n<em>COME SERVIAMO<\/em>\r\n<ul>\r\n<li style=\"font-weight: 400;\">Raccogliere fondi per i bambini, le donne e le famiglie turche vulnerabili<\/li>\r\n<li style=\"font-weight: 400;\">Promuovere i progetti umanitari di Engin Aky\u00fcrek<\/li>\r\n<li style=\"font-weight: 400;\">Organizza eventi speciali, raccolte fondi e progetti<\/li>\r\n<li style=\"font-weight: 400;\">Aumentare la consapevolezza delle problematiche sociali<\/li>\r\n<li style=\"font-weight: 400;\">Evidenzia il lavoro di beneficenza dei sostenitori di Engin Aky\u00fcrek<\/li>\r\n<\/ul>\r\n<p style=\"font-weight: 400;\">I VALORI<\/p>\r\n<em>IL NOSTRO MODO DI VITA<\/em>\r\n<ul>\r\n<li style=\"font-weight: 400;\">RISPETTO e GENTILEZZA<\/li>\r\n<li style=\"font-weight: 400;\">INTEGRIT\u00c0, SINCERIT\u00c0 e rettitudine<\/li>\r\n<li style=\"font-weight: 400;\">GENEROSIT\u00c0, empatia e PACE<\/li>\r\n<li style=\"font-weight: 400;\">Lavoro di squadra, ONEST\u00c0 e perseveranza<\/li>\r\n<li style=\"font-weight: 400;\">NUTRIENTE comunit\u00e0<\/li>\r\n<\/ul>","protected":false},"excerpt":{"rendered":"<p>Thank you for your visit to our site! Thank you for your visit to our site! If you have reached our home here, then you are undoubtedly a friend of Engin Aky\u00fcrek and are interested in learning more about his impact on the global community. We invite you to watch this video about Mr. Aky\u00fcrek &hellip; <a href=\"https:\/\/friendsofenginakyurek.org\/it\/home\/slide-in-panel\/\" class=\"more-link\">Continua a leggere <span class=\"screen-reader-text\">Pannello scorrevole<\/span><\/a><\/p>","protected":false},"author":1,"featured_media":4684,"parent":1176,"menu_order":0,"comment_status":"closed","ping_status":"closed","template":"","meta":{"footnotes":""},"class_list":["post-1177","page","type-page","status-publish","has-post-thumbnail","hentry"],"jetpack_sharing_enabled":true,"_links":{"self":[{"href":"https:\/\/friendsofenginakyurek.org\/it\/wp-json\/wp\/v2\/pages\/1177","targetHints":{"allow":["GET"]}}],"collection":[{"href":"https:\/\/friendsofenginakyurek.org\/it\/wp-json\/wp\/v2\/pages"}],"about":[{"href":"https:\/\/friendsofenginakyurek.org\/it\/wp-json\/wp\/v2\/types\/page"}],"author":[{"embeddable":true,"href":"https:\/\/friendsofenginakyurek.org\/it\/wp-json\/wp\/v2\/users\/1"}],"replies":[{"embeddable":true,"href":"https:\/\/friendsofenginakyurek.org\/it\/wp-json\/wp\/v2\/comments?post=1177"}],"version-history":[{"count":22,"href":"https:\/\/friendsofenginakyurek.org\/it\/wp-json\/wp\/v2\/pages\/1177\/revisions"}],"predecessor-version":[{"id":8735,"href":"https:\/\/friendsofenginakyurek.org\/it\/wp-json\/wp\/v2\/pages\/1177\/revisions\/8735"}],"up":[{"embeddable":true,"href":"https:\/\/friendsofenginakyurek.org\/it\/wp-json\/wp\/v2\/pages\/1176"}],"wp:featuredmedia":[{"embeddable":true,"href":"https:\/\/friendsofenginakyurek.org\/it\/wp-json\/wp\/v2\/media\/4684"}],"wp:attachment":[{"href":"https:\/\/friendsofenginakyurek.org\/it\/wp-json\/wp\/v2\/media?parent=1177"}],"curies":[{"name":"parola chiave","href":"https:\/\/api.w.org\/{rel}","templated":true}]}}