{"id":315,"date":"2015-04-26T07:19:18","date_gmt":"2015-04-26T07:19:18","guid":{"rendered":"http:\/\/www.anarieldesign.com\/themedemos\/maisha\/?page_id=315"},"modified":"2015-04-26T07:19:18","modified_gmt":"2015-04-26T07:19:18","slug":"slider-panel-five","status":"publish","type":"page","link":"https:\/\/friendsofenginakyurek.org\/it\/front-page-with-video\/slider-panel-five\/","title":{"rendered":"Pannello scorrevole cinque"},"content":{"rendered":"<h2>Sponsorizza un parco nazionale Virunga.<\/h2>\n<p>VIRUNGA \u00e8 l&#039;incredibile storia vera di un gruppo di <span class=\"color\">coraggioso<\/span> persone che rischiano la propria vita per costruire un futuro migliore in una parte dell&#039;Africa dimenticata dal mondo e un&#039;avvincente rivelazione della realt\u00e0 della vita in Congo.<br \/>\n<a class=\"button\" href=\"https:\/\/virunga.org\/donate\/\">SPONSORIZZA UN VERO PROGETTO<\/a> <a class=\"button\" href=\"http:\/\/virungamovie.com\/\">Guarda un film<\/a><\/p>\n<p>[soliloquio id=\u201d177\u2033]<br \/>\nDa <a href=\"http:\/\/virungamovie.com\/\">Film Virunga<\/a> sito web: \u201cNelle profondit\u00e0 boscose del Congo orientale si trova <a href=\"https:\/\/virunga.org\/donate\/\">Parco nazionale Virunga<\/a>, uno dei luoghi con la maggiore biodiversit\u00e0 della Terra e dimora degli ultimi gorilla di montagna rimasti sul pianeta. In questo ambiente selvaggio ma incantato, una piccola e combattiva squadra di guardie forestali, tra cui un ex bambino soldato diventato guardia forestale, un custode di gorilla orfani e un ambientalista impegnato, proteggono questo sito patrimonio mondiale dell&#039;UNESCO da milizie armate, bracconieri e forze oscure che lottano per controllare le ricche risorse naturali del Congo. Quando il gruppo ribelle M23 di recente formazione dichiara guerra, un nuovo conflitto minaccia le vite e la stabilit\u00e0 di tutti e di tutto ci\u00f2 per cui hanno lavorato cos\u00ec duramente, con i registi e i partecipanti al film coinvolti nel fuoco incrociato.<br \/>\nUna potente combinazione di giornalismo investigativo e documentario naturalistico, <a href=\"https:\/\/virunga.org\/donate\/\">VIRUNGA<\/a> \u00e8 l&#039;incredibile storia vera di un gruppo di persone coraggiose che rischiano la propria vita per costruire un futuro migliore in una parte dell&#039;Africa dimenticata dal mondo, e un&#039;avvincente denuncia delle realt\u00e0 della vita in Congo.&quot;<\/p>\n<blockquote><p>Del regista Orlando von Einsiedel e del produttore esecutivo Leonardo DiCaprio.<\/p><\/blockquote>","protected":false},"excerpt":{"rendered":"<p>Sponsor a Virunga National Park. VIRUNGA is the incredible true story of a group of brave people risking their lives to build a better future in a part of Africa the world&#8217;s forgotten and a gripping expose of the realities of life in the Congo. SPONSOR A REAL PROJECT Watch a movie [soliloquy id=&#8221;177&#8243;] From &hellip; <a href=\"https:\/\/friendsofenginakyurek.org\/it\/front-page-with-video\/slider-panel-five\/\" class=\"more-link\">Continua a leggere <span class=\"screen-reader-text\">Pannello scorrevole cinque<\/span><\/a><\/p>","protected":false},"author":1,"featured_media":4684,"parent":283,"menu_order":0,"comment_status":"open","ping_status":"open","template":"","meta":{"footnotes":""},"class_list":["post-315","page","type-page","status-publish","has-post-thumbnail","hentry"],"jetpack_sharing_enabled":true,"_links":{"self":[{"href":"https:\/\/friendsofenginakyurek.org\/it\/wp-json\/wp\/v2\/pages\/315","targetHints":{"allow":["GET"]}}],"collection":[{"href":"https:\/\/friendsofenginakyurek.org\/it\/wp-json\/wp\/v2\/pages"}],"about":[{"href":"https:\/\/friendsofenginakyurek.org\/it\/wp-json\/wp\/v2\/types\/page"}],"author":[{"embeddable":true,"href":"https:\/\/friendsofenginakyurek.org\/it\/wp-json\/wp\/v2\/users\/1"}],"replies":[{"embeddable":true,"href":"https:\/\/friendsofenginakyurek.org\/it\/wp-json\/wp\/v2\/comments?post=315"}],"version-history":[{"count":0,"href":"https:\/\/friendsofenginakyurek.org\/it\/wp-json\/wp\/v2\/pages\/315\/revisions"}],"up":[{"embeddable":true,"href":"https:\/\/friendsofenginakyurek.org\/it\/wp-json\/wp\/v2\/pages\/283"}],"wp:featuredmedia":[{"embeddable":true,"href":"https:\/\/friendsofenginakyurek.org\/it\/wp-json\/wp\/v2\/media\/4684"}],"wp:attachment":[{"href":"https:\/\/friendsofenginakyurek.org\/it\/wp-json\/wp\/v2\/media?parent=315"}],"curies":[{"name":"parola chiave","href":"https:\/\/api.w.org\/{rel}","templated":true}]}}