{"id":5544,"date":"2022-10-04T00:19:10","date_gmt":"2022-10-04T00:19:10","guid":{"rendered":"https:\/\/friendsofenginakyurek.org\/?page_id=5544"},"modified":"2023-04-13T21:31:03","modified_gmt":"2023-04-13T21:31:03","slug":"why-support-us","status":"publish","type":"page","link":"https:\/\/friendsofenginakyurek.org\/it\/why-support-us\/","title":{"rendered":"Perch\u00e9 supportarci?"},"content":{"rendered":"<div data-elementor-type=\"wp-page\" data-elementor-id=\"5544\" class=\"elementor elementor-5544\" data-elementor-post-type=\"page\">\n\t\t\t\t\t\t<section class=\"elementor-section elementor-top-section elementor-element elementor-element-af19cd1 elementor-section-height-min-height elementor-section-content-middle elementor-section-boxed elementor-section-height-default elementor-section-items-middle\" data-id=\"af19cd1\" data-element_type=\"section\" data-e-type=\"section\" data-settings=\"{&quot;background_background&quot;:&quot;classic&quot;}\">\n\t\t\t\t\t\t\t<div class=\"elementor-background-overlay\"><\/div>\n\t\t\t\t\t\t\t<div class=\"elementor-container elementor-column-gap-no\">\n\t\t\t\t\t<div class=\"elementor-column elementor-col-100 elementor-top-column elementor-element elementor-element-c82ba9f\" data-id=\"c82ba9f\" data-element_type=\"column\" data-e-type=\"column\">\n\t\t\t<div class=\"elementor-widget-wrap elementor-element-populated\">\n\t\t\t\t\t\t<div class=\"elementor-element elementor-element-bd90f5b elementor-widget elementor-widget-heading\" data-id=\"bd90f5b\" data-element_type=\"widget\" data-e-type=\"widget\" data-widget_type=\"heading.default\">\n\t\t\t\t<div class=\"elementor-widget-container\">\n\t\t\t\t\t<h2 class=\"elementor-heading-title elementor-size-default\">Perch\u00e9 supportarci?<\/h2>\t\t\t\t<\/div>\n\t\t\t\t<\/div>\n\t\t\t\t<div class=\"elementor-element elementor-element-5f2cc8c elementor-widget elementor-widget-image\" data-id=\"5f2cc8c\" data-element_type=\"widget\" data-e-type=\"widget\" data-widget_type=\"image.default\">\n\t\t\t\t<div class=\"elementor-widget-container\">\n\t\t\t\t\t\t\t\t\t\t\t\t\t\t\t<img fetchpriority=\"high\" decoding=\"async\" width=\"768\" height=\"158\" src=\"https:\/\/friendsofenginakyurek.org\/wp-content\/uploads\/2022\/10\/New-Why-Support-Us_-Tagline-768x158.png\" class=\"attachment-medium_large size-medium_large wp-image-7357\" alt=\"\" srcset=\"https:\/\/friendsofenginakyurek.org\/wp-content\/uploads\/2022\/10\/New-Why-Support-Us_-Tagline-768x158.png 768w, https:\/\/friendsofenginakyurek.org\/wp-content\/uploads\/2022\/10\/New-Why-Support-Us_-Tagline-600x123.png 600w, https:\/\/friendsofenginakyurek.org\/wp-content\/uploads\/2022\/10\/New-Why-Support-Us_-Tagline-300x62.png 300w, https:\/\/friendsofenginakyurek.org\/wp-content\/uploads\/2022\/10\/New-Why-Support-Us_-Tagline-1024x211.png 1024w, https:\/\/friendsofenginakyurek.org\/wp-content\/uploads\/2022\/10\/New-Why-Support-Us_-Tagline-1536x316.png 1536w, https:\/\/friendsofenginakyurek.org\/wp-content\/uploads\/2022\/10\/New-Why-Support-Us_-Tagline-2048x421.png 2048w, https:\/\/friendsofenginakyurek.org\/wp-content\/uploads\/2022\/10\/New-Why-Support-Us_-Tagline-18x4.png 18w, https:\/\/friendsofenginakyurek.org\/wp-content\/uploads\/2022\/10\/New-Why-Support-Us_-Tagline-200x41.png 200w, https:\/\/friendsofenginakyurek.org\/wp-content\/uploads\/2022\/10\/New-Why-Support-Us_-Tagline-150x31.png 150w, https:\/\/friendsofenginakyurek.org\/wp-content\/uploads\/2022\/10\/New-Why-Support-Us_-Tagline-547x113.png 547w, https:\/\/friendsofenginakyurek.org\/wp-content\/uploads\/2022\/10\/New-Why-Support-Us_-Tagline-678x139.png 678w, https:\/\/friendsofenginakyurek.org\/wp-content\/uploads\/2022\/10\/New-Why-Support-Us_-Tagline-524x108.png 524w, https:\/\/friendsofenginakyurek.org\/wp-content\/uploads\/2022\/10\/New-Why-Support-Us_-Tagline-420x86.png 420w, https:\/\/friendsofenginakyurek.org\/wp-content\/uploads\/2022\/10\/New-Why-Support-Us_-Tagline-444x91.png 444w, https:\/\/friendsofenginakyurek.org\/wp-content\/uploads\/2022\/10\/New-Why-Support-Us_-Tagline-916x188.png 916w\" sizes=\"(max-width: 768px) 100vw, 768px\" \/>\t\t\t\t\t\t\t\t\t\t\t\t\t\t\t<\/div>\n\t\t\t\t<\/div>\n\t\t\t\t\t<\/div>\n\t\t<\/div>\n\t\t\t\t\t<\/div>\n\t\t<\/section>\n\t\t\t\t<section class=\"elementor-section elementor-top-section elementor-element elementor-element-28632cf elementor-section-boxed elementor-section-height-default elementor-section-height-default\" data-id=\"28632cf\" data-element_type=\"section\" data-e-type=\"section\">\n\t\t\t\t\t\t<div class=\"elementor-container elementor-column-gap-default\">\n\t\t\t\t\t<div class=\"elementor-column elementor-col-100 elementor-top-column elementor-element elementor-element-ae12858\" data-id=\"ae12858\" data-element_type=\"column\" data-e-type=\"column\">\n\t\t\t<div class=\"elementor-widget-wrap elementor-element-populated\">\n\t\t\t\t\t\t<div class=\"elementor-element elementor-element-05cd34c elementor-widget elementor-widget-heading\" data-id=\"05cd34c\" data-element_type=\"widget\" data-e-type=\"widget\" data-widget_type=\"heading.default\">\n\t\t\t\t<div class=\"elementor-widget-container\">\n\t\t\t\t\t<h2 class=\"elementor-heading-title elementor-size-default\"> Tante organizzazioni tra cui scegliere!\n<\/h2>\t\t\t\t<\/div>\n\t\t\t\t<\/div>\n\t\t\t\t<div class=\"elementor-element elementor-element-6c32ffc elementor-widget-divider--view-line elementor-widget elementor-widget-divider\" data-id=\"6c32ffc\" data-element_type=\"widget\" data-e-type=\"widget\" data-widget_type=\"divider.default\">\n\t\t\t\t<div class=\"elementor-widget-container\">\n\t\t\t\t\t\t\t<div class=\"elementor-divider\">\n\t\t\t<span class=\"elementor-divider-separator\">\n\t\t\t\t\t\t<\/span>\n\t\t<\/div>\n\t\t\t\t\t\t<\/div>\n\t\t\t\t<\/div>\n\t\t\t\t\t<\/div>\n\t\t<\/div>\n\t\t\t\t\t<\/div>\n\t\t<\/section>\n\t\t\t\t<section class=\"elementor-section elementor-top-section elementor-element elementor-element-2eb1ef00 elementor-section-content-middle elementor-section-boxed elementor-section-height-default elementor-section-height-default\" data-id=\"2eb1ef00\" data-element_type=\"section\" data-e-type=\"section\">\n\t\t\t\t\t\t\t<div class=\"elementor-background-overlay\"><\/div>\n\t\t\t\t\t\t\t<div class=\"elementor-container elementor-column-gap-no\">\n\t\t\t\t\t<div class=\"elementor-column elementor-col-100 elementor-top-column elementor-element elementor-element-4fc9ff32\" data-id=\"4fc9ff32\" data-element_type=\"column\" data-e-type=\"column\">\n\t\t\t<div class=\"elementor-widget-wrap elementor-element-populated\">\n\t\t\t\t\t\t<div class=\"elementor-element elementor-element-7238d8b elementor-widget elementor-widget-text-editor\" data-id=\"7238d8b\" data-element_type=\"widget\" data-e-type=\"widget\" data-widget_type=\"text-editor.default\">\n\t\t\t\t<div class=\"elementor-widget-container\">\n\t\t\t\t\t\t\t\t\t<p>Il <em>Amici di Engin Aky\u00fcrek<\/em> il team sa che il nostro impegno non \u00e8 semplicemente un mezzo per incontrare Engin Aky\u00fcrek. Questa \u00e8 l&#039;opportunit\u00e0 di una vita per onorare il signor Aky\u00fcrek aiutando coloro che gli sono pi\u00f9 cari nella sua terra natale.<\/p><p>Scegliamo di valutare la responsabilit\u00e0 sociale, proprio come fa lui, dimostrando gli stessi valori nella nostra vita quotidiana attraverso l&#039;azione, come lui sceglie nella sua. Attraverso questa bellissima impresa, siamo testimoni di un mondo illuminante di comunit\u00e0, interamente incentrato sul dare felicemente nel bel nome del signor Engin Aky\u00fcrek.<\/p>\t\t\t\t\t\t\t\t<\/div>\n\t\t\t\t<\/div>\n\t\t\t\t\t<\/div>\n\t\t<\/div>\n\t\t\t\t\t<\/div>\n\t\t<\/section>\n\t\t\t\t<section class=\"elementor-section elementor-top-section elementor-element elementor-element-23ad9527 elementor-section-content-middle elementor-section-boxed elementor-section-height-default elementor-section-height-default\" data-id=\"23ad9527\" data-element_type=\"section\" data-e-type=\"section\">\n\t\t\t\t\t\t<div class=\"elementor-container elementor-column-gap-no\">\n\t\t\t\t\t<div class=\"elementor-column elementor-col-100 elementor-top-column elementor-element elementor-element-c2b9917\" data-id=\"c2b9917\" data-element_type=\"column\" data-e-type=\"column\">\n\t\t\t<div class=\"elementor-widget-wrap elementor-element-populated\">\n\t\t\t\t\t\t<div class=\"elementor-element elementor-element-3ec1569e elementor-widget elementor-widget-heading\" data-id=\"3ec1569e\" data-element_type=\"widget\" data-e-type=\"widget\" data-widget_type=\"heading.default\">\n\t\t\t\t<div class=\"elementor-widget-container\">\n\t\t\t\t\t<h4 class=\"elementor-heading-title elementor-size-default\">Ecco cosa hanno da dire su di noi alcuni nostri amici:<\/h4>\t\t\t\t<\/div>\n\t\t\t\t<\/div>\n\t\t\t\t\t<\/div>\n\t\t<\/div>\n\t\t\t\t\t<\/div>\n\t\t<\/section>\n\t\t\t\t<section class=\"elementor-section elementor-top-section elementor-element elementor-element-25c3549e elementor-section-content-middle elementor-section-boxed elementor-section-height-default elementor-section-height-default\" data-id=\"25c3549e\" data-element_type=\"section\" data-e-type=\"section\">\n\t\t\t\t\t\t<div class=\"elementor-container elementor-column-gap-no\">\n\t\t\t\t\t<div class=\"elementor-column elementor-col-100 elementor-top-column elementor-element elementor-element-2ce1f3c\" data-id=\"2ce1f3c\" data-element_type=\"column\" data-e-type=\"column\">\n\t\t\t<div class=\"elementor-widget-wrap elementor-element-populated\">\n\t\t\t\t\t\t<section class=\"elementor-section elementor-inner-section elementor-element elementor-element-5004d890 elementor-section-boxed elementor-section-height-default elementor-section-height-default\" data-id=\"5004d890\" data-element_type=\"section\" data-e-type=\"section\">\n\t\t\t\t\t\t<div class=\"elementor-container elementor-column-gap-default\">\n\t\t\t\t\t<div class=\"elementor-column elementor-col-33 elementor-inner-column elementor-element elementor-element-64269fd7\" data-id=\"64269fd7\" data-element_type=\"column\" data-e-type=\"column\">\n\t\t\t<div class=\"elementor-widget-wrap elementor-element-populated\">\n\t\t\t\t\t\t<div class=\"elementor-element elementor-element-3056102 elementor-widget elementor-widget-testimonial\" data-id=\"3056102\" data-element_type=\"widget\" data-e-type=\"widget\" data-widget_type=\"testimonial.default\">\n\t\t\t\t<div class=\"elementor-widget-container\">\n\t\t\t\t\t\t\t<div class=\"elementor-testimonial-wrapper\">\n\t\t\t\t\t\t\t<div class=\"elementor-testimonial-content\">Sostengo FEA [<i>Amici di Engin Aky\u00fcrek<\/i>] e lo stesso Engin Aky\u00fcrek perch\u00e9 non solo ha un cuore affettuoso, gentile e affettuoso ed \u00e8 un attore eccellente, ma aiuta anche molte persone nel mondo e salva vite umane. Friends of Engin Aky\u00fcrek non \u00e8 solo un&#039;organizzazione; \u00e8 pieno di persone straordinarie come lui, con una comunit\u00e0 amorevole che lotta per il conforto di coloro che hanno bisogno di aiuto. Il loro obiettivo di raggiungere e toccare tante anime appassite per farle rifiorire mi fa sbocciare il cuore.\u2764\ufe0f\n<\/div>\n\t\t\t\n\t\t\t\t\t\t<div class=\"elementor-testimonial-meta\">\n\t\t\t\t<div class=\"elementor-testimonial-meta-inner\">\n\t\t\t\t\t\n\t\t\t\t\t\t\t\t\t\t<div class=\"elementor-testimonial-details\">\n\t\t\t\t\t\t\t\t\t\t\t\t\t\t<div class=\"elementor-testimonial-name\">~AC<\/div>\n\t\t\t\t\t\t\t\t\t\t\t\t\t\t\t\t\t\t\t<\/div>\n\t\t\t\t\t\t\t\t\t<\/div>\n\t\t\t<\/div>\n\t\t\t\t\t<\/div>\n\t\t\t\t\t\t<\/div>\n\t\t\t\t<\/div>\n\t\t\t\t\t<\/div>\n\t\t<\/div>\n\t\t\t\t<div class=\"elementor-column elementor-col-33 elementor-inner-column elementor-element elementor-element-388c0b59\" data-id=\"388c0b59\" data-element_type=\"column\" data-e-type=\"column\">\n\t\t\t<div class=\"elementor-widget-wrap elementor-element-populated\">\n\t\t\t\t\t\t<div class=\"elementor-element elementor-element-522e6a9c elementor-widget elementor-widget-testimonial\" data-id=\"522e6a9c\" data-element_type=\"widget\" data-e-type=\"widget\" data-widget_type=\"testimonial.default\">\n\t\t\t\t<div class=\"elementor-widget-container\">\n\t\t\t\t\t\t\t<div class=\"elementor-testimonial-wrapper\">\n\t\t\t\t\t\t\t<div class=\"elementor-testimonial-content\">In qualit\u00e0 di editore con la missione di supportare una variet\u00e0 di organizzazioni non profit attraverso i libri, sono sempre interessato quando trovo un compagno di viaggio che cerca di sfruttare la sua piattaforma per sempre. <i>Amici di Engin Aky\u00fcrek<\/i> \u00e8 proprio quel tipo di organizzazione senza scopo di lucro, che lavora per sostenere cause importanti e creare comprensione e connessione tra le culture. Siamo orgogliosi di collaborare con Friends of Engin alla pubblicazione di <i>Silenzio<\/i> in inglese negli Stati Uniti e in Canada e attendo con impazienza ulteriori collaborazioni in futuro. <\/div>\n\t\t\t\n\t\t\t\t\t\t<div class=\"elementor-testimonial-meta\">\n\t\t\t\t<div class=\"elementor-testimonial-meta-inner\">\n\t\t\t\t\t\n\t\t\t\t\t\t\t\t\t\t<div class=\"elementor-testimonial-details\">\n\t\t\t\t\t\t\t\t\t\t\t\t\t\t<div class=\"elementor-testimonial-name\">~William Burleson<\/div>\n\t\t\t\t\t\t\t\t\t\t\t\t\t\t\t\t\t\t\t\t\t\t<div class=\"elementor-testimonial-job\">Editore esecutivo\/editore, <br>Stampa flessibile <\/div>\n\t\t\t\t\t\t\t\t\t\t\t\t\t<\/div>\n\t\t\t\t\t\t\t\t\t<\/div>\n\t\t\t<\/div>\n\t\t\t\t\t<\/div>\n\t\t\t\t\t\t<\/div>\n\t\t\t\t<\/div>\n\t\t\t\t\t<\/div>\n\t\t<\/div>\n\t\t\t\t<div class=\"elementor-column elementor-col-33 elementor-inner-column elementor-element elementor-element-44629cb\" data-id=\"44629cb\" data-element_type=\"column\" data-e-type=\"column\">\n\t\t\t<div class=\"elementor-widget-wrap elementor-element-populated\">\n\t\t\t\t\t\t<div class=\"elementor-element elementor-element-9aa5788 elementor-widget elementor-widget-testimonial\" data-id=\"9aa5788\" data-element_type=\"widget\" data-e-type=\"widget\" data-widget_type=\"testimonial.default\">\n\t\t\t\t<div class=\"elementor-widget-container\">\n\t\t\t\t\t\t\t<div class=\"elementor-testimonial-wrapper\">\n\t\t\t\t\t\t\t<div class=\"elementor-testimonial-content\">Sono felice di aver incontrato cos\u00ec tante persone belle e di buon cuore in tutto il mondo che sono devoti estimatori di Engin Aky\u00fcrek, come me. Il mio amore e rispetto per lui diventa ancora pi\u00f9 grande giorno dopo giorno, poich\u00e9 vedo come attrae comunit\u00e0 cos\u00ec belle ed \u00e8 esemplare per tutti i suoi amici (non i fan). Per quanto riguarda <i>Amici di Engin Aky\u00fcrek<\/i>, quello che amo di pi\u00f9 di loro \u00e8 che non solo affermano di essere suoi amici, ma lo dimostrano davvero. Il mio sostegno e rispetto per loro in tutti i loro sforzi.<\/div>\n\t\t\t\n\t\t\t\t\t\t<div class=\"elementor-testimonial-meta\">\n\t\t\t\t<div class=\"elementor-testimonial-meta-inner\">\n\t\t\t\t\t\n\t\t\t\t\t\t\t\t\t\t<div class=\"elementor-testimonial-details\">\n\t\t\t\t\t\t\t\t\t\t\t\t\t\t<div class=\"elementor-testimonial-name\">~Khatuna K.\u200b<\/div>\n\t\t\t\t\t\t\t\t\t\t\t\t\t\t\t\t\t\t\t<\/div>\n\t\t\t\t\t\t\t\t\t<\/div>\n\t\t\t<\/div>\n\t\t\t\t\t<\/div>\n\t\t\t\t\t\t<\/div>\n\t\t\t\t<\/div>\n\t\t\t\t\t<\/div>\n\t\t<\/div>\n\t\t\t\t\t<\/div>\n\t\t<\/section>\n\t\t\t\t<section class=\"elementor-section elementor-inner-section elementor-element elementor-element-7e98142 elementor-section-boxed elementor-section-height-default elementor-section-height-default\" data-id=\"7e98142\" data-element_type=\"section\" data-e-type=\"section\">\n\t\t\t\t\t\t<div class=\"elementor-container elementor-column-gap-default\">\n\t\t\t\t\t<div class=\"elementor-column elementor-col-33 elementor-inner-column elementor-element elementor-element-f276343\" data-id=\"f276343\" data-element_type=\"column\" data-e-type=\"column\">\n\t\t\t<div class=\"elementor-widget-wrap elementor-element-populated\">\n\t\t\t\t\t\t<div class=\"elementor-element elementor-element-de43417 elementor-widget elementor-widget-testimonial\" data-id=\"de43417\" data-element_type=\"widget\" data-e-type=\"widget\" data-widget_type=\"testimonial.default\">\n\t\t\t\t<div class=\"elementor-widget-container\">\n\t\t\t\t\t\t\t<div class=\"elementor-testimonial-wrapper\">\n\t\t\t\t\t\t\t<div class=\"elementor-testimonial-content translation-block\">Seguo da molto tempo gli account di <i>Friends of Engin Aky\u00fcrek<\/i> su Instagram e su Twitter e il loro lavoro mi piace molto; \u00e8 ovvio che amano molto Engin e supportano l&#039;attore che amo. Danno importanza anche nei pi\u00f9 piccoli dettagli e sono felice di vedere squadre come loro che amano davvero anche Engin.<\/div>\n\t\t\t\n\t\t\t\t\t\t<div class=\"elementor-testimonial-meta\">\n\t\t\t\t<div class=\"elementor-testimonial-meta-inner\">\n\t\t\t\t\t\n\t\t\t\t\t\t\t\t\t\t<div class=\"elementor-testimonial-details\">\n\t\t\t\t\t\t\t\t\t\t\t\t\t\t<div class=\"elementor-testimonial-name\">~Gentjana PM<\/div>\n\t\t\t\t\t\t\t\t\t\t\t\t\t\t\t\t\t\t\t<\/div>\n\t\t\t\t\t\t\t\t\t<\/div>\n\t\t\t<\/div>\n\t\t\t\t\t<\/div>\n\t\t\t\t\t\t<\/div>\n\t\t\t\t<\/div>\n\t\t\t\t\t<\/div>\n\t\t<\/div>\n\t\t\t\t<div class=\"elementor-column elementor-col-33 elementor-inner-column elementor-element elementor-element-ed32d1d\" data-id=\"ed32d1d\" data-element_type=\"column\" data-e-type=\"column\">\n\t\t\t<div class=\"elementor-widget-wrap elementor-element-populated\">\n\t\t\t\t\t\t<div class=\"elementor-element elementor-element-ab9548e elementor-widget elementor-widget-testimonial\" data-id=\"ab9548e\" data-element_type=\"widget\" data-e-type=\"widget\" data-widget_type=\"testimonial.default\">\n\t\t\t\t<div class=\"elementor-widget-container\">\n\t\t\t\t\t\t\t<div class=\"elementor-testimonial-wrapper\">\n\t\t\t\t\t\t\t<div class=\"elementor-testimonial-content\">Sostengo FEA (<i>Amici di Engin Aky\u00fcrek<\/i>) e, naturalmente, Engin Aky\u00fcrek per essere un essere umano sensibile, impegnato e preoccupato per il benessere di vari gruppi di persone che hanno bisogno di aiuto. \u00c8 anche un ottimo attore, umile e onesto, che con grande talento ha varcato i confini del mondo, unendo le culture.<\/div>\n\t\t\t\n\t\t\t\t\t\t<div class=\"elementor-testimonial-meta\">\n\t\t\t\t<div class=\"elementor-testimonial-meta-inner\">\n\t\t\t\t\t\n\t\t\t\t\t\t\t\t\t\t<div class=\"elementor-testimonial-details\">\n\t\t\t\t\t\t\t\t\t\t\t\t\t\t<div class=\"elementor-testimonial-name\">~KV<\/div>\n\t\t\t\t\t\t\t\t\t\t\t\t\t\t\t\t\t\t\t<\/div>\n\t\t\t\t\t\t\t\t\t<\/div>\n\t\t\t<\/div>\n\t\t\t\t\t<\/div>\n\t\t\t\t\t\t<\/div>\n\t\t\t\t<\/div>\n\t\t\t\t\t<\/div>\n\t\t<\/div>\n\t\t\t\t<div class=\"elementor-column elementor-col-33 elementor-inner-column elementor-element elementor-element-ee788d5\" data-id=\"ee788d5\" data-element_type=\"column\" data-e-type=\"column\">\n\t\t\t<div class=\"elementor-widget-wrap elementor-element-populated\">\n\t\t\t\t\t\t<div class=\"elementor-element elementor-element-26ceeac elementor-widget elementor-widget-testimonial\" data-id=\"26ceeac\" data-element_type=\"widget\" data-e-type=\"widget\" data-widget_type=\"testimonial.default\">\n\t\t\t\t<div class=\"elementor-widget-container\">\n\t\t\t\t\t\t\t<div class=\"elementor-testimonial-wrapper\">\n\t\t\t\t\t\t\t<div class=\"elementor-testimonial-content\">Sono completamente dietro gli sforzi di <i>Amici di Engin Aky\u00fcrek<\/i> per sostenere la campagna annuale di raccolta fondi di beneficenza di Engin. Partecipo anche a iniziative a sostegno di enti di beneficenza strettamente affini a beneficio delle ragazze e delle donne di tutto il mondo. <\/div>\n\t\t\t\n\t\t\t\t\t\t<div class=\"elementor-testimonial-meta\">\n\t\t\t\t<div class=\"elementor-testimonial-meta-inner\">\n\t\t\t\t\t\n\t\t\t\t\t\t\t\t\t\t<div class=\"elementor-testimonial-details\">\n\t\t\t\t\t\t\t\t\t\t\t\t\t\t<div class=\"elementor-testimonial-name\">~Katie B.<\/div>\n\t\t\t\t\t\t\t\t\t\t\t\t\t\t\t\t\t\t\t<\/div>\n\t\t\t\t\t\t\t\t\t<\/div>\n\t\t\t<\/div>\n\t\t\t\t\t<\/div>\n\t\t\t\t\t\t<\/div>\n\t\t\t\t<\/div>\n\t\t\t\t\t<\/div>\n\t\t<\/div>\n\t\t\t\t\t<\/div>\n\t\t<\/section>\n\t\t\t\t\t<\/div>\n\t\t<\/div>\n\t\t\t\t\t<\/div>\n\t\t<\/section>\n\t\t\t\t<\/div>","protected":false},"excerpt":{"rendered":"<p>Perch\u00e9 supportarci? Tante organizzazioni tra cui scegliere! Il team Friends of Engin Aky\u00fcrek sa che il nostro impegno non \u00e8 semplicemente un mezzo per incontrare Engin Aky\u00fcrek. Questa \u00e8 l&#039;opportunit\u00e0 di una vita per onorare il signor Aky\u00fcrek aiutando le persone a lui pi\u00f9 care nella sua terra natale. Scegliamo di dare valore al sociale... <a href=\"https:\/\/friendsofenginakyurek.org\/it\/why-support-us\/\" class=\"more-link\">Continua a leggere <span class=\"screen-reader-text\">Perch\u00e9 supportarci?<\/span><\/a><\/p>","protected":false},"author":1,"featured_media":9778,"parent":0,"menu_order":0,"comment_status":"closed","ping_status":"closed","template":"elementor_header_footer","meta":{"footnotes":""},"class_list":["post-5544","page","type-page","status-publish","has-post-thumbnail","hentry"],"jetpack_sharing_enabled":true,"_links":{"self":[{"href":"https:\/\/friendsofenginakyurek.org\/it\/wp-json\/wp\/v2\/pages\/5544","targetHints":{"allow":["GET"]}}],"collection":[{"href":"https:\/\/friendsofenginakyurek.org\/it\/wp-json\/wp\/v2\/pages"}],"about":[{"href":"https:\/\/friendsofenginakyurek.org\/it\/wp-json\/wp\/v2\/types\/page"}],"author":[{"embeddable":true,"href":"https:\/\/friendsofenginakyurek.org\/it\/wp-json\/wp\/v2\/users\/1"}],"replies":[{"embeddable":true,"href":"https:\/\/friendsofenginakyurek.org\/it\/wp-json\/wp\/v2\/comments?post=5544"}],"version-history":[{"count":187,"href":"https:\/\/friendsofenginakyurek.org\/it\/wp-json\/wp\/v2\/pages\/5544\/revisions"}],"predecessor-version":[{"id":11616,"href":"https:\/\/friendsofenginakyurek.org\/it\/wp-json\/wp\/v2\/pages\/5544\/revisions\/11616"}],"wp:featuredmedia":[{"embeddable":true,"href":"https:\/\/friendsofenginakyurek.org\/it\/wp-json\/wp\/v2\/media\/9778"}],"wp:attachment":[{"href":"https:\/\/friendsofenginakyurek.org\/it\/wp-json\/wp\/v2\/media?parent=5544"}],"curies":[{"name":"parola chiave","href":"https:\/\/api.w.org\/{rel}","templated":true}]}}