{"id":5812,"date":"2022-10-04T23:08:54","date_gmt":"2022-10-04T23:08:54","guid":{"rendered":"https:\/\/friendsofenginakyurek.org\/?page_id=5812"},"modified":"2023-03-11T23:08:50","modified_gmt":"2023-03-11T23:08:50","slug":"become-an-ambassador","status":"publish","type":"page","link":"https:\/\/friendsofenginakyurek.org\/it\/become-an-ambassador\/","title":{"rendered":"Diventa Ambasciatore"},"content":{"rendered":"<div data-elementor-type=\"wp-page\" data-elementor-id=\"5812\" class=\"elementor elementor-5812\" data-elementor-post-type=\"page\">\n\t\t\t\t\t\t<section class=\"elementor-section elementor-top-section elementor-element elementor-element-a1c2445 elementor-section-height-min-height elementor-section-content-middle elementor-section-boxed elementor-section-height-default elementor-section-items-middle\" data-id=\"a1c2445\" data-element_type=\"section\" data-e-type=\"section\" data-settings=\"{&quot;background_background&quot;:&quot;classic&quot;}\">\n\t\t\t\t\t\t\t<div class=\"elementor-background-overlay\"><\/div>\n\t\t\t\t\t\t\t<div class=\"elementor-container elementor-column-gap-no\">\n\t\t\t\t\t<div class=\"elementor-column elementor-col-100 elementor-top-column elementor-element elementor-element-81b3996\" data-id=\"81b3996\" data-element_type=\"column\" data-e-type=\"column\">\n\t\t\t<div class=\"elementor-widget-wrap elementor-element-populated\">\n\t\t\t\t\t\t<div class=\"elementor-element elementor-element-56e8bee elementor-widget elementor-widget-heading\" data-id=\"56e8bee\" data-element_type=\"widget\" data-e-type=\"widget\" data-widget_type=\"heading.default\">\n\t\t\t\t<div class=\"elementor-widget-container\">\n\t\t\t\t\t<h2 class=\"elementor-heading-title elementor-size-default\">Diventa Ambasciatore<\/h2>\t\t\t\t<\/div>\n\t\t\t\t<\/div>\n\t\t\t\t<div class=\"elementor-element elementor-element-5d3399c elementor-widget elementor-widget-image\" data-id=\"5d3399c\" data-element_type=\"widget\" data-e-type=\"widget\" data-widget_type=\"image.default\">\n\t\t\t\t<div class=\"elementor-widget-container\">\n\t\t\t\t\t\t\t\t\t\t\t\t\t\t\t<img fetchpriority=\"high\" decoding=\"async\" width=\"3500\" height=\"720\" src=\"https:\/\/friendsofenginakyurek.org\/wp-content\/uploads\/2022\/10\/043080E4-E880-4399-9B02-02BA4522D70C-2.png\" class=\"attachment-full size-full wp-image-5921\" alt=\"\" srcset=\"https:\/\/friendsofenginakyurek.org\/wp-content\/uploads\/2022\/10\/043080E4-E880-4399-9B02-02BA4522D70C-2.png 3500w, https:\/\/friendsofenginakyurek.org\/wp-content\/uploads\/2022\/10\/043080E4-E880-4399-9B02-02BA4522D70C-2-600x123.png 600w, https:\/\/friendsofenginakyurek.org\/wp-content\/uploads\/2022\/10\/043080E4-E880-4399-9B02-02BA4522D70C-2-300x62.png 300w, https:\/\/friendsofenginakyurek.org\/wp-content\/uploads\/2022\/10\/043080E4-E880-4399-9B02-02BA4522D70C-2-1024x211.png 1024w, https:\/\/friendsofenginakyurek.org\/wp-content\/uploads\/2022\/10\/043080E4-E880-4399-9B02-02BA4522D70C-2-768x158.png 768w, https:\/\/friendsofenginakyurek.org\/wp-content\/uploads\/2022\/10\/043080E4-E880-4399-9B02-02BA4522D70C-2-1536x316.png 1536w, https:\/\/friendsofenginakyurek.org\/wp-content\/uploads\/2022\/10\/043080E4-E880-4399-9B02-02BA4522D70C-2-2048x421.png 2048w, https:\/\/friendsofenginakyurek.org\/wp-content\/uploads\/2022\/10\/043080E4-E880-4399-9B02-02BA4522D70C-2-18x4.png 18w, https:\/\/friendsofenginakyurek.org\/wp-content\/uploads\/2022\/10\/043080E4-E880-4399-9B02-02BA4522D70C-2-200x41.png 200w, https:\/\/friendsofenginakyurek.org\/wp-content\/uploads\/2022\/10\/043080E4-E880-4399-9B02-02BA4522D70C-2-150x31.png 150w, https:\/\/friendsofenginakyurek.org\/wp-content\/uploads\/2022\/10\/043080E4-E880-4399-9B02-02BA4522D70C-2-547x113.png 547w, https:\/\/friendsofenginakyurek.org\/wp-content\/uploads\/2022\/10\/043080E4-E880-4399-9B02-02BA4522D70C-2-678x139.png 678w, https:\/\/friendsofenginakyurek.org\/wp-content\/uploads\/2022\/10\/043080E4-E880-4399-9B02-02BA4522D70C-2-524x108.png 524w, https:\/\/friendsofenginakyurek.org\/wp-content\/uploads\/2022\/10\/043080E4-E880-4399-9B02-02BA4522D70C-2-420x86.png 420w, https:\/\/friendsofenginakyurek.org\/wp-content\/uploads\/2022\/10\/043080E4-E880-4399-9B02-02BA4522D70C-2-444x91.png 444w, https:\/\/friendsofenginakyurek.org\/wp-content\/uploads\/2022\/10\/043080E4-E880-4399-9B02-02BA4522D70C-2-916x188.png 916w\" sizes=\"(max-width: 3500px) 100vw, 3500px\" \/>\t\t\t\t\t\t\t\t\t\t\t\t\t\t\t<\/div>\n\t\t\t\t<\/div>\n\t\t\t\t\t<\/div>\n\t\t<\/div>\n\t\t\t\t\t<\/div>\n\t\t<\/section>\n\t\t\t\t<section class=\"elementor-section elementor-top-section elementor-element elementor-element-ade6efd elementor-section-boxed elementor-section-height-default elementor-section-height-default\" data-id=\"ade6efd\" data-element_type=\"section\" data-e-type=\"section\">\n\t\t\t\t\t\t<div class=\"elementor-container elementor-column-gap-default\">\n\t\t\t\t\t<div class=\"elementor-column elementor-col-100 elementor-top-column elementor-element elementor-element-4b9abe7\" data-id=\"4b9abe7\" data-element_type=\"column\" data-e-type=\"column\">\n\t\t\t<div class=\"elementor-widget-wrap elementor-element-populated\">\n\t\t\t\t\t\t<div class=\"elementor-element elementor-element-a468bec elementor-widget elementor-widget-heading\" data-id=\"a468bec\" data-element_type=\"widget\" data-e-type=\"widget\" data-widget_type=\"heading.default\">\n\t\t\t\t<div class=\"elementor-widget-container\">\n\t\t\t\t\t<h2 class=\"elementor-heading-title elementor-size-default\">Ci piacerebbe che tu entrassi a far parte del nostro team!\n<\/h2>\t\t\t\t<\/div>\n\t\t\t\t<\/div>\n\t\t\t\t<div class=\"elementor-element elementor-element-2169da6 elementor-widget-divider--view-line elementor-widget elementor-widget-divider\" data-id=\"2169da6\" data-element_type=\"widget\" data-e-type=\"widget\" data-widget_type=\"divider.default\">\n\t\t\t\t<div class=\"elementor-widget-container\">\n\t\t\t\t\t\t\t<div class=\"elementor-divider\">\n\t\t\t<span class=\"elementor-divider-separator\">\n\t\t\t\t\t\t<\/span>\n\t\t<\/div>\n\t\t\t\t\t\t<\/div>\n\t\t\t\t<\/div>\n\t\t\t\t\t<\/div>\n\t\t<\/div>\n\t\t\t\t\t<\/div>\n\t\t<\/section>\n\t\t\t\t<section class=\"elementor-section elementor-top-section elementor-element elementor-element-d6d8ed1 elementor-section-content-middle elementor-section-boxed elementor-section-height-default elementor-section-height-default\" data-id=\"d6d8ed1\" data-element_type=\"section\" data-e-type=\"section\">\n\t\t\t\t\t\t\t<div class=\"elementor-background-overlay\"><\/div>\n\t\t\t\t\t\t\t<div class=\"elementor-container elementor-column-gap-no\">\n\t\t\t\t\t<div class=\"elementor-column elementor-col-100 elementor-top-column elementor-element elementor-element-4ed2983\" data-id=\"4ed2983\" data-element_type=\"column\" data-e-type=\"column\">\n\t\t\t<div class=\"elementor-widget-wrap elementor-element-populated\">\n\t\t\t\t\t\t<div class=\"elementor-element elementor-element-a5feae7 elementor-widget elementor-widget-text-editor\" data-id=\"a5feae7\" data-element_type=\"widget\" data-e-type=\"widget\" data-widget_type=\"text-editor.default\">\n\t\t\t\t<div class=\"elementor-widget-container\">\n\t\t\t\t\t\t\t\t\t<p>Ispirati da un esempio di eccellenza umanitaria dell&#039;attore e scrittore turco Engin Aky\u00fcrek, gli Ambasciatori di Global Friends of Engin Aky\u00fcrek sono nominati membri del nostro esteso team di volontari. Canalizzando l&#039;energia nata dall&#039;amore e dall&#039;ammirazione globali per il signor Aky\u00fcrek per aiutare gli altri bisognosi, come ambasciatori globali di pace e buona volont\u00e0 per enti di beneficenza di sua scelta, la missione \u00e8 sostenere e amplificare gli sforzi di beneficenza in corso. Lavorando con le stesse persone e organizzazioni straordinarie, costruendo nuovi ponti di opportunit\u00e0 attraverso connessioni umane e comunicazioni pi\u00f9 profonde, ci aspettiamo di trasformare la nostra buona volont\u00e0 in un significativo potenziamento sociale.<\/p>\t\t\t\t\t\t\t\t<\/div>\n\t\t\t\t<\/div>\n\t\t\t\t\t<\/div>\n\t\t<\/div>\n\t\t\t\t\t<\/div>\n\t\t<\/section>\n\t\t\t\t<section class=\"elementor-section elementor-top-section elementor-element elementor-element-8a2c925 elementor-section-boxed elementor-section-height-default elementor-section-height-default\" data-id=\"8a2c925\" data-element_type=\"section\" data-e-type=\"section\">\n\t\t\t\t\t\t<div class=\"elementor-container elementor-column-gap-default\">\n\t\t\t\t\t<div class=\"elementor-column elementor-col-100 elementor-top-column elementor-element elementor-element-4b628fc\" data-id=\"4b628fc\" data-element_type=\"column\" data-e-type=\"column\">\n\t\t\t<div class=\"elementor-widget-wrap elementor-element-populated\">\n\t\t\t\t\t\t<div class=\"elementor-element elementor-element-f640d66 elementor-widget elementor-widget-heading\" data-id=\"f640d66\" data-element_type=\"widget\" data-e-type=\"widget\" data-widget_type=\"heading.default\">\n\t\t\t\t<div class=\"elementor-widget-container\">\n\t\t\t\t\t<h2 class=\"elementor-heading-title elementor-size-default\">visualizzare altri modi per essere coinvolti<\/h2>\t\t\t\t<\/div>\n\t\t\t\t<\/div>\n\t\t\t\t\t<\/div>\n\t\t<\/div>\n\t\t\t\t\t<\/div>\n\t\t<\/section>\n\t\t\t\t<section class=\"elementor-section elementor-top-section elementor-element elementor-element-0e2ac90 elementor-section-boxed elementor-section-height-default elementor-section-height-default\" data-id=\"0e2ac90\" data-element_type=\"section\" data-e-type=\"section\">\n\t\t\t\t\t\t<div class=\"elementor-container elementor-column-gap-default\">\n\t\t\t\t\t<div class=\"elementor-column elementor-col-25 elementor-top-column elementor-element elementor-element-b483fce\" data-id=\"b483fce\" data-element_type=\"column\" data-e-type=\"column\">\n\t\t\t<div class=\"elementor-widget-wrap elementor-element-populated\">\n\t\t\t\t\t\t<div class=\"elementor-element elementor-element-26bff35 elementor-position-top elementor-widget elementor-widget-image-box\" data-id=\"26bff35\" data-element_type=\"widget\" data-e-type=\"widget\" data-widget_type=\"image-box.default\">\n\t\t\t\t<div class=\"elementor-widget-container\">\n\t\t\t\t\t<div class=\"elementor-image-box-wrapper\"><figure class=\"elementor-image-box-img\"><a href=\"https:\/\/friendsofenginakyurek.org\/it\/donate-to-engins-cause\/\" tabindex=\"-1\"><img decoding=\"async\" width=\"2560\" height=\"940\" src=\"https:\/\/friendsofenginakyurek.org\/wp-content\/uploads\/2022\/10\/image_6483441-22.jpg\" class=\"attachment-full size-full wp-image-5769\" alt=\"\" srcset=\"https:\/\/friendsofenginakyurek.org\/wp-content\/uploads\/2022\/10\/image_6483441-22.jpg 2560w, https:\/\/friendsofenginakyurek.org\/wp-content\/uploads\/2022\/10\/image_6483441-22-600x220.jpg 600w, https:\/\/friendsofenginakyurek.org\/wp-content\/uploads\/2022\/10\/image_6483441-22-300x110.jpg 300w, https:\/\/friendsofenginakyurek.org\/wp-content\/uploads\/2022\/10\/image_6483441-22-1024x376.jpg 1024w, https:\/\/friendsofenginakyurek.org\/wp-content\/uploads\/2022\/10\/image_6483441-22-768x282.jpg 768w, https:\/\/friendsofenginakyurek.org\/wp-content\/uploads\/2022\/10\/image_6483441-22-1536x564.jpg 1536w, https:\/\/friendsofenginakyurek.org\/wp-content\/uploads\/2022\/10\/image_6483441-22-2048x752.jpg 2048w, https:\/\/friendsofenginakyurek.org\/wp-content\/uploads\/2022\/10\/image_6483441-22-18x7.jpg 18w, https:\/\/friendsofenginakyurek.org\/wp-content\/uploads\/2022\/10\/image_6483441-22-200x73.jpg 200w, https:\/\/friendsofenginakyurek.org\/wp-content\/uploads\/2022\/10\/image_6483441-22-150x55.jpg 150w, https:\/\/friendsofenginakyurek.org\/wp-content\/uploads\/2022\/10\/image_6483441-22-547x201.jpg 547w, https:\/\/friendsofenginakyurek.org\/wp-content\/uploads\/2022\/10\/image_6483441-22-678x249.jpg 678w, https:\/\/friendsofenginakyurek.org\/wp-content\/uploads\/2022\/10\/image_6483441-22-524x192.jpg 524w, https:\/\/friendsofenginakyurek.org\/wp-content\/uploads\/2022\/10\/image_6483441-22-420x154.jpg 420w, https:\/\/friendsofenginakyurek.org\/wp-content\/uploads\/2022\/10\/image_6483441-22-444x163.jpg 444w, https:\/\/friendsofenginakyurek.org\/wp-content\/uploads\/2022\/10\/image_6483441-22-916x336.jpg 916w\" sizes=\"(max-width: 2560px) 100vw, 2560px\" \/><\/a><\/figure><div class=\"elementor-image-box-content\"><h3 class=\"elementor-image-box-title\"><a href=\"https:\/\/friendsofenginakyurek.org\/it\/donate-to-engins-cause\/\">Dona alla causa di Engin<\/a><\/h3><p class=\"elementor-image-box-description\">Dona in onore di Engin Aky\u00fcrek sostenendo l&#039;evento annuale tramite organizzazioni da lui identificate; incentrato su cause umanitarie.\n\n<\/p><\/div><\/div>\t\t\t\t<\/div>\n\t\t\t\t<\/div>\n\t\t\t\t\t<\/div>\n\t\t<\/div>\n\t\t\t\t<div class=\"elementor-column elementor-col-25 elementor-top-column elementor-element elementor-element-ea4c099\" data-id=\"ea4c099\" data-element_type=\"column\" data-e-type=\"column\">\n\t\t\t<div class=\"elementor-widget-wrap elementor-element-populated\">\n\t\t\t\t\t\t<div class=\"elementor-element elementor-element-efd4ecb elementor-position-top elementor-widget elementor-widget-image-box\" data-id=\"efd4ecb\" data-element_type=\"widget\" data-e-type=\"widget\" data-widget_type=\"image-box.default\">\n\t\t\t\t<div class=\"elementor-widget-container\">\n\t\t\t\t\t<div class=\"elementor-image-box-wrapper\"><figure class=\"elementor-image-box-img\"><a href=\"https:\/\/friendsofenginakyurek.org\/it\/support-our-programs\/\" target=\"_blank\" tabindex=\"-1\"><img decoding=\"async\" width=\"1620\" height=\"595\" src=\"https:\/\/friendsofenginakyurek.org\/wp-content\/uploads\/2022\/10\/image_6483441-28.JPG1_.jpg\" class=\"attachment-full size-full wp-image-6080\" alt=\"\" srcset=\"https:\/\/friendsofenginakyurek.org\/wp-content\/uploads\/2022\/10\/image_6483441-28.JPG1_.jpg 1620w, https:\/\/friendsofenginakyurek.org\/wp-content\/uploads\/2022\/10\/image_6483441-28.JPG1_-600x220.jpg 600w, https:\/\/friendsofenginakyurek.org\/wp-content\/uploads\/2022\/10\/image_6483441-28.JPG1_-300x110.jpg 300w, https:\/\/friendsofenginakyurek.org\/wp-content\/uploads\/2022\/10\/image_6483441-28.JPG1_-1024x376.jpg 1024w, https:\/\/friendsofenginakyurek.org\/wp-content\/uploads\/2022\/10\/image_6483441-28.JPG1_-768x282.jpg 768w, https:\/\/friendsofenginakyurek.org\/wp-content\/uploads\/2022\/10\/image_6483441-28.JPG1_-1536x564.jpg 1536w, https:\/\/friendsofenginakyurek.org\/wp-content\/uploads\/2022\/10\/image_6483441-28.JPG1_-18x7.jpg 18w, https:\/\/friendsofenginakyurek.org\/wp-content\/uploads\/2022\/10\/image_6483441-28.JPG1_-200x73.jpg 200w, https:\/\/friendsofenginakyurek.org\/wp-content\/uploads\/2022\/10\/image_6483441-28.JPG1_-150x55.jpg 150w, https:\/\/friendsofenginakyurek.org\/wp-content\/uploads\/2022\/10\/image_6483441-28.JPG1_-547x201.jpg 547w, https:\/\/friendsofenginakyurek.org\/wp-content\/uploads\/2022\/10\/image_6483441-28.JPG1_-678x249.jpg 678w, https:\/\/friendsofenginakyurek.org\/wp-content\/uploads\/2022\/10\/image_6483441-28.JPG1_-524x192.jpg 524w, https:\/\/friendsofenginakyurek.org\/wp-content\/uploads\/2022\/10\/image_6483441-28.JPG1_-420x154.jpg 420w, https:\/\/friendsofenginakyurek.org\/wp-content\/uploads\/2022\/10\/image_6483441-28.JPG1_-444x163.jpg 444w, https:\/\/friendsofenginakyurek.org\/wp-content\/uploads\/2022\/10\/image_6483441-28.JPG1_-916x336.jpg 916w\" sizes=\"(max-width: 1620px) 100vw, 1620px\" \/><\/a><\/figure><div class=\"elementor-image-box-content\"><h3 class=\"elementor-image-box-title\"><a href=\"https:\/\/friendsofenginakyurek.org\/it\/support-our-programs\/\" target=\"_blank\">Supporta i nostri programmi<\/a><\/h3><p class=\"elementor-image-box-description\">Lo scopo umanitario del Sig. Aky\u00fcrek, guidato dal suo modo di vivere. Inoltre, una piattaforma informativa per gli amici di Engin.<\/p><\/div><\/div>\t\t\t\t<\/div>\n\t\t\t\t<\/div>\n\t\t\t\t\t<\/div>\n\t\t<\/div>\n\t\t\t\t<div class=\"elementor-column elementor-col-25 elementor-top-column elementor-element elementor-element-166b57b\" data-id=\"166b57b\" data-element_type=\"column\" data-e-type=\"column\">\n\t\t\t<div class=\"elementor-widget-wrap elementor-element-populated\">\n\t\t\t\t\t\t<div class=\"elementor-element elementor-element-8b4adae elementor-position-top elementor-widget elementor-widget-image-box\" data-id=\"8b4adae\" data-element_type=\"widget\" data-e-type=\"widget\" data-widget_type=\"image-box.default\">\n\t\t\t\t<div class=\"elementor-widget-container\">\n\t\t\t\t\t<div class=\"elementor-image-box-wrapper\"><figure class=\"elementor-image-box-img\"><a href=\"https:\/\/friendsofenginakyurek.org\/it\/become-an-ambassador\/\" tabindex=\"-1\"><img decoding=\"async\" src=\"https:\/\/friendsofenginakyurek.org\/wp-content\/uploads\/elementor\/thumbs\/image_6483441-24-rb58azdp9g3c400thyo2mb28mztd235lluvnadcgqg.jpg\" title=\"immagine_6483441 (24)\" alt=\"image_6483441 (24)\" loading=\"lazy\" \/><\/a><\/figure><div class=\"elementor-image-box-content\"><h3 class=\"elementor-image-box-title\"><a href=\"https:\/\/friendsofenginakyurek.org\/it\/become-an-ambassador\/\">Diventa Ambasciatore<\/a><\/h3><p class=\"elementor-image-box-description\">Gli ambasciatori nominati Global Friends of Engin Aky\u00fcrek lavorano per diffondere la nostra missione in lungo e in largo, promuovendo il sostegno caritatevole e la buona volont\u00e0 sociale.<\/p><\/div><\/div>\t\t\t\t<\/div>\n\t\t\t\t<\/div>\n\t\t\t\t\t<\/div>\n\t\t<\/div>\n\t\t\t\t<div class=\"elementor-column elementor-col-25 elementor-top-column elementor-element elementor-element-935f73c\" data-id=\"935f73c\" data-element_type=\"column\" data-e-type=\"column\">\n\t\t\t<div class=\"elementor-widget-wrap elementor-element-populated\">\n\t\t\t\t\t\t<div class=\"elementor-element elementor-element-8fafb6c elementor-position-top elementor-widget elementor-widget-image-box\" data-id=\"8fafb6c\" data-element_type=\"widget\" data-e-type=\"widget\" data-widget_type=\"image-box.default\">\n\t\t\t\t<div class=\"elementor-widget-container\">\n\t\t\t\t\t<div class=\"elementor-image-box-wrapper\"><figure class=\"elementor-image-box-img\"><a href=\"https:\/\/friendsofenginakyurek.org\/it\/gratitude\/\" tabindex=\"-1\"><img loading=\"lazy\" decoding=\"async\" width=\"2560\" height=\"940\" src=\"https:\/\/friendsofenginakyurek.org\/wp-content\/uploads\/2022\/10\/image_6483441-12.jpg\" class=\"attachment-full size-full wp-image-5406\" alt=\"\" srcset=\"https:\/\/friendsofenginakyurek.org\/wp-content\/uploads\/2022\/10\/image_6483441-12.jpg 2560w, https:\/\/friendsofenginakyurek.org\/wp-content\/uploads\/2022\/10\/image_6483441-12-600x220.jpg 600w, https:\/\/friendsofenginakyurek.org\/wp-content\/uploads\/2022\/10\/image_6483441-12-300x110.jpg 300w, https:\/\/friendsofenginakyurek.org\/wp-content\/uploads\/2022\/10\/image_6483441-12-1024x376.jpg 1024w, https:\/\/friendsofenginakyurek.org\/wp-content\/uploads\/2022\/10\/image_6483441-12-768x282.jpg 768w, https:\/\/friendsofenginakyurek.org\/wp-content\/uploads\/2022\/10\/image_6483441-12-1536x564.jpg 1536w, https:\/\/friendsofenginakyurek.org\/wp-content\/uploads\/2022\/10\/image_6483441-12-2048x752.jpg 2048w, https:\/\/friendsofenginakyurek.org\/wp-content\/uploads\/2022\/10\/image_6483441-12-18x7.jpg 18w, https:\/\/friendsofenginakyurek.org\/wp-content\/uploads\/2022\/10\/image_6483441-12-200x73.jpg 200w, https:\/\/friendsofenginakyurek.org\/wp-content\/uploads\/2022\/10\/image_6483441-12-150x55.jpg 150w, https:\/\/friendsofenginakyurek.org\/wp-content\/uploads\/2022\/10\/image_6483441-12-547x201.jpg 547w, https:\/\/friendsofenginakyurek.org\/wp-content\/uploads\/2022\/10\/image_6483441-12-678x249.jpg 678w, https:\/\/friendsofenginakyurek.org\/wp-content\/uploads\/2022\/10\/image_6483441-12-524x192.jpg 524w, https:\/\/friendsofenginakyurek.org\/wp-content\/uploads\/2022\/10\/image_6483441-12-420x154.jpg 420w, https:\/\/friendsofenginakyurek.org\/wp-content\/uploads\/2022\/10\/image_6483441-12-444x163.jpg 444w, https:\/\/friendsofenginakyurek.org\/wp-content\/uploads\/2022\/10\/image_6483441-12-916x336.jpg 916w\" sizes=\"(max-width: 2560px) 100vw, 2560px\" \/><\/a><\/figure><div class=\"elementor-image-box-content\"><h3 class=\"elementor-image-box-title\"><a href=\"https:\/\/friendsofenginakyurek.org\/it\/gratitude\/\">Apprezzare i donatori<\/a><\/h3><p class=\"elementor-image-box-description\">Esprimiamo amorevolmente la nostra gratitudine per i generosi donatori che hanno riposto la loro fiducia nelle nostre capacit\u00e0. Non ti deluderemo.<\/p><\/div><\/div>\t\t\t\t<\/div>\n\t\t\t\t<\/div>\n\t\t\t\t\t<\/div>\n\t\t<\/div>\n\t\t\t\t\t<\/div>\n\t\t<\/section>\n\t\t\t\t<\/div>","protected":false},"excerpt":{"rendered":"<p>Diventa un ambasciatore Ci piacerebbe che tu entrassi a far parte del nostro team! Ispirati da un esempio di eccellenza umanitaria dell&#039;attore e scrittore turco Engin Aky\u00fcrek, gli ambasciatori Global Friends of Engin Aky\u00fcrek sono membri nominati del nostro team di volontari allargato. Incanalare l&#039;energia nata dall&#039;amore e dall&#039;ammirazione globali per il signor Aky\u00fcrek per aiutare gli altri... <a href=\"https:\/\/friendsofenginakyurek.org\/it\/become-an-ambassador\/\" class=\"more-link\">Continua a leggere <span class=\"screen-reader-text\">Diventa Ambasciatore<\/span><\/a><\/p>","protected":false},"author":1,"featured_media":9778,"parent":0,"menu_order":0,"comment_status":"closed","ping_status":"closed","template":"elementor_header_footer","meta":{"footnotes":""},"class_list":["post-5812","page","type-page","status-publish","has-post-thumbnail","hentry"],"jetpack_sharing_enabled":true,"_links":{"self":[{"href":"https:\/\/friendsofenginakyurek.org\/it\/wp-json\/wp\/v2\/pages\/5812","targetHints":{"allow":["GET"]}}],"collection":[{"href":"https:\/\/friendsofenginakyurek.org\/it\/wp-json\/wp\/v2\/pages"}],"about":[{"href":"https:\/\/friendsofenginakyurek.org\/it\/wp-json\/wp\/v2\/types\/page"}],"author":[{"embeddable":true,"href":"https:\/\/friendsofenginakyurek.org\/it\/wp-json\/wp\/v2\/users\/1"}],"replies":[{"embeddable":true,"href":"https:\/\/friendsofenginakyurek.org\/it\/wp-json\/wp\/v2\/comments?post=5812"}],"version-history":[{"count":62,"href":"https:\/\/friendsofenginakyurek.org\/it\/wp-json\/wp\/v2\/pages\/5812\/revisions"}],"predecessor-version":[{"id":11406,"href":"https:\/\/friendsofenginakyurek.org\/it\/wp-json\/wp\/v2\/pages\/5812\/revisions\/11406"}],"wp:featuredmedia":[{"embeddable":true,"href":"https:\/\/friendsofenginakyurek.org\/it\/wp-json\/wp\/v2\/media\/9778"}],"wp:attachment":[{"href":"https:\/\/friendsofenginakyurek.org\/it\/wp-json\/wp\/v2\/media?parent=5812"}],"curies":[{"name":"parola chiave","href":"https:\/\/api.w.org\/{rel}","templated":true}]}}