{"id":8953,"date":"2022-11-07T23:52:36","date_gmt":"2022-11-07T23:52:36","guid":{"rendered":"https:\/\/friendsofenginakyurek.org\/?page_id=8953"},"modified":"2023-03-24T02:43:31","modified_gmt":"2023-03-24T02:43:31","slug":"storyteller","status":"publish","type":"page","link":"https:\/\/friendsofenginakyurek.org\/it\/storyteller\/","title":{"rendered":"Narratore"},"content":{"rendered":"<div data-elementor-type=\"wp-page\" data-elementor-id=\"8953\" class=\"elementor elementor-8953\" data-elementor-post-type=\"page\">\n\t\t\t\t\t\t<section class=\"elementor-section elementor-top-section elementor-element elementor-element-4563907 elementor-section-height-min-height elementor-section-content-middle elementor-section-boxed elementor-section-height-default elementor-section-items-middle\" data-id=\"4563907\" data-element_type=\"section\" data-e-type=\"section\" data-settings=\"{&quot;background_background&quot;:&quot;classic&quot;}\">\n\t\t\t\t\t\t\t<div class=\"elementor-background-overlay\"><\/div>\n\t\t\t\t\t\t\t<div class=\"elementor-container elementor-column-gap-no\">\n\t\t\t\t\t<div class=\"elementor-column elementor-col-100 elementor-top-column elementor-element elementor-element-ec1fb4d\" data-id=\"ec1fb4d\" data-element_type=\"column\" data-e-type=\"column\">\n\t\t\t<div class=\"elementor-widget-wrap elementor-element-populated\">\n\t\t\t\t\t\t<div class=\"elementor-element elementor-element-83ae865 elementor-widget elementor-widget-heading\" data-id=\"83ae865\" data-element_type=\"widget\" data-e-type=\"widget\" data-widget_type=\"heading.default\">\n\t\t\t\t<div class=\"elementor-widget-container\">\n\t\t\t\t\t<h2 class=\"elementor-heading-title elementor-size-default\">Narratore<\/h2>\t\t\t\t<\/div>\n\t\t\t\t<\/div>\n\t\t\t\t\t<\/div>\n\t\t<\/div>\n\t\t\t\t\t<\/div>\n\t\t<\/section>\n\t\t\t\t<section class=\"elementor-section elementor-top-section elementor-element elementor-element-e8c5bef elementor-section-boxed elementor-section-height-default elementor-section-height-default\" data-id=\"e8c5bef\" data-element_type=\"section\" data-e-type=\"section\">\n\t\t\t\t\t\t<div class=\"elementor-container elementor-column-gap-default\">\n\t\t\t\t\t<div class=\"elementor-column elementor-col-100 elementor-top-column elementor-element elementor-element-0150818\" data-id=\"0150818\" data-element_type=\"column\" data-e-type=\"column\">\n\t\t\t<div class=\"elementor-widget-wrap elementor-element-populated\">\n\t\t\t\t\t\t<div class=\"elementor-element elementor-element-1f6367e elementor-widget elementor-widget-heading\" data-id=\"1f6367e\" data-element_type=\"widget\" data-e-type=\"widget\" data-widget_type=\"heading.default\">\n\t\t\t\t<div class=\"elementor-widget-container\">\n\t\t\t\t\t<h2 class=\"elementor-heading-title elementor-size-default\">Attraverso la &quot;lente&quot; delle penne degli scrittori<\/h2>\t\t\t\t<\/div>\n\t\t\t\t<\/div>\n\t\t\t\t<div class=\"elementor-element elementor-element-6baef8e elementor-widget-divider--view-line elementor-widget elementor-widget-divider\" data-id=\"6baef8e\" data-element_type=\"widget\" data-e-type=\"widget\" data-widget_type=\"divider.default\">\n\t\t\t\t<div class=\"elementor-widget-container\">\n\t\t\t\t\t\t\t<div class=\"elementor-divider\">\n\t\t\t<span class=\"elementor-divider-separator\">\n\t\t\t\t\t\t<\/span>\n\t\t<\/div>\n\t\t\t\t\t\t<\/div>\n\t\t\t\t<\/div>\n\t\t\t\t\t<\/div>\n\t\t<\/div>\n\t\t\t\t\t<\/div>\n\t\t<\/section>\n\t\t\t\t<section class=\"elementor-section elementor-top-section elementor-element elementor-element-22cc4a1 elementor-section-boxed elementor-section-height-default elementor-section-height-default\" data-id=\"22cc4a1\" data-element_type=\"section\" data-e-type=\"section\">\n\t\t\t\t\t\t<div class=\"elementor-container elementor-column-gap-default\">\n\t\t\t\t\t<div class=\"elementor-column elementor-col-100 elementor-top-column elementor-element elementor-element-5ebcd5d\" data-id=\"5ebcd5d\" data-element_type=\"column\" data-e-type=\"column\">\n\t\t\t<div class=\"elementor-widget-wrap elementor-element-populated\">\n\t\t\t\t\t\t<div class=\"elementor-element elementor-element-dd7b2af elementor-widget elementor-widget-text-editor\" data-id=\"dd7b2af\" data-element_type=\"widget\" data-e-type=\"widget\" data-widget_type=\"text-editor.default\">\n\t\t\t\t<div class=\"elementor-widget-container\">\n\t\t\t\t\t\t\t\t\tRacconti scritti da Engin Aky\u00fcrek, pubblicati sulla rivista \u00a9Kafas\u0131na G\u00f6re e tradotti professionalmente con cura e precisione in inglese e altre lingue (quando possibile).<br><br>\n<i>Amici di Engin Aky\u00fcrek<\/i> non assume o rivendica la propriet\u00e0 del copyright dei materiali pubblicati se non diversamente indicato. Le informazioni sul titolare del copyright originale sono pubblicate su ogni pubblicazione.\t\t\t\t\t\t\t\t<\/div>\n\t\t\t\t<\/div>\n\t\t\t\t\t<\/div>\n\t\t<\/div>\n\t\t\t\t\t<\/div>\n\t\t<\/section>\n\t\t\t\t<section class=\"elementor-section elementor-top-section elementor-element elementor-element-35cbe0d elementor-section-boxed elementor-section-height-default elementor-section-height-default\" data-id=\"35cbe0d\" data-element_type=\"section\" data-e-type=\"section\">\n\t\t\t\t\t\t<div class=\"elementor-container elementor-column-gap-default\">\n\t\t\t\t\t<div class=\"elementor-column elementor-col-50 elementor-top-column elementor-element elementor-element-8aa22ba\" data-id=\"8aa22ba\" data-element_type=\"column\" data-e-type=\"column\">\n\t\t\t<div class=\"elementor-widget-wrap elementor-element-populated\">\n\t\t\t\t\t\t<div class=\"elementor-element elementor-element-d9ab347 elementor-widget elementor-widget-image\" data-id=\"d9ab347\" data-element_type=\"widget\" data-e-type=\"widget\" data-widget_type=\"image.default\">\n\t\t\t\t<div class=\"elementor-widget-container\">\n\t\t\t\t\t\t\t\t\t\t\t\t<figure class=\"wp-caption\">\n\t\t\t\t\t\t\t\t\t\t\t<a href=\"https:\/\/friendsofenginakyurek.org\/it\/silence-book\/\">\n\t\t\t\t\t\t\t<img fetchpriority=\"high\" decoding=\"async\" width=\"444\" height=\"444\" src=\"https:\/\/friendsofenginakyurek.org\/wp-content\/uploads\/2023\/02\/Book-Cover-Thumbnail--444x444.png\" class=\"elementor-animation-shrink attachment-maisha-staff-child-page-thumbnail size-maisha-staff-child-page-thumbnail wp-image-11009\" alt=\"\" srcset=\"https:\/\/friendsofenginakyurek.org\/wp-content\/uploads\/2023\/02\/Book-Cover-Thumbnail--444x444.png 444w, https:\/\/friendsofenginakyurek.org\/wp-content\/uploads\/2023\/02\/Book-Cover-Thumbnail--300x300.png 300w, https:\/\/friendsofenginakyurek.org\/wp-content\/uploads\/2023\/02\/Book-Cover-Thumbnail--1024x1024.png 1024w, https:\/\/friendsofenginakyurek.org\/wp-content\/uploads\/2023\/02\/Book-Cover-Thumbnail--150x150.png 150w, https:\/\/friendsofenginakyurek.org\/wp-content\/uploads\/2023\/02\/Book-Cover-Thumbnail--768x768.png 768w, https:\/\/friendsofenginakyurek.org\/wp-content\/uploads\/2023\/02\/Book-Cover-Thumbnail--12x12.png 12w, https:\/\/friendsofenginakyurek.org\/wp-content\/uploads\/2023\/02\/Book-Cover-Thumbnail--200x200.png 200w, https:\/\/friendsofenginakyurek.org\/wp-content\/uploads\/2023\/02\/Book-Cover-Thumbnail--547x547.png 547w, https:\/\/friendsofenginakyurek.org\/wp-content\/uploads\/2023\/02\/Book-Cover-Thumbnail--678x678.png 678w, https:\/\/friendsofenginakyurek.org\/wp-content\/uploads\/2023\/02\/Book-Cover-Thumbnail--524x524.png 524w, https:\/\/friendsofenginakyurek.org\/wp-content\/uploads\/2023\/02\/Book-Cover-Thumbnail--420x420.png 420w, https:\/\/friendsofenginakyurek.org\/wp-content\/uploads\/2023\/02\/Book-Cover-Thumbnail--916x916.png 916w, https:\/\/friendsofenginakyurek.org\/wp-content\/uploads\/2023\/02\/Book-Cover-Thumbnail--600x600.png 600w, https:\/\/friendsofenginakyurek.org\/wp-content\/uploads\/2023\/02\/Book-Cover-Thumbnail--100x100.png 100w, https:\/\/friendsofenginakyurek.org\/wp-content\/uploads\/2023\/02\/Book-Cover-Thumbnail--32x32.png 32w, https:\/\/friendsofenginakyurek.org\/wp-content\/uploads\/2023\/02\/Book-Cover-Thumbnail-.png 1080w\" sizes=\"(max-width: 444px) 100vw, 444px\" \/>\t\t\t\t\t\t\t\t<\/a>\n\t\t\t\t\t\t\t\t\t\t\t<figcaption class=\"widget-image-caption wp-caption-text\">ORDER Silence [Sessizlik], edizione inglese<\/br>  *Spedizione negli Stati Uniti, Canada<\/figcaption>\n\t\t\t\t\t\t\t\t\t\t<\/figure>\n\t\t\t\t\t\t\t\t\t<\/div>\n\t\t\t\t<\/div>\n\t\t\t\t\t<\/div>\n\t\t<\/div>\n\t\t\t\t<div class=\"elementor-column elementor-col-50 elementor-top-column elementor-element elementor-element-366b45e\" data-id=\"366b45e\" data-element_type=\"column\" data-e-type=\"column\">\n\t\t\t<div class=\"elementor-widget-wrap elementor-element-populated\">\n\t\t\t\t\t\t<div class=\"elementor-element elementor-element-a0fbfe2 elementor-widget elementor-widget-image\" data-id=\"a0fbfe2\" data-element_type=\"widget\" data-e-type=\"widget\" data-widget_type=\"image.default\">\n\t\t\t\t<div class=\"elementor-widget-container\">\n\t\t\t\t\t\t\t\t\t\t\t\t<figure class=\"wp-caption\">\n\t\t\t\t\t\t\t\t\t\t\t<a href=\"https:\/\/friendsofenginakyurek.org\/it\/2023-49\/\">\n\t\t\t\t\t\t\t<img decoding=\"async\" width=\"444\" height=\"444\" src=\"https:\/\/friendsofenginakyurek.org\/wp-content\/uploads\/2023\/03\/Heaven_Thumbnail-444x444.png\" class=\"elementor-animation-shrink attachment-maisha-staff-child-page-thumbnail size-maisha-staff-child-page-thumbnail wp-image-11435\" alt=\"\" srcset=\"https:\/\/friendsofenginakyurek.org\/wp-content\/uploads\/2023\/03\/Heaven_Thumbnail-444x444.png 444w, https:\/\/friendsofenginakyurek.org\/wp-content\/uploads\/2023\/03\/Heaven_Thumbnail-300x300.png 300w, https:\/\/friendsofenginakyurek.org\/wp-content\/uploads\/2023\/03\/Heaven_Thumbnail-1024x1024.png 1024w, https:\/\/friendsofenginakyurek.org\/wp-content\/uploads\/2023\/03\/Heaven_Thumbnail-150x150.png 150w, https:\/\/friendsofenginakyurek.org\/wp-content\/uploads\/2023\/03\/Heaven_Thumbnail-768x768.png 768w, https:\/\/friendsofenginakyurek.org\/wp-content\/uploads\/2023\/03\/Heaven_Thumbnail-12x12.png 12w, https:\/\/friendsofenginakyurek.org\/wp-content\/uploads\/2023\/03\/Heaven_Thumbnail-200x200.png 200w, https:\/\/friendsofenginakyurek.org\/wp-content\/uploads\/2023\/03\/Heaven_Thumbnail-547x547.png 547w, https:\/\/friendsofenginakyurek.org\/wp-content\/uploads\/2023\/03\/Heaven_Thumbnail-678x678.png 678w, https:\/\/friendsofenginakyurek.org\/wp-content\/uploads\/2023\/03\/Heaven_Thumbnail-524x524.png 524w, https:\/\/friendsofenginakyurek.org\/wp-content\/uploads\/2023\/03\/Heaven_Thumbnail-420x420.png 420w, https:\/\/friendsofenginakyurek.org\/wp-content\/uploads\/2023\/03\/Heaven_Thumbnail-916x916.png 916w, https:\/\/friendsofenginakyurek.org\/wp-content\/uploads\/2023\/03\/Heaven_Thumbnail-600x600.png 600w, https:\/\/friendsofenginakyurek.org\/wp-content\/uploads\/2023\/03\/Heaven_Thumbnail-100x100.png 100w, https:\/\/friendsofenginakyurek.org\/wp-content\/uploads\/2023\/03\/Heaven_Thumbnail-32x32.png 32w, https:\/\/friendsofenginakyurek.org\/wp-content\/uploads\/2023\/03\/Heaven_Thumbnail.png 1080w\" sizes=\"(max-width: 444px) 100vw, 444px\" \/>\t\t\t\t\t\t\t\t<\/a>\n\t\t\t\t\t\t\t\t\t\t\t<figcaption class=\"widget-image-caption wp-caption-text\">marzo \u2013 aprile 2023<\/figcaption>\n\t\t\t\t\t\t\t\t\t\t<\/figure>\n\t\t\t\t\t\t\t\t\t<\/div>\n\t\t\t\t<\/div>\n\t\t\t\t\t<\/div>\n\t\t<\/div>\n\t\t\t\t\t<\/div>\n\t\t<\/section>\n\t\t\t\t<section class=\"elementor-section elementor-top-section elementor-element elementor-element-e492b36 elementor-section-boxed elementor-section-height-default elementor-section-height-default\" data-id=\"e492b36\" data-element_type=\"section\" data-e-type=\"section\">\n\t\t\t\t\t\t<div class=\"elementor-container elementor-column-gap-default\">\n\t\t\t\t\t<div class=\"elementor-column elementor-col-50 elementor-top-column elementor-element elementor-element-3a46f72\" data-id=\"3a46f72\" data-element_type=\"column\" data-e-type=\"column\">\n\t\t\t<div class=\"elementor-widget-wrap elementor-element-populated\">\n\t\t\t\t\t\t<div class=\"elementor-element elementor-element-6f46b98 elementor-widget elementor-widget-image\" data-id=\"6f46b98\" data-element_type=\"widget\" data-e-type=\"widget\" data-widget_type=\"image.default\">\n\t\t\t\t<div class=\"elementor-widget-container\">\n\t\t\t\t\t\t\t\t\t\t\t\t<figure class=\"wp-caption\">\n\t\t\t\t\t\t\t\t\t\t\t<a href=\"https:\/\/friendsofenginakyurek.org\/it\/2023-48\/\">\n\t\t\t\t\t\t\t<img decoding=\"async\" width=\"444\" height=\"444\" src=\"https:\/\/friendsofenginakyurek.org\/wp-content\/uploads\/2023\/01\/48_New-Year-Thumbnail-444x444.png\" class=\"elementor-animation-shrink attachment-maisha-staff-child-page-thumbnail size-maisha-staff-child-page-thumbnail wp-image-10029\" alt=\"\" srcset=\"https:\/\/friendsofenginakyurek.org\/wp-content\/uploads\/2023\/01\/48_New-Year-Thumbnail-444x444.png 444w, https:\/\/friendsofenginakyurek.org\/wp-content\/uploads\/2023\/01\/48_New-Year-Thumbnail-300x300.png 300w, https:\/\/friendsofenginakyurek.org\/wp-content\/uploads\/2023\/01\/48_New-Year-Thumbnail-100x100.png 100w, https:\/\/friendsofenginakyurek.org\/wp-content\/uploads\/2023\/01\/48_New-Year-Thumbnail-600x600.png 600w, https:\/\/friendsofenginakyurek.org\/wp-content\/uploads\/2023\/01\/48_New-Year-Thumbnail-1024x1024.png 1024w, https:\/\/friendsofenginakyurek.org\/wp-content\/uploads\/2023\/01\/48_New-Year-Thumbnail-150x150.png 150w, https:\/\/friendsofenginakyurek.org\/wp-content\/uploads\/2023\/01\/48_New-Year-Thumbnail-768x768.png 768w, https:\/\/friendsofenginakyurek.org\/wp-content\/uploads\/2023\/01\/48_New-Year-Thumbnail-12x12.png 12w, https:\/\/friendsofenginakyurek.org\/wp-content\/uploads\/2023\/01\/48_New-Year-Thumbnail-200x200.png 200w, https:\/\/friendsofenginakyurek.org\/wp-content\/uploads\/2023\/01\/48_New-Year-Thumbnail-547x547.png 547w, https:\/\/friendsofenginakyurek.org\/wp-content\/uploads\/2023\/01\/48_New-Year-Thumbnail-678x678.png 678w, https:\/\/friendsofenginakyurek.org\/wp-content\/uploads\/2023\/01\/48_New-Year-Thumbnail-524x524.png 524w, https:\/\/friendsofenginakyurek.org\/wp-content\/uploads\/2023\/01\/48_New-Year-Thumbnail-420x420.png 420w, https:\/\/friendsofenginakyurek.org\/wp-content\/uploads\/2023\/01\/48_New-Year-Thumbnail-916x916.png 916w, https:\/\/friendsofenginakyurek.org\/wp-content\/uploads\/2023\/01\/48_New-Year-Thumbnail.png 1080w\" sizes=\"(max-width: 444px) 100vw, 444px\" \/>\t\t\t\t\t\t\t\t<\/a>\n\t\t\t\t\t\t\t\t\t\t\t<figcaption class=\"widget-image-caption wp-caption-text\">gennaio \u2013 febbraio 2023<\/figcaption>\n\t\t\t\t\t\t\t\t\t\t<\/figure>\n\t\t\t\t\t\t\t\t\t<\/div>\n\t\t\t\t<\/div>\n\t\t\t\t\t<\/div>\n\t\t<\/div>\n\t\t\t\t<div class=\"elementor-column elementor-col-50 elementor-top-column elementor-element elementor-element-caee5b3\" data-id=\"caee5b3\" data-element_type=\"column\" data-e-type=\"column\">\n\t\t\t<div class=\"elementor-widget-wrap elementor-element-populated\">\n\t\t\t\t\t\t<div class=\"elementor-element elementor-element-32ce22b elementor-widget elementor-widget-image\" data-id=\"32ce22b\" data-element_type=\"widget\" data-e-type=\"widget\" data-widget_type=\"image.default\">\n\t\t\t\t<div class=\"elementor-widget-container\">\n\t\t\t\t\t\t\t\t\t\t\t\t<figure class=\"wp-caption\">\n\t\t\t\t\t\t\t\t\t\t\t<a href=\"https:\/\/friendsofenginakyurek.org\/it\/2022-47\/\">\n\t\t\t\t\t\t\t<img loading=\"lazy\" decoding=\"async\" width=\"444\" height=\"444\" src=\"https:\/\/friendsofenginakyurek.org\/wp-content\/uploads\/2022\/11\/AFE40019-1308-45C3-B610-87C0B835E727-444x444.png\" class=\"elementor-animation-shrink attachment-maisha-staff-child-page-thumbnail size-maisha-staff-child-page-thumbnail wp-image-8980\" alt=\"\" srcset=\"https:\/\/friendsofenginakyurek.org\/wp-content\/uploads\/2022\/11\/AFE40019-1308-45C3-B610-87C0B835E727-444x444.png 444w, https:\/\/friendsofenginakyurek.org\/wp-content\/uploads\/2022\/11\/AFE40019-1308-45C3-B610-87C0B835E727-300x300.png 300w, https:\/\/friendsofenginakyurek.org\/wp-content\/uploads\/2022\/11\/AFE40019-1308-45C3-B610-87C0B835E727-100x100.png 100w, https:\/\/friendsofenginakyurek.org\/wp-content\/uploads\/2022\/11\/AFE40019-1308-45C3-B610-87C0B835E727-600x600.png 600w, https:\/\/friendsofenginakyurek.org\/wp-content\/uploads\/2022\/11\/AFE40019-1308-45C3-B610-87C0B835E727-1024x1024.png 1024w, https:\/\/friendsofenginakyurek.org\/wp-content\/uploads\/2022\/11\/AFE40019-1308-45C3-B610-87C0B835E727-150x150.png 150w, https:\/\/friendsofenginakyurek.org\/wp-content\/uploads\/2022\/11\/AFE40019-1308-45C3-B610-87C0B835E727-768x768.png 768w, https:\/\/friendsofenginakyurek.org\/wp-content\/uploads\/2022\/11\/AFE40019-1308-45C3-B610-87C0B835E727-12x12.png 12w, https:\/\/friendsofenginakyurek.org\/wp-content\/uploads\/2022\/11\/AFE40019-1308-45C3-B610-87C0B835E727-200x200.png 200w, https:\/\/friendsofenginakyurek.org\/wp-content\/uploads\/2022\/11\/AFE40019-1308-45C3-B610-87C0B835E727-547x547.png 547w, https:\/\/friendsofenginakyurek.org\/wp-content\/uploads\/2022\/11\/AFE40019-1308-45C3-B610-87C0B835E727-678x678.png 678w, https:\/\/friendsofenginakyurek.org\/wp-content\/uploads\/2022\/11\/AFE40019-1308-45C3-B610-87C0B835E727-524x524.png 524w, https:\/\/friendsofenginakyurek.org\/wp-content\/uploads\/2022\/11\/AFE40019-1308-45C3-B610-87C0B835E727-420x420.png 420w, https:\/\/friendsofenginakyurek.org\/wp-content\/uploads\/2022\/11\/AFE40019-1308-45C3-B610-87C0B835E727-916x916.png 916w, https:\/\/friendsofenginakyurek.org\/wp-content\/uploads\/2022\/11\/AFE40019-1308-45C3-B610-87C0B835E727.png 1080w\" sizes=\"(max-width: 444px) 100vw, 444px\" \/>\t\t\t\t\t\t\t\t<\/a>\n\t\t\t\t\t\t\t\t\t\t\t<figcaption class=\"widget-image-caption wp-caption-text\">novembre \u2013 dicembre 2022<\/figcaption>\n\t\t\t\t\t\t\t\t\t\t<\/figure>\n\t\t\t\t\t\t\t\t\t<\/div>\n\t\t\t\t<\/div>\n\t\t\t\t\t<\/div>\n\t\t<\/div>\n\t\t\t\t\t<\/div>\n\t\t<\/section>\n\t\t\t\t<section class=\"elementor-section elementor-top-section elementor-element elementor-element-a1d5382 elementor-section-boxed elementor-section-height-default elementor-section-height-default\" data-id=\"a1d5382\" data-element_type=\"section\" data-e-type=\"section\">\n\t\t\t\t\t\t<div class=\"elementor-container elementor-column-gap-default\">\n\t\t\t\t\t<div class=\"elementor-column elementor-col-50 elementor-top-column elementor-element elementor-element-173787d\" data-id=\"173787d\" data-element_type=\"column\" data-e-type=\"column\">\n\t\t\t<div class=\"elementor-widget-wrap elementor-element-populated\">\n\t\t\t\t\t\t<div class=\"elementor-element elementor-element-2d85d41 elementor-widget elementor-widget-image\" data-id=\"2d85d41\" data-element_type=\"widget\" data-e-type=\"widget\" data-widget_type=\"image.default\">\n\t\t\t\t<div class=\"elementor-widget-container\">\n\t\t\t\t\t\t\t\t\t\t\t\t<figure class=\"wp-caption\">\n\t\t\t\t\t\t\t\t\t\t\t<a href=\"https:\/\/friendsofenginakyurek.org\/it\/2022-46\/\">\n\t\t\t\t\t\t\t<img loading=\"lazy\" decoding=\"async\" width=\"444\" height=\"444\" src=\"https:\/\/friendsofenginakyurek.org\/wp-content\/uploads\/2022\/11\/89CF3E4F-9D15-4F76-BA2A-9360B4125BB9-444x444.png\" class=\"elementor-animation-shrink attachment-maisha-staff-child-page-thumbnail size-maisha-staff-child-page-thumbnail wp-image-8979\" alt=\"\" srcset=\"https:\/\/friendsofenginakyurek.org\/wp-content\/uploads\/2022\/11\/89CF3E4F-9D15-4F76-BA2A-9360B4125BB9-444x444.png 444w, https:\/\/friendsofenginakyurek.org\/wp-content\/uploads\/2022\/11\/89CF3E4F-9D15-4F76-BA2A-9360B4125BB9-300x300.png 300w, https:\/\/friendsofenginakyurek.org\/wp-content\/uploads\/2022\/11\/89CF3E4F-9D15-4F76-BA2A-9360B4125BB9-100x100.png 100w, https:\/\/friendsofenginakyurek.org\/wp-content\/uploads\/2022\/11\/89CF3E4F-9D15-4F76-BA2A-9360B4125BB9-600x600.png 600w, https:\/\/friendsofenginakyurek.org\/wp-content\/uploads\/2022\/11\/89CF3E4F-9D15-4F76-BA2A-9360B4125BB9-1024x1024.png 1024w, https:\/\/friendsofenginakyurek.org\/wp-content\/uploads\/2022\/11\/89CF3E4F-9D15-4F76-BA2A-9360B4125BB9-150x150.png 150w, https:\/\/friendsofenginakyurek.org\/wp-content\/uploads\/2022\/11\/89CF3E4F-9D15-4F76-BA2A-9360B4125BB9-768x768.png 768w, https:\/\/friendsofenginakyurek.org\/wp-content\/uploads\/2022\/11\/89CF3E4F-9D15-4F76-BA2A-9360B4125BB9-12x12.png 12w, https:\/\/friendsofenginakyurek.org\/wp-content\/uploads\/2022\/11\/89CF3E4F-9D15-4F76-BA2A-9360B4125BB9-200x200.png 200w, https:\/\/friendsofenginakyurek.org\/wp-content\/uploads\/2022\/11\/89CF3E4F-9D15-4F76-BA2A-9360B4125BB9-547x547.png 547w, https:\/\/friendsofenginakyurek.org\/wp-content\/uploads\/2022\/11\/89CF3E4F-9D15-4F76-BA2A-9360B4125BB9-678x678.png 678w, https:\/\/friendsofenginakyurek.org\/wp-content\/uploads\/2022\/11\/89CF3E4F-9D15-4F76-BA2A-9360B4125BB9-524x524.png 524w, https:\/\/friendsofenginakyurek.org\/wp-content\/uploads\/2022\/11\/89CF3E4F-9D15-4F76-BA2A-9360B4125BB9-420x420.png 420w, https:\/\/friendsofenginakyurek.org\/wp-content\/uploads\/2022\/11\/89CF3E4F-9D15-4F76-BA2A-9360B4125BB9-916x916.png 916w, https:\/\/friendsofenginakyurek.org\/wp-content\/uploads\/2022\/11\/89CF3E4F-9D15-4F76-BA2A-9360B4125BB9.png 1080w\" sizes=\"(max-width: 444px) 100vw, 444px\" \/>\t\t\t\t\t\t\t\t<\/a>\n\t\t\t\t\t\t\t\t\t\t\t<figcaption class=\"widget-image-caption wp-caption-text\">settembre \u2013 ottobre 2022 <\/figcaption>\n\t\t\t\t\t\t\t\t\t\t<\/figure>\n\t\t\t\t\t\t\t\t\t<\/div>\n\t\t\t\t<\/div>\n\t\t\t\t\t<\/div>\n\t\t<\/div>\n\t\t\t\t<div class=\"elementor-column elementor-col-50 elementor-top-column elementor-element elementor-element-01bd498\" data-id=\"01bd498\" data-element_type=\"column\" data-e-type=\"column\">\n\t\t\t<div class=\"elementor-widget-wrap elementor-element-populated\">\n\t\t\t\t\t\t<div class=\"elementor-element elementor-element-2b644b5 elementor-widget elementor-widget-image\" data-id=\"2b644b5\" data-element_type=\"widget\" data-e-type=\"widget\" data-widget_type=\"image.default\">\n\t\t\t\t<div class=\"elementor-widget-container\">\n\t\t\t\t\t\t\t\t\t\t\t\t<figure class=\"wp-caption\">\n\t\t\t\t\t\t\t\t\t\t\t<a href=\"#\">\n\t\t\t\t\t\t\t<img loading=\"lazy\" decoding=\"async\" width=\"444\" height=\"444\" src=\"https:\/\/friendsofenginakyurek.org\/wp-content\/uploads\/2022\/11\/38F8C45C-FCE8-4DA5-B125-6C15AC363B39-444x444.png\" class=\"elementor-animation-shrink attachment-maisha-staff-child-page-thumbnail size-maisha-staff-child-page-thumbnail wp-image-9063\" alt=\"\" srcset=\"https:\/\/friendsofenginakyurek.org\/wp-content\/uploads\/2022\/11\/38F8C45C-FCE8-4DA5-B125-6C15AC363B39-444x444.png 444w, https:\/\/friendsofenginakyurek.org\/wp-content\/uploads\/2022\/11\/38F8C45C-FCE8-4DA5-B125-6C15AC363B39-300x300.png 300w, https:\/\/friendsofenginakyurek.org\/wp-content\/uploads\/2022\/11\/38F8C45C-FCE8-4DA5-B125-6C15AC363B39-100x100.png 100w, https:\/\/friendsofenginakyurek.org\/wp-content\/uploads\/2022\/11\/38F8C45C-FCE8-4DA5-B125-6C15AC363B39-600x600.png 600w, https:\/\/friendsofenginakyurek.org\/wp-content\/uploads\/2022\/11\/38F8C45C-FCE8-4DA5-B125-6C15AC363B39-1024x1024.png 1024w, https:\/\/friendsofenginakyurek.org\/wp-content\/uploads\/2022\/11\/38F8C45C-FCE8-4DA5-B125-6C15AC363B39-150x150.png 150w, https:\/\/friendsofenginakyurek.org\/wp-content\/uploads\/2022\/11\/38F8C45C-FCE8-4DA5-B125-6C15AC363B39-768x768.png 768w, https:\/\/friendsofenginakyurek.org\/wp-content\/uploads\/2022\/11\/38F8C45C-FCE8-4DA5-B125-6C15AC363B39-12x12.png 12w, https:\/\/friendsofenginakyurek.org\/wp-content\/uploads\/2022\/11\/38F8C45C-FCE8-4DA5-B125-6C15AC363B39-200x200.png 200w, https:\/\/friendsofenginakyurek.org\/wp-content\/uploads\/2022\/11\/38F8C45C-FCE8-4DA5-B125-6C15AC363B39-547x547.png 547w, https:\/\/friendsofenginakyurek.org\/wp-content\/uploads\/2022\/11\/38F8C45C-FCE8-4DA5-B125-6C15AC363B39-678x678.png 678w, https:\/\/friendsofenginakyurek.org\/wp-content\/uploads\/2022\/11\/38F8C45C-FCE8-4DA5-B125-6C15AC363B39-524x524.png 524w, https:\/\/friendsofenginakyurek.org\/wp-content\/uploads\/2022\/11\/38F8C45C-FCE8-4DA5-B125-6C15AC363B39-420x420.png 420w, https:\/\/friendsofenginakyurek.org\/wp-content\/uploads\/2022\/11\/38F8C45C-FCE8-4DA5-B125-6C15AC363B39-916x916.png 916w, https:\/\/friendsofenginakyurek.org\/wp-content\/uploads\/2022\/11\/38F8C45C-FCE8-4DA5-B125-6C15AC363B39.png 1080w\" sizes=\"(max-width: 444px) 100vw, 444px\" \/>\t\t\t\t\t\t\t\t<\/a>\n\t\t\t\t\t\t\t\t\t\t\t<figcaption class=\"widget-image-caption wp-caption-text\"><\/figcaption>\n\t\t\t\t\t\t\t\t\t\t<\/figure>\n\t\t\t\t\t\t\t\t\t<\/div>\n\t\t\t\t<\/div>\n\t\t\t\t\t<\/div>\n\t\t<\/div>\n\t\t\t\t\t<\/div>\n\t\t<\/section>\n\t\t\t\t<section class=\"elementor-section elementor-top-section elementor-element elementor-element-77a8c8f elementor-section-boxed elementor-section-height-default elementor-section-height-default\" data-id=\"77a8c8f\" data-element_type=\"section\" data-e-type=\"section\">\n\t\t\t\t\t\t<div class=\"elementor-container elementor-column-gap-default\">\n\t\t\t\t\t<div class=\"elementor-column elementor-col-100 elementor-top-column elementor-element elementor-element-5c7b529\" data-id=\"5c7b529\" data-element_type=\"column\" data-e-type=\"column\">\n\t\t\t<div class=\"elementor-widget-wrap elementor-element-populated\">\n\t\t\t\t\t\t<div class=\"elementor-element elementor-element-0e877c4 elementor-widget elementor-widget-heading\" data-id=\"0e877c4\" data-element_type=\"widget\" data-e-type=\"widget\" data-widget_type=\"heading.default\">\n\t\t\t\t<div class=\"elementor-widget-container\">\n\t\t\t\t\t<h2 class=\"elementor-heading-title elementor-size-default\"><a href=\"https:\/\/friendsofenginakyurek.org\/it\/publications\/\">TORNA ALLE PUBBLICAZIONI<\/a><\/h2>\t\t\t\t<\/div>\n\t\t\t\t<\/div>\n\t\t\t\t\t<\/div>\n\t\t<\/div>\n\t\t\t\t\t<\/div>\n\t\t<\/section>\n\t\t\t\t<\/div>","protected":false},"excerpt":{"rendered":"<p>Storyteller attraverso la &quot;lente&quot; delle penne degli scrittori Racconti brevi scritti da Engin Aky\u00fcrek, pubblicati sulla rivista \u00a9Kafas\u0131na G\u00f6re e tradotti professionalmente con cura e precisione in inglese e altre lingue (quando possibile). Friends of Engin Aky\u00fcrek non assume n\u00e9 rivendica la propriet\u00e0 del copyright dei materiali pubblicati, salvo diversa indicazione. Le informazioni sul detentore del copyright originale sono pubblicate su \u2026 <a href=\"https:\/\/friendsofenginakyurek.org\/it\/storyteller\/\" class=\"more-link\">Continua a leggere <span class=\"screen-reader-text\">Narratore<\/span><\/a><\/p>","protected":false},"author":1,"featured_media":11009,"parent":0,"menu_order":0,"comment_status":"closed","ping_status":"closed","template":"elementor_header_footer","meta":{"footnotes":""},"class_list":["post-8953","page","type-page","status-publish","has-post-thumbnail","hentry"],"jetpack_sharing_enabled":true,"_links":{"self":[{"href":"https:\/\/friendsofenginakyurek.org\/it\/wp-json\/wp\/v2\/pages\/8953","targetHints":{"allow":["GET"]}}],"collection":[{"href":"https:\/\/friendsofenginakyurek.org\/it\/wp-json\/wp\/v2\/pages"}],"about":[{"href":"https:\/\/friendsofenginakyurek.org\/it\/wp-json\/wp\/v2\/types\/page"}],"author":[{"embeddable":true,"href":"https:\/\/friendsofenginakyurek.org\/it\/wp-json\/wp\/v2\/users\/1"}],"replies":[{"embeddable":true,"href":"https:\/\/friendsofenginakyurek.org\/it\/wp-json\/wp\/v2\/comments?post=8953"}],"version-history":[{"count":131,"href":"https:\/\/friendsofenginakyurek.org\/it\/wp-json\/wp\/v2\/pages\/8953\/revisions"}],"predecessor-version":[{"id":11617,"href":"https:\/\/friendsofenginakyurek.org\/it\/wp-json\/wp\/v2\/pages\/8953\/revisions\/11617"}],"wp:featuredmedia":[{"embeddable":true,"href":"https:\/\/friendsofenginakyurek.org\/it\/wp-json\/wp\/v2\/media\/11009"}],"wp:attachment":[{"href":"https:\/\/friendsofenginakyurek.org\/it\/wp-json\/wp\/v2\/media?parent=8953"}],"curies":[{"name":"parola chiave","href":"https:\/\/api.w.org\/{rel}","templated":true}]}}