{"id":9633,"date":"2022-12-15T23:12:15","date_gmt":"2022-12-15T23:12:15","guid":{"rendered":"https:\/\/friendsofenginakyurek.org\/?page_id=9633"},"modified":"2022-12-16T00:55:46","modified_gmt":"2022-12-16T00:55:46","slug":"values","status":"publish","type":"page","link":"https:\/\/friendsofenginakyurek.org\/it\/values\/","title":{"rendered":"I VALORI"},"content":{"rendered":"<div data-elementor-type=\"wp-page\" data-elementor-id=\"9633\" class=\"elementor elementor-9633\" data-elementor-post-type=\"page\">\n\t\t\t\t\t\t<section class=\"elementor-section elementor-top-section elementor-element elementor-element-3da47d5 elementor-section-height-min-height elementor-section-content-middle elementor-section-boxed elementor-section-height-default elementor-section-items-middle\" data-id=\"3da47d5\" data-element_type=\"section\" data-e-type=\"section\" data-settings=\"{&quot;background_background&quot;:&quot;classic&quot;}\">\n\t\t\t\t\t\t\t<div class=\"elementor-background-overlay\"><\/div>\n\t\t\t\t\t\t\t<div class=\"elementor-container elementor-column-gap-no\">\n\t\t\t\t\t<div class=\"elementor-column elementor-col-100 elementor-top-column elementor-element elementor-element-820d02d\" data-id=\"820d02d\" data-element_type=\"column\" data-e-type=\"column\">\n\t\t\t<div class=\"elementor-widget-wrap elementor-element-populated\">\n\t\t\t\t\t\t<div class=\"elementor-element elementor-element-b1952c1 elementor-widget elementor-widget-heading\" data-id=\"b1952c1\" data-element_type=\"widget\" data-e-type=\"widget\" data-widget_type=\"heading.default\">\n\t\t\t\t<div class=\"elementor-widget-container\">\n\t\t\t\t\t<h2 class=\"elementor-heading-title elementor-size-default\">I valori<\/h2>\t\t\t\t<\/div>\n\t\t\t\t<\/div>\n\t\t\t\t\t<\/div>\n\t\t<\/div>\n\t\t\t\t\t<\/div>\n\t\t<\/section>\n\t\t\t\t<section class=\"elementor-section elementor-top-section elementor-element elementor-element-8a75565 elementor-section-boxed elementor-section-height-default elementor-section-height-default\" data-id=\"8a75565\" data-element_type=\"section\" data-e-type=\"section\">\n\t\t\t\t\t\t<div class=\"elementor-container elementor-column-gap-default\">\n\t\t\t\t\t<div class=\"elementor-column elementor-col-100 elementor-top-column elementor-element elementor-element-fa27200\" data-id=\"fa27200\" data-element_type=\"column\" data-e-type=\"column\">\n\t\t\t<div class=\"elementor-widget-wrap elementor-element-populated\">\n\t\t\t\t\t\t<div class=\"elementor-element elementor-element-4d04787 elementor-widget elementor-widget-heading\" data-id=\"4d04787\" data-element_type=\"widget\" data-e-type=\"widget\" data-widget_type=\"heading.default\">\n\t\t\t\t<div class=\"elementor-widget-container\">\n\t\t\t\t\t<h2 class=\"elementor-heading-title elementor-size-default\">I nostri valori<\/h2>\t\t\t\t<\/div>\n\t\t\t\t<\/div>\n\t\t\t\t<div class=\"elementor-element elementor-element-9d16585 elementor-widget-divider--view-line elementor-widget elementor-widget-divider\" data-id=\"9d16585\" data-element_type=\"widget\" data-e-type=\"widget\" data-widget_type=\"divider.default\">\n\t\t\t\t<div class=\"elementor-widget-container\">\n\t\t\t\t\t\t\t<div class=\"elementor-divider\">\n\t\t\t<span class=\"elementor-divider-separator\">\n\t\t\t\t\t\t<\/span>\n\t\t<\/div>\n\t\t\t\t\t\t<\/div>\n\t\t\t\t<\/div>\n\t\t\t\t\t<\/div>\n\t\t<\/div>\n\t\t\t\t\t<\/div>\n\t\t<\/section>\n\t\t\t\t<section class=\"elementor-section elementor-top-section elementor-element elementor-element-0ae16e8 elementor-section-boxed elementor-section-height-default elementor-section-height-default\" data-id=\"0ae16e8\" data-element_type=\"section\" data-e-type=\"section\">\n\t\t\t\t\t\t<div class=\"elementor-container elementor-column-gap-default\">\n\t\t\t\t\t<div class=\"elementor-column elementor-col-100 elementor-top-column elementor-element elementor-element-4edaa14\" data-id=\"4edaa14\" data-element_type=\"column\" data-e-type=\"column\">\n\t\t\t<div class=\"elementor-widget-wrap elementor-element-populated\">\n\t\t\t\t\t\t<div class=\"elementor-element elementor-element-f157316 elementor-widget elementor-widget-heading\" data-id=\"f157316\" data-element_type=\"widget\" data-e-type=\"widget\" data-widget_type=\"heading.default\">\n\t\t\t\t<div class=\"elementor-widget-container\">\n\t\t\t\t\t<h1 class=\"elementor-heading-title elementor-size-default\">VALORI: L&#039;aspetto pi\u00f9 prezioso del nostro trucco \u00e8 ci\u00f2 di cui siamo fatti e il nostro sistema di valori segue le venerabili orme di Engin Aky\u00fcrek.<\/h1>\t\t\t\t<\/div>\n\t\t\t\t<\/div>\n\t\t\t\t\t<\/div>\n\t\t<\/div>\n\t\t\t\t\t<\/div>\n\t\t<\/section>\n\t\t\t\t<section class=\"elementor-section elementor-top-section elementor-element elementor-element-66a50ad elementor-section-boxed elementor-section-height-default elementor-section-height-default\" data-id=\"66a50ad\" data-element_type=\"section\" data-e-type=\"section\">\n\t\t\t\t\t\t<div class=\"elementor-container elementor-column-gap-default\">\n\t\t\t\t\t<div class=\"elementor-column elementor-col-50 elementor-top-column elementor-element elementor-element-1366b3b\" data-id=\"1366b3b\" data-element_type=\"column\" data-e-type=\"column\">\n\t\t\t<div class=\"elementor-widget-wrap elementor-element-populated\">\n\t\t\t\t\t\t<div class=\"elementor-element elementor-element-8735160 elementor-widget elementor-widget-image\" data-id=\"8735160\" data-element_type=\"widget\" data-e-type=\"widget\" data-widget_type=\"image.default\">\n\t\t\t\t<div class=\"elementor-widget-container\">\n\t\t\t\t\t\t\t\t\t\t\t\t\t\t\t<img decoding=\"async\" src=\"https:\/\/friendsofenginakyurek.org\/wp-content\/uploads\/elementor\/thumbs\/FEA-VALUES_Instagram-Post--rb58b18ojpd5hq4wtuxiyar32q4t0l5lr46uexofao.png\" title=\"FEA VALUES_Instagram Post\" alt=\"FEA VALUES_Instagram Post\" loading=\"lazy\" \/>\t\t\t\t\t\t\t\t\t\t\t\t\t\t\t<\/div>\n\t\t\t\t<\/div>\n\t\t\t\t\t<\/div>\n\t\t<\/div>\n\t\t\t\t<div class=\"elementor-column elementor-col-50 elementor-top-column elementor-element elementor-element-363c600\" data-id=\"363c600\" data-element_type=\"column\" data-e-type=\"column\">\n\t\t\t<div class=\"elementor-widget-wrap elementor-element-populated\">\n\t\t\t\t\t\t<div class=\"elementor-element elementor-element-838ce8f elementor-widget elementor-widget-text-editor\" data-id=\"838ce8f\" data-element_type=\"widget\" data-e-type=\"widget\" data-widget_type=\"text-editor.default\">\n\t\t\t\t<div class=\"elementor-widget-container\">\n\t\t\t\t\t\t\t\t\tIL NOSTRO MODO DI VITA\t\t\t\t\t\t\t\t<\/div>\n\t\t\t\t<\/div>\n\t\t\t\t<div class=\"elementor-element elementor-element-052c9e0 elementor-widget elementor-widget-text-editor\" data-id=\"052c9e0\" data-element_type=\"widget\" data-e-type=\"widget\" data-widget_type=\"text-editor.default\">\n\t\t\t\t<div class=\"elementor-widget-container\">\n\t\t\t\t\t\t\t\t\t<ul style=\"list-style-type:square;\">\n<li>Trattare tutte le persone con RISPETTO e GENTILEZZA<br>\n<li>Agire con INTEGRIT\u00c0, SINCERIT\u00c0 e rettitudine<br>\n<li>Scegliendo GENEROSIT\u00c0, empatia e PACE come stili di vita<br>\n<li>Mostrando i principi del lavoro di squadra, onest\u00e0 e perseveranza<br>\n<li>Celebrare la diversit\u00e0 e NUTRURING la comunit\u00e0<br>\t\t\t\t\t\t\t\t<\/div>\n\t\t\t\t<\/div>\n\t\t\t\t\t<\/div>\n\t\t<\/div>\n\t\t\t\t\t<\/div>\n\t\t<\/section>\n\t\t\t\t<section class=\"elementor-section elementor-top-section elementor-element elementor-element-27ac48a elementor-section-boxed elementor-section-height-default elementor-section-height-default\" data-id=\"27ac48a\" data-element_type=\"section\" data-e-type=\"section\">\n\t\t\t\t\t\t<div class=\"elementor-container elementor-column-gap-default\">\n\t\t\t\t\t<div class=\"elementor-column elementor-col-100 elementor-top-column elementor-element elementor-element-4566d94\" data-id=\"4566d94\" data-element_type=\"column\" data-e-type=\"column\">\n\t\t\t<div class=\"elementor-widget-wrap elementor-element-populated\">\n\t\t\t\t\t\t<div class=\"elementor-element elementor-element-3b7150b elementor-widget elementor-widget-heading\" data-id=\"3b7150b\" data-element_type=\"widget\" data-e-type=\"widget\" data-widget_type=\"heading.default\">\n\t\t\t\t<div class=\"elementor-widget-container\">\n\t\t\t\t\t<h2 class=\"elementor-heading-title elementor-size-default\"><a href=\"https:\/\/friendsofenginakyurek.org\/it\/about\/\">TORNA A CHI SIAMO<\/a><\/h2>\t\t\t\t<\/div>\n\t\t\t\t<\/div>\n\t\t\t\t\t<\/div>\n\t\t<\/div>\n\t\t\t\t\t<\/div>\n\t\t<\/section>\n\t\t\t\t<\/div>","protected":false},"excerpt":{"rendered":"<p>Valori I nostri valori VALORI: L&#039;aspetto pi\u00f9 prezioso della nostra costituzione \u00e8 ci\u00f2 di cui siamo fatti e il nostro sistema di valori segue le venerabili orme di Engin Aky\u00fcrek. IL NOSTRO STILE DI VITA Trattare tutte le persone con RISPETTO e GENTILEZZA Agire con INTEGRIT\u00c0, SINCERIT\u00c0 e rettitudine Scegliere GENEROSIT\u00c0, empatia e PACE come stili di vita \u2026 <a href=\"https:\/\/friendsofenginakyurek.org\/it\/values\/\" class=\"more-link\">Continua a leggere <span class=\"screen-reader-text\">I VALORI<\/span><\/a><\/p>","protected":false},"author":1,"featured_media":4684,"parent":0,"menu_order":0,"comment_status":"closed","ping_status":"closed","template":"elementor_header_footer","meta":{"footnotes":""},"class_list":["post-9633","page","type-page","status-publish","has-post-thumbnail","hentry"],"jetpack_sharing_enabled":true,"_links":{"self":[{"href":"https:\/\/friendsofenginakyurek.org\/it\/wp-json\/wp\/v2\/pages\/9633","targetHints":{"allow":["GET"]}}],"collection":[{"href":"https:\/\/friendsofenginakyurek.org\/it\/wp-json\/wp\/v2\/pages"}],"about":[{"href":"https:\/\/friendsofenginakyurek.org\/it\/wp-json\/wp\/v2\/types\/page"}],"author":[{"embeddable":true,"href":"https:\/\/friendsofenginakyurek.org\/it\/wp-json\/wp\/v2\/users\/1"}],"replies":[{"embeddable":true,"href":"https:\/\/friendsofenginakyurek.org\/it\/wp-json\/wp\/v2\/comments?post=9633"}],"version-history":[{"count":32,"href":"https:\/\/friendsofenginakyurek.org\/it\/wp-json\/wp\/v2\/pages\/9633\/revisions"}],"predecessor-version":[{"id":9695,"href":"https:\/\/friendsofenginakyurek.org\/it\/wp-json\/wp\/v2\/pages\/9633\/revisions\/9695"}],"wp:featuredmedia":[{"embeddable":true,"href":"https:\/\/friendsofenginakyurek.org\/it\/wp-json\/wp\/v2\/media\/4684"}],"wp:attachment":[{"href":"https:\/\/friendsofenginakyurek.org\/it\/wp-json\/wp\/v2\/media?parent=9633"}],"curies":[{"name":"parola chiave","href":"https:\/\/api.w.org\/{rel}","templated":true}]}}