{"id":1177,"date":"2015-04-20T08:10:04","date_gmt":"2015-04-20T08:10:04","guid":{"rendered":"http:\/\/www.anarieldesign.com\/themedemos\/maisha\/?page_id=40"},"modified":"2022-10-15T16:49:41","modified_gmt":"2022-10-15T16:49:41","slug":"slide-in-panel","status":"publish","type":"page","link":"https:\/\/friendsofenginakyurek.org\/pt\/home\/slide-in-panel\/","title":{"rendered":"Painel deslizante"},"content":{"rendered":"<h2>Obrigado por sua visita ao nosso site!<\/h2>\r\n<p>Obrigado pela visita ao nosso site! Se chegou at\u00e9 aqui, ent\u00e3o \u00e9 sem d\u00favida um amigo de Engin Aky\u00fcrek e est\u00e1 interessado em saber mais sobre o seu impacto na comunidade global. Convidamo-lo a ver este v\u00eddeo sobre o Sr. Aky\u00fcrek e o seu trabalho humanit\u00e1rio. Agradecemos o seu apoio!<\/p>\r\n<p><a class=\"button\" href=\"https:\/\/www.youtube.com\/watch?v=m_xC5kKjXAE&amp;t=18s\" target=\"_blank\" rel=\"noopener\">FRIENDS OF ENG\u0130N AKY\u00dcREK youtube<\/a><\/p>\r\n\r\n<figure class=\"wp-block-image size-large\"><a href=\"https:\/\/www.youtube.com\/watch?v=m_xC5kKjXAE&amp;t=18s\" target=\"_blank\" rel=\"noopener\"><img fetchpriority=\"high\" decoding=\"async\" class=\"alignnone wp-image-4755\" src=\"https:\/\/friendsofenginakyurek.org\/wp-content\/uploads\/2022\/09\/B9A92686-1B29-41A0-B59F-D01B71C654AE.png\" alt=\"\" width=\"1280\" height=\"720\" \/><\/a><\/figure>\r\n\r\n<p style=\"font-weight: 400;\">MISS\u00c3O<\/p>\r\n<em>COMO SERVIMOS<\/em>\r\n<ul>\r\n<li style=\"font-weight: 400;\">Angariar fundos para crian\u00e7as, mulheres e fam\u00edlias turcas vulner\u00e1veis<\/li>\r\n<li style=\"font-weight: 400;\">Promover os projectos de car\u00e1cter humanit\u00e1rio de Engin Aky\u00fcrek<\/li>\r\n<li style=\"font-weight: 400;\">Realizar eventos especiais, campanhas de angaria\u00e7\u00e3o de fundos e projectos<\/li>\r\n<li style=\"font-weight: 400;\">Aumentar a sensibiliza\u00e7\u00e3o para as quest\u00f5es sociais<\/li>\r\n<li style=\"font-weight: 400;\">Destacar o trabalho caritativo dos apoiantes de Engin Aky\u00fcrek<\/li>\r\n<\/ul>\r\n<p style=\"font-weight: 400;\">VALORES<\/p>\r\n<em>O NOSSO MODO DE VIDA<\/em>\r\n<ul>\r\n<li style=\"font-weight: 400;\">RESPEITO e CONFIAN\u00c7A<\/li>\r\n<li style=\"font-weight: 400;\">INTEGRIDADE, SINCERIDADE e rectid\u00e3o<\/li>\r\n<li style=\"font-weight: 400;\">GENEROSIDADE, empatia e PAZ<\/li>\r\n<li style=\"font-weight: 400;\">Trabalho de equipa, HONESTIDADE e perseveran\u00e7a<\/li>\r\n<li style=\"font-weight: 400;\">NUTRIR a comunidade<\/li>\r\n<\/ul>","protected":false},"excerpt":{"rendered":"<p>Thank you for your visit to our site! Thank you for your visit to our site! If you have reached our home here, then you are undoubtedly a friend of Engin Aky\u00fcrek and are interested in learning more about his impact on the global community. We invite you to watch this video about Mr. Aky\u00fcrek &hellip; <a href=\"https:\/\/friendsofenginakyurek.org\/pt\/home\/slide-in-panel\/\" class=\"more-link\">continue lendo <span class=\"screen-reader-text\">Painel deslizante<\/span><\/a><\/p>","protected":false},"author":1,"featured_media":4684,"parent":1176,"menu_order":0,"comment_status":"closed","ping_status":"closed","template":"","meta":{"footnotes":""},"class_list":["post-1177","page","type-page","status-publish","has-post-thumbnail","hentry"],"jetpack_sharing_enabled":true,"_links":{"self":[{"href":"https:\/\/friendsofenginakyurek.org\/pt\/wp-json\/wp\/v2\/pages\/1177","targetHints":{"allow":["GET"]}}],"collection":[{"href":"https:\/\/friendsofenginakyurek.org\/pt\/wp-json\/wp\/v2\/pages"}],"about":[{"href":"https:\/\/friendsofenginakyurek.org\/pt\/wp-json\/wp\/v2\/types\/page"}],"author":[{"embeddable":true,"href":"https:\/\/friendsofenginakyurek.org\/pt\/wp-json\/wp\/v2\/users\/1"}],"replies":[{"embeddable":true,"href":"https:\/\/friendsofenginakyurek.org\/pt\/wp-json\/wp\/v2\/comments?post=1177"}],"version-history":[{"count":22,"href":"https:\/\/friendsofenginakyurek.org\/pt\/wp-json\/wp\/v2\/pages\/1177\/revisions"}],"predecessor-version":[{"id":8735,"href":"https:\/\/friendsofenginakyurek.org\/pt\/wp-json\/wp\/v2\/pages\/1177\/revisions\/8735"}],"up":[{"embeddable":true,"href":"https:\/\/friendsofenginakyurek.org\/pt\/wp-json\/wp\/v2\/pages\/1176"}],"wp:featuredmedia":[{"embeddable":true,"href":"https:\/\/friendsofenginakyurek.org\/pt\/wp-json\/wp\/v2\/media\/4684"}],"wp:attachment":[{"href":"https:\/\/friendsofenginakyurek.org\/pt\/wp-json\/wp\/v2\/media?parent=1177"}],"curies":[{"name":"wp","href":"https:\/\/api.w.org\/{rel}","templated":true}]}}