{"id":1181,"date":"2015-05-19T08:30:17","date_gmt":"2015-05-19T08:30:17","guid":{"rendered":"http:\/\/www.anariel.com\/maishademo\/donation-confirmation\/"},"modified":"2015-05-19T08:30:17","modified_gmt":"2015-05-19T08:30:17","slug":"donation-confirmation-2","status":"publish","type":"page","link":"https:\/\/friendsofenginakyurek.org\/pt\/donation-confirmation-2\/","title":{"rendered":"Confirma\u00e7\u00e3o de doa\u00e7\u00e3o"},"content":{"rendered":"<p>\t\tObrigado pela sua doa\u00e7\u00e3o! [give_receipt]\t\t<\/p>","protected":false},"excerpt":{"rendered":"<p>Obrigado pela sua doa\u00e7\u00e3o! [give_receipt]<\/p>","protected":false},"author":1,"featured_media":4684,"parent":0,"menu_order":0,"comment_status":"closed","ping_status":"open","template":"","meta":{"footnotes":""},"class_list":["post-1181","page","type-page","status-publish","has-post-thumbnail","hentry"],"jetpack_sharing_enabled":true,"_links":{"self":[{"href":"https:\/\/friendsofenginakyurek.org\/pt\/wp-json\/wp\/v2\/pages\/1181","targetHints":{"allow":["GET"]}}],"collection":[{"href":"https:\/\/friendsofenginakyurek.org\/pt\/wp-json\/wp\/v2\/pages"}],"about":[{"href":"https:\/\/friendsofenginakyurek.org\/pt\/wp-json\/wp\/v2\/types\/page"}],"author":[{"embeddable":true,"href":"https:\/\/friendsofenginakyurek.org\/pt\/wp-json\/wp\/v2\/users\/1"}],"replies":[{"embeddable":true,"href":"https:\/\/friendsofenginakyurek.org\/pt\/wp-json\/wp\/v2\/comments?post=1181"}],"version-history":[{"count":0,"href":"https:\/\/friendsofenginakyurek.org\/pt\/wp-json\/wp\/v2\/pages\/1181\/revisions"}],"wp:featuredmedia":[{"embeddable":true,"href":"https:\/\/friendsofenginakyurek.org\/pt\/wp-json\/wp\/v2\/media\/4684"}],"wp:attachment":[{"href":"https:\/\/friendsofenginakyurek.org\/pt\/wp-json\/wp\/v2\/media?parent=1181"}],"curies":[{"name":"wp","href":"https:\/\/api.w.org\/{rel}","templated":true}]}}