{"id":283,"date":"2015-04-25T15:04:29","date_gmt":"2015-04-25T15:04:29","guid":{"rendered":"http:\/\/www.anarieldesign.com\/themedemos\/maisha\/?page_id=283"},"modified":"2015-04-25T15:04:29","modified_gmt":"2015-04-25T15:04:29","slug":"front-page-with-video","status":"publish","type":"page","link":"https:\/\/friendsofenginakyurek.org\/pt\/front-page-with-video\/","title":{"rendered":"Front Page with Video"},"content":{"rendered":"<p>\t\t<video id=\"self1\" class=\"html5-video player\" poster=\"http:\/\/anariel.com\/maisha\/wp-content\/uploads\/2017\/10\/2.jpg\" autoplay=\"autoplay\" loop=\"loop\" muted=\"\" width=\"300\" height=\"150\"><!-- mp4 --><source src=\"http:\/\/www.anariel.com\/videos\/Chipmunk.mp4\" type=\"video\/mp4\" \/><!-- webm --><source src=\"http:\/\/www.anariel.com\/videos\/Chipmunk.webm\" type=\"video\/webm\" \/><!-- ogg --><source src=\"http:\/\/www.anariel.com\/videos\/Chipmunk.ogv\" type=\"video\/ogv\" \/>Desculpe, mas parece que seu navegador n\u00e3o suporta v\u00eddeo HTML5.<\/video><\/p>\n<div class=\"content-caption\">\n<h1>MAISHA<span class=\"color\">.<\/span><\/h1>\n<p>Bolo de biscoito de marshmallow de ma\u00e7ap\u00e3o com cobertura de chocolate de marshmallow. Biscoito bolo de cenoura drag\u00e9e bast\u00f5es de doces de chocolate bolo de cenoura pirulito drag\u00e9e. Wypas donut sweet roll toffee sweet rolll lindo nisso.<\/p>\n<p>[give_form id=\u201d117\u2033]<\/p>\n<\/div>","protected":false},"excerpt":{"rendered":"<p>Sorry, but it seems like your browser doesnt support HTML5 video. MAISHA. Marzipan marshmallow cookie cake icing marshmallow chocolate. Cookie carrot cake drag\u00e9e chocolate candy canes carrot cake lollipop drag\u00e9e. Wypas donut sweet roll toffee sweet rolll lovely on this. [give_form id=&#8221;117&#8243;]<\/p>","protected":false},"author":1,"featured_media":4684,"parent":0,"menu_order":0,"comment_status":"open","ping_status":"open","template":"page-templates\/front-page-two.php","meta":{"footnotes":""},"class_list":["post-283","page","type-page","status-publish","has-post-thumbnail","hentry"],"jetpack_sharing_enabled":true,"_links":{"self":[{"href":"https:\/\/friendsofenginakyurek.org\/pt\/wp-json\/wp\/v2\/pages\/283","targetHints":{"allow":["GET"]}}],"collection":[{"href":"https:\/\/friendsofenginakyurek.org\/pt\/wp-json\/wp\/v2\/pages"}],"about":[{"href":"https:\/\/friendsofenginakyurek.org\/pt\/wp-json\/wp\/v2\/types\/page"}],"author":[{"embeddable":true,"href":"https:\/\/friendsofenginakyurek.org\/pt\/wp-json\/wp\/v2\/users\/1"}],"replies":[{"embeddable":true,"href":"https:\/\/friendsofenginakyurek.org\/pt\/wp-json\/wp\/v2\/comments?post=283"}],"version-history":[{"count":0,"href":"https:\/\/friendsofenginakyurek.org\/pt\/wp-json\/wp\/v2\/pages\/283\/revisions"}],"wp:featuredmedia":[{"embeddable":true,"href":"https:\/\/friendsofenginakyurek.org\/pt\/wp-json\/wp\/v2\/media\/4684"}],"wp:attachment":[{"href":"https:\/\/friendsofenginakyurek.org\/pt\/wp-json\/wp\/v2\/media?parent=283"}],"curies":[{"name":"wp","href":"https:\/\/api.w.org\/{rel}","templated":true}]}}