{"id":315,"date":"2015-04-26T07:19:18","date_gmt":"2015-04-26T07:19:18","guid":{"rendered":"http:\/\/www.anarieldesign.com\/themedemos\/maisha\/?page_id=315"},"modified":"2015-04-26T07:19:18","modified_gmt":"2015-04-26T07:19:18","slug":"slider-panel-five","status":"publish","type":"page","link":"https:\/\/friendsofenginakyurek.org\/pt\/front-page-with-video\/slider-panel-five\/","title":{"rendered":"Painel deslizante cinco"},"content":{"rendered":"<h2>Patrocine um Parque Nacional de Virunga.<\/h2>\n<p>VIRUNGA \u00e9 a incr\u00edvel hist\u00f3ria real de um grupo de <span class=\"color\">corajoso<\/span> pessoas arriscando suas vidas para construir um futuro melhor em uma parte da \u00c1frica esquecida pelo mundo e uma exposi\u00e7\u00e3o emocionante das realidades da vida no Congo.<br \/>\n<a class=\"button\" href=\"https:\/\/virunga.org\/donate\/\">PATROCINE UM PROJETO REAL<\/a> <a class=\"button\" href=\"http:\/\/virungamovie.com\/\">Assistir um filme<\/a><\/p>\n<p>[solil\u00f3quio id=\u201d177\u2033]<br \/>\nDe <a href=\"http:\/\/virungamovie.com\/\">Filme Virunga<\/a> website: \u201cNas profundezas florestais do leste do Congo encontra-se <a href=\"https:\/\/virunga.org\/donate\/\">Parque Nacional de Virunga<\/a>, um dos lugares com maior biodiversidade da Terra e lar dos \u00faltimos gorilas-das-montanhas do planeta. Neste ambiente selvagem, mas encantado, uma pequena e combativa equipe de guardas florestais \u2014 incluindo um ex-soldado-crian\u00e7a que virou guarda florestal, um cuidador de gorilas \u00f3rf\u00e3os e um conservacionista dedicado \u2014 protege este patrim\u00f4nio mundial da UNESCO de mil\u00edcias armadas, ca\u00e7adores furtivos e for\u00e7as obscuras que lutam para controlar os ricos recursos naturais do Congo. Quando o rec\u00e9m-formado grupo rebelde M23 declara guerra, um novo conflito amea\u00e7a as vidas e a estabilidade de todos e de tudo que eles trabalharam tanto para proteger, com os cineastas e os participantes do filme pegos no fogo cruzado.<br \/>\nUma poderosa combina\u00e7\u00e3o de jornalismo investigativo e document\u00e1rio sobre a natureza, <a href=\"https:\/\/virunga.org\/donate\/\">VIRUNGA<\/a> \u00e9 a incr\u00edvel hist\u00f3ria real de um grupo de pessoas corajosas que arriscam suas vidas para construir um futuro melhor em uma parte da \u00c1frica esquecida pelo mundo, e uma exposi\u00e7\u00e3o emocionante das realidades da vida no Congo.\u201d<\/p>\n<blockquote><p>Do diretor Orlando von Einsiedel e do produtor executivo Leonardo DiCaprio.<\/p><\/blockquote>","protected":false},"excerpt":{"rendered":"<p>Sponsor a Virunga National Park. VIRUNGA is the incredible true story of a group of brave people risking their lives to build a better future in a part of Africa the world&#8217;s forgotten and a gripping expose of the realities of life in the Congo. SPONSOR A REAL PROJECT Watch a movie [soliloquy id=&#8221;177&#8243;] From &hellip; <a href=\"https:\/\/friendsofenginakyurek.org\/pt\/front-page-with-video\/slider-panel-five\/\" class=\"more-link\">continue lendo <span class=\"screen-reader-text\">Painel deslizante cinco<\/span><\/a><\/p>","protected":false},"author":1,"featured_media":4684,"parent":283,"menu_order":0,"comment_status":"open","ping_status":"open","template":"","meta":{"footnotes":""},"class_list":["post-315","page","type-page","status-publish","has-post-thumbnail","hentry"],"jetpack_sharing_enabled":true,"_links":{"self":[{"href":"https:\/\/friendsofenginakyurek.org\/pt\/wp-json\/wp\/v2\/pages\/315","targetHints":{"allow":["GET"]}}],"collection":[{"href":"https:\/\/friendsofenginakyurek.org\/pt\/wp-json\/wp\/v2\/pages"}],"about":[{"href":"https:\/\/friendsofenginakyurek.org\/pt\/wp-json\/wp\/v2\/types\/page"}],"author":[{"embeddable":true,"href":"https:\/\/friendsofenginakyurek.org\/pt\/wp-json\/wp\/v2\/users\/1"}],"replies":[{"embeddable":true,"href":"https:\/\/friendsofenginakyurek.org\/pt\/wp-json\/wp\/v2\/comments?post=315"}],"version-history":[{"count":0,"href":"https:\/\/friendsofenginakyurek.org\/pt\/wp-json\/wp\/v2\/pages\/315\/revisions"}],"up":[{"embeddable":true,"href":"https:\/\/friendsofenginakyurek.org\/pt\/wp-json\/wp\/v2\/pages\/283"}],"wp:featuredmedia":[{"embeddable":true,"href":"https:\/\/friendsofenginakyurek.org\/pt\/wp-json\/wp\/v2\/media\/4684"}],"wp:attachment":[{"href":"https:\/\/friendsofenginakyurek.org\/pt\/wp-json\/wp\/v2\/media?parent=315"}],"curies":[{"name":"wp","href":"https:\/\/api.w.org\/{rel}","templated":true}]}}