{"id":336,"date":"2015-04-26T12:25:58","date_gmt":"2015-04-26T12:25:58","guid":{"rendered":"http:\/\/www.anarieldesign.com\/themedemos\/maisha\/?page_id=336"},"modified":"2022-10-08T00:27:53","modified_gmt":"2022-10-08T00:27:53","slug":"our-mission","status":"publish","type":"page","link":"https:\/\/friendsofenginakyurek.org\/pt\/our-mission\/","title":{"rendered":"Nossos Princ\u00edpios Orientadores"},"content":{"rendered":"<h1 style=\"text-align: center;\">Nossos Princ\u00edpios Orientadores<\/h1>\n<p>Obrigado pelo seu interesse em nosso projeto! Estamos profundamente comprometidos em honrar Engin Aky\u00fcrek de maneiras pr\u00e1ticas. Embora as informa\u00e7\u00f5es contidas nas se\u00e7\u00f5es a seguir possam ser encontradas em outras \u00e1reas do nosso site, aqui est\u00e1 um lugar para ler um pouco mais sobre nossa VIS\u00c3O, MISS\u00c3O e VALORES. Al\u00e9m da vers\u00e3o em texto das informa\u00e7\u00f5es dispon\u00edveis em ingl\u00eas, inclu\u00edmos imagens desses importantes princ\u00edpios de nossa organiza\u00e7\u00e3o em ingl\u00eas, espanhol e turco. Obrigado novamente.<\/p>","protected":false},"excerpt":{"rendered":"<p>Our Guiding Principles Thank you for your interest in our project! We are deeply committed to honoring Engin Aky\u00fcrek in actionable ways. Though the information contained in the following sections may be found in other areas of our site, here is one place to read about our VISION, MISSION and VALUES in a bit more &hellip; <a href=\"https:\/\/friendsofenginakyurek.org\/pt\/our-mission\/\" class=\"more-link\">continue lendo <span class=\"screen-reader-text\">Nossos Princ\u00edpios Orientadores<\/span><\/a><\/p>","protected":false},"author":1,"featured_media":4684,"parent":0,"menu_order":0,"comment_status":"closed","ping_status":"closed","template":"page-templates\/full-width-page.php","meta":{"footnotes":""},"class_list":["post-336","page","type-page","status-publish","has-post-thumbnail","hentry"],"jetpack_sharing_enabled":true,"_links":{"self":[{"href":"https:\/\/friendsofenginakyurek.org\/pt\/wp-json\/wp\/v2\/pages\/336","targetHints":{"allow":["GET"]}}],"collection":[{"href":"https:\/\/friendsofenginakyurek.org\/pt\/wp-json\/wp\/v2\/pages"}],"about":[{"href":"https:\/\/friendsofenginakyurek.org\/pt\/wp-json\/wp\/v2\/types\/page"}],"author":[{"embeddable":true,"href":"https:\/\/friendsofenginakyurek.org\/pt\/wp-json\/wp\/v2\/users\/1"}],"replies":[{"embeddable":true,"href":"https:\/\/friendsofenginakyurek.org\/pt\/wp-json\/wp\/v2\/comments?post=336"}],"version-history":[{"count":3,"href":"https:\/\/friendsofenginakyurek.org\/pt\/wp-json\/wp\/v2\/pages\/336\/revisions"}],"predecessor-version":[{"id":6395,"href":"https:\/\/friendsofenginakyurek.org\/pt\/wp-json\/wp\/v2\/pages\/336\/revisions\/6395"}],"wp:featuredmedia":[{"embeddable":true,"href":"https:\/\/friendsofenginakyurek.org\/pt\/wp-json\/wp\/v2\/media\/4684"}],"wp:attachment":[{"href":"https:\/\/friendsofenginakyurek.org\/pt\/wp-json\/wp\/v2\/media?parent=336"}],"curies":[{"name":"wp","href":"https:\/\/api.w.org\/{rel}","templated":true}]}}