{"id":346,"date":"2015-04-26T12:51:49","date_gmt":"2015-04-26T12:51:49","guid":{"rendered":"http:\/\/www.anarieldesign.com\/themedemos\/maisha\/?page_id=346"},"modified":"2022-09-24T02:43:27","modified_gmt":"2022-09-24T02:43:27","slug":"mission-four","status":"publish","type":"page","link":"https:\/\/friendsofenginakyurek.org\/pt\/mission-four\/","title":{"rendered":"Miss\u00e3o Quatro"},"content":{"rendered":"<p>Marzipan marshmallow cookie cake icing marshmallow cookie de chocolate bolo de cenoura drageia de chocolate bast\u00f5es de chocolate bolo de cenoura.<\/p>\n<p><!--more--><\/p>\n<p>Lorem ipsum dolor sit amet, <a title=\"link de teste\" href=\"#\">link de teste<\/a> elite adipiscing. <strong>Isso \u00e9 forte.<\/strong> Nullam dignissim convallis est. Quisque aliquam. <em>Isso \u00e9 enfatizado.<\/em> Donec faucibus. Nunc iaculis suscipit dui. 5<sup>3<\/sup> = 125. A \u00e1gua \u00e9 H<sub>2<\/sub>O. Nam sit amet sem. Aliquam libero nisi, imperdiet at, tincidunt nec, gravida vehicula, nisl. <cite>O jornal New York Times<\/cite> (Isso \u00e9 uma cita\u00e7\u00e3o). <span style=\"text-decoration:underline;\">Sublinhado.<\/span> Mecenas ornare torturador. Donec sed Tellus eget sapien fringilla nonummy. Mauris uma aposta. Suspendisse quam sem, consequat at, commodo vitae, feugiat in, nunc. Morbi imperdiet augue quis Tellus. <abbr title=\"Linguagem de marca\u00e7\u00e3o de hipertexto\">HTML<\/abbr> e <abbr title=\"Folhas de Estilo em Cascata\">CSS<\/abbr> s\u00e3o nossas ferramentas. Mauris uma aposta. Suspendisse quam sem, consequat at, commodo vitae, feugiat in, nunc. Morbi imperdiet augue quis Tellus. Praesent mattis, massa quis luctus fermentum, turpis mi volutpat justo, eu volutpat enim diam eget metus. Para copiar um tipo de arquivo <code>COPIAR <var>nome do arquivo<\/var><\/code>.<\/p>\n<p><a href=\"http:\/\/anariel.com.www361.your-server.de\/maisha\/wp-content\/uploads\/2015\/05\/maisha_shop_slider_1.jpg\"><img fetchpriority=\"high\" decoding=\"async\" src=\"http:\/\/anariel.com.www361.your-server.de\/maisha\/wp-content\/uploads\/2015\/05\/maisha_shop_slider_1.jpg\" data-sizes=\"(max-width: 1405px) 100vw, 1405px\" srcset=\"http:\/\/www.anariel.com\/maishademo\/wp-content\/uploads\/2015\/05\/maisha_shop_slider_1-300x85.jpg 300w, http:\/\/www.anariel.com\/maishademo\/wp-content\/uploads\/2015\/05\/maisha_shop_slider_1-1024x292.jpg 1024w, http:\/\/www.anariel.com\/maishademo\/wp-content\/uploads\/2015\/05\/maisha_shop_slider_1-300x85.jpg 300w, http:\/\/www.anariel.com\/maishademo\/wp-content\/uploads\/2015\/05\/maisha_shop_slider_1-300x85.jpg 300w, http:\/\/www.anariel.com\/maishademo\/wp-content\/uploads\/2015\/05\/maisha_shop_slider_1-200x57.jpg 200w, http:\/\/www.anariel.com\/maishademo\/wp-content\/uploads\/2015\/05\/maisha_shop_slider_1-150x43.jpg 150w, http:\/\/anariel.com.www361.your-server.de\/maisha\/wp-content\/uploads\/2015\/05\/maisha_shop_slider_1.jpg 1405w\" alt=\"maisha_shop_slider_1\" width=\"1405\" height=\"400\" class=\"aligncenter size-full wp-image-1069\"><\/a><\/p>\n<blockquote><p>Esta \u00e9 a vers\u00e3o do Lorem Ipsum do Photoshop. Proin gravida nibh vel velit auctor aliquet. Aenean sollicitudin, lorem quis bibendum auctor, nisi elit consequat ipsum, nec sagittis sem nibh id elit.<\/p><\/blockquote>\n<table>\n<tbody>\n<tr>\n<th>Cabe\u00e7alho da tabela 1<\/th>\n<th>Cabe\u00e7alho da tabela 2<\/th>\n<th>Cabe\u00e7alho da tabela 3<\/th>\n<\/tr>\n<tr>\n<td>Divis\u00e3o 1<\/td>\n<td>Divis\u00e3o 2<\/td>\n<td>Divis\u00e3o 3<\/td>\n<\/tr>\n<\/tbody>\n<\/table>\n<p>[dar_formul\u00e1rio id=\u201d403\u2033]<\/p>","protected":false},"excerpt":{"rendered":"<p>Marzipan marshmallow cookie cake icing marshmallow cookie de chocolate bolo de cenoura drageia de chocolate bast\u00f5es de chocolate bolo de cenoura.<\/p>","protected":false},"author":1,"featured_media":2502,"parent":0,"menu_order":0,"comment_status":"closed","ping_status":"closed","template":"page-templates\/full-width-page.php","meta":{"footnotes":""},"class_list":["post-346","page","type-page","status-publish","has-post-thumbnail","hentry"],"jetpack_sharing_enabled":true,"_links":{"self":[{"href":"https:\/\/friendsofenginakyurek.org\/pt\/wp-json\/wp\/v2\/pages\/346","targetHints":{"allow":["GET"]}}],"collection":[{"href":"https:\/\/friendsofenginakyurek.org\/pt\/wp-json\/wp\/v2\/pages"}],"about":[{"href":"https:\/\/friendsofenginakyurek.org\/pt\/wp-json\/wp\/v2\/types\/page"}],"author":[{"embeddable":true,"href":"https:\/\/friendsofenginakyurek.org\/pt\/wp-json\/wp\/v2\/users\/1"}],"replies":[{"embeddable":true,"href":"https:\/\/friendsofenginakyurek.org\/pt\/wp-json\/wp\/v2\/comments?post=346"}],"version-history":[{"count":1,"href":"https:\/\/friendsofenginakyurek.org\/pt\/wp-json\/wp\/v2\/pages\/346\/revisions"}],"predecessor-version":[{"id":4736,"href":"https:\/\/friendsofenginakyurek.org\/pt\/wp-json\/wp\/v2\/pages\/346\/revisions\/4736"}],"wp:featuredmedia":[{"embeddable":true,"href":"https:\/\/friendsofenginakyurek.org\/pt\/wp-json\/wp\/v2\/media\/2502"}],"wp:attachment":[{"href":"https:\/\/friendsofenginakyurek.org\/pt\/wp-json\/wp\/v2\/media?parent=346"}],"curies":[{"name":"wp","href":"https:\/\/api.w.org\/{rel}","templated":true}]}}