{"id":5096,"date":"2022-09-29T19:40:02","date_gmt":"2022-09-29T19:40:02","guid":{"rendered":"https:\/\/friendsofenginakyurek.org\/?page_id=5096"},"modified":"2023-03-11T23:12:33","modified_gmt":"2023-03-11T23:12:33","slug":"engin-akyurek-experience","status":"publish","type":"page","link":"https:\/\/friendsofenginakyurek.org\/pt\/engin-akyurek-experience\/","title":{"rendered":"A experi\u00eancia Engin Aky\u00fcrek"},"content":{"rendered":"<div data-elementor-type=\"wp-page\" data-elementor-id=\"5096\" class=\"elementor elementor-5096\" data-elementor-post-type=\"page\">\n\t\t\t\t\t\t<section class=\"elementor-section elementor-top-section elementor-element elementor-element-ef93d14 elementor-section-height-min-height elementor-section-content-middle elementor-section-boxed elementor-section-height-default elementor-section-items-middle\" data-id=\"ef93d14\" data-element_type=\"section\" data-e-type=\"section\" data-settings=\"{&quot;background_background&quot;:&quot;classic&quot;}\">\n\t\t\t\t\t\t\t<div class=\"elementor-background-overlay\"><\/div>\n\t\t\t\t\t\t\t<div class=\"elementor-container elementor-column-gap-no\">\n\t\t\t\t\t<div class=\"elementor-column elementor-col-100 elementor-top-column elementor-element elementor-element-dd60672\" data-id=\"dd60672\" data-element_type=\"column\" data-e-type=\"column\">\n\t\t\t<div class=\"elementor-widget-wrap elementor-element-populated\">\n\t\t\t\t\t\t<div class=\"elementor-element elementor-element-bc4ceb1 elementor-widget elementor-widget-heading\" data-id=\"bc4ceb1\" data-element_type=\"widget\" data-e-type=\"widget\" data-widget_type=\"heading.default\">\n\t\t\t\t<div class=\"elementor-widget-container\">\n\t\t\t\t\t<h2 class=\"elementor-heading-title elementor-size-default\">A Experi\u00eancia Engin Aky\u00fcrek\u00a9<\/h2>\t\t\t\t<\/div>\n\t\t\t\t<\/div>\n\t\t\t\t<div class=\"elementor-element elementor-element-f09a458 elementor-widget elementor-widget-image\" data-id=\"f09a458\" data-element_type=\"widget\" data-e-type=\"widget\" data-widget_type=\"image.default\">\n\t\t\t\t<div class=\"elementor-widget-container\">\n\t\t\t\t\t\t\t\t\t\t\t\t\t\t\t<img fetchpriority=\"high\" decoding=\"async\" width=\"1024\" height=\"211\" src=\"https:\/\/friendsofenginakyurek.org\/wp-content\/uploads\/2022\/10\/EA-Experience-Tagline-1024x211.png\" class=\"attachment-large size-large wp-image-5970\" alt=\"\" srcset=\"https:\/\/friendsofenginakyurek.org\/wp-content\/uploads\/2022\/10\/EA-Experience-Tagline-1024x211.png 1024w, https:\/\/friendsofenginakyurek.org\/wp-content\/uploads\/2022\/10\/EA-Experience-Tagline-600x123.png 600w, https:\/\/friendsofenginakyurek.org\/wp-content\/uploads\/2022\/10\/EA-Experience-Tagline-300x62.png 300w, https:\/\/friendsofenginakyurek.org\/wp-content\/uploads\/2022\/10\/EA-Experience-Tagline-768x158.png 768w, https:\/\/friendsofenginakyurek.org\/wp-content\/uploads\/2022\/10\/EA-Experience-Tagline-1536x316.png 1536w, https:\/\/friendsofenginakyurek.org\/wp-content\/uploads\/2022\/10\/EA-Experience-Tagline-2048x421.png 2048w, https:\/\/friendsofenginakyurek.org\/wp-content\/uploads\/2022\/10\/EA-Experience-Tagline-18x4.png 18w, https:\/\/friendsofenginakyurek.org\/wp-content\/uploads\/2022\/10\/EA-Experience-Tagline-200x41.png 200w, https:\/\/friendsofenginakyurek.org\/wp-content\/uploads\/2022\/10\/EA-Experience-Tagline-150x31.png 150w, https:\/\/friendsofenginakyurek.org\/wp-content\/uploads\/2022\/10\/EA-Experience-Tagline-547x113.png 547w, https:\/\/friendsofenginakyurek.org\/wp-content\/uploads\/2022\/10\/EA-Experience-Tagline-678x139.png 678w, https:\/\/friendsofenginakyurek.org\/wp-content\/uploads\/2022\/10\/EA-Experience-Tagline-524x108.png 524w, https:\/\/friendsofenginakyurek.org\/wp-content\/uploads\/2022\/10\/EA-Experience-Tagline-420x86.png 420w, https:\/\/friendsofenginakyurek.org\/wp-content\/uploads\/2022\/10\/EA-Experience-Tagline-444x91.png 444w, https:\/\/friendsofenginakyurek.org\/wp-content\/uploads\/2022\/10\/EA-Experience-Tagline-916x188.png 916w\" sizes=\"(max-width: 1024px) 100vw, 1024px\" \/>\t\t\t\t\t\t\t\t\t\t\t\t\t\t\t<\/div>\n\t\t\t\t<\/div>\n\t\t\t\t\t<\/div>\n\t\t<\/div>\n\t\t\t\t\t<\/div>\n\t\t<\/section>\n\t\t\t\t<section class=\"elementor-section elementor-top-section elementor-element elementor-element-7fe26bc elementor-section-boxed elementor-section-height-default elementor-section-height-default\" data-id=\"7fe26bc\" data-element_type=\"section\" data-e-type=\"section\">\n\t\t\t\t\t\t<div class=\"elementor-container elementor-column-gap-default\">\n\t\t\t\t\t<div class=\"elementor-column elementor-col-100 elementor-top-column elementor-element elementor-element-4912083\" data-id=\"4912083\" data-element_type=\"column\" data-e-type=\"column\">\n\t\t\t<div class=\"elementor-widget-wrap elementor-element-populated\">\n\t\t\t\t\t\t<div class=\"elementor-element elementor-element-38f20a1 elementor-widget elementor-widget-heading\" data-id=\"38f20a1\" data-element_type=\"widget\" data-e-type=\"widget\" data-widget_type=\"heading.default\">\n\t\t\t\t<div class=\"elementor-widget-container\">\n\t\t\t\t\t<h2 class=\"elementor-heading-title elementor-size-default\">Bem-vindo \u00e0 Experi\u00eancia Engin Aky\u00fcrek\u00a9<\/h2>\t\t\t\t<\/div>\n\t\t\t\t<\/div>\n\t\t\t\t<div class=\"elementor-element elementor-element-6e776e3 elementor-widget-divider--view-line elementor-widget elementor-widget-divider\" data-id=\"6e776e3\" data-element_type=\"widget\" data-e-type=\"widget\" data-widget_type=\"divider.default\">\n\t\t\t\t<div class=\"elementor-widget-container\">\n\t\t\t\t\t\t\t<div class=\"elementor-divider\">\n\t\t\t<span class=\"elementor-divider-separator\">\n\t\t\t\t\t\t<\/span>\n\t\t<\/div>\n\t\t\t\t\t\t<\/div>\n\t\t\t\t<\/div>\n\t\t\t\t\t<\/div>\n\t\t<\/div>\n\t\t\t\t\t<\/div>\n\t\t<\/section>\n\t\t\t\t<section class=\"elementor-section elementor-top-section elementor-element elementor-element-7f81ee5 elementor-section-content-middle elementor-section-boxed elementor-section-height-default elementor-section-height-default\" data-id=\"7f81ee5\" data-element_type=\"section\" data-e-type=\"section\">\n\t\t\t\t\t\t\t<div class=\"elementor-background-overlay\"><\/div>\n\t\t\t\t\t\t\t<div class=\"elementor-container elementor-column-gap-no\">\n\t\t\t\t\t<div class=\"elementor-column elementor-col-100 elementor-top-column elementor-element elementor-element-0c9e0c3\" data-id=\"0c9e0c3\" data-element_type=\"column\" data-e-type=\"column\">\n\t\t\t<div class=\"elementor-widget-wrap elementor-element-populated\">\n\t\t\t\t\t\t<div class=\"elementor-element elementor-element-6613de2 elementor-widget elementor-widget-text-editor\" data-id=\"6613de2\" data-element_type=\"widget\" data-e-type=\"widget\" data-widget_type=\"text-editor.default\">\n\t\t\t\t<div class=\"elementor-widget-container\">\n\t\t\t\t\t\t\t\t\t<p>Esta \u00e9 a \u00e1rea interativa do nosso site.<\/p><p>Sua finalidade, al\u00e9m de fornecer um f\u00f3rum para os visitantes compartilharem com o mundo e Engin Aky\u00fcrek (sutilmente convidado a ver em seu lazer e conveni\u00eancia), v\u00e1rias formas de m\u00eddia, \u00e9 multifacetada.<\/p><p>As coisas que convidaremos os amigos da Engin a compartilhar conosco como parte do que todos conhecemos e amamos como a Engin Aky\u00fcrek Experience\u00a9 est\u00e3o divididas em tr\u00eas \u00e1reas:<\/p><p>1. O que voc\u00ea gostaria de compartilhar com ele<br \/>2. Como voc\u00ea se inspira nele<br \/>3. Como suas vidas s\u00e3o impactadas por ele<\/p><p>Esta parte do nosso site ser\u00e1 din\u00e2mica por natureza, mudando regularmente, e oferece uma oportunidade para as pessoas verem suas apresenta\u00e7\u00f5es \u201cimpressas\u201d.<\/p><p>Para explicar melhor, leia abaixo..<\/p>\t\t\t\t\t\t\t\t<\/div>\n\t\t\t\t<\/div>\n\t\t\t\t\t<\/div>\n\t\t<\/div>\n\t\t\t\t\t<\/div>\n\t\t<\/section>\n\t\t\t\t<section class=\"elementor-section elementor-top-section elementor-element elementor-element-6717df9 elementor-section-boxed elementor-section-height-default elementor-section-height-default\" data-id=\"6717df9\" data-element_type=\"section\" data-e-type=\"section\">\n\t\t\t\t\t\t<div class=\"elementor-container elementor-column-gap-default\">\n\t\t\t\t\t<div class=\"elementor-column elementor-col-100 elementor-top-column elementor-element elementor-element-0c894be\" data-id=\"0c894be\" data-element_type=\"column\" data-e-type=\"column\">\n\t\t\t<div class=\"elementor-widget-wrap elementor-element-populated\">\n\t\t\t\t\t\t<div class=\"elementor-element elementor-element-b263c42 elementor-widget elementor-widget-heading\" data-id=\"b263c42\" data-element_type=\"widget\" data-e-type=\"widget\" data-widget_type=\"heading.default\">\n\t\t\t\t<div class=\"elementor-widget-container\">\n\t\t\t\t\t<h2 class=\"elementor-heading-title elementor-size-default\">Um vislumbre da Experi\u00eancia Engin Aky\u00fcrek\u00a9<\/h2>\t\t\t\t<\/div>\n\t\t\t\t<\/div>\n\t\t\t\t\t<\/div>\n\t\t<\/div>\n\t\t\t\t\t<\/div>\n\t\t<\/section>\n\t\t\t\t<section class=\"elementor-section elementor-top-section elementor-element elementor-element-8d3e6af elementor-section-boxed elementor-section-height-default elementor-section-height-default\" data-id=\"8d3e6af\" data-element_type=\"section\" data-e-type=\"section\">\n\t\t\t\t\t\t<div class=\"elementor-container elementor-column-gap-default\">\n\t\t\t\t\t<div class=\"elementor-column elementor-col-100 elementor-top-column elementor-element elementor-element-e0bc3e1\" data-id=\"e0bc3e1\" data-element_type=\"column\" data-e-type=\"column\">\n\t\t\t<div class=\"elementor-widget-wrap\">\n\t\t\t\t\t\t\t<\/div>\n\t\t<\/div>\n\t\t\t\t\t<\/div>\n\t\t<\/section>\n\t\t\t\t<section class=\"elementor-section elementor-top-section elementor-element elementor-element-7f03d8a0 elementor-section-content-middle elementor-section-boxed elementor-section-height-default elementor-section-height-default\" data-id=\"7f03d8a0\" data-element_type=\"section\" data-e-type=\"section\">\n\t\t\t\t\t\t<div class=\"elementor-container elementor-column-gap-no\">\n\t\t\t\t\t<div class=\"elementor-column elementor-col-50 elementor-top-column elementor-element elementor-element-74413ac0\" data-id=\"74413ac0\" data-element_type=\"column\" data-e-type=\"column\">\n\t\t\t<div class=\"elementor-widget-wrap elementor-element-populated\">\n\t\t\t\t\t\t<div class=\"elementor-element elementor-element-a10a199 elementor-widget elementor-widget-image\" data-id=\"a10a199\" data-element_type=\"widget\" data-e-type=\"widget\" data-widget_type=\"image.default\">\n\t\t\t\t<div class=\"elementor-widget-container\">\n\t\t\t\t\t\t\t\t\t\t\t\t\t\t\t\t<a href=\"https:\/\/friendsofenginakyurek.org\/pt\/voice-of-engin\/\">\n\t\t\t\t\t\t\t<img decoding=\"async\" width=\"300\" height=\"300\" src=\"https:\/\/friendsofenginakyurek.org\/wp-content\/uploads\/2022\/10\/Share-with-image-300x300.png\" class=\"attachment-medium size-medium wp-image-6230\" alt=\"\" srcset=\"https:\/\/friendsofenginakyurek.org\/wp-content\/uploads\/2022\/10\/Share-with-image-300x300.png 300w, https:\/\/friendsofenginakyurek.org\/wp-content\/uploads\/2022\/10\/Share-with-image-100x100.png 100w, https:\/\/friendsofenginakyurek.org\/wp-content\/uploads\/2022\/10\/Share-with-image-600x600.png 600w, https:\/\/friendsofenginakyurek.org\/wp-content\/uploads\/2022\/10\/Share-with-image-1024x1024.png 1024w, https:\/\/friendsofenginakyurek.org\/wp-content\/uploads\/2022\/10\/Share-with-image-150x150.png 150w, https:\/\/friendsofenginakyurek.org\/wp-content\/uploads\/2022\/10\/Share-with-image-768x768.png 768w, https:\/\/friendsofenginakyurek.org\/wp-content\/uploads\/2022\/10\/Share-with-image-12x12.png 12w, https:\/\/friendsofenginakyurek.org\/wp-content\/uploads\/2022\/10\/Share-with-image-200x200.png 200w, https:\/\/friendsofenginakyurek.org\/wp-content\/uploads\/2022\/10\/Share-with-image-547x547.png 547w, https:\/\/friendsofenginakyurek.org\/wp-content\/uploads\/2022\/10\/Share-with-image-678x678.png 678w, https:\/\/friendsofenginakyurek.org\/wp-content\/uploads\/2022\/10\/Share-with-image-524x524.png 524w, https:\/\/friendsofenginakyurek.org\/wp-content\/uploads\/2022\/10\/Share-with-image-420x420.png 420w, https:\/\/friendsofenginakyurek.org\/wp-content\/uploads\/2022\/10\/Share-with-image-444x444.png 444w, https:\/\/friendsofenginakyurek.org\/wp-content\/uploads\/2022\/10\/Share-with-image-916x916.png 916w, https:\/\/friendsofenginakyurek.org\/wp-content\/uploads\/2022\/10\/Share-with-image.png 1080w\" sizes=\"(max-width: 300px) 100vw, 300px\" \/>\t\t\t\t\t\t\t\t<\/a>\n\t\t\t\t\t\t\t\t\t\t\t\t\t\t\t<\/div>\n\t\t\t\t<\/div>\n\t\t\t\t\t<\/div>\n\t\t<\/div>\n\t\t\t\t<div class=\"elementor-column elementor-col-50 elementor-top-column elementor-element elementor-element-0ce01b0\" data-id=\"0ce01b0\" data-element_type=\"column\" data-e-type=\"column\">\n\t\t\t<div class=\"elementor-widget-wrap elementor-element-populated\">\n\t\t\t\t\t\t<div class=\"elementor-element elementor-element-e4b69a2 elementor-widget elementor-widget-text-editor\" data-id=\"e4b69a2\" data-element_type=\"widget\" data-e-type=\"widget\" data-widget_type=\"text-editor.default\">\n\t\t\t\t<div class=\"elementor-widget-container\">\n\t\t\t\t\t\t\t\t\t<strong>Compartilhe com Engin:<\/strong><br>\nPense em um encontro de caf\u00e9 (\u00e7ay?) com um amigo. E voc\u00ea chega com um livro favorito que voc\u00ea gostaria que seu amigo ouvisse e possivelmente at\u00e9 conseguisse ler por si mesmo. Da mesma forma, o que voc\u00ea gostaria de compartilhar com Engin se ele fosse seu companheiro de caf\u00e9\/\u00e7ay para uma tarde?\t\t\t\t\t\t\t\t<\/div>\n\t\t\t\t<\/div>\n\t\t\t\t\t<\/div>\n\t\t<\/div>\n\t\t\t\t\t<\/div>\n\t\t<\/section>\n\t\t\t\t<section class=\"elementor-section elementor-top-section elementor-element elementor-element-734fffb elementor-section-content-middle elementor-section-boxed elementor-section-height-default elementor-section-height-default\" data-id=\"734fffb\" data-element_type=\"section\" data-e-type=\"section\">\n\t\t\t\t\t\t<div class=\"elementor-container elementor-column-gap-no\">\n\t\t\t\t\t<div class=\"elementor-column elementor-col-50 elementor-top-column elementor-element elementor-element-84f8d1d\" data-id=\"84f8d1d\" data-element_type=\"column\" data-e-type=\"column\">\n\t\t\t<div class=\"elementor-widget-wrap elementor-element-populated\">\n\t\t\t\t\t\t<div class=\"elementor-element elementor-element-88dd24f elementor-widget elementor-widget-image\" data-id=\"88dd24f\" data-element_type=\"widget\" data-e-type=\"widget\" data-widget_type=\"image.default\">\n\t\t\t\t<div class=\"elementor-widget-container\">\n\t\t\t\t\t\t\t\t\t\t\t\t\t\t\t\t<a href=\"https:\/\/friendsofenginakyurek.org\/pt\/voice-of-engin\/\">\n\t\t\t\t\t\t\t<img decoding=\"async\" width=\"300\" height=\"300\" src=\"https:\/\/friendsofenginakyurek.org\/wp-content\/uploads\/2022\/10\/Inspired-by-image-300x300.png\" class=\"attachment-medium size-medium wp-image-6269\" alt=\"\" srcset=\"https:\/\/friendsofenginakyurek.org\/wp-content\/uploads\/2022\/10\/Inspired-by-image-300x300.png 300w, https:\/\/friendsofenginakyurek.org\/wp-content\/uploads\/2022\/10\/Inspired-by-image-100x100.png 100w, https:\/\/friendsofenginakyurek.org\/wp-content\/uploads\/2022\/10\/Inspired-by-image-600x600.png 600w, https:\/\/friendsofenginakyurek.org\/wp-content\/uploads\/2022\/10\/Inspired-by-image-1024x1024.png 1024w, https:\/\/friendsofenginakyurek.org\/wp-content\/uploads\/2022\/10\/Inspired-by-image-150x150.png 150w, https:\/\/friendsofenginakyurek.org\/wp-content\/uploads\/2022\/10\/Inspired-by-image-768x768.png 768w, https:\/\/friendsofenginakyurek.org\/wp-content\/uploads\/2022\/10\/Inspired-by-image-12x12.png 12w, https:\/\/friendsofenginakyurek.org\/wp-content\/uploads\/2022\/10\/Inspired-by-image-200x200.png 200w, https:\/\/friendsofenginakyurek.org\/wp-content\/uploads\/2022\/10\/Inspired-by-image-547x547.png 547w, https:\/\/friendsofenginakyurek.org\/wp-content\/uploads\/2022\/10\/Inspired-by-image-678x678.png 678w, https:\/\/friendsofenginakyurek.org\/wp-content\/uploads\/2022\/10\/Inspired-by-image-524x524.png 524w, https:\/\/friendsofenginakyurek.org\/wp-content\/uploads\/2022\/10\/Inspired-by-image-420x420.png 420w, https:\/\/friendsofenginakyurek.org\/wp-content\/uploads\/2022\/10\/Inspired-by-image-444x444.png 444w, https:\/\/friendsofenginakyurek.org\/wp-content\/uploads\/2022\/10\/Inspired-by-image-916x916.png 916w, https:\/\/friendsofenginakyurek.org\/wp-content\/uploads\/2022\/10\/Inspired-by-image.png 1080w\" sizes=\"(max-width: 300px) 100vw, 300px\" \/>\t\t\t\t\t\t\t\t<\/a>\n\t\t\t\t\t\t\t\t\t\t\t\t\t\t\t<\/div>\n\t\t\t\t<\/div>\n\t\t\t\t\t<\/div>\n\t\t<\/div>\n\t\t\t\t<div class=\"elementor-column elementor-col-50 elementor-top-column elementor-element elementor-element-58f0f8a\" data-id=\"58f0f8a\" data-element_type=\"column\" data-e-type=\"column\">\n\t\t\t<div class=\"elementor-widget-wrap elementor-element-populated\">\n\t\t\t\t\t\t<div class=\"elementor-element elementor-element-3cc93d1 elementor-widget elementor-widget-text-editor\" data-id=\"3cc93d1\" data-element_type=\"widget\" data-e-type=\"widget\" data-widget_type=\"text-editor.default\">\n\t\t\t\t<div class=\"elementor-widget-container\">\n\t\t\t\t\t\t\t\t\t<p><strong>Inspirado por Engin:<\/strong><br \/>Tantas, muitas pessoas s\u00e3o inspiradas por sua mera exist\u00eancia. Sua calma. Sua centralidade. O jeito dele. Suas escolhas. Seu estilo de vida tranquilo de filantropia. Que, talvez sem perceber, ele muda ativa e inativamente centenas de milhares de nossas vidas regularmente. Como voc\u00ea se inspira no Engin? Este \u00e9 um lugar onde podemos expressar nossas hist\u00f3rias.<\/p>\t\t\t\t\t\t\t\t<\/div>\n\t\t\t\t<\/div>\n\t\t\t\t\t<\/div>\n\t\t<\/div>\n\t\t\t\t\t<\/div>\n\t\t<\/section>\n\t\t\t\t<section class=\"elementor-section elementor-top-section elementor-element elementor-element-2fe81e0 elementor-section-content-middle elementor-section-boxed elementor-section-height-default elementor-section-height-default\" data-id=\"2fe81e0\" data-element_type=\"section\" data-e-type=\"section\">\n\t\t\t\t\t\t<div class=\"elementor-container elementor-column-gap-no\">\n\t\t\t\t\t<div class=\"elementor-column elementor-col-50 elementor-top-column elementor-element elementor-element-93cbdd5\" data-id=\"93cbdd5\" data-element_type=\"column\" data-e-type=\"column\">\n\t\t\t<div class=\"elementor-widget-wrap elementor-element-populated\">\n\t\t\t\t\t\t<div class=\"elementor-element elementor-element-556315d elementor-widget elementor-widget-image\" data-id=\"556315d\" data-element_type=\"widget\" data-e-type=\"widget\" data-widget_type=\"image.default\">\n\t\t\t\t<div class=\"elementor-widget-container\">\n\t\t\t\t\t\t\t\t\t\t\t\t\t\t\t\t<a href=\"https:\/\/friendsofenginakyurek.org\/pt\/voice-of-engin\/\">\n\t\t\t\t\t\t\t<img loading=\"lazy\" decoding=\"async\" width=\"300\" height=\"300\" src=\"https:\/\/friendsofenginakyurek.org\/wp-content\/uploads\/2022\/10\/Impacted-by-image-300x300.png\" class=\"attachment-medium size-medium wp-image-6270\" alt=\"\" srcset=\"https:\/\/friendsofenginakyurek.org\/wp-content\/uploads\/2022\/10\/Impacted-by-image-300x300.png 300w, https:\/\/friendsofenginakyurek.org\/wp-content\/uploads\/2022\/10\/Impacted-by-image-100x100.png 100w, https:\/\/friendsofenginakyurek.org\/wp-content\/uploads\/2022\/10\/Impacted-by-image-600x600.png 600w, https:\/\/friendsofenginakyurek.org\/wp-content\/uploads\/2022\/10\/Impacted-by-image-1024x1024.png 1024w, https:\/\/friendsofenginakyurek.org\/wp-content\/uploads\/2022\/10\/Impacted-by-image-150x150.png 150w, https:\/\/friendsofenginakyurek.org\/wp-content\/uploads\/2022\/10\/Impacted-by-image-768x768.png 768w, https:\/\/friendsofenginakyurek.org\/wp-content\/uploads\/2022\/10\/Impacted-by-image-12x12.png 12w, https:\/\/friendsofenginakyurek.org\/wp-content\/uploads\/2022\/10\/Impacted-by-image-200x200.png 200w, https:\/\/friendsofenginakyurek.org\/wp-content\/uploads\/2022\/10\/Impacted-by-image-547x547.png 547w, https:\/\/friendsofenginakyurek.org\/wp-content\/uploads\/2022\/10\/Impacted-by-image-678x678.png 678w, https:\/\/friendsofenginakyurek.org\/wp-content\/uploads\/2022\/10\/Impacted-by-image-524x524.png 524w, https:\/\/friendsofenginakyurek.org\/wp-content\/uploads\/2022\/10\/Impacted-by-image-420x420.png 420w, https:\/\/friendsofenginakyurek.org\/wp-content\/uploads\/2022\/10\/Impacted-by-image-444x444.png 444w, https:\/\/friendsofenginakyurek.org\/wp-content\/uploads\/2022\/10\/Impacted-by-image-916x916.png 916w, https:\/\/friendsofenginakyurek.org\/wp-content\/uploads\/2022\/10\/Impacted-by-image.png 1080w\" sizes=\"(max-width: 300px) 100vw, 300px\" \/>\t\t\t\t\t\t\t\t<\/a>\n\t\t\t\t\t\t\t\t\t\t\t\t\t\t\t<\/div>\n\t\t\t\t<\/div>\n\t\t\t\t<div class=\"elementor-element elementor-element-8714a9a elementor-widget elementor-widget-text-editor\" data-id=\"8714a9a\" data-element_type=\"widget\" data-e-type=\"widget\" data-widget_type=\"text-editor.default\">\n\t\t\t\t<div class=\"elementor-widget-container\">\n\t\t\t\t\t\t\t\t\t<p>Clique nas imagens para Voice of Engin&#039;s Friends\u00a9<\/p>\t\t\t\t\t\t\t\t<\/div>\n\t\t\t\t<\/div>\n\t\t\t\t\t<\/div>\n\t\t<\/div>\n\t\t\t\t<div class=\"elementor-column elementor-col-50 elementor-top-column elementor-element elementor-element-ceddd61\" data-id=\"ceddd61\" data-element_type=\"column\" data-e-type=\"column\">\n\t\t\t<div class=\"elementor-widget-wrap elementor-element-populated\">\n\t\t\t\t\t\t<div class=\"elementor-element elementor-element-afab65d elementor-widget elementor-widget-text-editor\" data-id=\"afab65d\" data-element_type=\"widget\" data-e-type=\"widget\" data-widget_type=\"text-editor.default\">\n\t\t\t\t<div class=\"elementor-widget-container\">\n\t\t\t\t\t\t\t\t\t<p><strong>Impactado pelo Engin:<\/strong><br \/>Assim como ele inspirou in\u00fameras pessoas a fazer melhor, viver melhor, SER melhor \u2013 ele causou um impacto singular em quase todas as pessoas com quem entrou em contato. E ainda mais, reconhecemos a tremenda mudan\u00e7a positiva que ele causou na vida de muitas pessoas.<\/p><p>Como sua vida foi impactada por Engin? Essa \u00e1rea nos permite contar ao mundo (e a ele) sobre isso.<\/p>\t\t\t\t\t\t\t\t<\/div>\n\t\t\t\t<\/div>\n\t\t\t\t\t<\/div>\n\t\t<\/div>\n\t\t\t\t\t<\/div>\n\t\t<\/section>\n\t\t\t\t<section class=\"elementor-section elementor-top-section elementor-element elementor-element-63be073 elementor-section-content-middle elementor-section-boxed elementor-section-height-default elementor-section-height-default\" data-id=\"63be073\" data-element_type=\"section\" data-e-type=\"section\">\n\t\t\t\t\t\t<div class=\"elementor-container elementor-column-gap-no\">\n\t\t\t\t\t<div class=\"elementor-column elementor-col-100 elementor-top-column elementor-element elementor-element-1a6f873\" data-id=\"1a6f873\" data-element_type=\"column\" data-e-type=\"column\">\n\t\t\t<div class=\"elementor-widget-wrap elementor-element-populated\">\n\t\t\t\t\t\t<div class=\"elementor-element elementor-element-920b4c3 elementor-widget elementor-widget-text-editor\" data-id=\"920b4c3\" data-element_type=\"widget\" data-e-type=\"widget\" data-widget_type=\"text-editor.default\">\n\t\t\t\t<div class=\"elementor-widget-container\">\n\t\t\t\t\t\t\t\t\t<p><strong><u>Interessado em contribuir para a experi\u00eancia Engin Aky\u00fcrek<\/u><u>\u00a9<\/u><u>?<\/u><\/strong><br \/>Envie sua ideia (limite de 350 palavras) e para qual \u00e1rea da Experi\u00eancia Engin Aky\u00fcrek deseja <span style=\"text-decoration: underline;\"><a href=\"mailto:admin@friendsofengin.org\">admin@friendsofengin.org<\/a>.<\/span><br \/>Se aprovado, mais instru\u00e7\u00f5es ser\u00e3o fornecidas sobre o envio de m\u00eddia.<\/p>\t\t\t\t\t\t\t\t<\/div>\n\t\t\t\t<\/div>\n\t\t\t\t\t<\/div>\n\t\t<\/div>\n\t\t\t\t\t<\/div>\n\t\t<\/section>\n\t\t\t\t<\/div>","protected":false},"excerpt":{"rendered":"<p>The Engin Aky\u00fcrek Experience\u00a9 Bem-vindo ao Engin Aky\u00fcrek Experience\u00a9 Esta \u00e9 a \u00e1rea interativa do nosso site. Seu prop\u00f3sito, al\u00e9m de fornecer um f\u00f3rum para os visitantes compartilharem com o mundo e Engin Aky\u00fcrek (sutilmente convidado a ver em seu lazer e conveni\u00eancia), v\u00e1rias formas de m\u00eddia, \u00e9 multifacetado. Coisas que iremos \u2026 <a href=\"https:\/\/friendsofenginakyurek.org\/pt\/engin-akyurek-experience\/\" class=\"more-link\">continue lendo <span class=\"screen-reader-text\">A experi\u00eancia Engin Aky\u00fcrek<\/span><\/a><\/p>","protected":false},"author":1,"featured_media":9778,"parent":0,"menu_order":0,"comment_status":"closed","ping_status":"closed","template":"elementor_header_footer","meta":{"footnotes":""},"class_list":["post-5096","page","type-page","status-publish","has-post-thumbnail","hentry"],"jetpack_sharing_enabled":true,"_links":{"self":[{"href":"https:\/\/friendsofenginakyurek.org\/pt\/wp-json\/wp\/v2\/pages\/5096","targetHints":{"allow":["GET"]}}],"collection":[{"href":"https:\/\/friendsofenginakyurek.org\/pt\/wp-json\/wp\/v2\/pages"}],"about":[{"href":"https:\/\/friendsofenginakyurek.org\/pt\/wp-json\/wp\/v2\/types\/page"}],"author":[{"embeddable":true,"href":"https:\/\/friendsofenginakyurek.org\/pt\/wp-json\/wp\/v2\/users\/1"}],"replies":[{"embeddable":true,"href":"https:\/\/friendsofenginakyurek.org\/pt\/wp-json\/wp\/v2\/comments?post=5096"}],"version-history":[{"count":356,"href":"https:\/\/friendsofenginakyurek.org\/pt\/wp-json\/wp\/v2\/pages\/5096\/revisions"}],"predecessor-version":[{"id":11410,"href":"https:\/\/friendsofenginakyurek.org\/pt\/wp-json\/wp\/v2\/pages\/5096\/revisions\/11410"}],"wp:featuredmedia":[{"embeddable":true,"href":"https:\/\/friendsofenginakyurek.org\/pt\/wp-json\/wp\/v2\/media\/9778"}],"wp:attachment":[{"href":"https:\/\/friendsofenginakyurek.org\/pt\/wp-json\/wp\/v2\/media?parent=5096"}],"curies":[{"name":"wp","href":"https:\/\/api.w.org\/{rel}","templated":true}]}}