{"id":51,"date":"2015-04-20T10:34:27","date_gmt":"2015-04-20T10:34:27","guid":{"rendered":"http:\/\/www.anarieldesign.com\/themedemos\/maisha\/?page_id=51"},"modified":"2022-10-11T21:13:33","modified_gmt":"2022-10-11T21:13:33","slug":"about-maisha","status":"publish","type":"page","link":"https:\/\/friendsofenginakyurek.org\/pt\/about-maisha\/","title":{"rendered":"Sobre Maisha"},"content":{"rendered":"<div class=\"wp-block-image\">\r\n<figure class=\"aligncenter size-large is-resized\"><img decoding=\"async\" src=\"https:\/\/friendsofenginakyurek.org\/wp-content\/uploads\/2022\/09\/FEAhalflogo_web_wteTR-1024x68.png\" alt=\"\" class=\"wp-image-4555\" width=\"585\" height=\"39\" srcset=\"https:\/\/friendsofenginakyurek.org\/wp-content\/uploads\/2022\/09\/FEAhalflogo_web_wteTR-1024x68.png 1024w, https:\/\/friendsofenginakyurek.org\/wp-content\/uploads\/2022\/09\/FEAhalflogo_web_wteTR-600x40.png 600w, https:\/\/friendsofenginakyurek.org\/wp-content\/uploads\/2022\/09\/FEAhalflogo_web_wteTR-300x20.png 300w, https:\/\/friendsofenginakyurek.org\/wp-content\/uploads\/2022\/09\/FEAhalflogo_web_wteTR-768x51.png 768w, https:\/\/friendsofenginakyurek.org\/wp-content\/uploads\/2022\/09\/FEAhalflogo_web_wteTR-1536x103.png 1536w, https:\/\/friendsofenginakyurek.org\/wp-content\/uploads\/2022\/09\/FEAhalflogo_web_wteTR-2048x137.png 2048w, https:\/\/friendsofenginakyurek.org\/wp-content\/uploads\/2022\/09\/FEAhalflogo_web_wteTR-200x13.png 200w, https:\/\/friendsofenginakyurek.org\/wp-content\/uploads\/2022\/09\/FEAhalflogo_web_wteTR-150x10.png 150w, https:\/\/friendsofenginakyurek.org\/wp-content\/uploads\/2022\/09\/FEAhalflogo_web_wteTR-547x37.png 547w, https:\/\/friendsofenginakyurek.org\/wp-content\/uploads\/2022\/09\/FEAhalflogo_web_wteTR-678x45.png 678w, https:\/\/friendsofenginakyurek.org\/wp-content\/uploads\/2022\/09\/FEAhalflogo_web_wteTR-524x35.png 524w, https:\/\/friendsofenginakyurek.org\/wp-content\/uploads\/2022\/09\/FEAhalflogo_web_wteTR-420x28.png 420w, https:\/\/friendsofenginakyurek.org\/wp-content\/uploads\/2022\/09\/FEAhalflogo_web_wteTR-444x30.png 444w, https:\/\/friendsofenginakyurek.org\/wp-content\/uploads\/2022\/09\/FEAhalflogo_web_wteTR-916x61.png 916w\" sizes=\"(max-width: 585px) 100vw, 585px\" \/><\/figure><\/div>\r\n\r\n<p>Friends of Engin Aky\u00fcrek \u00e9 uma organiza\u00e7\u00e3o de caridade sem fins lucrativos e isenta de impostos, registada sob a sec\u00e7\u00e3o 501(c)(3) do C\u00f3digo das Receitas Internas dos Estados Unidos. As doa\u00e7\u00f5es de caridade feitas a esta organiza\u00e7\u00e3o s\u00e3o dedut\u00edveis nos impostos at\u00e9 ao limite m\u00e1ximo da lei.<\/p>\r\n<p><\/p>\r\n<p>Convidamo-lo a conhecer os nossos programas, a inspirar-se e a envolver-se!<\/p>\r\n<p><a class=\"button\" href=\"https:\/\/friendsofenginakyurek.org\/pt\/how-to-give\/\" target=\"_blank\" rel=\"noopener\">COMO DOAR<\/a><\/p>","protected":false},"excerpt":{"rendered":"<p>Friends of Engin Aky\u00fcrek is a tax exempt, nonprofit charitable organization, registered under section 501(c)(3) of the United States Internal Revenue Code. Charitable gifts made to this organization are tax-deductible to the fullest extent of the law. We invite you to get to know our programs, be inspired and get involved! How To Give<\/p>","protected":false},"author":1,"featured_media":4691,"parent":0,"menu_order":0,"comment_status":"closed","ping_status":"closed","template":"","meta":{"footnotes":""},"class_list":["post-51","page","type-page","status-publish","has-post-thumbnail","hentry"],"jetpack_sharing_enabled":true,"_links":{"self":[{"href":"https:\/\/friendsofenginakyurek.org\/pt\/wp-json\/wp\/v2\/pages\/51","targetHints":{"allow":["GET"]}}],"collection":[{"href":"https:\/\/friendsofenginakyurek.org\/pt\/wp-json\/wp\/v2\/pages"}],"about":[{"href":"https:\/\/friendsofenginakyurek.org\/pt\/wp-json\/wp\/v2\/types\/page"}],"author":[{"embeddable":true,"href":"https:\/\/friendsofenginakyurek.org\/pt\/wp-json\/wp\/v2\/users\/1"}],"replies":[{"embeddable":true,"href":"https:\/\/friendsofenginakyurek.org\/pt\/wp-json\/wp\/v2\/comments?post=51"}],"version-history":[{"count":18,"href":"https:\/\/friendsofenginakyurek.org\/pt\/wp-json\/wp\/v2\/pages\/51\/revisions"}],"predecessor-version":[{"id":7563,"href":"https:\/\/friendsofenginakyurek.org\/pt\/wp-json\/wp\/v2\/pages\/51\/revisions\/7563"}],"wp:featuredmedia":[{"embeddable":true,"href":"https:\/\/friendsofenginakyurek.org\/pt\/wp-json\/wp\/v2\/media\/4691"}],"wp:attachment":[{"href":"https:\/\/friendsofenginakyurek.org\/pt\/wp-json\/wp\/v2\/media?parent=51"}],"curies":[{"name":"wp","href":"https:\/\/api.w.org\/{rel}","templated":true}]}}