{"id":5522,"date":"2022-10-03T23:42:31","date_gmt":"2022-10-03T23:42:31","guid":{"rendered":"https:\/\/friendsofenginakyurek.org\/?page_id=5522"},"modified":"2023-03-11T23:02:38","modified_gmt":"2023-03-11T23:02:38","slug":"frequently-asked-questions","status":"publish","type":"page","link":"https:\/\/friendsofenginakyurek.org\/pt\/frequently-asked-questions\/","title":{"rendered":"perguntas frequentes"},"content":{"rendered":"<div data-elementor-type=\"wp-page\" data-elementor-id=\"5522\" class=\"elementor elementor-5522\" data-elementor-post-type=\"page\">\n\t\t\t\t\t\t<section class=\"elementor-section elementor-top-section elementor-element elementor-element-fe97790 elementor-section-height-min-height elementor-section-content-middle elementor-section-boxed elementor-section-height-default elementor-section-items-middle\" data-id=\"fe97790\" data-element_type=\"section\" data-e-type=\"section\" data-settings=\"{&quot;background_background&quot;:&quot;classic&quot;}\">\n\t\t\t\t\t\t\t<div class=\"elementor-background-overlay\"><\/div>\n\t\t\t\t\t\t\t<div class=\"elementor-container elementor-column-gap-no\">\n\t\t\t\t\t<div class=\"elementor-column elementor-col-100 elementor-top-column elementor-element elementor-element-237bd96\" data-id=\"237bd96\" data-element_type=\"column\" data-e-type=\"column\">\n\t\t\t<div class=\"elementor-widget-wrap elementor-element-populated\">\n\t\t\t\t\t\t<div class=\"elementor-element elementor-element-539a491 elementor-widget elementor-widget-heading\" data-id=\"539a491\" data-element_type=\"widget\" data-e-type=\"widget\" data-widget_type=\"heading.default\">\n\t\t\t\t<div class=\"elementor-widget-container\">\n\t\t\t\t\t<h2 class=\"elementor-heading-title elementor-size-default\">perguntas frequentes<\/h2>\t\t\t\t<\/div>\n\t\t\t\t<\/div>\n\t\t\t\t<div class=\"elementor-element elementor-element-c2afd82 elementor-widget elementor-widget-image\" data-id=\"c2afd82\" data-element_type=\"widget\" data-e-type=\"widget\" data-widget_type=\"image.default\">\n\t\t\t\t<div class=\"elementor-widget-container\">\n\t\t\t\t\t\t\t\t\t\t\t\t\t\t\t<img fetchpriority=\"high\" decoding=\"async\" width=\"768\" height=\"158\" src=\"https:\/\/friendsofenginakyurek.org\/wp-content\/uploads\/2022\/10\/8888C6C6-7FD1-475B-959C-8198F5831A7F-1-768x158.png\" class=\"attachment-medium_large size-medium_large wp-image-5640\" alt=\"\" srcset=\"https:\/\/friendsofenginakyurek.org\/wp-content\/uploads\/2022\/10\/8888C6C6-7FD1-475B-959C-8198F5831A7F-1-768x158.png 768w, https:\/\/friendsofenginakyurek.org\/wp-content\/uploads\/2022\/10\/8888C6C6-7FD1-475B-959C-8198F5831A7F-1-600x123.png 600w, https:\/\/friendsofenginakyurek.org\/wp-content\/uploads\/2022\/10\/8888C6C6-7FD1-475B-959C-8198F5831A7F-1-300x62.png 300w, https:\/\/friendsofenginakyurek.org\/wp-content\/uploads\/2022\/10\/8888C6C6-7FD1-475B-959C-8198F5831A7F-1-1024x211.png 1024w, https:\/\/friendsofenginakyurek.org\/wp-content\/uploads\/2022\/10\/8888C6C6-7FD1-475B-959C-8198F5831A7F-1-1536x316.png 1536w, https:\/\/friendsofenginakyurek.org\/wp-content\/uploads\/2022\/10\/8888C6C6-7FD1-475B-959C-8198F5831A7F-1-2048x421.png 2048w, https:\/\/friendsofenginakyurek.org\/wp-content\/uploads\/2022\/10\/8888C6C6-7FD1-475B-959C-8198F5831A7F-1-18x4.png 18w, https:\/\/friendsofenginakyurek.org\/wp-content\/uploads\/2022\/10\/8888C6C6-7FD1-475B-959C-8198F5831A7F-1-200x41.png 200w, https:\/\/friendsofenginakyurek.org\/wp-content\/uploads\/2022\/10\/8888C6C6-7FD1-475B-959C-8198F5831A7F-1-150x31.png 150w, https:\/\/friendsofenginakyurek.org\/wp-content\/uploads\/2022\/10\/8888C6C6-7FD1-475B-959C-8198F5831A7F-1-547x113.png 547w, https:\/\/friendsofenginakyurek.org\/wp-content\/uploads\/2022\/10\/8888C6C6-7FD1-475B-959C-8198F5831A7F-1-678x139.png 678w, https:\/\/friendsofenginakyurek.org\/wp-content\/uploads\/2022\/10\/8888C6C6-7FD1-475B-959C-8198F5831A7F-1-524x108.png 524w, https:\/\/friendsofenginakyurek.org\/wp-content\/uploads\/2022\/10\/8888C6C6-7FD1-475B-959C-8198F5831A7F-1-420x86.png 420w, https:\/\/friendsofenginakyurek.org\/wp-content\/uploads\/2022\/10\/8888C6C6-7FD1-475B-959C-8198F5831A7F-1-444x91.png 444w, https:\/\/friendsofenginakyurek.org\/wp-content\/uploads\/2022\/10\/8888C6C6-7FD1-475B-959C-8198F5831A7F-1-916x188.png 916w\" sizes=\"(max-width: 768px) 100vw, 768px\" \/>\t\t\t\t\t\t\t\t\t\t\t\t\t\t\t<\/div>\n\t\t\t\t<\/div>\n\t\t\t\t\t<\/div>\n\t\t<\/div>\n\t\t\t\t\t<\/div>\n\t\t<\/section>\n\t\t\t\t<section class=\"elementor-section elementor-top-section elementor-element elementor-element-3b620f59 elementor-section-content-middle elementor-section-boxed elementor-section-height-default elementor-section-height-default\" data-id=\"3b620f59\" data-element_type=\"section\" data-e-type=\"section\">\n\t\t\t\t\t\t<div class=\"elementor-container elementor-column-gap-no\">\n\t\t\t\t\t<div class=\"elementor-column elementor-col-100 elementor-top-column elementor-element elementor-element-54f0812e\" data-id=\"54f0812e\" data-element_type=\"column\" data-e-type=\"column\">\n\t\t\t<div class=\"elementor-widget-wrap elementor-element-populated\">\n\t\t\t\t\t\t<div class=\"elementor-element elementor-element-15ea22fe elementor-widget elementor-widget-heading\" data-id=\"15ea22fe\" data-element_type=\"widget\" data-e-type=\"widget\" data-widget_type=\"heading.default\">\n\t\t\t\t<div class=\"elementor-widget-container\">\n\t\t\t\t\t<h5 class=\"elementor-heading-title elementor-size-default\">Por favor, clique abaixo para revelar as respostas \u00e0s perguntas frequentes<\/h5>\t\t\t\t<\/div>\n\t\t\t\t<\/div>\n\t\t\t\t<div class=\"elementor-element elementor-element-dd43690 elementor-widget elementor-widget-toggle\" data-id=\"dd43690\" data-element_type=\"widget\" data-e-type=\"widget\" data-widget_type=\"toggle.default\">\n\t\t\t\t<div class=\"elementor-widget-container\">\n\t\t\t\t\t\t\t<div class=\"elementor-toggle\">\n\t\t\t\t\t\t\t<div class=\"elementor-toggle-item\">\n\t\t\t\t\t<div id=\"elementor-tab-title-2321\" class=\"elementor-tab-title\" data-tab=\"1\" role=\"button\" aria-controls=\"elementor-tab-content-2321\" aria-expanded=\"false\">\n\t\t\t\t\t\t\t\t\t\t\t\t<span class=\"elementor-toggle-icon elementor-toggle-icon-right\" aria-hidden=\"true\">\n\t\t\t\t\t\t\t\t\t\t\t\t\t\t\t<span class=\"elementor-toggle-icon-closed\"><i class=\"fas fa-caret-right\"><\/i><\/span>\n\t\t\t\t\t\t\t\t<span class=\"elementor-toggle-icon-opened\"><i class=\"elementor-toggle-icon-opened fas fa-caret-up\"><\/i><\/span>\n\t\t\t\t\t\t\t\t\t\t\t\t\t<\/span>\n\t\t\t\t\t\t\t\t\t\t\t\t<a class=\"elementor-toggle-title\" tabindex=\"0\">O que nos torna \u00fanicos?<\/a>\n\t\t\t\t\t<\/div>\n\n\t\t\t\t\t<div id=\"elementor-tab-content-2321\" class=\"elementor-tab-content elementor-clearfix\" data-tab=\"1\" role=\"region\" aria-labelledby=\"elementor-tab-title-2321\"><p>Somos uma das \u00fanicas organiza\u00e7\u00f5es beneficentes transparentes e sem fins lucrativos dedicadas exclusivamente ao prop\u00f3sito do trabalho humanit\u00e1rio baseado nos princ\u00edpios orientadores do modo de vida de Engin Aky\u00fcrek.<\/p><\/div>\n\t\t\t\t<\/div>\n\t\t\t\t\t\t\t<div class=\"elementor-toggle-item\">\n\t\t\t\t\t<div id=\"elementor-tab-title-2322\" class=\"elementor-tab-title\" data-tab=\"2\" role=\"button\" aria-controls=\"elementor-tab-content-2322\" aria-expanded=\"false\">\n\t\t\t\t\t\t\t\t\t\t\t\t<span class=\"elementor-toggle-icon elementor-toggle-icon-right\" aria-hidden=\"true\">\n\t\t\t\t\t\t\t\t\t\t\t\t\t\t\t<span class=\"elementor-toggle-icon-closed\"><i class=\"fas fa-caret-right\"><\/i><\/span>\n\t\t\t\t\t\t\t\t<span class=\"elementor-toggle-icon-opened\"><i class=\"elementor-toggle-icon-opened fas fa-caret-up\"><\/i><\/span>\n\t\t\t\t\t\t\t\t\t\t\t\t\t<\/span>\n\t\t\t\t\t\t\t\t\t\t\t\t<a class=\"elementor-toggle-title\" tabindex=\"0\">Qual \u00e9 o nosso impacto?<\/a>\n\t\t\t\t\t<\/div>\n\n\t\t\t\t\t<div id=\"elementor-tab-content-2322\" class=\"elementor-tab-content elementor-clearfix\" data-tab=\"2\" role=\"region\" aria-labelledby=\"elementor-tab-title-2322\"><p>At\u00e9 agora, Friends of Engin Aky\u00fcrek tem um alcance global de m\u00eddia social bimensal de mais de 400.000 contas em mais de 30 pa\u00edses, tocando uma base de amigos de admiradores de Engin Aky\u00fcrek com idades que variam de 14 anos a mais de 90 anos. . Apresentamos in\u00fameros novos amigos ao trabalho do Sr. Aky\u00fcrek e compartilhamos tradu\u00e7\u00f5es de seus escritos da publica\u00e7\u00e3o Kafas\u0131na G\u00f6re e de outros meios de comunica\u00e7\u00e3o como ele apareceu. Al\u00e9m disso, lideramos um esfor\u00e7o para melhorar a experi\u00eancia on-line para amigos de m\u00eddia social por meio de uma campanha de conscientiza\u00e7\u00e3o sobre crimes cibern\u00e9ticos voltada para a crescente amea\u00e7a direcionada aos seguidores de Engin Aky\u00fcrek.\u00a0<\/p><p>No futuro, esperamos impactar diretamente as comunidades em T\u00fcrkiye identificadas pelo Sr. Aky\u00fcrek como aquelas que precisam de nossa assist\u00eancia.<\/p><\/div>\n\t\t\t\t<\/div>\n\t\t\t\t\t\t\t<div class=\"elementor-toggle-item\">\n\t\t\t\t\t<div id=\"elementor-tab-title-2323\" class=\"elementor-tab-title\" data-tab=\"3\" role=\"button\" aria-controls=\"elementor-tab-content-2323\" aria-expanded=\"false\">\n\t\t\t\t\t\t\t\t\t\t\t\t<span class=\"elementor-toggle-icon elementor-toggle-icon-right\" aria-hidden=\"true\">\n\t\t\t\t\t\t\t\t\t\t\t\t\t\t\t<span class=\"elementor-toggle-icon-closed\"><i class=\"fas fa-caret-right\"><\/i><\/span>\n\t\t\t\t\t\t\t\t<span class=\"elementor-toggle-icon-opened\"><i class=\"elementor-toggle-icon-opened fas fa-caret-up\"><\/i><\/span>\n\t\t\t\t\t\t\t\t\t\t\t\t\t<\/span>\n\t\t\t\t\t\t\t\t\t\t\t\t<a class=\"elementor-toggle-title\" tabindex=\"0\">Que porcentagem de doa\u00e7\u00f5es vai para a miss\u00e3o\/projetos?<\/a>\n\t\t\t\t\t<\/div>\n\n\t\t\t\t\t<div id=\"elementor-tab-content-2323\" class=\"elementor-tab-content elementor-clearfix\" data-tab=\"3\" role=\"region\" aria-labelledby=\"elementor-tab-title-2323\"><p>Apesar de estar apenas come\u00e7ando (organiza\u00e7\u00e3o 501c3: final de mar\u00e7o de 2022, estatutos: meados de agosto de 2022) e ainda desenvolvendo alguns de nossos programas, garantimos que 95-99% de contribui\u00e7\u00f5es recebidas v\u00e3o diretamente para nossa miss\u00e3o principal, ajudando crian\u00e7as turcas vulner\u00e1veis e fam\u00edlias em homenagem ao Sr. Aky\u00fcrek. Durante os est\u00e1gios iniciais dos primeiros meses de exist\u00eancia, dependendo da quantidade de doa\u00e7\u00f5es recebidas, podemos exigir um pouco mais desse 4% enquanto trabalhamos para estabelecer nossa rede segura de programas.<\/p><\/div>\n\t\t\t\t<\/div>\n\t\t\t\t\t\t\t<div class=\"elementor-toggle-item\">\n\t\t\t\t\t<div id=\"elementor-tab-title-2324\" class=\"elementor-tab-title\" data-tab=\"4\" role=\"button\" aria-controls=\"elementor-tab-content-2324\" aria-expanded=\"false\">\n\t\t\t\t\t\t\t\t\t\t\t\t<span class=\"elementor-toggle-icon elementor-toggle-icon-right\" aria-hidden=\"true\">\n\t\t\t\t\t\t\t\t\t\t\t\t\t\t\t<span class=\"elementor-toggle-icon-closed\"><i class=\"fas fa-caret-right\"><\/i><\/span>\n\t\t\t\t\t\t\t\t<span class=\"elementor-toggle-icon-opened\"><i class=\"elementor-toggle-icon-opened fas fa-caret-up\"><\/i><\/span>\n\t\t\t\t\t\t\t\t\t\t\t\t\t<\/span>\n\t\t\t\t\t\t\t\t\t\t\t\t<a class=\"elementor-toggle-title\" tabindex=\"0\">O que \u00e9 uma organiza\u00e7\u00e3o isenta de impostos 501c3?<\/a>\n\t\t\t\t\t<\/div>\n\n\t\t\t\t\t<div id=\"elementor-tab-content-2324\" class=\"elementor-tab-content elementor-clearfix\" data-tab=\"4\" role=\"region\" aria-labelledby=\"elementor-tab-title-2324\"><p>Nossa organiza\u00e7\u00e3o isenta de impostos 501(c)3 \u00e9 uma organiza\u00e7\u00e3o sem fins lucrativos estabelecida exclusivamente para fins de caridade.<\/p><\/div>\n\t\t\t\t<\/div>\n\t\t\t\t\t\t\t<div class=\"elementor-toggle-item\">\n\t\t\t\t\t<div id=\"elementor-tab-title-2325\" class=\"elementor-tab-title\" data-tab=\"5\" role=\"button\" aria-controls=\"elementor-tab-content-2325\" aria-expanded=\"false\">\n\t\t\t\t\t\t\t\t\t\t\t\t<span class=\"elementor-toggle-icon elementor-toggle-icon-right\" aria-hidden=\"true\">\n\t\t\t\t\t\t\t\t\t\t\t\t\t\t\t<span class=\"elementor-toggle-icon-closed\"><i class=\"fas fa-caret-right\"><\/i><\/span>\n\t\t\t\t\t\t\t\t<span class=\"elementor-toggle-icon-opened\"><i class=\"elementor-toggle-icon-opened fas fa-caret-up\"><\/i><\/span>\n\t\t\t\t\t\t\t\t\t\t\t\t\t<\/span>\n\t\t\t\t\t\t\t\t\t\t\t\t<a class=\"elementor-toggle-title\" tabindex=\"0\">Qual \u00e9 a diferen\u00e7a entre uma organiza\u00e7\u00e3o sem fins lucrativos, uma institui\u00e7\u00e3o de caridade e uma organiza\u00e7\u00e3o isenta de impostos 501c3?<\/a>\n\t\t\t\t\t<\/div>\n\n\t\t\t\t\t<div id=\"elementor-tab-content-2325\" class=\"elementor-tab-content elementor-clearfix\" data-tab=\"5\" role=\"region\" aria-labelledby=\"elementor-tab-title-2325\">Uma organiza\u00e7\u00e3o 501(c)3 \u00e9 uma organiza\u00e7\u00e3o sem fins lucrativos com status de isen\u00e7\u00e3o de impostos, dedicada ao bem-estar geral da sociedade. Conforme ditado pela subse\u00e7\u00e3o 501(c) da autoridade tribut\u00e1ria do governo dos EUA (Internal Revenue Service), um conjunto estrito de regulamentos \u00e9 respeitado, a fim de manter o status 501(c)3. As doa\u00e7\u00f5es feitas \u00e0 organiza\u00e7\u00e3o podem ser isentas de impostos para alguns doadores.<\/div>\n\t\t\t\t<\/div>\n\t\t\t\t\t\t\t<div class=\"elementor-toggle-item\">\n\t\t\t\t\t<div id=\"elementor-tab-title-2326\" class=\"elementor-tab-title\" data-tab=\"6\" role=\"button\" aria-controls=\"elementor-tab-content-2326\" aria-expanded=\"false\">\n\t\t\t\t\t\t\t\t\t\t\t\t<span class=\"elementor-toggle-icon elementor-toggle-icon-right\" aria-hidden=\"true\">\n\t\t\t\t\t\t\t\t\t\t\t\t\t\t\t<span class=\"elementor-toggle-icon-closed\"><i class=\"fas fa-caret-right\"><\/i><\/span>\n\t\t\t\t\t\t\t\t<span class=\"elementor-toggle-icon-opened\"><i class=\"elementor-toggle-icon-opened fas fa-caret-up\"><\/i><\/span>\n\t\t\t\t\t\t\t\t\t\t\t\t\t<\/span>\n\t\t\t\t\t\t\t\t\t\t\t\t<a class=\"elementor-toggle-title\" tabindex=\"0\">Como s\u00e3o cobertas as despesas operacionais da organiza\u00e7\u00e3o?<\/a>\n\t\t\t\t\t<\/div>\n\n\t\t\t\t\t<div id=\"elementor-tab-content-2326\" class=\"elementor-tab-content elementor-clearfix\" data-tab=\"6\" role=\"region\" aria-labelledby=\"elementor-tab-title-2326\"><p>Espera-se que nossas despesas sejam cobertas principalmente por generosos doadores privados, nossos membros do Conselho de Administra\u00e7\u00e3o e Membros do Conselho Consultivo. Durante o per\u00edodo inicial de configura\u00e7\u00e3o, podemos contar minimamente com doa\u00e7\u00f5es p\u00fablicas, com o consentimento dos doadores, para auxiliar no estabelecimento de nossos programas. Temos custos indiretos quase inexistentes.<\/p><\/div>\n\t\t\t\t<\/div>\n\t\t\t\t\t\t\t\t<\/div>\n\t\t\t\t\t\t<\/div>\n\t\t\t\t<\/div>\n\t\t\t\t\t<\/div>\n\t\t<\/div>\n\t\t\t\t\t<\/div>\n\t\t<\/section>\n\t\t\t\t<\/div>","protected":false},"excerpt":{"rendered":"<p>Perguntas Frequentes Clique abaixo para revelar as respostas para Perguntas Frequentes O que nos torna \u00fanicos? Somos uma das \u00fanicas organiza\u00e7\u00f5es de caridade transparentes e sem fins lucrativos dedicadas exclusivamente ao prop\u00f3sito do trabalho humanit\u00e1rio constru\u00eddo sobre os princ\u00edpios orientadores do modo de vida de Engin Aky\u00fcrek. Qual \u00e9 o nosso impacto? At\u00e9 agora, os Amigos de Engin \u2026 <a href=\"https:\/\/friendsofenginakyurek.org\/pt\/frequently-asked-questions\/\" class=\"more-link\">continue lendo <span class=\"screen-reader-text\">perguntas frequentes<\/span><\/a><\/p>","protected":false},"author":1,"featured_media":9778,"parent":0,"menu_order":0,"comment_status":"closed","ping_status":"closed","template":"elementor_header_footer","meta":{"footnotes":""},"class_list":["post-5522","page","type-page","status-publish","has-post-thumbnail","hentry"],"jetpack_sharing_enabled":true,"_links":{"self":[{"href":"https:\/\/friendsofenginakyurek.org\/pt\/wp-json\/wp\/v2\/pages\/5522","targetHints":{"allow":["GET"]}}],"collection":[{"href":"https:\/\/friendsofenginakyurek.org\/pt\/wp-json\/wp\/v2\/pages"}],"about":[{"href":"https:\/\/friendsofenginakyurek.org\/pt\/wp-json\/wp\/v2\/types\/page"}],"author":[{"embeddable":true,"href":"https:\/\/friendsofenginakyurek.org\/pt\/wp-json\/wp\/v2\/users\/1"}],"replies":[{"embeddable":true,"href":"https:\/\/friendsofenginakyurek.org\/pt\/wp-json\/wp\/v2\/comments?post=5522"}],"version-history":[{"count":65,"href":"https:\/\/friendsofenginakyurek.org\/pt\/wp-json\/wp\/v2\/pages\/5522\/revisions"}],"predecessor-version":[{"id":11397,"href":"https:\/\/friendsofenginakyurek.org\/pt\/wp-json\/wp\/v2\/pages\/5522\/revisions\/11397"}],"wp:featuredmedia":[{"embeddable":true,"href":"https:\/\/friendsofenginakyurek.org\/pt\/wp-json\/wp\/v2\/media\/9778"}],"wp:attachment":[{"href":"https:\/\/friendsofenginakyurek.org\/pt\/wp-json\/wp\/v2\/media?parent=5522"}],"curies":[{"name":"wp","href":"https:\/\/api.w.org\/{rel}","templated":true}]}}