{"id":62,"date":"2015-04-20T11:10:24","date_gmt":"2015-04-20T11:10:24","guid":{"rendered":"http:\/\/www.anarieldesign.com\/themedemos\/maisha\/?page_id=62"},"modified":"2022-10-08T00:01:28","modified_gmt":"2022-10-08T00:01:28","slug":"program-three","status":"publish","type":"page","link":"https:\/\/friendsofenginakyurek.org\/pt\/our-programs\/program-three\/","title":{"rendered":"INFORMAR"},"content":{"rendered":"<p>INFORMAR<br \/>\nAumentar a sensibiliza\u00e7\u00e3o para as quest\u00f5es sociais e humanit\u00e1rias que importam a Engin Aky\u00fcrek;<\/p>","protected":false},"excerpt":{"rendered":"<p>INFORM Increase awareness of social and humanitarian issues that matter to Engin Aky\u00fcrek;<\/p>","protected":false},"author":1,"featured_media":942,"parent":54,"menu_order":0,"comment_status":"open","ping_status":"open","template":"","meta":{"footnotes":""},"class_list":["post-62","page","type-page","status-publish","has-post-thumbnail","hentry"],"jetpack_sharing_enabled":true,"_links":{"self":[{"href":"https:\/\/friendsofenginakyurek.org\/pt\/wp-json\/wp\/v2\/pages\/62","targetHints":{"allow":["GET"]}}],"collection":[{"href":"https:\/\/friendsofenginakyurek.org\/pt\/wp-json\/wp\/v2\/pages"}],"about":[{"href":"https:\/\/friendsofenginakyurek.org\/pt\/wp-json\/wp\/v2\/types\/page"}],"author":[{"embeddable":true,"href":"https:\/\/friendsofenginakyurek.org\/pt\/wp-json\/wp\/v2\/users\/1"}],"replies":[{"embeddable":true,"href":"https:\/\/friendsofenginakyurek.org\/pt\/wp-json\/wp\/v2\/comments?post=62"}],"version-history":[{"count":2,"href":"https:\/\/friendsofenginakyurek.org\/pt\/wp-json\/wp\/v2\/pages\/62\/revisions"}],"predecessor-version":[{"id":6391,"href":"https:\/\/friendsofenginakyurek.org\/pt\/wp-json\/wp\/v2\/pages\/62\/revisions\/6391"}],"up":[{"embeddable":true,"href":"https:\/\/friendsofenginakyurek.org\/pt\/wp-json\/wp\/v2\/pages\/54"}],"wp:featuredmedia":[{"embeddable":true,"href":"https:\/\/friendsofenginakyurek.org\/pt\/wp-json\/wp\/v2\/media\/942"}],"wp:attachment":[{"href":"https:\/\/friendsofenginakyurek.org\/pt\/wp-json\/wp\/v2\/media?parent=62"}],"curies":[{"name":"wp","href":"https:\/\/api.w.org\/{rel}","templated":true}]}}