{"id":698,"date":"2015-05-11T08:17:37","date_gmt":"2015-05-11T08:17:37","guid":{"rendered":"http:\/\/www.anarieldesign.com\/themedemos\/maisha\/?page_id=698"},"modified":"2015-05-11T08:17:37","modified_gmt":"2015-05-11T08:17:37","slug":"project-koboko","status":"publish","type":"page","link":"https:\/\/friendsofenginakyurek.org\/pt\/project-koboko\/","title":{"rendered":"Projeto Koboko"},"content":{"rendered":"<p>\t\tMarzipan marshmallow cookie cake icing marshmallow cookie de chocolate bolo de cenoura drageia de chocolate bast\u00f5es de chocolate bolo de cenoura.<\/p>\n<p><!--more--><\/p>\n<p>Bolo de biscoito de marshmallow de ma\u00e7ap\u00e3o, cobertura de bolo de biscoito de chocolate de marshmallow, bolo de cenoura, drag\u00e9e, bast\u00f5es de doces de chocolate, bolo de cenoura. Rolo doce de donut Wypas <span class=\"color\"><strong>20,456<\/strong><\/span> p\u00e3o doce de caramelo <span class=\"color\"><strong>19<\/strong><\/span> gelatina. Fusce a ante nisl, vitae pretium enim. Nunc imperdiet iaculis augue nec porta! Faselo. Fusce a ante nisl, vitae pretium enim. Nunc imperdiet iaculis augue nec porta! Faselo. Fusce a ante nisl, vitae pretium enim. Nunc imperdiet iaculis augue nec porta! Faselo.<\/p>\n<p><a href=\"http:\/\/anariel.com.www361.your-server.de\/maisha\/wp-content\/uploads\/2015\/04\/maisha_shop_slider_3.jpg\"><img fetchpriority=\"high\" decoding=\"async\" src=\"http:\/\/anariel.com.www361.your-server.de\/maisha\/wp-content\/uploads\/2015\/04\/maisha_shop_slider_3.jpg\" data-sizes=\"(max-width: 1405px) 100vw, 1405px\" srcset=\"http:\/\/www.anariel.com\/maishademo\/wp-content\/uploads\/2015\/04\/maisha_shop_slider_3-300x85.jpg 300w, http:\/\/www.anariel.com\/maishademo\/wp-content\/uploads\/2015\/04\/maisha_shop_slider_3-1024x292.jpg 1024w, http:\/\/www.anariel.com\/maishademo\/wp-content\/uploads\/2015\/04\/maisha_shop_slider_3-300x85.jpg 300w, http:\/\/www.anariel.com\/maishademo\/wp-content\/uploads\/2015\/04\/maisha_shop_slider_3-300x85.jpg 300w, http:\/\/www.anariel.com\/maishademo\/wp-content\/uploads\/2015\/04\/maisha_shop_slider_3-200x57.jpg 200w, http:\/\/www.anariel.com\/maishademo\/wp-content\/uploads\/2015\/04\/maisha_shop_slider_3-150x43.jpg 150w, http:\/\/anariel.com.www361.your-server.de\/maisha\/wp-content\/uploads\/2015\/04\/maisha_shop_slider_3.jpg 1405w\" alt=\"maisha_shop_slider_3\" width=\"1405\" height=\"400\" class=\"aligncenter size-full wp-image-956\" \/><\/a><\/p>\n<p>[dar_formul\u00e1rio id=\u201d403\u2033]\t\t<\/p>","protected":false},"excerpt":{"rendered":"<p>Marzipan marshmallow cookie cake icing marshmallow cookie de chocolate bolo de cenoura drageia de chocolate bast\u00f5es de chocolate bolo de cenoura.<\/p>","protected":false},"author":1,"featured_media":2504,"parent":0,"menu_order":0,"comment_status":"closed","ping_status":"closed","template":"","meta":{"footnotes":""},"class_list":["post-698","page","type-page","status-publish","has-post-thumbnail","hentry"],"jetpack_sharing_enabled":true,"_links":{"self":[{"href":"https:\/\/friendsofenginakyurek.org\/pt\/wp-json\/wp\/v2\/pages\/698","targetHints":{"allow":["GET"]}}],"collection":[{"href":"https:\/\/friendsofenginakyurek.org\/pt\/wp-json\/wp\/v2\/pages"}],"about":[{"href":"https:\/\/friendsofenginakyurek.org\/pt\/wp-json\/wp\/v2\/types\/page"}],"author":[{"embeddable":true,"href":"https:\/\/friendsofenginakyurek.org\/pt\/wp-json\/wp\/v2\/users\/1"}],"replies":[{"embeddable":true,"href":"https:\/\/friendsofenginakyurek.org\/pt\/wp-json\/wp\/v2\/comments?post=698"}],"version-history":[{"count":0,"href":"https:\/\/friendsofenginakyurek.org\/pt\/wp-json\/wp\/v2\/pages\/698\/revisions"}],"wp:featuredmedia":[{"embeddable":true,"href":"https:\/\/friendsofenginakyurek.org\/pt\/wp-json\/wp\/v2\/media\/2504"}],"wp:attachment":[{"href":"https:\/\/friendsofenginakyurek.org\/pt\/wp-json\/wp\/v2\/media?parent=698"}],"curies":[{"name":"wp","href":"https:\/\/api.w.org\/{rel}","templated":true}]}}