{"id":10090,"date":"2023-02-06T21:03:06","date_gmt":"2023-02-06T21:03:06","guid":{"rendered":"https:\/\/friendsofenginakyurek.org\/?page_id=10090"},"modified":"2023-02-24T22:34:53","modified_gmt":"2023-02-24T22:34:53","slug":"popup","status":"publish","type":"page","link":"https:\/\/friendsofenginakyurek.org\/ro\/popup\/","title":{"rendered":"pop-up"},"content":{"rendered":"<div data-elementor-type=\"wp-page\" data-elementor-id=\"10090\" class=\"elementor elementor-10090\" data-elementor-post-type=\"page\">\n\t\t\t\t\t\t<section class=\"elementor-section elementor-top-section elementor-element elementor-element-176a040 elementor-section-boxed elementor-section-height-default elementor-section-height-default\" data-id=\"176a040\" data-element_type=\"section\" data-e-type=\"section\">\n\t\t\t\t\t\t<div class=\"elementor-container elementor-column-gap-default\">\n\t\t\t\t\t<div class=\"elementor-column elementor-col-50 elementor-top-column elementor-element elementor-element-dfb0049\" data-id=\"dfb0049\" data-element_type=\"column\" data-e-type=\"column\">\n\t\t\t<div class=\"elementor-widget-wrap elementor-element-populated\">\n\t\t\t\t\t\t<div class=\"elementor-element elementor-element-0920392 elementor-widget elementor-widget-heading\" data-id=\"0920392\" data-element_type=\"widget\" data-e-type=\"widget\" data-widget_type=\"heading.default\">\n\t\t\t\t<div class=\"elementor-widget-container\">\n\t\t\t\t\t<h2 class=\"elementor-heading-title elementor-size-default\">Relieful cutremurului din 2023<\/h2>\t\t\t\t<\/div>\n\t\t\t\t<\/div>\n\t\t\t\t<section class=\"elementor-section elementor-inner-section elementor-element elementor-element-8a10c88 elementor-section-boxed elementor-section-height-default elementor-section-height-default\" data-id=\"8a10c88\" data-element_type=\"section\" data-e-type=\"section\">\n\t\t\t\t\t\t<div class=\"elementor-container elementor-column-gap-default\">\n\t\t\t\t\t<div class=\"elementor-column elementor-col-100 elementor-inner-column elementor-element elementor-element-34b5147\" data-id=\"34b5147\" data-element_type=\"column\" data-e-type=\"column\">\n\t\t\t<div class=\"elementor-widget-wrap elementor-element-populated\">\n\t\t\t\t\t\t<div class=\"elementor-element elementor-element-bdeea23 elementor-widget elementor-widget-text-editor\" data-id=\"bdeea23\" data-element_type=\"widget\" data-e-type=\"widget\" data-widget_type=\"text-editor.default\">\n\t\t\t\t<div class=\"elementor-widget-container\">\n\t\t\t\t\t\t\t\t\t\u00cen primele ore ale dimine\u021bii zilei de 6 februarie 2023, vie\u021bile nenum\u0103ra\u021bilor cet\u0103\u021beni turci au fost zguduite p\u00e2n\u0103 la miez de un puternic cutremur. Regiunea de sud a Turciei \u0219i la grani\u021ba cu Siria au suferit devast\u0103ri masive pe scar\u0103 larg\u0103, pierderi incomensurabile, suferin\u021be \u0219i pagube.\n\t\t\t\t\t\t\t\t<\/div>\n\t\t\t\t<\/div>\n\t\t\t\t<div class=\"elementor-element elementor-element-f690d0f elementor-widget elementor-widget-text-editor\" data-id=\"f690d0f\" data-element_type=\"widget\" data-e-type=\"widget\" data-widget_type=\"text-editor.default\">\n\t\t\t\t<div class=\"elementor-widget-container\">\n\t\t\t\t\t\t\t\t\tLa scurt timp dup\u0103 ziu\u0103, Engin Aky\u00fcrek le-a sunat prietenilor s\u0103i s\u0103 dea o m\u00e2n\u0103 de ajutor frumoasei sale \u021b\u0103ri. Team Friends of Engin Aky\u00fcrek i-a mobilizat imediat pe sus\u021bin\u0103torii no\u0219tri \u0219i am trimis dona\u021bii considerabile c\u0103tre ahbap.org, o organiza\u021bie caritabil\u0103 neguvernamental\u0103 dedicat\u0103 ajutorului de urgen\u021b\u0103. \t\t\t\t\t\t\t\t<\/div>\n\t\t\t\t<\/div>\n\t\t\t\t\t<\/div>\n\t\t<\/div>\n\t\t\t\t\t<\/div>\n\t\t<\/section>\n\t\t\t\t<section class=\"elementor-section elementor-inner-section elementor-element elementor-element-ce4db5e elementor-section-boxed elementor-section-height-default elementor-section-height-default\" data-id=\"ce4db5e\" data-element_type=\"section\" data-e-type=\"section\">\n\t\t\t\t\t\t<div class=\"elementor-container elementor-column-gap-default\">\n\t\t\t\t\t<div class=\"elementor-column elementor-col-50 elementor-inner-column elementor-element elementor-element-3cfb56f\" data-id=\"3cfb56f\" data-element_type=\"column\" data-e-type=\"column\">\n\t\t\t<div class=\"elementor-widget-wrap elementor-element-populated\">\n\t\t\t\t\t\t<div class=\"elementor-element elementor-element-db4c6e3 elementor-widget elementor-widget-image\" data-id=\"db4c6e3\" data-element_type=\"widget\" data-e-type=\"widget\" data-widget_type=\"image.default\">\n\t\t\t\t<div class=\"elementor-widget-container\">\n\t\t\t\t\t\t\t\t\t\t\t\t\t\t\t<img fetchpriority=\"high\" decoding=\"async\" width=\"791\" height=\"1024\" src=\"https:\/\/friendsofenginakyurek.org\/wp-content\/uploads\/2023\/02\/Earthquake-Relief-1-791x1024.png\" class=\"attachment-large size-large wp-image-10942\" alt=\"\" srcset=\"https:\/\/friendsofenginakyurek.org\/wp-content\/uploads\/2023\/02\/Earthquake-Relief-1-791x1024.png 791w, https:\/\/friendsofenginakyurek.org\/wp-content\/uploads\/2023\/02\/Earthquake-Relief-1-232x300.png 232w, https:\/\/friendsofenginakyurek.org\/wp-content\/uploads\/2023\/02\/Earthquake-Relief-1-768x994.png 768w, https:\/\/friendsofenginakyurek.org\/wp-content\/uploads\/2023\/02\/Earthquake-Relief-1-1187x1536.png 1187w, https:\/\/friendsofenginakyurek.org\/wp-content\/uploads\/2023\/02\/Earthquake-Relief-1-1583x2048.png 1583w, https:\/\/friendsofenginakyurek.org\/wp-content\/uploads\/2023\/02\/Earthquake-Relief-1-9x12.png 9w, https:\/\/friendsofenginakyurek.org\/wp-content\/uploads\/2023\/02\/Earthquake-Relief-1-155x200.png 155w, https:\/\/friendsofenginakyurek.org\/wp-content\/uploads\/2023\/02\/Earthquake-Relief-1-150x194.png 150w, https:\/\/friendsofenginakyurek.org\/wp-content\/uploads\/2023\/02\/Earthquake-Relief-1-547x708.png 547w, https:\/\/friendsofenginakyurek.org\/wp-content\/uploads\/2023\/02\/Earthquake-Relief-1-678x877.png 678w, https:\/\/friendsofenginakyurek.org\/wp-content\/uploads\/2023\/02\/Earthquake-Relief-1-300x388.png 300w, https:\/\/friendsofenginakyurek.org\/wp-content\/uploads\/2023\/02\/Earthquake-Relief-1-524x678.png 524w, https:\/\/friendsofenginakyurek.org\/wp-content\/uploads\/2023\/02\/Earthquake-Relief-1-420x544.png 420w, https:\/\/friendsofenginakyurek.org\/wp-content\/uploads\/2023\/02\/Earthquake-Relief-1-444x575.png 444w, https:\/\/friendsofenginakyurek.org\/wp-content\/uploads\/2023\/02\/Earthquake-Relief-1-916x1185.png 916w, https:\/\/friendsofenginakyurek.org\/wp-content\/uploads\/2023\/02\/Earthquake-Relief-1-1320x1708.png 1320w, https:\/\/friendsofenginakyurek.org\/wp-content\/uploads\/2023\/02\/Earthquake-Relief-1-600x776.png 600w\" sizes=\"(max-width: 791px) 100vw, 791px\" \/>\t\t\t\t\t\t\t\t\t\t\t\t\t\t\t<\/div>\n\t\t\t\t<\/div>\n\t\t\t\t\t<\/div>\n\t\t<\/div>\n\t\t\t\t<div class=\"elementor-column elementor-col-50 elementor-inner-column elementor-element elementor-element-b802fcb\" data-id=\"b802fcb\" data-element_type=\"column\" data-e-type=\"column\">\n\t\t\t<div class=\"elementor-widget-wrap elementor-element-populated\">\n\t\t\t\t\t\t<div class=\"elementor-element elementor-element-c259ee7 elementor-widget elementor-widget-text-editor\" data-id=\"c259ee7\" data-element_type=\"widget\" data-e-type=\"widget\" data-widget_type=\"text-editor.default\">\n\t\t\t\t<div class=\"elementor-widget-container\">\n\t\t\t\t\t\t\t\t\tVom continua s\u0103 contribuim la eforturile nobile ale ahbap.org \u0219i ale altora identificate de Engin Aky\u00fcrek, cum ar fi Asocia\u021bia de paralizie a m\u0103duvei spin\u0103rii din T\u00fcrkiye [T\u00fcrkiye Omurilik Fel\u00e7lileri Derne\u011fi].\t\t\t\t\t\t\t\t<\/div>\n\t\t\t\t<\/div>\n\t\t\t\t\t<\/div>\n\t\t<\/div>\n\t\t\t\t\t<\/div>\n\t\t<\/section>\n\t\t\t\t\t<\/div>\n\t\t<\/div>\n\t\t\t\t<div class=\"elementor-column elementor-col-50 elementor-top-column elementor-element elementor-element-246d09d\" data-id=\"246d09d\" data-element_type=\"column\" data-e-type=\"column\">\n\t\t\t<div class=\"elementor-widget-wrap elementor-element-populated\">\n\t\t\t\t\t\t<div class=\"elementor-element elementor-element-09844b6 elementor-widget elementor-widget-heading\" data-id=\"09844b6\" data-element_type=\"widget\" data-e-type=\"widget\" data-widget_type=\"heading.default\">\n\t\t\t\t<div class=\"elementor-widget-container\">\n\t\t\t\t\t<h2 class=\"elementor-heading-title elementor-size-default\">Pres\u0103 flexibil\u0103 \u0219i prieteni ai partenerului Engin; Lansa\u021bi Book Silence<\/h2>\t\t\t\t<\/div>\n\t\t\t\t<\/div>\n\t\t\t\t<section class=\"elementor-section elementor-inner-section elementor-element elementor-element-a3aa2de elementor-section-full_width elementor-section-height-default elementor-section-height-default\" data-id=\"a3aa2de\" data-element_type=\"section\" data-e-type=\"section\">\n\t\t\t\t\t\t<div class=\"elementor-container elementor-column-gap-default\">\n\t\t\t\t\t<div class=\"elementor-column elementor-col-50 elementor-inner-column elementor-element elementor-element-3110afc\" data-id=\"3110afc\" data-element_type=\"column\" data-e-type=\"column\">\n\t\t\t<div class=\"elementor-widget-wrap elementor-element-populated\">\n\t\t\t\t\t\t<div class=\"elementor-element elementor-element-b5e8c03 elementor-widget elementor-widget-text-editor\" data-id=\"b5e8c03\" data-element_type=\"widget\" data-e-type=\"widget\" data-widget_type=\"text-editor.default\">\n\t\t\t\t<div class=\"elementor-widget-container\">\n\t\t\t\t\t\t\t\t\tPrima edi\u021bie \u00een limba englez\u0103 a Silence <i>[Sessizlik]<\/i>, 21 de povestiri scurte scrise de actorul turc de renume mondial Engin Aky\u00fcrek, vor ajunge la un public dornic \u0219i vor fi lansate pe 4 aprilie 2023. Aducerea acestei publica\u021bii la public sunt edituri de tip boutique <u><a href=\"https:\/\/www.flexiblepub.com\/\"  target=\"_blank\">Pres\u0103 flexibil\u0103<\/a><\/u> \u0219i caritabil nonprofit Friends of Engin Aky\u00fcrek.\t\t\t\t\t\t\t\t<\/div>\n\t\t\t\t<\/div>\n\t\t\t\t<div class=\"elementor-element elementor-element-e9a6efe elementor-widget elementor-widget-text-editor\" data-id=\"e9a6efe\" data-element_type=\"widget\" data-e-type=\"widget\" data-widget_type=\"text-editor.default\">\n\t\t\t\t<div class=\"elementor-widget-container\">\n\t\t\t\t\t\t\t\t\tReclamata colec\u021bie de povestiri a fost tradus\u0103 \u00een mai multe limbi, aceast\u0103 edi\u021bie fiind destinat\u0103 exclusiv Statelor Unite, teritoriilor \u0219i publicului canadian.\n\n\t\t\t\t\t\t\t\t<\/div>\n\t\t\t\t<\/div>\n\t\t\t\t\t<\/div>\n\t\t<\/div>\n\t\t\t\t<div class=\"elementor-column elementor-col-50 elementor-inner-column elementor-element elementor-element-a4aafb4\" data-id=\"a4aafb4\" data-element_type=\"column\" data-e-type=\"column\">\n\t\t\t<div class=\"elementor-widget-wrap elementor-element-populated\">\n\t\t\t\t\t\t<div class=\"elementor-element elementor-element-7a9356e elementor-widget elementor-widget-image\" data-id=\"7a9356e\" data-element_type=\"widget\" data-e-type=\"widget\" data-widget_type=\"image.default\">\n\t\t\t\t<div class=\"elementor-widget-container\">\n\t\t\t\t\t\t\t\t\t\t\t\t\t\t\t<img decoding=\"async\" width=\"2318\" height=\"3000\" src=\"https:\/\/friendsofenginakyurek.org\/wp-content\/uploads\/2023\/02\/Press-Release-1.png\" class=\"attachment-full size-full wp-image-10944\" alt=\"\" srcset=\"https:\/\/friendsofenginakyurek.org\/wp-content\/uploads\/2023\/02\/Press-Release-1.png 2318w, https:\/\/friendsofenginakyurek.org\/wp-content\/uploads\/2023\/02\/Press-Release-1-232x300.png 232w, https:\/\/friendsofenginakyurek.org\/wp-content\/uploads\/2023\/02\/Press-Release-1-791x1024.png 791w, https:\/\/friendsofenginakyurek.org\/wp-content\/uploads\/2023\/02\/Press-Release-1-768x994.png 768w, https:\/\/friendsofenginakyurek.org\/wp-content\/uploads\/2023\/02\/Press-Release-1-1187x1536.png 1187w, https:\/\/friendsofenginakyurek.org\/wp-content\/uploads\/2023\/02\/Press-Release-1-1582x2048.png 1582w, https:\/\/friendsofenginakyurek.org\/wp-content\/uploads\/2023\/02\/Press-Release-1-9x12.png 9w, https:\/\/friendsofenginakyurek.org\/wp-content\/uploads\/2023\/02\/Press-Release-1-155x200.png 155w, https:\/\/friendsofenginakyurek.org\/wp-content\/uploads\/2023\/02\/Press-Release-1-150x194.png 150w, https:\/\/friendsofenginakyurek.org\/wp-content\/uploads\/2023\/02\/Press-Release-1-547x708.png 547w, https:\/\/friendsofenginakyurek.org\/wp-content\/uploads\/2023\/02\/Press-Release-1-678x877.png 678w, https:\/\/friendsofenginakyurek.org\/wp-content\/uploads\/2023\/02\/Press-Release-1-300x388.png 300w, https:\/\/friendsofenginakyurek.org\/wp-content\/uploads\/2023\/02\/Press-Release-1-524x678.png 524w, https:\/\/friendsofenginakyurek.org\/wp-content\/uploads\/2023\/02\/Press-Release-1-420x544.png 420w, https:\/\/friendsofenginakyurek.org\/wp-content\/uploads\/2023\/02\/Press-Release-1-444x575.png 444w, https:\/\/friendsofenginakyurek.org\/wp-content\/uploads\/2023\/02\/Press-Release-1-916x1186.png 916w, https:\/\/friendsofenginakyurek.org\/wp-content\/uploads\/2023\/02\/Press-Release-1-1320x1708.png 1320w, https:\/\/friendsofenginakyurek.org\/wp-content\/uploads\/2023\/02\/Press-Release-1-600x777.png 600w\" sizes=\"(max-width: 2318px) 100vw, 2318px\" \/>\t\t\t\t\t\t\t\t\t\t\t\t\t\t\t<\/div>\n\t\t\t\t<\/div>\n\t\t\t\t\t<\/div>\n\t\t<\/div>\n\t\t\t\t\t<\/div>\n\t\t<\/section>\n\t\t\t\t<div class=\"elementor-element elementor-element-67d64d1 elementor-widget elementor-widget-text-editor\" data-id=\"67d64d1\" data-element_type=\"widget\" data-e-type=\"widget\" data-widget_type=\"text-editor.default\">\n\t\t\t\t<div class=\"elementor-widget-container\">\n\t\t\t\t\t\t\t\t\t\u201eNu am putea fi mai \u00eenc\u00e2nta\u021bi s\u0103 lucr\u0103m cu Friends of Engin \u00een misiunile noastre comune de a aduce Engin Aky\u00fcrek la noi audien\u021be\u201d, a declarat William Burleson, editor \u0219i editor executiv pentru Flexible Press. \u201eConstruirea de pun\u021bi \u0219i crearea de conexiuni \u00eentre culturi este ceea ce \u00eenseamn\u0103 organiza\u021biile noastre \u2013 \u0219i cred c\u0103 domnul Aky\u00fcrek \u2013 sunt totul.\u201d\t\t\t\t\t\t\t\t<\/div>\n\t\t\t\t<\/div>\n\t\t\t\t<div class=\"elementor-element elementor-element-c1eb0eb elementor-widget elementor-widget-text-editor\" data-id=\"c1eb0eb\" data-element_type=\"widget\" data-e-type=\"widget\" data-widget_type=\"text-editor.default\">\n\t\t\t\t<div class=\"elementor-widget-container\">\n\t\t\t\t\t\t\t\t\tFareen Effendi, pre\u0219edinte \u0219i fondator Friends of Engin Aky\u00fcrek a declarat: \u201eOportunitatea de a lucra cu o organiza\u021bie at\u00e2t de talentat\u0103, bazat\u0103 pe cauza ei pentru schimbare, este o adev\u0103rat\u0103 pl\u0103cere. Echipa mea \u0219i cu mine a\u0219tept\u0103m cu ner\u0103bdare o sinergie lung\u0103 \u0219i pozitiv\u0103 de impact social semnificativ.\u201d Organiza\u021bia ei nonprofit sprijin\u0103 oamenii din T\u00fcrkiye \u00een onoarea domnului Aky\u00fcrek.\n\n\t\t\t\t\t\t\t\t<\/div>\n\t\t\t\t<\/div>\n\t\t\t\t<div class=\"elementor-element elementor-element-38d19a9 elementor-widget elementor-widget-text-editor\" data-id=\"38d19a9\" data-element_type=\"widget\" data-e-type=\"widget\" data-widget_type=\"text-editor.default\">\n\t\t\t\t<div class=\"elementor-widget-container\">\n\t\t\t\t\t\t\t\t\tT\u0103cere <i>[Sessizlik]<\/i> ofer\u0103 o privire asupra culturii turce\u0219ti prin pove\u0219tile vie\u021bii cotidiene scrise de Engin Aky\u00fcrek \u0219i traduse de Doina L. Kovalik \u0219i Atiye Erden. Aten\u021bia global\u0103 se concentreaz\u0103 asupra Turciei, dup\u0103 ce o serie de cutremure \u00een regiunea de sud-est \u0219i Siria au provocat daune catastrofale \u0219i pierderi devastatoare de vie\u021bi omene\u0219ti.\n\n\t\t\t\t\t\t\t\t<\/div>\n\t\t\t\t<\/div>\n\t\t\t\t<div class=\"elementor-element elementor-element-4820ae1 elementor-widget elementor-widget-text-editor\" data-id=\"4820ae1\" data-element_type=\"widget\" data-e-type=\"widget\" data-widget_type=\"text-editor.default\">\n\t\t\t\t<div class=\"elementor-widget-container\">\n\t\t\t\t\t\t\t\t\tPrecomenzile sunt disponibile la v\u00e2nz\u0103torii de c\u0103r\u021bi. O parte din veniturile din v\u00e2nzare sprijin\u0103 cauze sociale. Pentru mai multe informa\u021bii contacteaz\u0103: <u><a href=\"mailto:admin@friendsofengin.com\">admin@friendsofengin.com<\/a><\/u>\t\t\t\t\t\t\t\t<\/div>\n\t\t\t\t<\/div>\n\t\t\t\t\t<\/div>\n\t\t<\/div>\n\t\t\t\t\t<\/div>\n\t\t<\/section>\n\t\t\t\t<section class=\"elementor-section elementor-top-section elementor-element elementor-element-a130210 elementor-section-boxed elementor-section-height-default elementor-section-height-default\" data-id=\"a130210\" data-element_type=\"section\" data-e-type=\"section\">\n\t\t\t\t\t\t<div class=\"elementor-container elementor-column-gap-default\">\n\t\t\t\t\t<div class=\"elementor-column elementor-col-50 elementor-top-column elementor-element elementor-element-d88d9de\" data-id=\"d88d9de\" data-element_type=\"column\" data-e-type=\"column\">\n\t\t\t<div class=\"elementor-widget-wrap elementor-element-populated\">\n\t\t\t\t\t\t<div class=\"elementor-element elementor-element-89690de elementor-widget elementor-widget-image\" data-id=\"89690de\" data-element_type=\"widget\" data-e-type=\"widget\" data-widget_type=\"image.default\">\n\t\t\t\t<div class=\"elementor-widget-container\">\n\t\t\t\t\t\t\t\t\t\t\t\t<figure class=\"wp-caption\">\n\t\t\t\t\t\t\t\t\t\t\t<a href=\"https:\/\/friendsofenginakyurek.org\/ro\/scammed\/\">\n\t\t\t\t\t\t\t<img decoding=\"async\" width=\"444\" height=\"444\" src=\"https:\/\/friendsofenginakyurek.org\/wp-content\/uploads\/2023\/02\/Book-Cover-Thumbnail--444x444.png\" class=\"elementor-animation-shrink attachment-maisha-staff-child-page-thumbnail size-maisha-staff-child-page-thumbnail wp-image-11009\" alt=\"\" srcset=\"https:\/\/friendsofenginakyurek.org\/wp-content\/uploads\/2023\/02\/Book-Cover-Thumbnail--444x444.png 444w, https:\/\/friendsofenginakyurek.org\/wp-content\/uploads\/2023\/02\/Book-Cover-Thumbnail--300x300.png 300w, https:\/\/friendsofenginakyurek.org\/wp-content\/uploads\/2023\/02\/Book-Cover-Thumbnail--1024x1024.png 1024w, https:\/\/friendsofenginakyurek.org\/wp-content\/uploads\/2023\/02\/Book-Cover-Thumbnail--150x150.png 150w, https:\/\/friendsofenginakyurek.org\/wp-content\/uploads\/2023\/02\/Book-Cover-Thumbnail--768x768.png 768w, https:\/\/friendsofenginakyurek.org\/wp-content\/uploads\/2023\/02\/Book-Cover-Thumbnail--12x12.png 12w, https:\/\/friendsofenginakyurek.org\/wp-content\/uploads\/2023\/02\/Book-Cover-Thumbnail--200x200.png 200w, https:\/\/friendsofenginakyurek.org\/wp-content\/uploads\/2023\/02\/Book-Cover-Thumbnail--547x547.png 547w, https:\/\/friendsofenginakyurek.org\/wp-content\/uploads\/2023\/02\/Book-Cover-Thumbnail--678x678.png 678w, https:\/\/friendsofenginakyurek.org\/wp-content\/uploads\/2023\/02\/Book-Cover-Thumbnail--524x524.png 524w, https:\/\/friendsofenginakyurek.org\/wp-content\/uploads\/2023\/02\/Book-Cover-Thumbnail--420x420.png 420w, https:\/\/friendsofenginakyurek.org\/wp-content\/uploads\/2023\/02\/Book-Cover-Thumbnail--916x916.png 916w, https:\/\/friendsofenginakyurek.org\/wp-content\/uploads\/2023\/02\/Book-Cover-Thumbnail--600x600.png 600w, https:\/\/friendsofenginakyurek.org\/wp-content\/uploads\/2023\/02\/Book-Cover-Thumbnail--100x100.png 100w, https:\/\/friendsofenginakyurek.org\/wp-content\/uploads\/2023\/02\/Book-Cover-Thumbnail--32x32.png 32w, https:\/\/friendsofenginakyurek.org\/wp-content\/uploads\/2023\/02\/Book-Cover-Thumbnail-.png 1080w\" sizes=\"(max-width: 444px) 100vw, 444px\" \/>\t\t\t\t\t\t\t\t<\/a>\n\t\t\t\t\t\t\t\t\t\t\t<figcaption class=\"widget-image-caption wp-caption-text\">T\u0103cere <i>[Sessizlik]<i \/>, edi\u021bie englez\u0103<br>  *Livrare \u00een SUA, Canada<\/figcaption>\n\t\t\t\t\t\t\t\t\t\t<\/figure>\n\t\t\t\t\t\t\t\t\t<\/div>\n\t\t\t\t<\/div>\n\t\t\t\t\t<\/div>\n\t\t<\/div>\n\t\t\t\t<div class=\"elementor-column elementor-col-50 elementor-top-column elementor-element elementor-element-cdcbe13\" data-id=\"cdcbe13\" data-element_type=\"column\" data-e-type=\"column\">\n\t\t\t<div class=\"elementor-widget-wrap elementor-element-populated\">\n\t\t\t\t\t\t<div class=\"elementor-element elementor-element-f760a9a elementor-widget elementor-widget-image\" data-id=\"f760a9a\" data-element_type=\"widget\" data-e-type=\"widget\" data-widget_type=\"image.default\">\n\t\t\t\t<div class=\"elementor-widget-container\">\n\t\t\t\t\t\t\t\t\t\t\t\t<figure class=\"wp-caption\">\n\t\t\t\t\t\t\t\t\t\t\t<a href=\"https:\/\/friendsofenginakyurek.org\/ro\/2023-48\/\">\n\t\t\t\t\t\t\t<img loading=\"lazy\" decoding=\"async\" width=\"444\" height=\"444\" src=\"https:\/\/friendsofenginakyurek.org\/wp-content\/uploads\/2023\/01\/48_New-Year-Thumbnail-444x444.png\" class=\"elementor-animation-shrink attachment-maisha-staff-child-page-thumbnail size-maisha-staff-child-page-thumbnail wp-image-10029\" alt=\"\" srcset=\"https:\/\/friendsofenginakyurek.org\/wp-content\/uploads\/2023\/01\/48_New-Year-Thumbnail-444x444.png 444w, https:\/\/friendsofenginakyurek.org\/wp-content\/uploads\/2023\/01\/48_New-Year-Thumbnail-300x300.png 300w, https:\/\/friendsofenginakyurek.org\/wp-content\/uploads\/2023\/01\/48_New-Year-Thumbnail-100x100.png 100w, https:\/\/friendsofenginakyurek.org\/wp-content\/uploads\/2023\/01\/48_New-Year-Thumbnail-600x600.png 600w, https:\/\/friendsofenginakyurek.org\/wp-content\/uploads\/2023\/01\/48_New-Year-Thumbnail-1024x1024.png 1024w, https:\/\/friendsofenginakyurek.org\/wp-content\/uploads\/2023\/01\/48_New-Year-Thumbnail-150x150.png 150w, https:\/\/friendsofenginakyurek.org\/wp-content\/uploads\/2023\/01\/48_New-Year-Thumbnail-768x768.png 768w, https:\/\/friendsofenginakyurek.org\/wp-content\/uploads\/2023\/01\/48_New-Year-Thumbnail-12x12.png 12w, https:\/\/friendsofenginakyurek.org\/wp-content\/uploads\/2023\/01\/48_New-Year-Thumbnail-200x200.png 200w, https:\/\/friendsofenginakyurek.org\/wp-content\/uploads\/2023\/01\/48_New-Year-Thumbnail-547x547.png 547w, https:\/\/friendsofenginakyurek.org\/wp-content\/uploads\/2023\/01\/48_New-Year-Thumbnail-678x678.png 678w, https:\/\/friendsofenginakyurek.org\/wp-content\/uploads\/2023\/01\/48_New-Year-Thumbnail-524x524.png 524w, https:\/\/friendsofenginakyurek.org\/wp-content\/uploads\/2023\/01\/48_New-Year-Thumbnail-420x420.png 420w, https:\/\/friendsofenginakyurek.org\/wp-content\/uploads\/2023\/01\/48_New-Year-Thumbnail-916x916.png 916w, https:\/\/friendsofenginakyurek.org\/wp-content\/uploads\/2023\/01\/48_New-Year-Thumbnail.png 1080w\" sizes=\"(max-width: 444px) 100vw, 444px\" \/>\t\t\t\t\t\t\t\t<\/a>\n\t\t\t\t\t\t\t\t\t\t\t<figcaption class=\"widget-image-caption wp-caption-text\">ianuarie \u2013 februarie 2023<\/figcaption>\n\t\t\t\t\t\t\t\t\t\t<\/figure>\n\t\t\t\t\t\t\t\t\t<\/div>\n\t\t\t\t<\/div>\n\t\t\t\t\t<\/div>\n\t\t<\/div>\n\t\t\t\t\t<\/div>\n\t\t<\/section>\n\t\t\t\t<\/div>","protected":false},"excerpt":{"rendered":"<p>2023 Earthquake Relief During the early morning hours of February 6, 2023, the lives of countless Turkish citizens were rocked to the core from a powerful earthquake. The southern T\u00fcrkiye region and bordering Syria experienced wide scale massive devastation, immeasurable loss, suffering and damage. Shortly after daybreak, Engin Aky\u00fcrek made a call to his friends &hellip; <a href=\"https:\/\/friendsofenginakyurek.org\/ro\/popup\/\" class=\"more-link\">Continua\u021bi lectur\u0103 <span class=\"screen-reader-text\">pop-up<\/span><\/a><\/p>","protected":false},"author":1,"featured_media":4684,"parent":0,"menu_order":0,"comment_status":"closed","ping_status":"closed","template":"elementor_header_footer","meta":{"footnotes":""},"class_list":["post-10090","page","type-page","status-publish","has-post-thumbnail","hentry"],"jetpack_sharing_enabled":true,"_links":{"self":[{"href":"https:\/\/friendsofenginakyurek.org\/ro\/wp-json\/wp\/v2\/pages\/10090","targetHints":{"allow":["GET"]}}],"collection":[{"href":"https:\/\/friendsofenginakyurek.org\/ro\/wp-json\/wp\/v2\/pages"}],"about":[{"href":"https:\/\/friendsofenginakyurek.org\/ro\/wp-json\/wp\/v2\/types\/page"}],"author":[{"embeddable":true,"href":"https:\/\/friendsofenginakyurek.org\/ro\/wp-json\/wp\/v2\/users\/1"}],"replies":[{"embeddable":true,"href":"https:\/\/friendsofenginakyurek.org\/ro\/wp-json\/wp\/v2\/comments?post=10090"}],"version-history":[{"count":70,"href":"https:\/\/friendsofenginakyurek.org\/ro\/wp-json\/wp\/v2\/pages\/10090\/revisions"}],"predecessor-version":[{"id":11020,"href":"https:\/\/friendsofenginakyurek.org\/ro\/wp-json\/wp\/v2\/pages\/10090\/revisions\/11020"}],"wp:featuredmedia":[{"embeddable":true,"href":"https:\/\/friendsofenginakyurek.org\/ro\/wp-json\/wp\/v2\/media\/4684"}],"wp:attachment":[{"href":"https:\/\/friendsofenginakyurek.org\/ro\/wp-json\/wp\/v2\/media?parent=10090"}],"curies":[{"name":"wp","href":"https:\/\/api.w.org\/{rel}","templated":true}]}}