{"id":10444,"date":"2023-02-20T02:30:28","date_gmt":"2023-02-20T02:30:28","guid":{"rendered":"https:\/\/friendsofenginakyurek.org\/?page_id=10444"},"modified":"2023-04-23T18:42:40","modified_gmt":"2023-04-23T18:42:40","slug":"silence-book","status":"publish","type":"page","link":"https:\/\/friendsofenginakyurek.org\/ro\/silence-book\/","title":{"rendered":"t\u0103cerea-carte"},"content":{"rendered":"<div data-elementor-type=\"wp-page\" data-elementor-id=\"10444\" class=\"elementor elementor-10444\" data-elementor-post-type=\"page\">\n\t\t\t\t\t\t<section class=\"elementor-section elementor-top-section elementor-element elementor-element-9e01e06 elementor-section-height-min-height elementor-section-content-middle elementor-section-boxed elementor-section-height-default elementor-section-items-middle\" data-id=\"9e01e06\" data-element_type=\"section\" data-e-type=\"section\" data-settings=\"{&quot;background_background&quot;:&quot;classic&quot;}\">\n\t\t\t\t\t\t\t<div class=\"elementor-background-overlay\"><\/div>\n\t\t\t\t\t\t\t<div class=\"elementor-container elementor-column-gap-no\">\n\t\t\t\t\t<div class=\"elementor-column elementor-col-100 elementor-top-column elementor-element elementor-element-fffd74c\" data-id=\"fffd74c\" data-element_type=\"column\" data-e-type=\"column\">\n\t\t\t<div class=\"elementor-widget-wrap elementor-element-populated\">\n\t\t\t\t\t\t<div class=\"elementor-element elementor-element-18ef34f elementor-widget elementor-widget-heading\" data-id=\"18ef34f\" data-element_type=\"widget\" data-e-type=\"widget\" data-widget_type=\"heading.default\">\n\t\t\t\t<div class=\"elementor-widget-container\">\n\t\t\t\t\t<h2 class=\"elementor-heading-title elementor-size-default\">T\u0103cere [Sessizlik]<\/h2>\t\t\t\t<\/div>\n\t\t\t\t<\/div>\n\t\t\t\t<div class=\"elementor-element elementor-element-4a344e1 elementor-widget elementor-widget-image\" data-id=\"4a344e1\" data-element_type=\"widget\" data-e-type=\"widget\" data-widget_type=\"image.default\">\n\t\t\t\t<div class=\"elementor-widget-container\">\n\t\t\t\t\t\t\t\t\t\t\t\t\t\t\t<img fetchpriority=\"high\" decoding=\"async\" width=\"768\" height=\"131\" src=\"https:\/\/friendsofenginakyurek.org\/wp-content\/uploads\/2023\/02\/Tagline6-1-1-768x131.png\" class=\"attachment-medium_large size-medium_large wp-image-10710\" alt=\"\" srcset=\"https:\/\/friendsofenginakyurek.org\/wp-content\/uploads\/2023\/02\/Tagline6-1-1-768x131.png 768w, https:\/\/friendsofenginakyurek.org\/wp-content\/uploads\/2023\/02\/Tagline6-1-1-300x51.png 300w, https:\/\/friendsofenginakyurek.org\/wp-content\/uploads\/2023\/02\/Tagline6-1-1-18x3.png 18w, https:\/\/friendsofenginakyurek.org\/wp-content\/uploads\/2023\/02\/Tagline6-1-1-200x34.png 200w, https:\/\/friendsofenginakyurek.org\/wp-content\/uploads\/2023\/02\/Tagline6-1-1-150x26.png 150w, https:\/\/friendsofenginakyurek.org\/wp-content\/uploads\/2023\/02\/Tagline6-1-1-547x94.png 547w, https:\/\/friendsofenginakyurek.org\/wp-content\/uploads\/2023\/02\/Tagline6-1-1-678x116.png 678w, https:\/\/friendsofenginakyurek.org\/wp-content\/uploads\/2023\/02\/Tagline6-1-1-524x90.png 524w, https:\/\/friendsofenginakyurek.org\/wp-content\/uploads\/2023\/02\/Tagline6-1-1-420x72.png 420w, https:\/\/friendsofenginakyurek.org\/wp-content\/uploads\/2023\/02\/Tagline6-1-1-444x76.png 444w, https:\/\/friendsofenginakyurek.org\/wp-content\/uploads\/2023\/02\/Tagline6-1-1-916x157.png 916w, https:\/\/friendsofenginakyurek.org\/wp-content\/uploads\/2023\/02\/Tagline6-1-1-600x103.png 600w, https:\/\/friendsofenginakyurek.org\/wp-content\/uploads\/2023\/02\/Tagline6-1-1.png 1012w\" sizes=\"(max-width: 768px) 100vw, 768px\" \/>\t\t\t\t\t\t\t\t\t\t\t\t\t\t\t<\/div>\n\t\t\t\t<\/div>\n\t\t\t\t\t<\/div>\n\t\t<\/div>\n\t\t\t\t\t<\/div>\n\t\t<\/section>\n\t\t\t\t<section class=\"elementor-section elementor-top-section elementor-element elementor-element-ac55786 elementor-section-boxed elementor-section-height-default elementor-section-height-default\" data-id=\"ac55786\" data-element_type=\"section\" data-e-type=\"section\">\n\t\t\t\t\t\t<div class=\"elementor-container elementor-column-gap-default\">\n\t\t\t\t\t<div class=\"elementor-column elementor-col-100 elementor-top-column elementor-element elementor-element-092bd8c\" data-id=\"092bd8c\" data-element_type=\"column\" data-e-type=\"column\">\n\t\t\t<div class=\"elementor-widget-wrap elementor-element-populated\">\n\t\t\t\t\t\t<div class=\"elementor-element elementor-element-c0d764c elementor-widget elementor-widget-heading\" data-id=\"c0d764c\" data-element_type=\"widget\" data-e-type=\"widget\" data-widget_type=\"heading.default\">\n\t\t\t\t<div class=\"elementor-widget-container\">\n\t\t\t\t\t<h2 class=\"elementor-heading-title elementor-size-default\">De la v\u00e2rful condeiului p\u00e2n\u0103 \u00een ad\u00e2ncul inimii..\n<\/h2>\t\t\t\t<\/div>\n\t\t\t\t<\/div>\n\t\t\t\t<div class=\"elementor-element elementor-element-4d53650 elementor-widget-divider--view-line elementor-widget elementor-widget-divider\" data-id=\"4d53650\" data-element_type=\"widget\" data-e-type=\"widget\" data-widget_type=\"divider.default\">\n\t\t\t\t<div class=\"elementor-widget-container\">\n\t\t\t\t\t\t\t<div class=\"elementor-divider\">\n\t\t\t<span class=\"elementor-divider-separator\">\n\t\t\t\t\t\t<\/span>\n\t\t<\/div>\n\t\t\t\t\t\t<\/div>\n\t\t\t\t<\/div>\n\t\t\t\t\t<\/div>\n\t\t<\/div>\n\t\t\t\t\t<\/div>\n\t\t<\/section>\n\t\t\t\t<section class=\"elementor-section elementor-top-section elementor-element elementor-element-b69089a elementor-section-content-middle elementor-section-boxed elementor-section-height-default elementor-section-height-default\" data-id=\"b69089a\" data-element_type=\"section\" data-e-type=\"section\">\n\t\t\t\t\t\t\t<div class=\"elementor-background-overlay\"><\/div>\n\t\t\t\t\t\t\t<div class=\"elementor-container elementor-column-gap-no\">\n\t\t\t\t\t<div class=\"elementor-column elementor-col-100 elementor-top-column elementor-element elementor-element-c8ae84b\" data-id=\"c8ae84b\" data-element_type=\"column\" data-e-type=\"column\">\n\t\t\t<div class=\"elementor-widget-wrap elementor-element-populated\">\n\t\t\t\t\t\t<div class=\"elementor-element elementor-element-9d3685c elementor-widget elementor-widget-text-editor\" data-id=\"9d3685c\" data-element_type=\"widget\" data-e-type=\"widget\" data-widget_type=\"text-editor.default\">\n\t\t\t\t<div class=\"elementor-widget-container\">\n\t\t\t\t\t\t\t\t\t<p>De la lansarea sa \u00een 2018, colec\u021bia de povestiri a renumitului star turc de film \u0219i TV Engin Aky\u00fcrek <i>Sessizlik<\/i> a fost publicat \u00een mai multe limbi. Acum, cititorii din Statele Unite (\u0219i teritoriile sale) \u0219i Canada sunt trata\u021bi cu c\u0103l\u0103toria pe care Silence (Sessizlik) \u00eei face, c\u0103l\u0103torind \u00een bogata cultur\u0103 a Turciei \u2013 \u00eenapoi la o perioad\u0103 mai simpl\u0103. Personajele din aceste pove\u0219ti ajung s\u0103 se cunoasc\u0103 f\u0103r\u0103 media digital\u0103, fa\u021b\u0103 \u00een fa\u021b\u0103 \u0219i s\u0103 se \u00een\u021beleag\u0103 ascult\u00e2nd. Pe fundalul str\u0103zilor din cartier, al copiilor care se joac\u0103 \u00eempreun\u0103 \u0219i al pove\u0219tilor de la adolescen\u021b\u0103 p\u00e2n\u0103 la \u00eemb\u0103tr\u00e2nire, Aky\u00fcrek rote\u0219te cu experien\u021b\u0103 pove\u0219ti care \u021bin cititorii cu aten\u021bie p\u00e2n\u0103 la ultima silab\u0103.<\/p>\t\t\t\t\t\t\t\t<\/div>\n\t\t\t\t<\/div>\n\t\t\t\t\t<\/div>\n\t\t<\/div>\n\t\t\t\t\t<\/div>\n\t\t<\/section>\n\t\t\t\t<section class=\"elementor-section elementor-top-section elementor-element elementor-element-d1f8c98 elementor-section-boxed elementor-section-height-default elementor-section-height-default\" data-id=\"d1f8c98\" data-element_type=\"section\" data-e-type=\"section\">\n\t\t\t\t\t\t<div class=\"elementor-container elementor-column-gap-default\">\n\t\t\t\t\t<div class=\"elementor-column elementor-col-100 elementor-top-column elementor-element elementor-element-6feacb5\" data-id=\"6feacb5\" data-element_type=\"column\" data-e-type=\"column\">\n\t\t\t<div class=\"elementor-widget-wrap elementor-element-populated\">\n\t\t\t\t\t\t\t<\/div>\n\t\t<\/div>\n\t\t\t\t\t<\/div>\n\t\t<\/section>\n\t\t\t\t<section class=\"elementor-section elementor-top-section elementor-element elementor-element-f49cb2e elementor-section-boxed elementor-section-height-default elementor-section-height-default\" data-id=\"f49cb2e\" data-element_type=\"section\" data-e-type=\"section\">\n\t\t\t\t\t\t<div class=\"elementor-container elementor-column-gap-default\">\n\t\t\t\t\t<div class=\"elementor-column elementor-col-50 elementor-top-column elementor-element elementor-element-483bf13\" data-id=\"483bf13\" data-element_type=\"column\" data-e-type=\"column\">\n\t\t\t<div class=\"elementor-widget-wrap elementor-element-populated\">\n\t\t\t\t\t\t<div class=\"elementor-element elementor-element-bd5c4da elementor-hidden-tablet elementor-hidden-mobile elementor-widget elementor-widget-image\" data-id=\"bd5c4da\" data-element_type=\"widget\" data-e-type=\"widget\" data-widget_type=\"image.default\">\n\t\t\t\t<div class=\"elementor-widget-container\">\n\t\t\t\t\t\t\t\t\t\t\t\t<figure class=\"wp-caption\">\n\t\t\t\t\t\t\t\t\t\t<img decoding=\"async\" width=\"300\" height=\"300\" src=\"https:\/\/friendsofenginakyurek.org\/wp-content\/uploads\/2023\/02\/Silence_Bookcover_paperback-1-300x300.png\" class=\"attachment-medium size-medium wp-image-10558\" alt=\"\" srcset=\"https:\/\/friendsofenginakyurek.org\/wp-content\/uploads\/2023\/02\/Silence_Bookcover_paperback-1-300x300.png 300w, https:\/\/friendsofenginakyurek.org\/wp-content\/uploads\/2023\/02\/Silence_Bookcover_paperback-1-100x100.png 100w, https:\/\/friendsofenginakyurek.org\/wp-content\/uploads\/2023\/02\/Silence_Bookcover_paperback-1-600x600.png 600w, https:\/\/friendsofenginakyurek.org\/wp-content\/uploads\/2023\/02\/Silence_Bookcover_paperback-1-1024x1024.png 1024w, https:\/\/friendsofenginakyurek.org\/wp-content\/uploads\/2023\/02\/Silence_Bookcover_paperback-1-150x150.png 150w, https:\/\/friendsofenginakyurek.org\/wp-content\/uploads\/2023\/02\/Silence_Bookcover_paperback-1-768x768.png 768w, https:\/\/friendsofenginakyurek.org\/wp-content\/uploads\/2023\/02\/Silence_Bookcover_paperback-1-12x12.png 12w, https:\/\/friendsofenginakyurek.org\/wp-content\/uploads\/2023\/02\/Silence_Bookcover_paperback-1-200x200.png 200w, https:\/\/friendsofenginakyurek.org\/wp-content\/uploads\/2023\/02\/Silence_Bookcover_paperback-1-547x547.png 547w, https:\/\/friendsofenginakyurek.org\/wp-content\/uploads\/2023\/02\/Silence_Bookcover_paperback-1-678x678.png 678w, https:\/\/friendsofenginakyurek.org\/wp-content\/uploads\/2023\/02\/Silence_Bookcover_paperback-1-524x524.png 524w, https:\/\/friendsofenginakyurek.org\/wp-content\/uploads\/2023\/02\/Silence_Bookcover_paperback-1-420x420.png 420w, https:\/\/friendsofenginakyurek.org\/wp-content\/uploads\/2023\/02\/Silence_Bookcover_paperback-1-444x444.png 444w, https:\/\/friendsofenginakyurek.org\/wp-content\/uploads\/2023\/02\/Silence_Bookcover_paperback-1-916x916.png 916w, https:\/\/friendsofenginakyurek.org\/wp-content\/uploads\/2023\/02\/Silence_Bookcover_paperback-1.png 1080w\" sizes=\"(max-width: 300px) 100vw, 300px\" \/>\t\t\t\t\t\t\t\t\t\t\t<figcaption class=\"widget-image-caption wp-caption-text\"><\/figcaption>\n\t\t\t\t\t\t\t\t\t\t<\/figure>\n\t\t\t\t\t\t\t\t\t<\/div>\n\t\t\t\t<\/div>\n\t\t\t\t<div class=\"elementor-element elementor-element-c7e2c1d elementor-hidden-desktop elementor-widget elementor-widget-image\" data-id=\"c7e2c1d\" data-element_type=\"widget\" data-e-type=\"widget\" data-widget_type=\"image.default\">\n\t\t\t\t<div class=\"elementor-widget-container\">\n\t\t\t\t\t\t\t\t\t\t\t\t\t\t\t<img decoding=\"async\" width=\"300\" height=\"300\" src=\"https:\/\/friendsofenginakyurek.org\/wp-content\/uploads\/2023\/02\/Silence_Bookcover_paperback-1-300x300.png\" class=\"attachment-medium size-medium wp-image-10558\" alt=\"\" srcset=\"https:\/\/friendsofenginakyurek.org\/wp-content\/uploads\/2023\/02\/Silence_Bookcover_paperback-1-300x300.png 300w, https:\/\/friendsofenginakyurek.org\/wp-content\/uploads\/2023\/02\/Silence_Bookcover_paperback-1-100x100.png 100w, https:\/\/friendsofenginakyurek.org\/wp-content\/uploads\/2023\/02\/Silence_Bookcover_paperback-1-600x600.png 600w, https:\/\/friendsofenginakyurek.org\/wp-content\/uploads\/2023\/02\/Silence_Bookcover_paperback-1-1024x1024.png 1024w, https:\/\/friendsofenginakyurek.org\/wp-content\/uploads\/2023\/02\/Silence_Bookcover_paperback-1-150x150.png 150w, https:\/\/friendsofenginakyurek.org\/wp-content\/uploads\/2023\/02\/Silence_Bookcover_paperback-1-768x768.png 768w, https:\/\/friendsofenginakyurek.org\/wp-content\/uploads\/2023\/02\/Silence_Bookcover_paperback-1-12x12.png 12w, https:\/\/friendsofenginakyurek.org\/wp-content\/uploads\/2023\/02\/Silence_Bookcover_paperback-1-200x200.png 200w, https:\/\/friendsofenginakyurek.org\/wp-content\/uploads\/2023\/02\/Silence_Bookcover_paperback-1-547x547.png 547w, https:\/\/friendsofenginakyurek.org\/wp-content\/uploads\/2023\/02\/Silence_Bookcover_paperback-1-678x678.png 678w, https:\/\/friendsofenginakyurek.org\/wp-content\/uploads\/2023\/02\/Silence_Bookcover_paperback-1-524x524.png 524w, https:\/\/friendsofenginakyurek.org\/wp-content\/uploads\/2023\/02\/Silence_Bookcover_paperback-1-420x420.png 420w, https:\/\/friendsofenginakyurek.org\/wp-content\/uploads\/2023\/02\/Silence_Bookcover_paperback-1-444x444.png 444w, https:\/\/friendsofenginakyurek.org\/wp-content\/uploads\/2023\/02\/Silence_Bookcover_paperback-1-916x916.png 916w, https:\/\/friendsofenginakyurek.org\/wp-content\/uploads\/2023\/02\/Silence_Bookcover_paperback-1.png 1080w\" sizes=\"(max-width: 300px) 100vw, 300px\" \/>\t\t\t\t\t\t\t\t\t\t\t\t\t\t\t<\/div>\n\t\t\t\t<\/div>\n\t\t\t\t\t<\/div>\n\t\t<\/div>\n\t\t\t\t<div class=\"elementor-column elementor-col-50 elementor-top-column elementor-element elementor-element-4b0f2d7\" data-id=\"4b0f2d7\" data-element_type=\"column\" data-e-type=\"column\">\n\t\t\t<div class=\"elementor-widget-wrap elementor-element-populated\">\n\t\t\t\t\t\t<div class=\"elementor-element elementor-element-a020f0a elementor-widget elementor-widget-text-editor\" data-id=\"a020f0a\" data-element_type=\"widget\" data-e-type=\"widget\" data-widget_type=\"text-editor.default\">\n\t\t\t\t<div class=\"elementor-widget-container\">\n\t\t\t\t\t\t\t\t\t<h1>T\u0103cere (Sessizlik)<\/h1>\nDe Engin Aky\u00fcrek<br>\nTraducere de Doina L. Kovalik \u0219i Atiye Erden\n\t\t\t\t\t\t\t\t<\/div>\n\t\t\t\t<\/div>\n\t\t\t\t<div class=\"elementor-element elementor-element-c3f8ec5 elementor-widget elementor-widget-text-editor\" data-id=\"c3f8ec5\" data-element_type=\"widget\" data-e-type=\"widget\" data-widget_type=\"text-editor.default\">\n\t\t\t\t<div class=\"elementor-widget-container\">\n\t\t\t\t\t\t\t\t\tVolum bro\u015fat\n<h1>$16.46<\/h1>\n<em>Toate veniturile din v\u00e2nzare beneficiaz\u0103 locuitorii din T\u00fcrkiye <br> organiza\u021bia caritabil\u0103 aleas\u0103 de Engin Aky\u00fcrek\n\n<\/em>\t\t\t\t\t\t\t\t<\/div>\n\t\t\t\t<\/div>\n\t\t\t\t<div class=\"elementor-element elementor-element-827e48a elementor-widget elementor-widget-text-editor\" data-id=\"827e48a\" data-element_type=\"widget\" data-e-type=\"widget\" data-widget_type=\"text-editor.default\">\n\t\t\t\t<div class=\"elementor-widget-container\">\n\t\t\t\t\t\t\t\t\tData lans\u0103rii publica\u021biei:<b> 4 aprilie 2023<\/b><br>\nDisponibil pentru Comand\u0103:* Imediat\n\t\t\t\t\t\t\t\t<\/div>\n\t\t\t\t<\/div>\n\t\t\t\t<div class=\"elementor-element elementor-element-9a481fd elementor-widget elementor-widget-button\" data-id=\"9a481fd\" data-element_type=\"widget\" data-e-type=\"widget\" data-widget_type=\"button.default\">\n\t\t\t\t<div class=\"elementor-widget-container\">\n\t\t\t\t\t\t\t\t\t<div class=\"elementor-button-wrapper\">\n\t\t\t\t\t<a class=\"elementor-button elementor-button-link elementor-size-sm\" href=\"https:\/\/friendsofenginakyurek.org\/ro\/checkout\/?add-to-cart=10114\">\n\t\t\t\t\t\t<span class=\"elementor-button-content-wrapper\">\n\t\t\t\t\t\t\t\t\t<span class=\"elementor-button-text\">Ordin<\/span>\n\t\t\t\t\t<\/span>\n\t\t\t\t\t<\/a>\n\t\t\t\t<\/div>\n\t\t\t\t\t\t\t\t<\/div>\n\t\t\t\t<\/div>\n\t\t\t\t\t<\/div>\n\t\t<\/div>\n\t\t\t\t\t<\/div>\n\t\t<\/section>\n\t\t\t\t<section class=\"elementor-section elementor-top-section elementor-element elementor-element-ce42066 elementor-section-boxed elementor-section-height-default elementor-section-height-default\" data-id=\"ce42066\" data-element_type=\"section\" data-e-type=\"section\">\n\t\t\t\t\t\t<div class=\"elementor-container elementor-column-gap-default\">\n\t\t\t\t\t<div class=\"elementor-column elementor-col-100 elementor-top-column elementor-element elementor-element-c9b0f71\" data-id=\"c9b0f71\" data-element_type=\"column\" data-e-type=\"column\">\n\t\t\t<div class=\"elementor-widget-wrap elementor-element-populated\">\n\t\t\t\t\t\t<div class=\"elementor-element elementor-element-9b9884b elementor-widget elementor-widget-heading\" data-id=\"9b9884b\" data-element_type=\"widget\" data-e-type=\"widget\" data-widget_type=\"heading.default\">\n\t\t\t\t<div class=\"elementor-widget-container\">\n\t\t\t\t\t<h2 class=\"elementor-heading-title elementor-size-default\">Detalii produs<\/h2>\t\t\t\t<\/div>\n\t\t\t\t<\/div>\n\t\t\t\t<section class=\"elementor-section elementor-inner-section elementor-element elementor-element-09f9ead elementor-section-boxed elementor-section-height-default elementor-section-height-default\" data-id=\"09f9ead\" data-element_type=\"section\" data-e-type=\"section\">\n\t\t\t\t\t\t<div class=\"elementor-container elementor-column-gap-default\">\n\t\t\t\t\t<div class=\"elementor-column elementor-col-50 elementor-inner-column elementor-element elementor-element-32cedb4\" data-id=\"32cedb4\" data-element_type=\"column\" data-e-type=\"column\">\n\t\t\t<div class=\"elementor-widget-wrap elementor-element-populated\">\n\t\t\t\t\t\t<div class=\"elementor-element elementor-element-a4d92a6 elementor-widget elementor-widget-text-editor\" data-id=\"a4d92a6\" data-element_type=\"widget\" data-e-type=\"widget\" data-widget_type=\"text-editor.default\">\n\t\t\t\t<div class=\"elementor-widget-container\">\n\t\t\t\t\t\t\t\t\tISBN:<br>\t\nEditor:<br>\t\nData public\u0103rii:<br>\t\nPagini:\t<br>\ndimensiuni:\t\t\t\t\t\t\t\t\t<\/div>\n\t\t\t\t<\/div>\n\t\t\t\t\t<\/div>\n\t\t<\/div>\n\t\t\t\t<div class=\"elementor-column elementor-col-50 elementor-inner-column elementor-element elementor-element-de1bca1\" data-id=\"de1bca1\" data-element_type=\"column\" data-e-type=\"column\">\n\t\t\t<div class=\"elementor-widget-wrap elementor-element-populated\">\n\t\t\t\t\t\t<div class=\"elementor-element elementor-element-7d1ff80 elementor-widget elementor-widget-text-editor\" data-id=\"7d1ff80\" data-element_type=\"widget\" data-e-type=\"widget\" data-widget_type=\"text-editor.default\">\n\t\t\t\t<div class=\"elementor-widget-container\">\n\t\t\t\t\t\t\t\t\t<p>\n979-8-9862459-4-2<br><a href=\"https:\/\/www.flexiblepub.com\/\"  target=\"_blank\">Pres\u0103 flexibil\u0103<\/a><br>4 aprilie 2023<br>180<br>5\u2033x 8\u2033<\/p>\t\t\t\t\t\t\t\t<\/div>\n\t\t\t\t<\/div>\n\t\t\t\t\t<\/div>\n\t\t<\/div>\n\t\t\t\t\t<\/div>\n\t\t<\/section>\n\t\t\t\t\t<\/div>\n\t\t<\/div>\n\t\t\t\t\t<\/div>\n\t\t<\/section>\n\t\t\t\t<section class=\"elementor-section elementor-top-section elementor-element elementor-element-99d2827 elementor-section-content-middle elementor-section-boxed elementor-section-height-default elementor-section-height-default\" data-id=\"99d2827\" data-element_type=\"section\" data-e-type=\"section\">\n\t\t\t\t\t\t\t<div class=\"elementor-background-overlay\"><\/div>\n\t\t\t\t\t\t\t<div class=\"elementor-container elementor-column-gap-no\">\n\t\t\t\t\t<div class=\"elementor-column elementor-col-100 elementor-top-column elementor-element elementor-element-26626b0\" data-id=\"26626b0\" data-element_type=\"column\" data-e-type=\"column\">\n\t\t\t<div class=\"elementor-widget-wrap elementor-element-populated\">\n\t\t\t\t\t\t<div class=\"elementor-element elementor-element-fe25fe8 elementor-widget elementor-widget-text-editor\" data-id=\"fe25fe8\" data-element_type=\"widget\" data-e-type=\"widget\" data-widget_type=\"text-editor.default\">\n\t\t\t\t<div class=\"elementor-widget-container\">\n\t\t\t\t\t\t\t\t\tDespre autor<br>\nN\u0103scut \u00een 1981 \u00een capitala Turciei (Ankara), Engin Aky\u00fcrek a devenit faim\u0103 pentru prima dat\u0103 \u00een 2004, c\u00e2nd a c\u00e2\u0219tigat premiul. <i>T\u00fcrkiye&#039;nin Y\u0131ld\u0131zlar\u0131<\/i> (Stars of T\u00fcrkiye) Competi\u021bie TV. De atunci, aclama\u021biile sale includ numeroase lungmetraje \u0219i mai multe seriale TV vizionate \u00een zeci de \u021b\u0103ri \u00een multe limbi. Dragostea lui pentru scris a \u00eenceput de la o v\u00e2rst\u0103 fraged\u0103 \u0219i este alimentat\u0103 de dragostea lui pentru c\u0103r\u021bi. Un Divemaster certificat avid \u0219i experimentat, \u00eei place s\u0103 se scufunde \u00een albastrul ad\u00e2nc al M\u0103rii Egee. <br><br>\nPres\u0103 flexibil\u0103 \u0219i <i>Prietenii lui Engin<\/i> s-au reunit pentru a aduce pentru prima dat\u0103 colec\u021bia de povestiri a lui Engin Aky\u00fcrek \u00een Statele Unite \u0219i Canada.\n\n\n\n\t\t\t\t\t\t\t\t<\/div>\n\t\t\t\t<\/div>\n\t\t\t\t<div class=\"elementor-element elementor-element-18d8bab elementor-widget elementor-widget-text-editor\" data-id=\"18d8bab\" data-element_type=\"widget\" data-e-type=\"widget\" data-widget_type=\"text-editor.default\">\n\t\t\t\t<div class=\"elementor-widget-container\">\n\t\t\t\t\t\t\t\t\t*Livrare numai \u00een SUA \u0219i Canada\n\n\n\n\t\t\t\t\t\t\t\t<\/div>\n\t\t\t\t<\/div>\n\t\t\t\t<div class=\"elementor-element elementor-element-3023bed elementor-widget elementor-widget-text-editor\" data-id=\"3023bed\" data-element_type=\"widget\" data-e-type=\"widget\" data-widget_type=\"text-editor.default\">\n\t\t\t\t<div class=\"elementor-widget-container\">\n\t\t\t\t\t\t\t\t\t&nbsp;&nbsp;&nbsp;<a href=\"https:\/\/friendsofenginakyurek.org\/ro\/return-policy\/\" rel=\"noopener\" target=\"_blank\"><u>POLITICA DE RETURNARE<\/u><\/a> , <a href=\"https:\/\/friendsofenginakyurek.org\/ro\/shipping-policy\/\" rel=\"noopener\" target=\"_blank\"><u>Politic\u0103 de livrare<\/u><\/a>\n\n\n\t\t\t\t\t\t\t\t<\/div>\n\t\t\t\t<\/div>\n\t\t\t\t\t<\/div>\n\t\t<\/div>\n\t\t\t\t\t<\/div>\n\t\t<\/section>\n\t\t\t\t<\/div>","protected":false},"excerpt":{"rendered":"<p>T\u0103cere [Sessizlik] De la v\u00e2rful condeiului p\u00e2n\u0103 \u00een ad\u00e2ncul inimii.. De la lansarea sa \u00een 2018, colec\u021bia de nuvele Sessizlik a renumitului star turc de film \u0219i TV Engin Aky\u00fcrek a fost publicat\u0103 \u00een mai multe limbi. Acum, cititorii din Statele Unite (\u0219i teritoriile sale) \u0219i Canada sunt trata\u021bi cu c\u0103l\u0103toria pe care Silence (Sessizlik) o face... <a href=\"https:\/\/friendsofenginakyurek.org\/ro\/silence-book\/\" class=\"more-link\">Continua\u021bi lectur\u0103 <span class=\"screen-reader-text\">t\u0103cerea-carte<\/span><\/a><\/p>","protected":false},"author":1,"featured_media":11009,"parent":0,"menu_order":0,"comment_status":"closed","ping_status":"closed","template":"elementor_header_footer","meta":{"footnotes":""},"class_list":["post-10444","page","type-page","status-publish","has-post-thumbnail","hentry"],"jetpack_sharing_enabled":true,"_links":{"self":[{"href":"https:\/\/friendsofenginakyurek.org\/ro\/wp-json\/wp\/v2\/pages\/10444","targetHints":{"allow":["GET"]}}],"collection":[{"href":"https:\/\/friendsofenginakyurek.org\/ro\/wp-json\/wp\/v2\/pages"}],"about":[{"href":"https:\/\/friendsofenginakyurek.org\/ro\/wp-json\/wp\/v2\/types\/page"}],"author":[{"embeddable":true,"href":"https:\/\/friendsofenginakyurek.org\/ro\/wp-json\/wp\/v2\/users\/1"}],"replies":[{"embeddable":true,"href":"https:\/\/friendsofenginakyurek.org\/ro\/wp-json\/wp\/v2\/comments?post=10444"}],"version-history":[{"count":229,"href":"https:\/\/friendsofenginakyurek.org\/ro\/wp-json\/wp\/v2\/pages\/10444\/revisions"}],"predecessor-version":[{"id":11764,"href":"https:\/\/friendsofenginakyurek.org\/ro\/wp-json\/wp\/v2\/pages\/10444\/revisions\/11764"}],"wp:featuredmedia":[{"embeddable":true,"href":"https:\/\/friendsofenginakyurek.org\/ro\/wp-json\/wp\/v2\/media\/11009"}],"wp:attachment":[{"href":"https:\/\/friendsofenginakyurek.org\/ro\/wp-json\/wp\/v2\/media?parent=10444"}],"curies":[{"name":"wp","href":"https:\/\/api.w.org\/{rel}","templated":true}]}}