{"id":1176,"date":"2015-04-20T06:43:05","date_gmt":"2015-04-20T06:43:05","guid":{"rendered":"http:\/\/www.anarieldesign.com\/themedemos\/maisha\/?page_id=30"},"modified":"2023-04-23T18:19:15","modified_gmt":"2023-04-23T18:19:15","slug":"home","status":"publish","type":"page","link":"https:\/\/friendsofenginakyurek.org\/ro\/","title":{"rendered":"Acas\u0103"},"content":{"rendered":"<figure class=\"wp-block-image size-large is-resized\"><img fetchpriority=\"high\" decoding=\"async\" class=\"wp-image-4555\" src=\"https:\/\/friendsofenginakyurek.org\/wp-content\/uploads\/2022\/09\/FEAhalflogo_web_wteTR-1024x68.png\" alt=\"\" width=\"1024\" height=\"68\" srcset=\"https:\/\/friendsofenginakyurek.org\/wp-content\/uploads\/2022\/09\/FEAhalflogo_web_wteTR-1024x68.png 1024w, https:\/\/friendsofenginakyurek.org\/wp-content\/uploads\/2022\/09\/FEAhalflogo_web_wteTR-600x40.png 600w, https:\/\/friendsofenginakyurek.org\/wp-content\/uploads\/2022\/09\/FEAhalflogo_web_wteTR-300x20.png 300w, https:\/\/friendsofenginakyurek.org\/wp-content\/uploads\/2022\/09\/FEAhalflogo_web_wteTR-768x51.png 768w, https:\/\/friendsofenginakyurek.org\/wp-content\/uploads\/2022\/09\/FEAhalflogo_web_wteTR-1536x103.png 1536w, https:\/\/friendsofenginakyurek.org\/wp-content\/uploads\/2022\/09\/FEAhalflogo_web_wteTR-2048x137.png 2048w, https:\/\/friendsofenginakyurek.org\/wp-content\/uploads\/2022\/09\/FEAhalflogo_web_wteTR-200x13.png 200w, https:\/\/friendsofenginakyurek.org\/wp-content\/uploads\/2022\/09\/FEAhalflogo_web_wteTR-150x10.png 150w, https:\/\/friendsofenginakyurek.org\/wp-content\/uploads\/2022\/09\/FEAhalflogo_web_wteTR-547x37.png 547w, https:\/\/friendsofenginakyurek.org\/wp-content\/uploads\/2022\/09\/FEAhalflogo_web_wteTR-678x45.png 678w, https:\/\/friendsofenginakyurek.org\/wp-content\/uploads\/2022\/09\/FEAhalflogo_web_wteTR-524x35.png 524w, https:\/\/friendsofenginakyurek.org\/wp-content\/uploads\/2022\/09\/FEAhalflogo_web_wteTR-420x28.png 420w, https:\/\/friendsofenginakyurek.org\/wp-content\/uploads\/2022\/09\/FEAhalflogo_web_wteTR-444x30.png 444w, https:\/\/friendsofenginakyurek.org\/wp-content\/uploads\/2022\/09\/FEAhalflogo_web_wteTR-916x61.png 916w\" sizes=\"(max-width: 1024px) 100vw, 1024px\" \/><\/figure>\r\n\r\n<p>Lucr\u00e2nd cu prietenii lui Engin din \u00eentreaga lume pentru a valorifica admira\u021bia global\u0103 pentru domnul Aky\u00fcrek, <em>Prietenii lui Engin Aky\u00fcrek<\/em> o va canaliza spre o schimbare social\u0103 semnificativ\u0103 \u00een beneficiul copiilor \u0219i familiilor vulnerabile din T\u00fcrkiye prin intermediul organiza\u021biilor 501(c)(3) \u0219i echivalentelor acestora interna\u021bionale. [V\u0103 rug\u0103m s\u0103 consulta\u021bi meniul pentru a schimba limba site-ului]<\/p>\r\n<p><a class=\"cd-btn button\" href=\"#0\">Afla\u021bi mai multe<\/a><\/p>\r\n\r\n<div class=\"wp-block-group\"><div class=\"wp-block-group__inner-container is-layout-flow wp-block-group-is-layout-flow\">\r\n<div class=\"wp-block-columns is-layout-flex wp-container-core-columns-is-layout-9d6595d7 wp-block-columns-is-layout-flex\">\r\n\r\n<\/div>\r\n<\/div><\/div>","protected":false},"excerpt":{"rendered":"<p>Lucr\u00e2nd cu prietenii lui Engin din \u00eentreaga lume pentru a valorifica admira\u021bia global\u0103 pentru dl. Aky\u00fcrek, Prietenii lui Engin Aky\u00fcrek o vor canaliza c\u0103tre o schimbare social\u0103 semnificativ\u0103, \u00een beneficiul copiilor \u0219i familiilor vulnerabile din T\u00fcrkiye, prin intermediul organiza\u021biilor 501(c)(3) \u0219i echivalentelor lor interna\u021bionale. [V\u0103 rug\u0103m s\u0103 consulta\u021bi meniul pentru a schimba limba site-ului] Afla\u021bi mai multe<\/p>","protected":false},"author":1,"featured_media":4550,"parent":0,"menu_order":0,"comment_status":"closed","ping_status":"closed","template":"page-templates\/front-page.php","meta":{"footnotes":""},"class_list":["post-1176","page","type-page","status-publish","has-post-thumbnail","hentry"],"jetpack_sharing_enabled":true,"_links":{"self":[{"href":"https:\/\/friendsofenginakyurek.org\/ro\/wp-json\/wp\/v2\/pages\/1176","targetHints":{"allow":["GET"]}}],"collection":[{"href":"https:\/\/friendsofenginakyurek.org\/ro\/wp-json\/wp\/v2\/pages"}],"about":[{"href":"https:\/\/friendsofenginakyurek.org\/ro\/wp-json\/wp\/v2\/types\/page"}],"author":[{"embeddable":true,"href":"https:\/\/friendsofenginakyurek.org\/ro\/wp-json\/wp\/v2\/users\/1"}],"replies":[{"embeddable":true,"href":"https:\/\/friendsofenginakyurek.org\/ro\/wp-json\/wp\/v2\/comments?post=1176"}],"version-history":[{"count":59,"href":"https:\/\/friendsofenginakyurek.org\/ro\/wp-json\/wp\/v2\/pages\/1176\/revisions"}],"predecessor-version":[{"id":11744,"href":"https:\/\/friendsofenginakyurek.org\/ro\/wp-json\/wp\/v2\/pages\/1176\/revisions\/11744"}],"wp:featuredmedia":[{"embeddable":true,"href":"https:\/\/friendsofenginakyurek.org\/ro\/wp-json\/wp\/v2\/media\/4550"}],"wp:attachment":[{"href":"https:\/\/friendsofenginakyurek.org\/ro\/wp-json\/wp\/v2\/media?parent=1176"}],"curies":[{"name":"wp","href":"https:\/\/api.w.org\/{rel}","templated":true}]}}