{"id":1177,"date":"2015-04-20T08:10:04","date_gmt":"2015-04-20T08:10:04","guid":{"rendered":"http:\/\/www.anarieldesign.com\/themedemos\/maisha\/?page_id=40"},"modified":"2022-10-15T16:49:41","modified_gmt":"2022-10-15T16:49:41","slug":"slide-in-panel","status":"publish","type":"page","link":"https:\/\/friendsofenginakyurek.org\/ro\/home\/slide-in-panel\/","title":{"rendered":"Glisa\u021bi \u00een panou"},"content":{"rendered":"<h2>V\u0103 mul\u021bumim pentru vizita pe site-ul nostru!<\/h2>\r\n<p>V\u0103 mul\u021bumim pentru vizita pe site-ul nostru! Dac\u0103 a\u021bi ajuns acas\u0103 la noi aici, atunci sunte\u021bi, f\u0103r\u0103 \u00eendoial\u0103, un prieten al lui Engin Aky\u00fcrek \u0219i sunte\u021bi interesat s\u0103 afla\u021bi mai multe despre impactul s\u0103u asupra comunit\u0103\u021bii globale. V\u0103 invit\u0103m s\u0103 urm\u0103ri\u021bi acest videoclip despre domnul Aky\u00fcrek \u0219i activitatea sa umanitar\u0103. Apreciem sprijinul dumneavoastr\u0103!<\/p>\r\n<p><a class=\"button\" href=\"https:\/\/www.youtube.com\/watch?v=m_xC5kKjXAE&amp;t=18s\" target=\"_blank\" rel=\"noopener\">Prietenii lui ENG\u0130N AKY\u00dcREK youtube<\/a><\/p>\r\n\r\n<figure class=\"wp-block-image size-large\"><a href=\"https:\/\/www.youtube.com\/watch?v=m_xC5kKjXAE&amp;t=18s\" target=\"_blank\" rel=\"noopener\"><img fetchpriority=\"high\" decoding=\"async\" class=\"alignnone wp-image-4755\" src=\"https:\/\/friendsofenginakyurek.org\/wp-content\/uploads\/2022\/09\/B9A92686-1B29-41A0-B59F-D01B71C654AE.png\" alt=\"\" width=\"1280\" height=\"720\" \/><\/a><\/figure>\r\n\r\n<p style=\"font-weight: 400;\">MISIUNEA<\/p>\r\n<em>CUM SERVIM<\/em>\r\n<ul>\r\n<li style=\"font-weight: 400;\">Str\u00e2nge\u021bi fonduri pentru copiii, femeile \u0219i familiile turce\u0219ti vulnerabile<\/li>\r\n<li style=\"font-weight: 400;\">Promova\u021bi proiectele cu scop umanitar ale lui Engin Aky\u00fcrek<\/li>\r\n<li style=\"font-weight: 400;\">Organiza\u021bi evenimente speciale, str\u00e2ngeri de fonduri \u0219i proiecte<\/li>\r\n<li style=\"font-weight: 400;\">Cre\u0219terea gradului de con\u0219tientizare a problemelor sociale<\/li>\r\n<li style=\"font-weight: 400;\">Eviden\u021bia\u021bi activitatea caritabil\u0103 a sus\u021bin\u0103torilor Engin Aky\u00fcrek<\/li>\r\n<\/ul>\r\n<p style=\"font-weight: 400;\">VALORI<\/p>\r\n<em>MODUL NOSTRU DE VIA\u021a\u0102<\/em>\r\n<ul>\r\n<li style=\"font-weight: 400;\">RESPECT \u0219i BULAN\u021aE<\/li>\r\n<li style=\"font-weight: 400;\">INTEGRITATE, SINCERITATE \u0219i dreptate<\/li>\r\n<li style=\"font-weight: 400;\">GENEROZITATE, empatie \u0219i PACE<\/li>\r\n<li style=\"font-weight: 400;\">Munca \u00een echip\u0103, ONESTATE \u0219i perseveren\u021b\u0103<\/li>\r\n<li style=\"font-weight: 400;\">HURRIREA comunit\u0103\u021bii<\/li>\r\n<\/ul>","protected":false},"excerpt":{"rendered":"<p>Thank you for your visit to our site! Thank you for your visit to our site! If you have reached our home here, then you are undoubtedly a friend of Engin Aky\u00fcrek and are interested in learning more about his impact on the global community. We invite you to watch this video about Mr. Aky\u00fcrek &hellip; <a href=\"https:\/\/friendsofenginakyurek.org\/ro\/home\/slide-in-panel\/\" class=\"more-link\">Continua\u021bi lectur\u0103 <span class=\"screen-reader-text\">Glisa\u021bi \u00een panou<\/span><\/a><\/p>","protected":false},"author":1,"featured_media":4684,"parent":1176,"menu_order":0,"comment_status":"closed","ping_status":"closed","template":"","meta":{"footnotes":""},"class_list":["post-1177","page","type-page","status-publish","has-post-thumbnail","hentry"],"jetpack_sharing_enabled":true,"_links":{"self":[{"href":"https:\/\/friendsofenginakyurek.org\/ro\/wp-json\/wp\/v2\/pages\/1177","targetHints":{"allow":["GET"]}}],"collection":[{"href":"https:\/\/friendsofenginakyurek.org\/ro\/wp-json\/wp\/v2\/pages"}],"about":[{"href":"https:\/\/friendsofenginakyurek.org\/ro\/wp-json\/wp\/v2\/types\/page"}],"author":[{"embeddable":true,"href":"https:\/\/friendsofenginakyurek.org\/ro\/wp-json\/wp\/v2\/users\/1"}],"replies":[{"embeddable":true,"href":"https:\/\/friendsofenginakyurek.org\/ro\/wp-json\/wp\/v2\/comments?post=1177"}],"version-history":[{"count":22,"href":"https:\/\/friendsofenginakyurek.org\/ro\/wp-json\/wp\/v2\/pages\/1177\/revisions"}],"predecessor-version":[{"id":8735,"href":"https:\/\/friendsofenginakyurek.org\/ro\/wp-json\/wp\/v2\/pages\/1177\/revisions\/8735"}],"up":[{"embeddable":true,"href":"https:\/\/friendsofenginakyurek.org\/ro\/wp-json\/wp\/v2\/pages\/1176"}],"wp:featuredmedia":[{"embeddable":true,"href":"https:\/\/friendsofenginakyurek.org\/ro\/wp-json\/wp\/v2\/media\/4684"}],"wp:attachment":[{"href":"https:\/\/friendsofenginakyurek.org\/ro\/wp-json\/wp\/v2\/media?parent=1177"}],"curies":[{"name":"wp","href":"https:\/\/api.w.org\/{rel}","templated":true}]}}