{"id":315,"date":"2015-04-26T07:19:18","date_gmt":"2015-04-26T07:19:18","guid":{"rendered":"http:\/\/www.anarieldesign.com\/themedemos\/maisha\/?page_id=315"},"modified":"2015-04-26T07:19:18","modified_gmt":"2015-04-26T07:19:18","slug":"slider-panel-five","status":"publish","type":"page","link":"https:\/\/friendsofenginakyurek.org\/ro\/front-page-with-video\/slider-panel-five\/","title":{"rendered":"Panoul glisor Cinci"},"content":{"rendered":"<h2>Sponsorizeaz\u0103 un Parc Na\u021bional Virunga.<\/h2>\n<p>VIRUNGA este povestea adev\u0103rat\u0103 incredibil\u0103 a unui grup de <span class=\"color\">curajos<\/span> oameni care \u00ee\u0219i risc\u0103 via\u021ba pentru a construi un viitor mai bun \u00eentr-o parte a Africii uitat\u0103 de lume \u0219i o expunere captivant\u0103 a realit\u0103\u021bilor vie\u021bii din Congo.<br \/>\n<a class=\"button\" href=\"https:\/\/virunga.org\/donate\/\">SPONSORIZA\u021aI UN PROIECT REAL<\/a> <a class=\"button\" href=\"http:\/\/virungamovie.com\/\">Urm\u0103ri\u021bi un film<\/a><\/p>\n<p>[id soliloc=\u201d177\u2033]<br \/>\nDin <a href=\"http:\/\/virungamovie.com\/\">Filmul Virunga<\/a> site: \u201e\u00cen ad\u00e2ncurile \u00eemp\u0103durite ale estului Congo se afl\u0103 <a href=\"https:\/\/virunga.org\/donate\/\">Parcul Na\u021bional Virunga<\/a>, unul dintre cele mai diverse locuri de pe P\u0103m\u00e2nt \u0219i g\u0103zduie\u0219te ultimele gorile de munte r\u0103mase de pe planet\u0103. \u00cen acest mediu s\u0103lbatic, dar fermecat, o echip\u0103 mic\u0103 \u0219i lupt\u0103 de gardieni de parc \u2013 inclusiv un fost copil soldat devenit ranger, un \u00eengrijitor de gorile orfane \u0219i un conservator dedicat \u2013 protejeaz\u0103 acest sit al patrimoniului mondial UNESCO de mili\u021bia armat\u0103, braconieri \u0219i for\u021bele \u00eentunecate care se lupt\u0103 s\u0103 controleze bogatele resurse naturale ale Congo-ului. C\u00e2nd noul grup rebel M23 declar\u0103 r\u0103zboi, un nou conflict amenin\u021b\u0103 vie\u021bile \u0219i stabilitatea tuturor \u0219i a tot ceea ce au muncit at\u00e2t de mult pentru a proteja, realizatorii \u0219i participan\u021bii filmului fiind prin\u0219i \u00een focul \u00eencruci\u0219at.<br \/>\nO combina\u021bie puternic\u0103 de jurnalism de investiga\u021bie \u0219i documentar despre natur\u0103, <a href=\"https:\/\/virunga.org\/donate\/\">VIRUNGA<\/a> este povestea adev\u0103rat\u0103 incredibil\u0103 a unui grup de oameni curajo\u0219i care \u00ee\u0219i risc\u0103 via\u021ba pentru a construi un viitor mai bun \u00eentr-o parte a Africii, uitat\u0103 de lume, \u0219i o expunere captivant\u0103 a realit\u0103\u021bilor vie\u021bii din Congo.\u201d<\/p>\n<blockquote><p>De la regizorul Orlando von Einsiedel \u0219i produc\u0103torul executiv Leonardo DiCaprio.<\/p><\/blockquote>","protected":false},"excerpt":{"rendered":"<p>Sponsor a Virunga National Park. VIRUNGA is the incredible true story of a group of brave people risking their lives to build a better future in a part of Africa the world&#8217;s forgotten and a gripping expose of the realities of life in the Congo. SPONSOR A REAL PROJECT Watch a movie [soliloquy id=&#8221;177&#8243;] From &hellip; <a href=\"https:\/\/friendsofenginakyurek.org\/ro\/front-page-with-video\/slider-panel-five\/\" class=\"more-link\">Continua\u021bi lectur\u0103 <span class=\"screen-reader-text\">Panoul glisor Cinci<\/span><\/a><\/p>","protected":false},"author":1,"featured_media":4684,"parent":283,"menu_order":0,"comment_status":"open","ping_status":"open","template":"","meta":{"footnotes":""},"class_list":["post-315","page","type-page","status-publish","has-post-thumbnail","hentry"],"jetpack_sharing_enabled":true,"_links":{"self":[{"href":"https:\/\/friendsofenginakyurek.org\/ro\/wp-json\/wp\/v2\/pages\/315","targetHints":{"allow":["GET"]}}],"collection":[{"href":"https:\/\/friendsofenginakyurek.org\/ro\/wp-json\/wp\/v2\/pages"}],"about":[{"href":"https:\/\/friendsofenginakyurek.org\/ro\/wp-json\/wp\/v2\/types\/page"}],"author":[{"embeddable":true,"href":"https:\/\/friendsofenginakyurek.org\/ro\/wp-json\/wp\/v2\/users\/1"}],"replies":[{"embeddable":true,"href":"https:\/\/friendsofenginakyurek.org\/ro\/wp-json\/wp\/v2\/comments?post=315"}],"version-history":[{"count":0,"href":"https:\/\/friendsofenginakyurek.org\/ro\/wp-json\/wp\/v2\/pages\/315\/revisions"}],"up":[{"embeddable":true,"href":"https:\/\/friendsofenginakyurek.org\/ro\/wp-json\/wp\/v2\/pages\/283"}],"wp:featuredmedia":[{"embeddable":true,"href":"https:\/\/friendsofenginakyurek.org\/ro\/wp-json\/wp\/v2\/media\/4684"}],"wp:attachment":[{"href":"https:\/\/friendsofenginakyurek.org\/ro\/wp-json\/wp\/v2\/media?parent=315"}],"curies":[{"name":"wp","href":"https:\/\/api.w.org\/{rel}","templated":true}]}}