{"id":336,"date":"2015-04-26T12:25:58","date_gmt":"2015-04-26T12:25:58","guid":{"rendered":"http:\/\/www.anarieldesign.com\/themedemos\/maisha\/?page_id=336"},"modified":"2022-10-08T00:27:53","modified_gmt":"2022-10-08T00:27:53","slug":"our-mission","status":"publish","type":"page","link":"https:\/\/friendsofenginakyurek.org\/ro\/our-mission\/","title":{"rendered":"Principiile noastre directoare"},"content":{"rendered":"<h1 style=\"text-align: center;\">Principiile noastre directoare<\/h1>\n<p>V\u0103 mul\u021bumim pentru interesul acordat proiectului nostru! Ne angaj\u0103m profund s\u0103-l onor\u0103m pe Engin Aky\u00fcrek \u00een moduri practice. De\u0219i informa\u021biile con\u021binute \u00een sec\u021biunile urm\u0103toare pot fi g\u0103site \u00een alte zone ale site-ului nostru, aici este un loc pentru a citi despre VIZIUNEA, MISIUNEA \u0219i VALORILE noastre mai detaliat. Pe l\u00e2ng\u0103 versiunea text a informa\u021biilor disponibile \u00een limba englez\u0103, am inclus imagini cu aceste principii importante ale organiza\u021biei noastre \u00een englez\u0103, spaniol\u0103 \u0219i turc\u0103. Iti multumesc din nou.<\/p>","protected":false},"excerpt":{"rendered":"<p>Our Guiding Principles Thank you for your interest in our project! We are deeply committed to honoring Engin Aky\u00fcrek in actionable ways. Though the information contained in the following sections may be found in other areas of our site, here is one place to read about our VISION, MISSION and VALUES in a bit more &hellip; <a href=\"https:\/\/friendsofenginakyurek.org\/ro\/our-mission\/\" class=\"more-link\">Continua\u021bi lectur\u0103 <span class=\"screen-reader-text\">Principiile noastre directoare<\/span><\/a><\/p>","protected":false},"author":1,"featured_media":4684,"parent":0,"menu_order":0,"comment_status":"closed","ping_status":"closed","template":"page-templates\/full-width-page.php","meta":{"footnotes":""},"class_list":["post-336","page","type-page","status-publish","has-post-thumbnail","hentry"],"jetpack_sharing_enabled":true,"_links":{"self":[{"href":"https:\/\/friendsofenginakyurek.org\/ro\/wp-json\/wp\/v2\/pages\/336","targetHints":{"allow":["GET"]}}],"collection":[{"href":"https:\/\/friendsofenginakyurek.org\/ro\/wp-json\/wp\/v2\/pages"}],"about":[{"href":"https:\/\/friendsofenginakyurek.org\/ro\/wp-json\/wp\/v2\/types\/page"}],"author":[{"embeddable":true,"href":"https:\/\/friendsofenginakyurek.org\/ro\/wp-json\/wp\/v2\/users\/1"}],"replies":[{"embeddable":true,"href":"https:\/\/friendsofenginakyurek.org\/ro\/wp-json\/wp\/v2\/comments?post=336"}],"version-history":[{"count":3,"href":"https:\/\/friendsofenginakyurek.org\/ro\/wp-json\/wp\/v2\/pages\/336\/revisions"}],"predecessor-version":[{"id":6395,"href":"https:\/\/friendsofenginakyurek.org\/ro\/wp-json\/wp\/v2\/pages\/336\/revisions\/6395"}],"wp:featuredmedia":[{"embeddable":true,"href":"https:\/\/friendsofenginakyurek.org\/ro\/wp-json\/wp\/v2\/media\/4684"}],"wp:attachment":[{"href":"https:\/\/friendsofenginakyurek.org\/ro\/wp-json\/wp\/v2\/media?parent=336"}],"curies":[{"name":"wp","href":"https:\/\/api.w.org\/{rel}","templated":true}]}}