{"id":346,"date":"2015-04-26T12:51:49","date_gmt":"2015-04-26T12:51:49","guid":{"rendered":"http:\/\/www.anarieldesign.com\/themedemos\/maisha\/?page_id=346"},"modified":"2022-09-24T02:43:27","modified_gmt":"2022-09-24T02:43:27","slug":"mission-four","status":"publish","type":"page","link":"https:\/\/friendsofenginakyurek.org\/ro\/mission-four\/","title":{"rendered":"Misiunea Patru"},"content":{"rendered":"<p>pr\u0103jitur\u0103 cu mar\u021bipan marshmallow glazur\u0103 marshmallow pr\u0103jitur\u0103 cu ciocolat\u0103 pr\u0103jitur\u0103 cu morcovi dragee cu bomboane cu ciocolat\u0103 pr\u0103jitur\u0103 cu morcovi.<\/p>\n<p><!--more--><\/p>\n<p>Lorem ipsum dolor sit amet, <a title=\"link de testare\" href=\"#\">link de testare<\/a> elita adipiscante. <strong>Acest lucru este puternic.<\/strong> Nullam dignissim convallis est. Quisque aliquam. <em>Acest lucru este subliniat.<\/em> Donec faucibus. Nunc iaculis suscipit dui. 5<sup>3<\/sup> = 125. Apa este H<sub>2<\/sub>O. Nam sit amet sem. Aliquam libero nisi, imperdiet at, tincidunt nec, gravida vehicula, nisl. <cite>The New York Times<\/cite> (Aceasta este o citare). <span style=\"text-decoration:underline;\">Sublinia\u021bi.<\/span> Maecenas ornare torttor. Donec sed tellus eget sapien fringilla nonummy. Mauris a ante. Suspendisse quam sem, consequat at, commodo vitae, feugiat in, nunc. Morbi imperdiet augue quis tellus. <abbr title=\"Limbajul de marcare hipertext\">HTML<\/abbr> \u015fi <abbr title=\"Foi de stil \u00een cascad\u0103\">CSS<\/abbr> sunt instrumentele noastre. Mauris a ante. Suspendisse quam sem, consequat at, commodo vitae, feugiat in, nunc. Morbi imperdiet augue quis tellus. Praesent mattis, massa quis luctus fermentum, turpis mi volutpat justo, eu volutpat enim diam eget metus. Pentru a copia un tip de fi\u0219ier <code>COPIEAZ\u0102 <var>numele fi\u0219ierului<\/var><\/code>.<\/p>\n<p><a href=\"http:\/\/anariel.com.www361.your-server.de\/maisha\/wp-content\/uploads\/2015\/05\/maisha_shop_slider_1.jpg\"><img fetchpriority=\"high\" decoding=\"async\" src=\"http:\/\/anariel.com.www361.your-server.de\/maisha\/wp-content\/uploads\/2015\/05\/maisha_shop_slider_1.jpg\" data-sizes=\"(max-width: 1405px) 100vw, 1405px\" srcset=\"http:\/\/www.anariel.com\/maishademo\/wp-content\/uploads\/2015\/05\/maisha_shop_slider_1-300x85.jpg 300w, http:\/\/www.anariel.com\/maishademo\/wp-content\/uploads\/2015\/05\/maisha_shop_slider_1-1024x292.jpg 1024w, http:\/\/www.anariel.com\/maishademo\/wp-content\/uploads\/2015\/05\/maisha_shop_slider_1-300x85.jpg 300w, http:\/\/www.anariel.com\/maishademo\/wp-content\/uploads\/2015\/05\/maisha_shop_slider_1-300x85.jpg 300w, http:\/\/www.anariel.com\/maishademo\/wp-content\/uploads\/2015\/05\/maisha_shop_slider_1-200x57.jpg 200w, http:\/\/www.anariel.com\/maishademo\/wp-content\/uploads\/2015\/05\/maisha_shop_slider_1-150x43.jpg 150w, http:\/\/anariel.com.www361.your-server.de\/maisha\/wp-content\/uploads\/2015\/05\/maisha_shop_slider_1.jpg 1405w\" alt=\"maisha_shop_slider_1\" width=\"1405\" height=\"400\" class=\"aligncenter size-full wp-image-1069\"><\/a><\/p>\n<blockquote><p>Aceasta este versiunea Photoshop a Lorem Ipsum. Proin gravida nibh vel velit auctor aliquet. Aenean sollicitudin, lorem quis bibendum auctor, nisi elit consequat ipsum, nec sagittis sem nibh id elit.<\/p><\/blockquote>\n<table>\n<tbody>\n<tr>\n<th>Antetul tabelului 1<\/th>\n<th>Antetul tabelului 2<\/th>\n<th>Antetul tabelului 3<\/th>\n<\/tr>\n<tr>\n<td>Divizia 1<\/td>\n<td>Divizia 2<\/td>\n<td>Divizia 3<\/td>\n<\/tr>\n<\/tbody>\n<\/table>\n<p>[give_form id=\u201d403\u2033]<\/p>","protected":false},"excerpt":{"rendered":"<p>pr\u0103jitur\u0103 cu mar\u021bipan marshmallow glazur\u0103 marshmallow pr\u0103jitur\u0103 cu ciocolat\u0103 pr\u0103jitur\u0103 cu morcovi dragee cu bomboane cu ciocolat\u0103 pr\u0103jitur\u0103 cu morcovi.<\/p>","protected":false},"author":1,"featured_media":2502,"parent":0,"menu_order":0,"comment_status":"closed","ping_status":"closed","template":"page-templates\/full-width-page.php","meta":{"footnotes":""},"class_list":["post-346","page","type-page","status-publish","has-post-thumbnail","hentry"],"jetpack_sharing_enabled":true,"_links":{"self":[{"href":"https:\/\/friendsofenginakyurek.org\/ro\/wp-json\/wp\/v2\/pages\/346","targetHints":{"allow":["GET"]}}],"collection":[{"href":"https:\/\/friendsofenginakyurek.org\/ro\/wp-json\/wp\/v2\/pages"}],"about":[{"href":"https:\/\/friendsofenginakyurek.org\/ro\/wp-json\/wp\/v2\/types\/page"}],"author":[{"embeddable":true,"href":"https:\/\/friendsofenginakyurek.org\/ro\/wp-json\/wp\/v2\/users\/1"}],"replies":[{"embeddable":true,"href":"https:\/\/friendsofenginakyurek.org\/ro\/wp-json\/wp\/v2\/comments?post=346"}],"version-history":[{"count":1,"href":"https:\/\/friendsofenginakyurek.org\/ro\/wp-json\/wp\/v2\/pages\/346\/revisions"}],"predecessor-version":[{"id":4736,"href":"https:\/\/friendsofenginakyurek.org\/ro\/wp-json\/wp\/v2\/pages\/346\/revisions\/4736"}],"wp:featuredmedia":[{"embeddable":true,"href":"https:\/\/friendsofenginakyurek.org\/ro\/wp-json\/wp\/v2\/media\/2502"}],"wp:attachment":[{"href":"https:\/\/friendsofenginakyurek.org\/ro\/wp-json\/wp\/v2\/media?parent=346"}],"curies":[{"name":"wp","href":"https:\/\/api.w.org\/{rel}","templated":true}]}}