{"id":5522,"date":"2022-10-03T23:42:31","date_gmt":"2022-10-03T23:42:31","guid":{"rendered":"https:\/\/friendsofenginakyurek.org\/?page_id=5522"},"modified":"2023-03-11T23:02:38","modified_gmt":"2023-03-11T23:02:38","slug":"frequently-asked-questions","status":"publish","type":"page","link":"https:\/\/friendsofenginakyurek.org\/ro\/frequently-asked-questions\/","title":{"rendered":"\u00eentreb\u0103ri frecvente"},"content":{"rendered":"<div data-elementor-type=\"wp-page\" data-elementor-id=\"5522\" class=\"elementor elementor-5522\" data-elementor-post-type=\"page\">\n\t\t\t\t\t\t<section class=\"elementor-section elementor-top-section elementor-element elementor-element-fe97790 elementor-section-height-min-height elementor-section-content-middle elementor-section-boxed elementor-section-height-default elementor-section-items-middle\" data-id=\"fe97790\" data-element_type=\"section\" data-e-type=\"section\" data-settings=\"{&quot;background_background&quot;:&quot;classic&quot;}\">\n\t\t\t\t\t\t\t<div class=\"elementor-background-overlay\"><\/div>\n\t\t\t\t\t\t\t<div class=\"elementor-container elementor-column-gap-no\">\n\t\t\t\t\t<div class=\"elementor-column elementor-col-100 elementor-top-column elementor-element elementor-element-237bd96\" data-id=\"237bd96\" data-element_type=\"column\" data-e-type=\"column\">\n\t\t\t<div class=\"elementor-widget-wrap elementor-element-populated\">\n\t\t\t\t\t\t<div class=\"elementor-element elementor-element-539a491 elementor-widget elementor-widget-heading\" data-id=\"539a491\" data-element_type=\"widget\" data-e-type=\"widget\" data-widget_type=\"heading.default\">\n\t\t\t\t<div class=\"elementor-widget-container\">\n\t\t\t\t\t<h2 class=\"elementor-heading-title elementor-size-default\">\u00eentreb\u0103ri frecvente<\/h2>\t\t\t\t<\/div>\n\t\t\t\t<\/div>\n\t\t\t\t<div class=\"elementor-element elementor-element-c2afd82 elementor-widget elementor-widget-image\" data-id=\"c2afd82\" data-element_type=\"widget\" data-e-type=\"widget\" data-widget_type=\"image.default\">\n\t\t\t\t<div class=\"elementor-widget-container\">\n\t\t\t\t\t\t\t\t\t\t\t\t\t\t\t<img fetchpriority=\"high\" decoding=\"async\" width=\"768\" height=\"158\" src=\"https:\/\/friendsofenginakyurek.org\/wp-content\/uploads\/2022\/10\/8888C6C6-7FD1-475B-959C-8198F5831A7F-1-768x158.png\" class=\"attachment-medium_large size-medium_large wp-image-5640\" alt=\"\" srcset=\"https:\/\/friendsofenginakyurek.org\/wp-content\/uploads\/2022\/10\/8888C6C6-7FD1-475B-959C-8198F5831A7F-1-768x158.png 768w, https:\/\/friendsofenginakyurek.org\/wp-content\/uploads\/2022\/10\/8888C6C6-7FD1-475B-959C-8198F5831A7F-1-600x123.png 600w, https:\/\/friendsofenginakyurek.org\/wp-content\/uploads\/2022\/10\/8888C6C6-7FD1-475B-959C-8198F5831A7F-1-300x62.png 300w, https:\/\/friendsofenginakyurek.org\/wp-content\/uploads\/2022\/10\/8888C6C6-7FD1-475B-959C-8198F5831A7F-1-1024x211.png 1024w, https:\/\/friendsofenginakyurek.org\/wp-content\/uploads\/2022\/10\/8888C6C6-7FD1-475B-959C-8198F5831A7F-1-1536x316.png 1536w, https:\/\/friendsofenginakyurek.org\/wp-content\/uploads\/2022\/10\/8888C6C6-7FD1-475B-959C-8198F5831A7F-1-2048x421.png 2048w, https:\/\/friendsofenginakyurek.org\/wp-content\/uploads\/2022\/10\/8888C6C6-7FD1-475B-959C-8198F5831A7F-1-18x4.png 18w, https:\/\/friendsofenginakyurek.org\/wp-content\/uploads\/2022\/10\/8888C6C6-7FD1-475B-959C-8198F5831A7F-1-200x41.png 200w, https:\/\/friendsofenginakyurek.org\/wp-content\/uploads\/2022\/10\/8888C6C6-7FD1-475B-959C-8198F5831A7F-1-150x31.png 150w, https:\/\/friendsofenginakyurek.org\/wp-content\/uploads\/2022\/10\/8888C6C6-7FD1-475B-959C-8198F5831A7F-1-547x113.png 547w, https:\/\/friendsofenginakyurek.org\/wp-content\/uploads\/2022\/10\/8888C6C6-7FD1-475B-959C-8198F5831A7F-1-678x139.png 678w, https:\/\/friendsofenginakyurek.org\/wp-content\/uploads\/2022\/10\/8888C6C6-7FD1-475B-959C-8198F5831A7F-1-524x108.png 524w, https:\/\/friendsofenginakyurek.org\/wp-content\/uploads\/2022\/10\/8888C6C6-7FD1-475B-959C-8198F5831A7F-1-420x86.png 420w, https:\/\/friendsofenginakyurek.org\/wp-content\/uploads\/2022\/10\/8888C6C6-7FD1-475B-959C-8198F5831A7F-1-444x91.png 444w, https:\/\/friendsofenginakyurek.org\/wp-content\/uploads\/2022\/10\/8888C6C6-7FD1-475B-959C-8198F5831A7F-1-916x188.png 916w\" sizes=\"(max-width: 768px) 100vw, 768px\" \/>\t\t\t\t\t\t\t\t\t\t\t\t\t\t\t<\/div>\n\t\t\t\t<\/div>\n\t\t\t\t\t<\/div>\n\t\t<\/div>\n\t\t\t\t\t<\/div>\n\t\t<\/section>\n\t\t\t\t<section class=\"elementor-section elementor-top-section elementor-element elementor-element-3b620f59 elementor-section-content-middle elementor-section-boxed elementor-section-height-default elementor-section-height-default\" data-id=\"3b620f59\" data-element_type=\"section\" data-e-type=\"section\">\n\t\t\t\t\t\t<div class=\"elementor-container elementor-column-gap-no\">\n\t\t\t\t\t<div class=\"elementor-column elementor-col-100 elementor-top-column elementor-element elementor-element-54f0812e\" data-id=\"54f0812e\" data-element_type=\"column\" data-e-type=\"column\">\n\t\t\t<div class=\"elementor-widget-wrap elementor-element-populated\">\n\t\t\t\t\t\t<div class=\"elementor-element elementor-element-15ea22fe elementor-widget elementor-widget-heading\" data-id=\"15ea22fe\" data-element_type=\"widget\" data-e-type=\"widget\" data-widget_type=\"heading.default\">\n\t\t\t\t<div class=\"elementor-widget-container\">\n\t\t\t\t\t<h5 class=\"elementor-heading-title elementor-size-default\">V\u0103 rug\u0103m s\u0103 face\u021bi clic mai jos pentru a dezv\u0103lui r\u0103spunsurile la \u00centreb\u0103rile frecvente<\/h5>\t\t\t\t<\/div>\n\t\t\t\t<\/div>\n\t\t\t\t<div class=\"elementor-element elementor-element-dd43690 elementor-widget elementor-widget-toggle\" data-id=\"dd43690\" data-element_type=\"widget\" data-e-type=\"widget\" data-widget_type=\"toggle.default\">\n\t\t\t\t<div class=\"elementor-widget-container\">\n\t\t\t\t\t\t\t<div class=\"elementor-toggle\">\n\t\t\t\t\t\t\t<div class=\"elementor-toggle-item\">\n\t\t\t\t\t<div id=\"elementor-tab-title-2321\" class=\"elementor-tab-title\" data-tab=\"1\" role=\"button\" aria-controls=\"elementor-tab-content-2321\" aria-expanded=\"false\">\n\t\t\t\t\t\t\t\t\t\t\t\t<span class=\"elementor-toggle-icon elementor-toggle-icon-right\" aria-hidden=\"true\">\n\t\t\t\t\t\t\t\t\t\t\t\t\t\t\t<span class=\"elementor-toggle-icon-closed\"><i class=\"fas fa-caret-right\"><\/i><\/span>\n\t\t\t\t\t\t\t\t<span class=\"elementor-toggle-icon-opened\"><i class=\"elementor-toggle-icon-opened fas fa-caret-up\"><\/i><\/span>\n\t\t\t\t\t\t\t\t\t\t\t\t\t<\/span>\n\t\t\t\t\t\t\t\t\t\t\t\t<a class=\"elementor-toggle-title\" tabindex=\"0\">Ce ne face unici?<\/a>\n\t\t\t\t\t<\/div>\n\n\t\t\t\t\t<div id=\"elementor-tab-content-2321\" class=\"elementor-tab-content elementor-clearfix\" data-tab=\"1\" role=\"region\" aria-labelledby=\"elementor-tab-title-2321\"><p>Suntem una dintre singurele organiza\u021bii caritabile transparente, nonprofit dedicate exclusiv scopului muncii umanitare construite pe principiile c\u0103l\u0103uzitoare ale modului de via\u021b\u0103 al lui Engin Aky\u00fcrek.<\/p><\/div>\n\t\t\t\t<\/div>\n\t\t\t\t\t\t\t<div class=\"elementor-toggle-item\">\n\t\t\t\t\t<div id=\"elementor-tab-title-2322\" class=\"elementor-tab-title\" data-tab=\"2\" role=\"button\" aria-controls=\"elementor-tab-content-2322\" aria-expanded=\"false\">\n\t\t\t\t\t\t\t\t\t\t\t\t<span class=\"elementor-toggle-icon elementor-toggle-icon-right\" aria-hidden=\"true\">\n\t\t\t\t\t\t\t\t\t\t\t\t\t\t\t<span class=\"elementor-toggle-icon-closed\"><i class=\"fas fa-caret-right\"><\/i><\/span>\n\t\t\t\t\t\t\t\t<span class=\"elementor-toggle-icon-opened\"><i class=\"elementor-toggle-icon-opened fas fa-caret-up\"><\/i><\/span>\n\t\t\t\t\t\t\t\t\t\t\t\t\t<\/span>\n\t\t\t\t\t\t\t\t\t\t\t\t<a class=\"elementor-toggle-title\" tabindex=\"0\">Care este impactul nostru?<\/a>\n\t\t\t\t\t<\/div>\n\n\t\t\t\t\t<div id=\"elementor-tab-content-2322\" class=\"elementor-tab-content elementor-clearfix\" data-tab=\"2\" role=\"region\" aria-labelledby=\"elementor-tab-title-2322\"><p>P\u00e2n\u0103 acum, Prietenii lui Engin Aky\u00fcrek are o acoperire bilunar\u0103 pe re\u021belele sociale la nivel mondial de peste 400.000 de conturi \u00een peste 30 de \u021b\u0103ri, ating\u00e2nd o baz\u0103 de prieteni de admiratori ai lui Engin Aky\u00fcrek, de la v\u00e2rsta de 14 ani p\u00e2n\u0103 la 90 de ani. . Am f\u0103cut cuno\u0219tin\u021b\u0103 cu nenum\u0103ra\u021bi prieteni noi \u00een munca domnului Aky\u00fcrek \u0219i am \u00eemp\u0103rt\u0103\u0219it traduceri ale scrierilor sale din publica\u021bia Kafas\u0131na G\u00f6re \u0219i din alte media a\u0219a cum a ap\u0103rut. \u00cen plus, am condus un efort de \u00eembun\u0103t\u0103\u021bire a experien\u021bei online pentru prietenii din re\u021belele sociale printr-o campanie de con\u0219tientizare a criminalit\u0103\u021bii cibernetice, orientat\u0103 c\u0103tre amenin\u021barea tot mai mare care vizeaz\u0103 adep\u021bii Engin Aky\u00fcrek.\u00a0<\/p><p>\u00cen continuare, ne a\u0219tept\u0103m s\u0103 avem un impact direct asupra comunit\u0103\u021bilor din T\u00fcrkiye identificate de domnul Aky\u00fcrek drept cele care au nevoie de asisten\u021ba noastr\u0103.<\/p><\/div>\n\t\t\t\t<\/div>\n\t\t\t\t\t\t\t<div class=\"elementor-toggle-item\">\n\t\t\t\t\t<div id=\"elementor-tab-title-2323\" class=\"elementor-tab-title\" data-tab=\"3\" role=\"button\" aria-controls=\"elementor-tab-content-2323\" aria-expanded=\"false\">\n\t\t\t\t\t\t\t\t\t\t\t\t<span class=\"elementor-toggle-icon elementor-toggle-icon-right\" aria-hidden=\"true\">\n\t\t\t\t\t\t\t\t\t\t\t\t\t\t\t<span class=\"elementor-toggle-icon-closed\"><i class=\"fas fa-caret-right\"><\/i><\/span>\n\t\t\t\t\t\t\t\t<span class=\"elementor-toggle-icon-opened\"><i class=\"elementor-toggle-icon-opened fas fa-caret-up\"><\/i><\/span>\n\t\t\t\t\t\t\t\t\t\t\t\t\t<\/span>\n\t\t\t\t\t\t\t\t\t\t\t\t<a class=\"elementor-toggle-title\" tabindex=\"0\">Ce procent din dona\u021bii merg c\u0103tre misiune\/proiecte?<\/a>\n\t\t\t\t\t<\/div>\n\n\t\t\t\t\t<div id=\"elementor-tab-content-2323\" class=\"elementor-tab-content elementor-clearfix\" data-tab=\"3\" role=\"region\" aria-labelledby=\"elementor-tab-title-2323\"><p>\u00cen ciuda faptului c\u0103 abia a \u00eenceput (organiza\u021bie 501c3: sf\u00e2r\u0219itul lunii martie 2022, statut: mijlocul lunii august 2022) \u0219i \u00eenc\u0103 \u00een curs de dezvoltare unele dintre programele noastre, ne asigur\u0103m c\u0103 95-99% din contribu\u021biile primite sunt direc\u021bionate direct c\u0103tre misiunea noastr\u0103 principal\u0103, ajut\u00e2nd copiii vulnerabili turci \u0219i familii \u00een onoarea domnului Aky\u00fcrek. \u00cen fazele ini\u021biale ale primelor luni de existen\u021b\u0103, \u00een func\u021bie de cantitatea de dona\u021bii primite, este posibil s\u0103 avem nevoie de pu\u021bin mai mult din acel 4% \u00een timp ce lucr\u0103m pentru a stabili re\u021beaua noastr\u0103 securizat\u0103 de programe.<\/p><\/div>\n\t\t\t\t<\/div>\n\t\t\t\t\t\t\t<div class=\"elementor-toggle-item\">\n\t\t\t\t\t<div id=\"elementor-tab-title-2324\" class=\"elementor-tab-title\" data-tab=\"4\" role=\"button\" aria-controls=\"elementor-tab-content-2324\" aria-expanded=\"false\">\n\t\t\t\t\t\t\t\t\t\t\t\t<span class=\"elementor-toggle-icon elementor-toggle-icon-right\" aria-hidden=\"true\">\n\t\t\t\t\t\t\t\t\t\t\t\t\t\t\t<span class=\"elementor-toggle-icon-closed\"><i class=\"fas fa-caret-right\"><\/i><\/span>\n\t\t\t\t\t\t\t\t<span class=\"elementor-toggle-icon-opened\"><i class=\"elementor-toggle-icon-opened fas fa-caret-up\"><\/i><\/span>\n\t\t\t\t\t\t\t\t\t\t\t\t\t<\/span>\n\t\t\t\t\t\t\t\t\t\t\t\t<a class=\"elementor-toggle-title\" tabindex=\"0\">Ce este o organiza\u021bie scutit\u0103 de taxe 501c3?<\/a>\n\t\t\t\t\t<\/div>\n\n\t\t\t\t\t<div id=\"elementor-tab-content-2324\" class=\"elementor-tab-content elementor-clearfix\" data-tab=\"4\" role=\"region\" aria-labelledby=\"elementor-tab-title-2324\"><p>Organiza\u021bia noastr\u0103 501(c)3, scutit\u0103 de taxe este o organiza\u021bie non-profit care este \u00eenfiin\u021bat\u0103 exclusiv \u00een scopuri caritabile.<\/p><\/div>\n\t\t\t\t<\/div>\n\t\t\t\t\t\t\t<div class=\"elementor-toggle-item\">\n\t\t\t\t\t<div id=\"elementor-tab-title-2325\" class=\"elementor-tab-title\" data-tab=\"5\" role=\"button\" aria-controls=\"elementor-tab-content-2325\" aria-expanded=\"false\">\n\t\t\t\t\t\t\t\t\t\t\t\t<span class=\"elementor-toggle-icon elementor-toggle-icon-right\" aria-hidden=\"true\">\n\t\t\t\t\t\t\t\t\t\t\t\t\t\t\t<span class=\"elementor-toggle-icon-closed\"><i class=\"fas fa-caret-right\"><\/i><\/span>\n\t\t\t\t\t\t\t\t<span class=\"elementor-toggle-icon-opened\"><i class=\"elementor-toggle-icon-opened fas fa-caret-up\"><\/i><\/span>\n\t\t\t\t\t\t\t\t\t\t\t\t\t<\/span>\n\t\t\t\t\t\t\t\t\t\t\t\t<a class=\"elementor-toggle-title\" tabindex=\"0\">Care este diferen\u021ba dintre o organiza\u021bie nonprofit, o organiza\u021bie caritabil\u0103 \u0219i o organiza\u021bie scutit\u0103 de taxe 501c3?<\/a>\n\t\t\t\t\t<\/div>\n\n\t\t\t\t\t<div id=\"elementor-tab-content-2325\" class=\"elementor-tab-content elementor-clearfix\" data-tab=\"5\" role=\"region\" aria-labelledby=\"elementor-tab-title-2325\">O organiza\u021bie 501(c)3 este o organiza\u021bie non-profit cu statut de scutire de taxe, dedicat\u0103 bun\u0103st\u0103rii generale a societ\u0103\u021bii. A\u0219a cum este dictat de subsec\u021biunea 501(c) de c\u0103tre autoritatea fiscal\u0103 guvernamental\u0103 din SUA (Internal Revenue Service), se respect\u0103 un set strict de reglement\u0103ri, pentru a men\u021bine statutul 501(c)3. Dona\u021biile f\u0103cute c\u0103tre organiza\u021bie pot fi scutite de taxe pentru unii donatori.<\/div>\n\t\t\t\t<\/div>\n\t\t\t\t\t\t\t<div class=\"elementor-toggle-item\">\n\t\t\t\t\t<div id=\"elementor-tab-title-2326\" class=\"elementor-tab-title\" data-tab=\"6\" role=\"button\" aria-controls=\"elementor-tab-content-2326\" aria-expanded=\"false\">\n\t\t\t\t\t\t\t\t\t\t\t\t<span class=\"elementor-toggle-icon elementor-toggle-icon-right\" aria-hidden=\"true\">\n\t\t\t\t\t\t\t\t\t\t\t\t\t\t\t<span class=\"elementor-toggle-icon-closed\"><i class=\"fas fa-caret-right\"><\/i><\/span>\n\t\t\t\t\t\t\t\t<span class=\"elementor-toggle-icon-opened\"><i class=\"elementor-toggle-icon-opened fas fa-caret-up\"><\/i><\/span>\n\t\t\t\t\t\t\t\t\t\t\t\t\t<\/span>\n\t\t\t\t\t\t\t\t\t\t\t\t<a class=\"elementor-toggle-title\" tabindex=\"0\">Cum sunt acoperite cheltuielile opera\u021bionale ale organiza\u021biei?<\/a>\n\t\t\t\t\t<\/div>\n\n\t\t\t\t\t<div id=\"elementor-tab-content-2326\" class=\"elementor-tab-content elementor-clearfix\" data-tab=\"6\" role=\"region\" aria-labelledby=\"elementor-tab-title-2326\"><p>Cheltuielile noastre sunt de a\u0219teptat s\u0103 fie acoperite \u00een mare parte de donatori priva\u021bi genero\u0219i, membrii no\u0219tri ai Consiliului de Administra\u021bie \u0219i membrii Consiliului Consultativ. \u00cen perioada de configurare ini\u021bial\u0103, ne putem baza minim pe dona\u021bii publice, cu acordul donatorilor, pentru a ajuta la stabilirea programelor noastre. Avem costuri generale aproape inexistente.<\/p><\/div>\n\t\t\t\t<\/div>\n\t\t\t\t\t\t\t\t<\/div>\n\t\t\t\t\t\t<\/div>\n\t\t\t\t<\/div>\n\t\t\t\t\t<\/div>\n\t\t<\/div>\n\t\t\t\t\t<\/div>\n\t\t<\/section>\n\t\t\t\t<\/div>","protected":false},"excerpt":{"rendered":"<p>\u00centreb\u0103ri frecvente V\u0103 rug\u0103m s\u0103 face\u021bi clic mai jos pentru a dezv\u0103lui r\u0103spunsurile la \u00centreb\u0103ri frecvente Ce ne face unici? Suntem una dintre singurele organiza\u021bii caritabile transparente, nonprofit dedicate exclusiv scopului muncii umanitare construite pe principiile c\u0103l\u0103uzitoare ale modului de via\u021b\u0103 al lui Engin Aky\u00fcrek. Care este impactul nostru? P\u00e2n\u0103 acum, Friends of Engin... <a href=\"https:\/\/friendsofenginakyurek.org\/ro\/frequently-asked-questions\/\" class=\"more-link\">Continua\u021bi lectur\u0103 <span class=\"screen-reader-text\">\u00eentreb\u0103ri frecvente<\/span><\/a><\/p>","protected":false},"author":1,"featured_media":9778,"parent":0,"menu_order":0,"comment_status":"closed","ping_status":"closed","template":"elementor_header_footer","meta":{"footnotes":""},"class_list":["post-5522","page","type-page","status-publish","has-post-thumbnail","hentry"],"jetpack_sharing_enabled":true,"_links":{"self":[{"href":"https:\/\/friendsofenginakyurek.org\/ro\/wp-json\/wp\/v2\/pages\/5522","targetHints":{"allow":["GET"]}}],"collection":[{"href":"https:\/\/friendsofenginakyurek.org\/ro\/wp-json\/wp\/v2\/pages"}],"about":[{"href":"https:\/\/friendsofenginakyurek.org\/ro\/wp-json\/wp\/v2\/types\/page"}],"author":[{"embeddable":true,"href":"https:\/\/friendsofenginakyurek.org\/ro\/wp-json\/wp\/v2\/users\/1"}],"replies":[{"embeddable":true,"href":"https:\/\/friendsofenginakyurek.org\/ro\/wp-json\/wp\/v2\/comments?post=5522"}],"version-history":[{"count":65,"href":"https:\/\/friendsofenginakyurek.org\/ro\/wp-json\/wp\/v2\/pages\/5522\/revisions"}],"predecessor-version":[{"id":11397,"href":"https:\/\/friendsofenginakyurek.org\/ro\/wp-json\/wp\/v2\/pages\/5522\/revisions\/11397"}],"wp:featuredmedia":[{"embeddable":true,"href":"https:\/\/friendsofenginakyurek.org\/ro\/wp-json\/wp\/v2\/media\/9778"}],"wp:attachment":[{"href":"https:\/\/friendsofenginakyurek.org\/ro\/wp-json\/wp\/v2\/media?parent=5522"}],"curies":[{"name":"wp","href":"https:\/\/api.w.org\/{rel}","templated":true}]}}