{"id":5729,"date":"2022-10-04T22:07:14","date_gmt":"2022-10-04T22:07:14","guid":{"rendered":"https:\/\/friendsofenginakyurek.org\/?page_id=5729"},"modified":"2023-03-11T23:08:40","modified_gmt":"2023-03-11T23:08:40","slug":"donate-to-engins-cause","status":"publish","type":"page","link":"https:\/\/friendsofenginakyurek.org\/ro\/donate-to-engins-cause\/","title":{"rendered":"Doneaz\u0103 pentru Cauza lui Engin"},"content":{"rendered":"<div data-elementor-type=\"wp-page\" data-elementor-id=\"5729\" class=\"elementor elementor-5729\" data-elementor-post-type=\"page\">\n\t\t\t\t\t\t<section class=\"elementor-section elementor-top-section elementor-element elementor-element-a1c2445 elementor-section-height-min-height elementor-section-content-middle elementor-section-boxed elementor-section-height-default elementor-section-items-middle\" data-id=\"a1c2445\" data-element_type=\"section\" data-e-type=\"section\" data-settings=\"{&quot;background_background&quot;:&quot;classic&quot;}\">\n\t\t\t\t\t\t\t<div class=\"elementor-background-overlay\"><\/div>\n\t\t\t\t\t\t\t<div class=\"elementor-container elementor-column-gap-no\">\n\t\t\t\t\t<div class=\"elementor-column elementor-col-100 elementor-top-column elementor-element elementor-element-81b3996\" data-id=\"81b3996\" data-element_type=\"column\" data-e-type=\"column\">\n\t\t\t<div class=\"elementor-widget-wrap elementor-element-populated\">\n\t\t\t\t\t\t<div class=\"elementor-element elementor-element-56e8bee elementor-widget elementor-widget-heading\" data-id=\"56e8bee\" data-element_type=\"widget\" data-e-type=\"widget\" data-widget_type=\"heading.default\">\n\t\t\t\t<div class=\"elementor-widget-container\">\n\t\t\t\t\t<h2 class=\"elementor-heading-title elementor-size-default\">Doneaz\u0103 pentru Cauza lui Engin<\/h2>\t\t\t\t<\/div>\n\t\t\t\t<\/div>\n\t\t\t\t<div class=\"elementor-element elementor-element-1ca8755 elementor-widget elementor-widget-image\" data-id=\"1ca8755\" data-element_type=\"widget\" data-e-type=\"widget\" data-widget_type=\"image.default\">\n\t\t\t\t<div class=\"elementor-widget-container\">\n\t\t\t\t\t\t\t\t\t\t\t\t\t\t\t<img fetchpriority=\"high\" decoding=\"async\" width=\"3500\" height=\"682\" src=\"https:\/\/friendsofenginakyurek.org\/wp-content\/uploads\/2022\/10\/1CF36AC6-E903-4883-AFB1-3687019DE82B-e1664928443762.png\" class=\"attachment-full size-full wp-image-5860\" alt=\"\" srcset=\"https:\/\/friendsofenginakyurek.org\/wp-content\/uploads\/2022\/10\/1CF36AC6-E903-4883-AFB1-3687019DE82B-e1664928443762.png 3500w, https:\/\/friendsofenginakyurek.org\/wp-content\/uploads\/2022\/10\/1CF36AC6-E903-4883-AFB1-3687019DE82B-e1664928443762-600x117.png 600w, https:\/\/friendsofenginakyurek.org\/wp-content\/uploads\/2022\/10\/1CF36AC6-E903-4883-AFB1-3687019DE82B-e1664928443762-300x58.png 300w, https:\/\/friendsofenginakyurek.org\/wp-content\/uploads\/2022\/10\/1CF36AC6-E903-4883-AFB1-3687019DE82B-e1664928443762-1024x200.png 1024w, https:\/\/friendsofenginakyurek.org\/wp-content\/uploads\/2022\/10\/1CF36AC6-E903-4883-AFB1-3687019DE82B-e1664928443762-768x150.png 768w, https:\/\/friendsofenginakyurek.org\/wp-content\/uploads\/2022\/10\/1CF36AC6-E903-4883-AFB1-3687019DE82B-e1664928443762-1536x299.png 1536w, https:\/\/friendsofenginakyurek.org\/wp-content\/uploads\/2022\/10\/1CF36AC6-E903-4883-AFB1-3687019DE82B-e1664928443762-2048x399.png 2048w, https:\/\/friendsofenginakyurek.org\/wp-content\/uploads\/2022\/10\/1CF36AC6-E903-4883-AFB1-3687019DE82B-e1664928443762-18x4.png 18w, https:\/\/friendsofenginakyurek.org\/wp-content\/uploads\/2022\/10\/1CF36AC6-E903-4883-AFB1-3687019DE82B-e1664928443762-200x39.png 200w, https:\/\/friendsofenginakyurek.org\/wp-content\/uploads\/2022\/10\/1CF36AC6-E903-4883-AFB1-3687019DE82B-e1664928443762-150x29.png 150w, https:\/\/friendsofenginakyurek.org\/wp-content\/uploads\/2022\/10\/1CF36AC6-E903-4883-AFB1-3687019DE82B-e1664928443762-547x107.png 547w, https:\/\/friendsofenginakyurek.org\/wp-content\/uploads\/2022\/10\/1CF36AC6-E903-4883-AFB1-3687019DE82B-e1664928443762-678x132.png 678w, https:\/\/friendsofenginakyurek.org\/wp-content\/uploads\/2022\/10\/1CF36AC6-E903-4883-AFB1-3687019DE82B-e1664928443762-524x102.png 524w, https:\/\/friendsofenginakyurek.org\/wp-content\/uploads\/2022\/10\/1CF36AC6-E903-4883-AFB1-3687019DE82B-e1664928443762-420x82.png 420w, https:\/\/friendsofenginakyurek.org\/wp-content\/uploads\/2022\/10\/1CF36AC6-E903-4883-AFB1-3687019DE82B-e1664928443762-444x87.png 444w, https:\/\/friendsofenginakyurek.org\/wp-content\/uploads\/2022\/10\/1CF36AC6-E903-4883-AFB1-3687019DE82B-e1664928443762-916x178.png 916w\" sizes=\"(max-width: 3500px) 100vw, 3500px\" \/>\t\t\t\t\t\t\t\t\t\t\t\t\t\t\t<\/div>\n\t\t\t\t<\/div>\n\t\t\t\t\t<\/div>\n\t\t<\/div>\n\t\t\t\t\t<\/div>\n\t\t<\/section>\n\t\t\t\t<section class=\"elementor-section elementor-top-section elementor-element elementor-element-2c9c54f elementor-section-boxed elementor-section-height-default elementor-section-height-default\" data-id=\"2c9c54f\" data-element_type=\"section\" data-e-type=\"section\">\n\t\t\t\t\t\t<div class=\"elementor-container elementor-column-gap-default\">\n\t\t\t\t\t<div class=\"elementor-column elementor-col-100 elementor-top-column elementor-element elementor-element-78a0cd7\" data-id=\"78a0cd7\" data-element_type=\"column\" data-e-type=\"column\">\n\t\t\t<div class=\"elementor-widget-wrap elementor-element-populated\">\n\t\t\t\t\t\t<div class=\"elementor-element elementor-element-c056ea1 elementor-widget elementor-widget-heading\" data-id=\"c056ea1\" data-element_type=\"widget\" data-e-type=\"widget\" data-widget_type=\"heading.default\">\n\t\t\t\t<div class=\"elementor-widget-container\">\n\t\t\t\t\t<h2 class=\"elementor-heading-title elementor-size-default\">Miezul misiunii noastre; Ajut\u00e2nd oamenii\n<\/h2>\t\t\t\t<\/div>\n\t\t\t\t<\/div>\n\t\t\t\t<div class=\"elementor-element elementor-element-1353abc elementor-widget-divider--view-line elementor-widget elementor-widget-divider\" data-id=\"1353abc\" data-element_type=\"widget\" data-e-type=\"widget\" data-widget_type=\"divider.default\">\n\t\t\t\t<div class=\"elementor-widget-container\">\n\t\t\t\t\t\t\t<div class=\"elementor-divider\">\n\t\t\t<span class=\"elementor-divider-separator\">\n\t\t\t\t\t\t<\/span>\n\t\t<\/div>\n\t\t\t\t\t\t<\/div>\n\t\t\t\t<\/div>\n\t\t\t\t\t<\/div>\n\t\t<\/div>\n\t\t\t\t\t<\/div>\n\t\t<\/section>\n\t\t\t\t<section class=\"elementor-section elementor-top-section elementor-element elementor-element-d6d8ed1 elementor-section-content-middle elementor-section-boxed elementor-section-height-default elementor-section-height-default\" data-id=\"d6d8ed1\" data-element_type=\"section\" data-e-type=\"section\">\n\t\t\t\t\t\t\t<div class=\"elementor-background-overlay\"><\/div>\n\t\t\t\t\t\t\t<div class=\"elementor-container elementor-column-gap-no\">\n\t\t\t\t\t<div class=\"elementor-column elementor-col-100 elementor-top-column elementor-element elementor-element-4ed2983\" data-id=\"4ed2983\" data-element_type=\"column\" data-e-type=\"column\">\n\t\t\t<div class=\"elementor-widget-wrap elementor-element-populated\">\n\t\t\t\t\t\t<div class=\"elementor-element elementor-element-a5feae7 elementor-widget elementor-widget-text-editor\" data-id=\"a5feae7\" data-element_type=\"widget\" data-e-type=\"widget\" data-widget_type=\"text-editor.default\">\n\t\t\t\t<div class=\"elementor-widget-container\">\n\t\t\t\t\t\t\t\t\t<p>\u00cen fiecare an, c\u00e2ndva \u00eenainte de ziua sa de na\u0219tere, Engin Aky\u00fcrek identific\u0103 o cauz\u0103 de caritate \u0219i social\u0103 aproape de inima lui, oferind o oportunitate celor care doresc s\u0103-l onoreze s\u0103 fac\u0103 acest lucru inten\u021bionat. Don\u00e2nd la acest program, 100% din \u00eencas\u0103rile dvs. (cu excep\u021bia oric\u0103ror taxe standard de procesare necesare calculate \u00een timpul transmiterii unice a tuturor dona\u021biilor primite) vor fi trimise administratorului programului, unui prieten \u0219i aliat al Friends of Engin Aky\u00fcrek.<\/p><p>Pentru o mai bun\u0103 \u00een\u021belegere a motivului pentru care dona\u021bia prin FEA este util\u0103, consulta\u021bi <a href=\"https:\/\/friendsofenginakyurek.org\/ro\/frequently-asked-questions\/\"><span style=\"text-decoration: underline;\">\u00eentreb\u0103ri frecvente<\/span><\/a> pagin\u0103.<\/p>\t\t\t\t\t\t\t\t<\/div>\n\t\t\t\t<\/div>\n\t\t\t\t\t<\/div>\n\t\t<\/div>\n\t\t\t\t\t<\/div>\n\t\t<\/section>\n\t\t\t\t<section class=\"elementor-section elementor-top-section elementor-element elementor-element-0b8cfb7 elementor-section-boxed elementor-section-height-default elementor-section-height-default\" data-id=\"0b8cfb7\" data-element_type=\"section\" data-e-type=\"section\">\n\t\t\t\t\t\t<div class=\"elementor-container elementor-column-gap-default\">\n\t\t\t\t\t<div class=\"elementor-column elementor-col-100 elementor-top-column elementor-element elementor-element-48297c3\" data-id=\"48297c3\" data-element_type=\"column\" data-e-type=\"column\">\n\t\t\t<div class=\"elementor-widget-wrap elementor-element-populated\">\n\t\t\t\t\t\t<div class=\"elementor-element elementor-element-4acca82 elementor-align-center elementor-widget elementor-widget-button\" data-id=\"4acca82\" data-element_type=\"widget\" data-e-type=\"widget\" data-widget_type=\"button.default\">\n\t\t\t\t<div class=\"elementor-widget-container\">\n\t\t\t\t\t\t\t\t\t<div class=\"elementor-button-wrapper\">\n\t\t\t\t\t<a class=\"elementor-button elementor-button-link elementor-size-sm\" href=\"https:\/\/friendsofenginakyurek.org\/ro\/how-to-give\/\" target=\"_blank\">\n\t\t\t\t\t\t<span class=\"elementor-button-content-wrapper\">\n\t\t\t\t\t\t<span class=\"elementor-button-icon\">\n\t\t\t\t<i aria-hidden=\"true\" class=\"fab fa-paypal\"><\/i>\t\t\t<\/span>\n\t\t\t\t\t\t\t\t\t<span class=\"elementor-button-text\">Cum s\u0103 dai<\/span>\n\t\t\t\t\t<\/span>\n\t\t\t\t\t<\/a>\n\t\t\t\t<\/div>\n\t\t\t\t\t\t\t\t<\/div>\n\t\t\t\t<\/div>\n\t\t\t\t\t<\/div>\n\t\t<\/div>\n\t\t\t\t\t<\/div>\n\t\t<\/section>\n\t\t\t\t<section class=\"elementor-section elementor-top-section elementor-element elementor-element-8effcff elementor-section-boxed elementor-section-height-default elementor-section-height-default\" data-id=\"8effcff\" data-element_type=\"section\" data-e-type=\"section\">\n\t\t\t\t\t\t<div class=\"elementor-container elementor-column-gap-default\">\n\t\t\t\t\t<div class=\"elementor-column elementor-col-100 elementor-top-column elementor-element elementor-element-5a73492\" data-id=\"5a73492\" data-element_type=\"column\" data-e-type=\"column\">\n\t\t\t<div class=\"elementor-widget-wrap elementor-element-populated\">\n\t\t\t\t\t\t<div class=\"elementor-element elementor-element-d209290 elementor-widget elementor-widget-heading\" data-id=\"d209290\" data-element_type=\"widget\" data-e-type=\"widget\" data-widget_type=\"heading.default\">\n\t\t\t\t<div class=\"elementor-widget-container\">\n\t\t\t\t\t<h2 class=\"elementor-heading-title elementor-size-default\">vezi alte moduri de a te implica<\/h2>\t\t\t\t<\/div>\n\t\t\t\t<\/div>\n\t\t\t\t\t<\/div>\n\t\t<\/div>\n\t\t\t\t\t<\/div>\n\t\t<\/section>\n\t\t\t\t<section class=\"elementor-section elementor-top-section elementor-element elementor-element-b06cac9 elementor-section-boxed elementor-section-height-default elementor-section-height-default\" data-id=\"b06cac9\" data-element_type=\"section\" data-e-type=\"section\">\n\t\t\t\t\t\t<div class=\"elementor-container elementor-column-gap-default\">\n\t\t\t\t\t<div class=\"elementor-column elementor-col-25 elementor-top-column elementor-element elementor-element-06b4f85\" data-id=\"06b4f85\" data-element_type=\"column\" data-e-type=\"column\">\n\t\t\t<div class=\"elementor-widget-wrap elementor-element-populated\">\n\t\t\t\t\t\t<div class=\"elementor-element elementor-element-03a0bf8 elementor-position-top elementor-widget elementor-widget-image-box\" data-id=\"03a0bf8\" data-element_type=\"widget\" data-e-type=\"widget\" data-widget_type=\"image-box.default\">\n\t\t\t\t<div class=\"elementor-widget-container\">\n\t\t\t\t\t<div class=\"elementor-image-box-wrapper\"><figure class=\"elementor-image-box-img\"><a href=\"https:\/\/friendsofenginakyurek.org\/ro\/donate-to-engins-cause\/\" tabindex=\"-1\"><img decoding=\"async\" width=\"2560\" height=\"940\" src=\"https:\/\/friendsofenginakyurek.org\/wp-content\/uploads\/2022\/10\/image_6483441-22.jpg\" class=\"attachment-full size-full wp-image-5769\" alt=\"\" srcset=\"https:\/\/friendsofenginakyurek.org\/wp-content\/uploads\/2022\/10\/image_6483441-22.jpg 2560w, https:\/\/friendsofenginakyurek.org\/wp-content\/uploads\/2022\/10\/image_6483441-22-600x220.jpg 600w, https:\/\/friendsofenginakyurek.org\/wp-content\/uploads\/2022\/10\/image_6483441-22-300x110.jpg 300w, https:\/\/friendsofenginakyurek.org\/wp-content\/uploads\/2022\/10\/image_6483441-22-1024x376.jpg 1024w, https:\/\/friendsofenginakyurek.org\/wp-content\/uploads\/2022\/10\/image_6483441-22-768x282.jpg 768w, https:\/\/friendsofenginakyurek.org\/wp-content\/uploads\/2022\/10\/image_6483441-22-1536x564.jpg 1536w, https:\/\/friendsofenginakyurek.org\/wp-content\/uploads\/2022\/10\/image_6483441-22-2048x752.jpg 2048w, https:\/\/friendsofenginakyurek.org\/wp-content\/uploads\/2022\/10\/image_6483441-22-18x7.jpg 18w, https:\/\/friendsofenginakyurek.org\/wp-content\/uploads\/2022\/10\/image_6483441-22-200x73.jpg 200w, https:\/\/friendsofenginakyurek.org\/wp-content\/uploads\/2022\/10\/image_6483441-22-150x55.jpg 150w, https:\/\/friendsofenginakyurek.org\/wp-content\/uploads\/2022\/10\/image_6483441-22-547x201.jpg 547w, https:\/\/friendsofenginakyurek.org\/wp-content\/uploads\/2022\/10\/image_6483441-22-678x249.jpg 678w, https:\/\/friendsofenginakyurek.org\/wp-content\/uploads\/2022\/10\/image_6483441-22-524x192.jpg 524w, https:\/\/friendsofenginakyurek.org\/wp-content\/uploads\/2022\/10\/image_6483441-22-420x154.jpg 420w, https:\/\/friendsofenginakyurek.org\/wp-content\/uploads\/2022\/10\/image_6483441-22-444x163.jpg 444w, https:\/\/friendsofenginakyurek.org\/wp-content\/uploads\/2022\/10\/image_6483441-22-916x336.jpg 916w\" sizes=\"(max-width: 2560px) 100vw, 2560px\" \/><\/a><\/figure><div class=\"elementor-image-box-content\"><h3 class=\"elementor-image-box-title\"><a href=\"https:\/\/friendsofenginakyurek.org\/ro\/donate-to-engins-cause\/\">Doneaz\u0103 pentru Cauza lui Engin<\/a><\/h3><p class=\"elementor-image-box-description\">Doneaz\u0103 \u00een onoarea lui Engin Aky\u00fcrek sus\u021bin\u00e2nd evenimentul anual prin organiza\u021bii identificate de el; centrat pe cauze umanitare.\n\n<\/p><\/div><\/div>\t\t\t\t<\/div>\n\t\t\t\t<\/div>\n\t\t\t\t\t<\/div>\n\t\t<\/div>\n\t\t\t\t<div class=\"elementor-column elementor-col-25 elementor-top-column elementor-element elementor-element-c62b899\" data-id=\"c62b899\" data-element_type=\"column\" data-e-type=\"column\">\n\t\t\t<div class=\"elementor-widget-wrap elementor-element-populated\">\n\t\t\t\t\t\t<div class=\"elementor-element elementor-element-8fc59e7 elementor-position-top elementor-widget elementor-widget-image-box\" data-id=\"8fc59e7\" data-element_type=\"widget\" data-e-type=\"widget\" data-widget_type=\"image-box.default\">\n\t\t\t\t<div class=\"elementor-widget-container\">\n\t\t\t\t\t<div class=\"elementor-image-box-wrapper\"><figure class=\"elementor-image-box-img\"><a href=\"https:\/\/friendsofenginakyurek.org\/ro\/support-our-programs\/\" target=\"_blank\" tabindex=\"-1\"><img decoding=\"async\" width=\"1620\" height=\"595\" src=\"https:\/\/friendsofenginakyurek.org\/wp-content\/uploads\/2022\/10\/image_6483441-28.JPG1_.jpg\" class=\"attachment-full size-full wp-image-6080\" alt=\"\" srcset=\"https:\/\/friendsofenginakyurek.org\/wp-content\/uploads\/2022\/10\/image_6483441-28.JPG1_.jpg 1620w, https:\/\/friendsofenginakyurek.org\/wp-content\/uploads\/2022\/10\/image_6483441-28.JPG1_-600x220.jpg 600w, https:\/\/friendsofenginakyurek.org\/wp-content\/uploads\/2022\/10\/image_6483441-28.JPG1_-300x110.jpg 300w, https:\/\/friendsofenginakyurek.org\/wp-content\/uploads\/2022\/10\/image_6483441-28.JPG1_-1024x376.jpg 1024w, https:\/\/friendsofenginakyurek.org\/wp-content\/uploads\/2022\/10\/image_6483441-28.JPG1_-768x282.jpg 768w, https:\/\/friendsofenginakyurek.org\/wp-content\/uploads\/2022\/10\/image_6483441-28.JPG1_-1536x564.jpg 1536w, https:\/\/friendsofenginakyurek.org\/wp-content\/uploads\/2022\/10\/image_6483441-28.JPG1_-18x7.jpg 18w, https:\/\/friendsofenginakyurek.org\/wp-content\/uploads\/2022\/10\/image_6483441-28.JPG1_-200x73.jpg 200w, https:\/\/friendsofenginakyurek.org\/wp-content\/uploads\/2022\/10\/image_6483441-28.JPG1_-150x55.jpg 150w, https:\/\/friendsofenginakyurek.org\/wp-content\/uploads\/2022\/10\/image_6483441-28.JPG1_-547x201.jpg 547w, https:\/\/friendsofenginakyurek.org\/wp-content\/uploads\/2022\/10\/image_6483441-28.JPG1_-678x249.jpg 678w, https:\/\/friendsofenginakyurek.org\/wp-content\/uploads\/2022\/10\/image_6483441-28.JPG1_-524x192.jpg 524w, https:\/\/friendsofenginakyurek.org\/wp-content\/uploads\/2022\/10\/image_6483441-28.JPG1_-420x154.jpg 420w, https:\/\/friendsofenginakyurek.org\/wp-content\/uploads\/2022\/10\/image_6483441-28.JPG1_-444x163.jpg 444w, https:\/\/friendsofenginakyurek.org\/wp-content\/uploads\/2022\/10\/image_6483441-28.JPG1_-916x336.jpg 916w\" sizes=\"(max-width: 1620px) 100vw, 1620px\" \/><\/a><\/figure><div class=\"elementor-image-box-content\"><h3 class=\"elementor-image-box-title\"><a href=\"https:\/\/friendsofenginakyurek.org\/ro\/support-our-programs\/\" target=\"_blank\">Sus\u021bine programele noastre<\/a><\/h3><p class=\"elementor-image-box-description\">Scopul umanitar al domnului Aky\u00fcrek, ghidat de modul s\u0103u de via\u021b\u0103. De asemenea, o platform\u0103 informa\u021bional\u0103 pentru prietenii lui Engin.<\/p><\/div><\/div>\t\t\t\t<\/div>\n\t\t\t\t<\/div>\n\t\t\t\t\t<\/div>\n\t\t<\/div>\n\t\t\t\t<div class=\"elementor-column elementor-col-25 elementor-top-column elementor-element elementor-element-199e642\" data-id=\"199e642\" data-element_type=\"column\" data-e-type=\"column\">\n\t\t\t<div class=\"elementor-widget-wrap elementor-element-populated\">\n\t\t\t\t\t\t<div class=\"elementor-element elementor-element-3b875ed elementor-position-top elementor-widget elementor-widget-image-box\" data-id=\"3b875ed\" data-element_type=\"widget\" data-e-type=\"widget\" data-widget_type=\"image-box.default\">\n\t\t\t\t<div class=\"elementor-widget-container\">\n\t\t\t\t\t<div class=\"elementor-image-box-wrapper\"><figure class=\"elementor-image-box-img\"><a href=\"https:\/\/friendsofenginakyurek.org\/ro\/become-an-ambassador\/\" tabindex=\"-1\"><img decoding=\"async\" src=\"https:\/\/friendsofenginakyurek.org\/wp-content\/uploads\/elementor\/thumbs\/image_6483441-24-rb58azdp9g3c400thyo2mb28mztd235lluvnadcgqg.jpg\" title=\"image_6483441 (24)\" alt=\"image_6483441 (24)\" loading=\"lazy\" \/><\/a><\/figure><div class=\"elementor-image-box-content\"><h3 class=\"elementor-image-box-title\"><a href=\"https:\/\/friendsofenginakyurek.org\/ro\/become-an-ambassador\/\">Deveni\u021bi ambasador<\/a><\/h3><p class=\"elementor-image-box-description\">Ambasadorii desemna\u021bi Prietenii Globali ai Engin Aky\u00fcrek lucreaz\u0103 pentru a ne r\u0103sp\u00e2ndi misiunea \u00een toat\u0103 lumea, \u00eencuraj\u00e2nd sprijinul caritabil \u0219i bun\u0103voin\u021ba social\u0103.<\/p><\/div><\/div>\t\t\t\t<\/div>\n\t\t\t\t<\/div>\n\t\t\t\t\t<\/div>\n\t\t<\/div>\n\t\t\t\t<div class=\"elementor-column elementor-col-25 elementor-top-column elementor-element elementor-element-8bbd6e2\" data-id=\"8bbd6e2\" data-element_type=\"column\" data-e-type=\"column\">\n\t\t\t<div class=\"elementor-widget-wrap elementor-element-populated\">\n\t\t\t\t\t\t<div class=\"elementor-element elementor-element-bc7a40a elementor-position-top elementor-widget elementor-widget-image-box\" data-id=\"bc7a40a\" data-element_type=\"widget\" data-e-type=\"widget\" data-widget_type=\"image-box.default\">\n\t\t\t\t<div class=\"elementor-widget-container\">\n\t\t\t\t\t<div class=\"elementor-image-box-wrapper\"><figure class=\"elementor-image-box-img\"><a href=\"https:\/\/friendsofenginakyurek.org\/ro\/gratitude\/\" tabindex=\"-1\"><img loading=\"lazy\" decoding=\"async\" width=\"2560\" height=\"940\" src=\"https:\/\/friendsofenginakyurek.org\/wp-content\/uploads\/2022\/10\/image_6483441-12.jpg\" class=\"attachment-full size-full wp-image-5406\" alt=\"\" srcset=\"https:\/\/friendsofenginakyurek.org\/wp-content\/uploads\/2022\/10\/image_6483441-12.jpg 2560w, https:\/\/friendsofenginakyurek.org\/wp-content\/uploads\/2022\/10\/image_6483441-12-600x220.jpg 600w, https:\/\/friendsofenginakyurek.org\/wp-content\/uploads\/2022\/10\/image_6483441-12-300x110.jpg 300w, https:\/\/friendsofenginakyurek.org\/wp-content\/uploads\/2022\/10\/image_6483441-12-1024x376.jpg 1024w, https:\/\/friendsofenginakyurek.org\/wp-content\/uploads\/2022\/10\/image_6483441-12-768x282.jpg 768w, https:\/\/friendsofenginakyurek.org\/wp-content\/uploads\/2022\/10\/image_6483441-12-1536x564.jpg 1536w, https:\/\/friendsofenginakyurek.org\/wp-content\/uploads\/2022\/10\/image_6483441-12-2048x752.jpg 2048w, https:\/\/friendsofenginakyurek.org\/wp-content\/uploads\/2022\/10\/image_6483441-12-18x7.jpg 18w, https:\/\/friendsofenginakyurek.org\/wp-content\/uploads\/2022\/10\/image_6483441-12-200x73.jpg 200w, https:\/\/friendsofenginakyurek.org\/wp-content\/uploads\/2022\/10\/image_6483441-12-150x55.jpg 150w, https:\/\/friendsofenginakyurek.org\/wp-content\/uploads\/2022\/10\/image_6483441-12-547x201.jpg 547w, https:\/\/friendsofenginakyurek.org\/wp-content\/uploads\/2022\/10\/image_6483441-12-678x249.jpg 678w, https:\/\/friendsofenginakyurek.org\/wp-content\/uploads\/2022\/10\/image_6483441-12-524x192.jpg 524w, https:\/\/friendsofenginakyurek.org\/wp-content\/uploads\/2022\/10\/image_6483441-12-420x154.jpg 420w, https:\/\/friendsofenginakyurek.org\/wp-content\/uploads\/2022\/10\/image_6483441-12-444x163.jpg 444w, https:\/\/friendsofenginakyurek.org\/wp-content\/uploads\/2022\/10\/image_6483441-12-916x336.jpg 916w\" sizes=\"(max-width: 2560px) 100vw, 2560px\" \/><\/a><\/figure><div class=\"elementor-image-box-content\"><h3 class=\"elementor-image-box-title\"><a href=\"https:\/\/friendsofenginakyurek.org\/ro\/gratitude\/\">Aprecierea donatorilor<\/a><\/h3><p class=\"elementor-image-box-description\">Ne exprim\u0103m cu dragoste recuno\u0219tin\u021ba pentru donatorii genero\u0219i care \u0219i-au pus \u00eencrederea \u00een abilit\u0103\u021bile noastre. Nu te vom dezam\u0103gi.<\/p><\/div><\/div>\t\t\t\t<\/div>\n\t\t\t\t<\/div>\n\t\t\t\t\t<\/div>\n\t\t<\/div>\n\t\t\t\t\t<\/div>\n\t\t<\/section>\n\t\t\t\t<\/div>","protected":false},"excerpt":{"rendered":"<p>Doneaz\u0103 pentru Engin&#039;s Cause Miezul misiunii noastre; Ajut\u00e2nd oamenii \u00cen fiecare an, c\u00e2ndva \u00eenainte de ziua sa de na\u0219tere, Engin Aky\u00fcrek identific\u0103 o cauz\u0103 de caritate \u0219i social\u0103 apropiat\u0103 inimii sale, oferind o oportunitate celor care doresc s\u0103-l onoreze s\u0103 o fac\u0103 \u00een mod inten\u021bionat. Don\u00e2nd la acest program, 100% din \u00eencas\u0103rile dvs. (cu excep\u021bia oric\u0103rui... <a href=\"https:\/\/friendsofenginakyurek.org\/ro\/donate-to-engins-cause\/\" class=\"more-link\">Continua\u021bi lectur\u0103 <span class=\"screen-reader-text\">Doneaz\u0103 pentru Cauza lui Engin<\/span><\/a><\/p>","protected":false},"author":1,"featured_media":9778,"parent":0,"menu_order":0,"comment_status":"closed","ping_status":"closed","template":"elementor_header_footer","meta":{"footnotes":""},"class_list":["post-5729","page","type-page","status-publish","has-post-thumbnail","hentry"],"jetpack_sharing_enabled":true,"_links":{"self":[{"href":"https:\/\/friendsofenginakyurek.org\/ro\/wp-json\/wp\/v2\/pages\/5729","targetHints":{"allow":["GET"]}}],"collection":[{"href":"https:\/\/friendsofenginakyurek.org\/ro\/wp-json\/wp\/v2\/pages"}],"about":[{"href":"https:\/\/friendsofenginakyurek.org\/ro\/wp-json\/wp\/v2\/types\/page"}],"author":[{"embeddable":true,"href":"https:\/\/friendsofenginakyurek.org\/ro\/wp-json\/wp\/v2\/users\/1"}],"replies":[{"embeddable":true,"href":"https:\/\/friendsofenginakyurek.org\/ro\/wp-json\/wp\/v2\/comments?post=5729"}],"version-history":[{"count":103,"href":"https:\/\/friendsofenginakyurek.org\/ro\/wp-json\/wp\/v2\/pages\/5729\/revisions"}],"predecessor-version":[{"id":11405,"href":"https:\/\/friendsofenginakyurek.org\/ro\/wp-json\/wp\/v2\/pages\/5729\/revisions\/11405"}],"wp:featuredmedia":[{"embeddable":true,"href":"https:\/\/friendsofenginakyurek.org\/ro\/wp-json\/wp\/v2\/media\/9778"}],"wp:attachment":[{"href":"https:\/\/friendsofenginakyurek.org\/ro\/wp-json\/wp\/v2\/media?parent=5729"}],"curies":[{"name":"wp","href":"https:\/\/api.w.org\/{rel}","templated":true}]}}