{"id":64,"date":"2015-04-20T11:10:37","date_gmt":"2015-04-20T11:10:37","guid":{"rendered":"http:\/\/www.anarieldesign.com\/themedemos\/maisha\/?page_id=64"},"modified":"2022-10-08T00:02:47","modified_gmt":"2022-10-08T00:02:47","slug":"program-four","status":"publish","type":"page","link":"https:\/\/friendsofenginakyurek.org\/ro\/our-programs\/program-four\/","title":{"rendered":"PLASAMENT"},"content":{"rendered":"<p>PLASAMENT<br \/>\nEviden\u021bia\u021bi activitatea caritabil\u0103 a sus\u021bin\u0103torilor globali Engin Aky\u00fcrek pentru a \u00eencuraja eforturile caritabile \u00een continuare \u0219i pentru a-\u0219i promova scopul umanitar<\/p>","protected":false},"excerpt":{"rendered":"<p>FOSTER Highlight charitable work of global Engin Aky\u00fcrek supporters to encourage further charitable endeavors and promote his humanitarian purpose<\/p>","protected":false},"author":1,"featured_media":942,"parent":54,"menu_order":0,"comment_status":"open","ping_status":"open","template":"","meta":{"footnotes":""},"class_list":["post-64","page","type-page","status-publish","has-post-thumbnail","hentry"],"jetpack_sharing_enabled":true,"_links":{"self":[{"href":"https:\/\/friendsofenginakyurek.org\/ro\/wp-json\/wp\/v2\/pages\/64","targetHints":{"allow":["GET"]}}],"collection":[{"href":"https:\/\/friendsofenginakyurek.org\/ro\/wp-json\/wp\/v2\/pages"}],"about":[{"href":"https:\/\/friendsofenginakyurek.org\/ro\/wp-json\/wp\/v2\/types\/page"}],"author":[{"embeddable":true,"href":"https:\/\/friendsofenginakyurek.org\/ro\/wp-json\/wp\/v2\/users\/1"}],"replies":[{"embeddable":true,"href":"https:\/\/friendsofenginakyurek.org\/ro\/wp-json\/wp\/v2\/comments?post=64"}],"version-history":[{"count":3,"href":"https:\/\/friendsofenginakyurek.org\/ro\/wp-json\/wp\/v2\/pages\/64\/revisions"}],"predecessor-version":[{"id":6392,"href":"https:\/\/friendsofenginakyurek.org\/ro\/wp-json\/wp\/v2\/pages\/64\/revisions\/6392"}],"up":[{"embeddable":true,"href":"https:\/\/friendsofenginakyurek.org\/ro\/wp-json\/wp\/v2\/pages\/54"}],"wp:featuredmedia":[{"embeddable":true,"href":"https:\/\/friendsofenginakyurek.org\/ro\/wp-json\/wp\/v2\/media\/942"}],"wp:attachment":[{"href":"https:\/\/friendsofenginakyurek.org\/ro\/wp-json\/wp\/v2\/media?parent=64"}],"curies":[{"name":"wp","href":"https:\/\/api.w.org\/{rel}","templated":true}]}}