{"id":6474,"date":"2022-10-08T02:23:39","date_gmt":"2022-10-08T02:23:39","guid":{"rendered":"https:\/\/friendsofenginakyurek.org\/?page_id=6474"},"modified":"2023-04-23T18:43:44","modified_gmt":"2023-04-23T18:43:44","slug":"how-to-give","status":"publish","type":"page","link":"https:\/\/friendsofenginakyurek.org\/ro\/how-to-give\/","title":{"rendered":"Cum s\u0103 dai"},"content":{"rendered":"<div data-elementor-type=\"wp-page\" data-elementor-id=\"6474\" class=\"elementor elementor-6474\" data-elementor-post-type=\"page\">\n\t\t\t\t\t\t<section class=\"elementor-section elementor-top-section elementor-element elementor-element-f94cbe4 elementor-section-height-min-height elementor-section-content-middle elementor-section-boxed elementor-section-height-default elementor-section-items-middle\" data-id=\"f94cbe4\" data-element_type=\"section\" data-e-type=\"section\" data-settings=\"{&quot;background_background&quot;:&quot;classic&quot;}\">\n\t\t\t\t\t\t\t<div class=\"elementor-background-overlay\"><\/div>\n\t\t\t\t\t\t\t<div class=\"elementor-container elementor-column-gap-no\">\n\t\t\t\t\t<div class=\"elementor-column elementor-col-100 elementor-top-column elementor-element elementor-element-ecb640e\" data-id=\"ecb640e\" data-element_type=\"column\" data-e-type=\"column\">\n\t\t\t<div class=\"elementor-widget-wrap elementor-element-populated\">\n\t\t\t\t\t\t<div class=\"elementor-element elementor-element-d7fd260 elementor-widget elementor-widget-heading\" data-id=\"d7fd260\" data-element_type=\"widget\" data-e-type=\"widget\" data-widget_type=\"heading.default\">\n\t\t\t\t<div class=\"elementor-widget-container\">\n\t\t\t\t\t<h2 class=\"elementor-heading-title elementor-size-default\">Cum s\u0103 dai<\/h2>\t\t\t\t<\/div>\n\t\t\t\t<\/div>\n\t\t\t\t\t<\/div>\n\t\t<\/div>\n\t\t\t\t\t<\/div>\n\t\t<\/section>\n\t\t\t\t<section class=\"elementor-section elementor-top-section elementor-element elementor-element-52faf23e elementor-section-boxed elementor-section-height-default elementor-section-height-default\" data-id=\"52faf23e\" data-element_type=\"section\" data-e-type=\"section\">\n\t\t\t\t\t\t<div class=\"elementor-container elementor-column-gap-default\">\n\t\t\t\t\t<div class=\"elementor-column elementor-col-100 elementor-top-column elementor-element elementor-element-61565d4b\" data-id=\"61565d4b\" data-element_type=\"column\" data-e-type=\"column\">\n\t\t\t<div class=\"elementor-widget-wrap elementor-element-populated\">\n\t\t\t\t\t\t<div class=\"elementor-element elementor-element-27fbad14 elementor-widget elementor-widget-heading\" data-id=\"27fbad14\" data-element_type=\"widget\" data-e-type=\"widget\" data-widget_type=\"heading.default\">\n\t\t\t\t<div class=\"elementor-widget-container\">\n\t\t\t\t\t<h2 class=\"elementor-heading-title elementor-size-default\">V\u0103 mul\u021bumim pentru interesul de a sus\u021bine Prietenii lui Engin Aky\u00fcrek!\n<\/h2>\t\t\t\t<\/div>\n\t\t\t\t<\/div>\n\t\t\t\t\t<\/div>\n\t\t<\/div>\n\t\t\t\t\t<\/div>\n\t\t<\/section>\n\t\t\t\t<section class=\"elementor-section elementor-top-section elementor-element elementor-element-6fd0ff09 elementor-section-boxed elementor-section-height-default elementor-section-height-default\" data-id=\"6fd0ff09\" data-element_type=\"section\" data-e-type=\"section\">\n\t\t\t\t\t\t<div class=\"elementor-container elementor-column-gap-default\">\n\t\t\t\t\t<div class=\"elementor-column elementor-col-100 elementor-top-column elementor-element elementor-element-12b4668d\" data-id=\"12b4668d\" data-element_type=\"column\" data-e-type=\"column\">\n\t\t\t<div class=\"elementor-widget-wrap elementor-element-populated\">\n\t\t\t\t\t\t<div class=\"elementor-element elementor-element-44b0b420 elementor-widget-divider--view-line elementor-widget elementor-widget-divider\" data-id=\"44b0b420\" data-element_type=\"widget\" data-e-type=\"widget\" data-widget_type=\"divider.default\">\n\t\t\t\t<div class=\"elementor-widget-container\">\n\t\t\t\t\t\t\t<div class=\"elementor-divider\">\n\t\t\t<span class=\"elementor-divider-separator\">\n\t\t\t\t\t\t<\/span>\n\t\t<\/div>\n\t\t\t\t\t\t<\/div>\n\t\t\t\t<\/div>\n\t\t\t\t\t<\/div>\n\t\t<\/div>\n\t\t\t\t\t<\/div>\n\t\t<\/section>\n\t\t\t\t<section class=\"elementor-section elementor-top-section elementor-element elementor-element-c8675dc elementor-section-boxed elementor-section-height-default elementor-section-height-default\" data-id=\"c8675dc\" data-element_type=\"section\" data-e-type=\"section\">\n\t\t\t\t\t\t<div class=\"elementor-container elementor-column-gap-default\">\n\t\t\t\t\t<div class=\"elementor-column elementor-col-100 elementor-top-column elementor-element elementor-element-3d2a4f2\" data-id=\"3d2a4f2\" data-element_type=\"column\" data-e-type=\"column\">\n\t\t\t<div class=\"elementor-widget-wrap elementor-element-populated\">\n\t\t\t\t\t\t<div class=\"elementor-element elementor-element-a2765ab elementor-widget elementor-widget-text-editor\" data-id=\"a2765ab\" data-element_type=\"widget\" data-e-type=\"widget\" data-widget_type=\"text-editor.default\">\n\t\t\t\t<div class=\"elementor-widget-container\">\n\t\t\t\t\t\t\t\t\t<p>V\u0103 \u00eencuraj\u0103m s\u0103 \u00een\u021belege\u021bi programele pe care le oferim \u0219i op\u021biunile pentru care trebuie s\u0103 dona\u021bi \u00eenainte de a v\u0103 conecta la PayPal.<br><br>Pute\u021bi citi despre VIZIUNEA, MISIUNEA \u0219i VALORILE noastre pe site-ul nostru <a href=\"https:\/\/friendsofenginakyurek.org\/ro\/about\/\"><u>Despre noi<\/u><\/a> pagina pentru a \u0219ti c\u0103 ne angaj\u0103m s\u0103 v\u0103 onor\u0103m dona\u021bia. <br><br>Al nostru <a href=\"https:\/\/friendsofenginakyurek.org\/ro\/frequently-asked-questions\/\"><u>\u00eentreb\u0103ri frecvente<\/u><\/a> explica\u021bi cum a\u0219tept\u0103m s\u0103 v\u0103 aloc\u0103m darul generos. Dac\u0103 nu sunte\u021bi sigur dac\u0103 s\u0103 sprijini\u021bi Friends of Engin (programele noastre \u0219i eforturile sus\u021binute pe termen lung) \u0219i organiza\u021biile caritabile recunoscute de Engin Aky\u00fcrek, v\u0103 invit\u0103m s\u0103 \u00een\u021belege\u021bi clar <a href=\"https:\/\/friendsofenginakyurek.org\/ro\/programs\/\"><u>Programe<\/u><\/a>. <br><br>C\u00e2nd ajunge\u021bi la pagina noastr\u0103 de dona\u021bii, pute\u021bi selecta una dintre cele dou\u0103 op\u021biuni:<br>\n-Promova\u021bi Engin Aky\u00fcrek pe tot parcursul anului prin programele FEA<br>\n-Sprijin\u0103 evenimentul anual prin organiza\u021biile identificate de el\n<br><br>Sper\u0103m c\u0103 ve\u021bi reveni pe site-ul nostru \u0219i v\u0103 g\u00e2ndi\u021bi s\u0103 ne oferi\u021bi un mesaj pe care s\u0103-l posta\u021bi pe site-ul nostru <a href=\"https:\/\/friendsofenginakyurek.org\/ro\/gratitude\/\"><u>Recuno\u0219tin\u021b\u0103<\/u><\/a> pagin\u0103.<\/p>\t\t\t\t\t\t\t\t<\/div>\n\t\t\t\t<\/div>\n\t\t\t\t\t<\/div>\n\t\t<\/div>\n\t\t\t\t\t<\/div>\n\t\t<\/section>\n\t\t\t\t<section class=\"elementor-section elementor-top-section elementor-element elementor-element-8656d49 elementor-section-boxed elementor-section-height-default elementor-section-height-default\" data-id=\"8656d49\" data-element_type=\"section\" data-e-type=\"section\">\n\t\t\t\t\t\t<div class=\"elementor-container elementor-column-gap-default\">\n\t\t\t\t\t<div class=\"elementor-column elementor-col-33 elementor-top-column elementor-element elementor-element-7fac58f\" data-id=\"7fac58f\" data-element_type=\"column\" data-e-type=\"column\">\n\t\t\t<div class=\"elementor-widget-wrap\">\n\t\t\t\t\t\t\t<\/div>\n\t\t<\/div>\n\t\t\t\t<div class=\"elementor-column elementor-col-33 elementor-top-column elementor-element elementor-element-f1f69c1\" data-id=\"f1f69c1\" data-element_type=\"column\" data-e-type=\"column\">\n\t\t\t<div class=\"elementor-widget-wrap elementor-element-populated\">\n\t\t\t\t\t\t<div class=\"elementor-element elementor-element-9019362 elementor-align-center elementor-widget elementor-widget-button\" data-id=\"9019362\" data-element_type=\"widget\" data-e-type=\"widget\" data-widget_type=\"button.default\">\n\t\t\t\t<div class=\"elementor-widget-container\">\n\t\t\t\t\t\t\t\t\t<div class=\"elementor-button-wrapper\">\n\t\t\t\t\t<a class=\"elementor-button elementor-button-link elementor-size-sm\" href=\"https:\/\/www.paypal.com\/donate\/?hosted_button_id=XJWL4AXE2HCZU\" target=\"_blank\">\n\t\t\t\t\t\t<span class=\"elementor-button-content-wrapper\">\n\t\t\t\t\t\t<span class=\"elementor-button-icon\">\n\t\t\t\t<i aria-hidden=\"true\" class=\"fab fa-paypal\"><\/i>\t\t\t<\/span>\n\t\t\t\t\t\t\t\t\t<span class=\"elementor-button-text\">Doneaz\u0103<\/span>\n\t\t\t\t\t<\/span>\n\t\t\t\t\t<\/a>\n\t\t\t\t<\/div>\n\t\t\t\t\t\t\t\t<\/div>\n\t\t\t\t<\/div>\n\t\t\t\t\t<\/div>\n\t\t<\/div>\n\t\t\t\t<div class=\"elementor-column elementor-col-33 elementor-top-column elementor-element elementor-element-2b19335\" data-id=\"2b19335\" data-element_type=\"column\" data-e-type=\"column\">\n\t\t\t<div class=\"elementor-widget-wrap\">\n\t\t\t\t\t\t\t<\/div>\n\t\t<\/div>\n\t\t\t\t\t<\/div>\n\t\t<\/section>\n\t\t\t\t<section class=\"elementor-section elementor-top-section elementor-element elementor-element-0aafc02 elementor-section-boxed elementor-section-height-default elementor-section-height-default\" data-id=\"0aafc02\" data-element_type=\"section\" data-e-type=\"section\">\n\t\t\t\t\t\t<div class=\"elementor-container elementor-column-gap-default\">\n\t\t\t\t\t<div class=\"elementor-column elementor-col-33 elementor-top-column elementor-element elementor-element-25da72f\" data-id=\"25da72f\" data-element_type=\"column\" data-e-type=\"column\">\n\t\t\t<div class=\"elementor-widget-wrap elementor-element-populated\">\n\t\t\t\t\t\t<div class=\"elementor-element elementor-element-fabe4b5 elementor-widget elementor-widget-text-editor\" data-id=\"fabe4b5\" data-element_type=\"widget\" data-e-type=\"widget\" data-widget_type=\"text-editor.default\">\n\t\t\t\t<div class=\"elementor-widget-container\">\n\t\t\t\t\t\t\t\t\tUn alt mod de a dona! Friends of Engin ofer\u0103 pl\u0103\u021bi prin Venmo. Pl\u0103\u021bi rapide, u\u0219oare \u0219i convenabile \u2014 toate prin platforma PayPal sigur\u0103.\n\t\t\t\t\t\t\t\t<\/div>\n\t\t\t\t<\/div>\n\t\t\t\t\t<\/div>\n\t\t<\/div>\n\t\t\t\t<div class=\"elementor-column elementor-col-33 elementor-top-column elementor-element elementor-element-be5baff\" data-id=\"be5baff\" data-element_type=\"column\" data-e-type=\"column\">\n\t\t\t<div class=\"elementor-widget-wrap elementor-element-populated\">\n\t\t\t\t\t\t<div class=\"elementor-element elementor-element-7379709 elementor-widget elementor-widget-image\" data-id=\"7379709\" data-element_type=\"widget\" data-e-type=\"widget\" data-widget_type=\"image.default\">\n\t\t\t\t<div class=\"elementor-widget-container\">\n\t\t\t\t\t\t\t\t\t\t\t\t\t\t\t\t<a href=\"https:\/\/www.paypal.com\/donate\/?hosted_button_id=XJWL4AXE2HCZU\" target=\"_blank\">\n\t\t\t\t\t\t\t<img fetchpriority=\"high\" decoding=\"async\" width=\"1024\" height=\"194\" src=\"https:\/\/friendsofenginakyurek.org\/wp-content\/uploads\/2023\/03\/Venmo_Logo_Blue-1024x194.png\" class=\"attachment-large size-large wp-image-11239\" alt=\"\" srcset=\"https:\/\/friendsofenginakyurek.org\/wp-content\/uploads\/2023\/03\/Venmo_Logo_Blue-1024x194.png 1024w, https:\/\/friendsofenginakyurek.org\/wp-content\/uploads\/2023\/03\/Venmo_Logo_Blue-300x57.png 300w, https:\/\/friendsofenginakyurek.org\/wp-content\/uploads\/2023\/03\/Venmo_Logo_Blue-768x145.png 768w, https:\/\/friendsofenginakyurek.org\/wp-content\/uploads\/2023\/03\/Venmo_Logo_Blue-18x3.png 18w, https:\/\/friendsofenginakyurek.org\/wp-content\/uploads\/2023\/03\/Venmo_Logo_Blue-200x38.png 200w, https:\/\/friendsofenginakyurek.org\/wp-content\/uploads\/2023\/03\/Venmo_Logo_Blue-150x28.png 150w, https:\/\/friendsofenginakyurek.org\/wp-content\/uploads\/2023\/03\/Venmo_Logo_Blue-547x104.png 547w, https:\/\/friendsofenginakyurek.org\/wp-content\/uploads\/2023\/03\/Venmo_Logo_Blue-678x128.png 678w, https:\/\/friendsofenginakyurek.org\/wp-content\/uploads\/2023\/03\/Venmo_Logo_Blue-524x99.png 524w, https:\/\/friendsofenginakyurek.org\/wp-content\/uploads\/2023\/03\/Venmo_Logo_Blue-420x80.png 420w, https:\/\/friendsofenginakyurek.org\/wp-content\/uploads\/2023\/03\/Venmo_Logo_Blue-444x84.png 444w, https:\/\/friendsofenginakyurek.org\/wp-content\/uploads\/2023\/03\/Venmo_Logo_Blue-916x173.png 916w, https:\/\/friendsofenginakyurek.org\/wp-content\/uploads\/2023\/03\/Venmo_Logo_Blue-1320x250.png 1320w, https:\/\/friendsofenginakyurek.org\/wp-content\/uploads\/2023\/03\/Venmo_Logo_Blue-600x114.png 600w, https:\/\/friendsofenginakyurek.org\/wp-content\/uploads\/2023\/03\/Venmo_Logo_Blue.png 1400w\" sizes=\"(max-width: 1024px) 100vw, 1024px\" \/>\t\t\t\t\t\t\t\t<\/a>\n\t\t\t\t\t\t\t\t\t\t\t\t\t\t\t<\/div>\n\t\t\t\t<\/div>\n\t\t\t\t\t<\/div>\n\t\t<\/div>\n\t\t\t\t<div class=\"elementor-column elementor-col-33 elementor-top-column elementor-element elementor-element-a319fa4\" data-id=\"a319fa4\" data-element_type=\"column\" data-e-type=\"column\">\n\t\t\t<div class=\"elementor-widget-wrap elementor-element-populated\">\n\t\t\t\t\t\t<div class=\"elementor-element elementor-element-5db0cf1 elementor-widget elementor-widget-html\" data-id=\"5db0cf1\" data-element_type=\"widget\" data-e-type=\"widget\" data-widget_type=\"html.default\">\n\t\t\t\t<div class=\"elementor-widget-container\">\n\t\t\t\t\t<!-- Set up a container element for the button -->\r\n<div id=\"paypal-button-container\"><\/div>\r\n\r\n<!-- Include the PayPal JavaScript SDK. Replace `YOUR_CLIENT_ID` with your client ID.-->\r\n<!-- Note that `enable-funding=venmo` is added as a query parameter -->\r\n<script src=\"https:\/\/www.paypal.com\/sdk\/js?client-id=YOUR_CLIENT_ID&enable-funding=venmo\"><\/script>\r\n\r\n<script>\r\n  \/\/ Render the Venmo button into #paypal-button-container\r\n  paypal.Buttons().render('#paypal-button-container')\r\n<\/script>\t\t\t\t<\/div>\n\t\t\t\t<\/div>\n\t\t\t\t\t<\/div>\n\t\t<\/div>\n\t\t\t\t\t<\/div>\n\t\t<\/section>\n\t\t\t\t<\/div>","protected":false},"excerpt":{"rendered":"<p>Cum s\u0103 d\u0103ruie\u0219ti V\u0103 mul\u021bumim pentru interesul de a sus\u021bine prietenii lui Engin Aky\u00fcrek! V\u0103 \u00eencuraj\u0103m s\u0103 \u00een\u021belege\u021bi programele pe care le oferim \u0219i op\u021biunile pentru care trebuie s\u0103 dona\u021bi \u00eenainte de a v\u0103 conecta la PayPal. Pute\u021bi citi despre VIZIUNEA, MISIUNEA \u0219i VALORILE noastre pe pagina Despre noi pentru a \u0219ti c\u0103 ne angaj\u0103m... <a href=\"https:\/\/friendsofenginakyurek.org\/ro\/how-to-give\/\" class=\"more-link\">Continua\u021bi lectur\u0103 <span class=\"screen-reader-text\">Cum s\u0103 dai<\/span><\/a><\/p>","protected":false},"author":1,"featured_media":9778,"parent":0,"menu_order":0,"comment_status":"closed","ping_status":"closed","template":"elementor_header_footer","meta":{"footnotes":""},"class_list":["post-6474","page","type-page","status-publish","has-post-thumbnail","hentry"],"jetpack_sharing_enabled":true,"_links":{"self":[{"href":"https:\/\/friendsofenginakyurek.org\/ro\/wp-json\/wp\/v2\/pages\/6474","targetHints":{"allow":["GET"]}}],"collection":[{"href":"https:\/\/friendsofenginakyurek.org\/ro\/wp-json\/wp\/v2\/pages"}],"about":[{"href":"https:\/\/friendsofenginakyurek.org\/ro\/wp-json\/wp\/v2\/types\/page"}],"author":[{"embeddable":true,"href":"https:\/\/friendsofenginakyurek.org\/ro\/wp-json\/wp\/v2\/users\/1"}],"replies":[{"embeddable":true,"href":"https:\/\/friendsofenginakyurek.org\/ro\/wp-json\/wp\/v2\/comments?post=6474"}],"version-history":[{"count":167,"href":"https:\/\/friendsofenginakyurek.org\/ro\/wp-json\/wp\/v2\/pages\/6474\/revisions"}],"predecessor-version":[{"id":11767,"href":"https:\/\/friendsofenginakyurek.org\/ro\/wp-json\/wp\/v2\/pages\/6474\/revisions\/11767"}],"wp:featuredmedia":[{"embeddable":true,"href":"https:\/\/friendsofenginakyurek.org\/ro\/wp-json\/wp\/v2\/media\/9778"}],"wp:attachment":[{"href":"https:\/\/friendsofenginakyurek.org\/ro\/wp-json\/wp\/v2\/media?parent=6474"}],"curies":[{"name":"wp","href":"https:\/\/api.w.org\/{rel}","templated":true}]}}