{"id":698,"date":"2015-05-11T08:17:37","date_gmt":"2015-05-11T08:17:37","guid":{"rendered":"http:\/\/www.anarieldesign.com\/themedemos\/maisha\/?page_id=698"},"modified":"2015-05-11T08:17:37","modified_gmt":"2015-05-11T08:17:37","slug":"project-koboko","status":"publish","type":"page","link":"https:\/\/friendsofenginakyurek.org\/ro\/project-koboko\/","title":{"rendered":"Proiectul Koboko"},"content":{"rendered":"<p>\t\tpr\u0103jitur\u0103 cu mar\u021bipan marshmallow glazur\u0103 marshmallow pr\u0103jitur\u0103 cu ciocolat\u0103 pr\u0103jitur\u0103 cu morcovi dragee cu bomboane cu ciocolat\u0103 pr\u0103jitur\u0103 cu morcovi.<\/p>\n<p><!--more--><\/p>\n<p>pr\u0103jitur\u0103 cu mar\u021bipan marshmallow glazur\u0103 marshmallow pr\u0103jitur\u0103 cu ciocolat\u0103 pr\u0103jitur\u0103 cu morcovi dragee cu bomboane cu ciocolat\u0103 pr\u0103jitur\u0103 cu morcovi. Ruloa dulce de gogo\u0219i Wypas <span class=\"color\"><strong>20,456<\/strong><\/span> rulou dulce de caramel <span class=\"color\"><strong>19<\/strong><\/span> jeleu-o. Fusce a ante nisl, vitae pretium enim. Nunc imperdiet iaculis augue nec porta! Phasellus. Fusce a ante nisl, vitae pretium enim. Nunc imperdiet iaculis augue nec porta! Phasellus. Fusce a ante nisl, vitae pretium enim. Nunc imperdiet iaculis augue nec porta! Phasellus.<\/p>\n<p><a href=\"http:\/\/anariel.com.www361.your-server.de\/maisha\/wp-content\/uploads\/2015\/04\/maisha_shop_slider_3.jpg\"><img fetchpriority=\"high\" decoding=\"async\" src=\"http:\/\/anariel.com.www361.your-server.de\/maisha\/wp-content\/uploads\/2015\/04\/maisha_shop_slider_3.jpg\" data-sizes=\"(max-width: 1405px) 100vw, 1405px\" srcset=\"http:\/\/www.anariel.com\/maishademo\/wp-content\/uploads\/2015\/04\/maisha_shop_slider_3-300x85.jpg 300w, http:\/\/www.anariel.com\/maishademo\/wp-content\/uploads\/2015\/04\/maisha_shop_slider_3-1024x292.jpg 1024w, http:\/\/www.anariel.com\/maishademo\/wp-content\/uploads\/2015\/04\/maisha_shop_slider_3-300x85.jpg 300w, http:\/\/www.anariel.com\/maishademo\/wp-content\/uploads\/2015\/04\/maisha_shop_slider_3-300x85.jpg 300w, http:\/\/www.anariel.com\/maishademo\/wp-content\/uploads\/2015\/04\/maisha_shop_slider_3-200x57.jpg 200w, http:\/\/www.anariel.com\/maishademo\/wp-content\/uploads\/2015\/04\/maisha_shop_slider_3-150x43.jpg 150w, http:\/\/anariel.com.www361.your-server.de\/maisha\/wp-content\/uploads\/2015\/04\/maisha_shop_slider_3.jpg 1405w\" alt=\"maisha_shop_slider_3\" width=\"1405\" height=\"400\" class=\"aligncenter size-full wp-image-956\" \/><\/a><\/p>\n<p>[give_form id=\u201d403\u2033]\t\t<\/p>","protected":false},"excerpt":{"rendered":"<p>pr\u0103jitur\u0103 cu mar\u021bipan marshmallow glazur\u0103 marshmallow pr\u0103jitur\u0103 cu ciocolat\u0103 pr\u0103jitur\u0103 cu morcovi dragee cu bomboane cu ciocolat\u0103 pr\u0103jitur\u0103 cu morcovi.<\/p>","protected":false},"author":1,"featured_media":2504,"parent":0,"menu_order":0,"comment_status":"closed","ping_status":"closed","template":"","meta":{"footnotes":""},"class_list":["post-698","page","type-page","status-publish","has-post-thumbnail","hentry"],"jetpack_sharing_enabled":true,"_links":{"self":[{"href":"https:\/\/friendsofenginakyurek.org\/ro\/wp-json\/wp\/v2\/pages\/698","targetHints":{"allow":["GET"]}}],"collection":[{"href":"https:\/\/friendsofenginakyurek.org\/ro\/wp-json\/wp\/v2\/pages"}],"about":[{"href":"https:\/\/friendsofenginakyurek.org\/ro\/wp-json\/wp\/v2\/types\/page"}],"author":[{"embeddable":true,"href":"https:\/\/friendsofenginakyurek.org\/ro\/wp-json\/wp\/v2\/users\/1"}],"replies":[{"embeddable":true,"href":"https:\/\/friendsofenginakyurek.org\/ro\/wp-json\/wp\/v2\/comments?post=698"}],"version-history":[{"count":0,"href":"https:\/\/friendsofenginakyurek.org\/ro\/wp-json\/wp\/v2\/pages\/698\/revisions"}],"wp:featuredmedia":[{"embeddable":true,"href":"https:\/\/friendsofenginakyurek.org\/ro\/wp-json\/wp\/v2\/media\/2504"}],"wp:attachment":[{"href":"https:\/\/friendsofenginakyurek.org\/ro\/wp-json\/wp\/v2\/media?parent=698"}],"curies":[{"name":"wp","href":"https:\/\/api.w.org\/{rel}","templated":true}]}}