{"id":7821,"date":"2022-10-12T02:38:38","date_gmt":"2022-10-12T02:38:38","guid":{"rendered":"https:\/\/friendsofenginakyurek.org\/?page_id=7821"},"modified":"2022-10-15T18:52:12","modified_gmt":"2022-10-15T18:52:12","slug":"storytellers","status":"publish","type":"page","link":"https:\/\/friendsofenginakyurek.org\/ro\/storytellers\/","title":{"rendered":"storytellers"},"content":{"rendered":"<div data-elementor-type=\"wp-page\" data-elementor-id=\"7821\" class=\"elementor elementor-7821\" data-elementor-post-type=\"page\">\n\t\t\t\t\t\t<section class=\"elementor-section elementor-top-section elementor-element elementor-element-9c31953 elementor-section-height-min-height elementor-section-content-middle elementor-section-boxed elementor-section-height-default elementor-section-items-middle\" data-id=\"9c31953\" data-element_type=\"section\" data-e-type=\"section\" data-settings=\"{&quot;background_background&quot;:&quot;classic&quot;}\">\n\t\t\t\t\t\t\t<div class=\"elementor-background-overlay\"><\/div>\n\t\t\t\t\t\t\t<div class=\"elementor-container elementor-column-gap-no\">\n\t\t\t\t\t<div class=\"elementor-column elementor-col-100 elementor-top-column elementor-element elementor-element-f7d6d67\" data-id=\"f7d6d67\" data-element_type=\"column\" data-e-type=\"column\">\n\t\t\t<div class=\"elementor-widget-wrap elementor-element-populated\">\n\t\t\t\t\t\t<div class=\"elementor-element elementor-element-b49dbe5 elementor-widget elementor-widget-heading\" data-id=\"b49dbe5\" data-element_type=\"widget\" data-e-type=\"widget\" data-widget_type=\"heading.default\">\n\t\t\t\t<div class=\"elementor-widget-container\">\n\t\t\t\t\t<h2 class=\"elementor-heading-title elementor-size-default\">Povestitori<\/h2>\t\t\t\t<\/div>\n\t\t\t\t<\/div>\n\t\t\t\t<div class=\"elementor-element elementor-element-d139fcb elementor-widget elementor-widget-image\" data-id=\"d139fcb\" data-element_type=\"widget\" data-e-type=\"widget\" data-widget_type=\"image.default\">\n\t\t\t\t<div class=\"elementor-widget-container\">\n\t\t\t\t\t\t\t\t\t\t\t\t\t\t\t<img fetchpriority=\"high\" decoding=\"async\" width=\"1024\" height=\"169\" src=\"https:\/\/friendsofenginakyurek.org\/wp-content\/uploads\/2022\/10\/Storytellers-Tagline-e1665622788591-1024x169.png\" class=\"attachment-large size-large wp-image-8202\" alt=\"\" srcset=\"https:\/\/friendsofenginakyurek.org\/wp-content\/uploads\/2022\/10\/Storytellers-Tagline-e1665622788591-1024x169.png 1024w, https:\/\/friendsofenginakyurek.org\/wp-content\/uploads\/2022\/10\/Storytellers-Tagline-e1665622788591-600x99.png 600w, https:\/\/friendsofenginakyurek.org\/wp-content\/uploads\/2022\/10\/Storytellers-Tagline-e1665622788591-300x49.png 300w, https:\/\/friendsofenginakyurek.org\/wp-content\/uploads\/2022\/10\/Storytellers-Tagline-e1665622788591-768x127.png 768w, https:\/\/friendsofenginakyurek.org\/wp-content\/uploads\/2022\/10\/Storytellers-Tagline-e1665622788591-1536x253.png 1536w, https:\/\/friendsofenginakyurek.org\/wp-content\/uploads\/2022\/10\/Storytellers-Tagline-e1665622788591-2048x338.png 2048w, https:\/\/friendsofenginakyurek.org\/wp-content\/uploads\/2022\/10\/Storytellers-Tagline-e1665622788591-18x3.png 18w, https:\/\/friendsofenginakyurek.org\/wp-content\/uploads\/2022\/10\/Storytellers-Tagline-e1665622788591-200x33.png 200w, https:\/\/friendsofenginakyurek.org\/wp-content\/uploads\/2022\/10\/Storytellers-Tagline-e1665622788591-150x25.png 150w, https:\/\/friendsofenginakyurek.org\/wp-content\/uploads\/2022\/10\/Storytellers-Tagline-e1665622788591-547x90.png 547w, https:\/\/friendsofenginakyurek.org\/wp-content\/uploads\/2022\/10\/Storytellers-Tagline-e1665622788591-678x112.png 678w, https:\/\/friendsofenginakyurek.org\/wp-content\/uploads\/2022\/10\/Storytellers-Tagline-e1665622788591-524x86.png 524w, https:\/\/friendsofenginakyurek.org\/wp-content\/uploads\/2022\/10\/Storytellers-Tagline-e1665622788591-420x69.png 420w, https:\/\/friendsofenginakyurek.org\/wp-content\/uploads\/2022\/10\/Storytellers-Tagline-e1665622788591-444x73.png 444w, https:\/\/friendsofenginakyurek.org\/wp-content\/uploads\/2022\/10\/Storytellers-Tagline-e1665622788591-916x151.png 916w\" sizes=\"(max-width: 1024px) 100vw, 1024px\" \/>\t\t\t\t\t\t\t\t\t\t\t\t\t\t\t<\/div>\n\t\t\t\t<\/div>\n\t\t\t\t\t<\/div>\n\t\t<\/div>\n\t\t\t\t\t<\/div>\n\t\t<\/section>\n\t\t\t\t<section class=\"elementor-section elementor-top-section elementor-element elementor-element-cc5672f elementor-section-boxed elementor-section-height-default elementor-section-height-default\" data-id=\"cc5672f\" data-element_type=\"section\" data-e-type=\"section\">\n\t\t\t\t\t\t<div class=\"elementor-container elementor-column-gap-default\">\n\t\t\t\t\t<div class=\"elementor-column elementor-col-100 elementor-top-column elementor-element elementor-element-1bb470c\" data-id=\"1bb470c\" data-element_type=\"column\" data-e-type=\"column\">\n\t\t\t<div class=\"elementor-widget-wrap elementor-element-populated\">\n\t\t\t\t\t\t<div class=\"elementor-element elementor-element-df51aa1 elementor-widget elementor-widget-heading\" data-id=\"df51aa1\" data-element_type=\"widget\" data-e-type=\"widget\" data-widget_type=\"heading.default\">\n\t\t\t\t<div class=\"elementor-widget-container\">\n\t\t\t\t\t<h2 class=\"elementor-heading-title elementor-size-default\">Prin \u201elentila\u201d stilourilor scriitorilor..<\/h2>\t\t\t\t<\/div>\n\t\t\t\t<\/div>\n\t\t\t\t<div class=\"elementor-element elementor-element-354ce3e elementor-widget-divider--view-line elementor-widget elementor-widget-divider\" data-id=\"354ce3e\" data-element_type=\"widget\" data-e-type=\"widget\" data-widget_type=\"divider.default\">\n\t\t\t\t<div class=\"elementor-widget-container\">\n\t\t\t\t\t\t\t<div class=\"elementor-divider\">\n\t\t\t<span class=\"elementor-divider-separator\">\n\t\t\t\t\t\t<\/span>\n\t\t<\/div>\n\t\t\t\t\t\t<\/div>\n\t\t\t\t<\/div>\n\t\t\t\t\t<\/div>\n\t\t<\/div>\n\t\t\t\t\t<\/div>\n\t\t<\/section>\n\t\t\t\t<section class=\"elementor-section elementor-top-section elementor-element elementor-element-a2d5bed elementor-section-boxed elementor-section-height-default elementor-section-height-default\" data-id=\"a2d5bed\" data-element_type=\"section\" data-e-type=\"section\">\n\t\t\t\t\t\t<div class=\"elementor-container elementor-column-gap-default\">\n\t\t\t\t\t<div class=\"elementor-column elementor-col-50 elementor-top-column elementor-element elementor-element-c5d5691\" data-id=\"c5d5691\" data-element_type=\"column\" data-e-type=\"column\">\n\t\t\t<div class=\"elementor-widget-wrap elementor-element-populated\">\n\t\t\t\t\t\t<div class=\"elementor-element elementor-element-4422d7e elementor-widget elementor-widget-text-editor\" data-id=\"4422d7e\" data-element_type=\"widget\" data-e-type=\"widget\" data-widget_type=\"text-editor.default\">\n\t\t\t\t<div class=\"elementor-widget-container\">\n\t\t\t\t\t\t\t\t\tPublica\u021bii realizate de Engin Aky\u00fcrek, traduse \u0219i disponibile \u00een englez\u0103 \u0219i \u00een alte limbi, dac\u0103\/c\u00e2nd este posibil.<br><br><br>\nPrietenii lui Engin Aky\u00fcrek nu \u00ee\u0219i asum\u0103 \u0219i nici nu revendic\u0103 dreptul de proprietate asupra materialelor publicate, dac\u0103 nu se specific\u0103. Informa\u021biile originale ale de\u021bin\u0103torului drepturilor de autor sunt publicate pe fiecare publica\u021bie.\t\t\t\t\t\t\t\t<\/div>\n\t\t\t\t<\/div>\n\t\t\t\t\t<\/div>\n\t\t<\/div>\n\t\t\t\t<div class=\"elementor-column elementor-col-50 elementor-top-column elementor-element elementor-element-cac799c\" data-id=\"cac799c\" data-element_type=\"column\" data-e-type=\"column\">\n\t\t\t<div class=\"elementor-widget-wrap elementor-element-populated\">\n\t\t\t\t\t\t<div class=\"elementor-element elementor-element-80842dd elementor-widget elementor-widget-image\" data-id=\"80842dd\" data-element_type=\"widget\" data-e-type=\"widget\" data-widget_type=\"image.default\">\n\t\t\t\t<div class=\"elementor-widget-container\">\n\t\t\t\t\t\t\t\t\t\t\t\t<figure class=\"wp-caption\">\n\t\t\t\t\t\t\t\t\t\t\t<a href=\"https:\/\/friendsofenginakyurek.org\/ro\/short-stories\/\">\n\t\t\t\t\t\t\t<img decoding=\"async\" width=\"444\" height=\"444\" src=\"https:\/\/friendsofenginakyurek.org\/wp-content\/uploads\/2022\/10\/EA-Storyteller-thumbnail-444x444.png\" class=\"elementor-animation-shrink attachment-maisha-staff-child-page-thumbnail size-maisha-staff-child-page-thumbnail wp-image-8121\" alt=\"\" srcset=\"https:\/\/friendsofenginakyurek.org\/wp-content\/uploads\/2022\/10\/EA-Storyteller-thumbnail-444x444.png 444w, https:\/\/friendsofenginakyurek.org\/wp-content\/uploads\/2022\/10\/EA-Storyteller-thumbnail-300x300.png 300w, https:\/\/friendsofenginakyurek.org\/wp-content\/uploads\/2022\/10\/EA-Storyteller-thumbnail-100x100.png 100w, https:\/\/friendsofenginakyurek.org\/wp-content\/uploads\/2022\/10\/EA-Storyteller-thumbnail-600x600.png 600w, https:\/\/friendsofenginakyurek.org\/wp-content\/uploads\/2022\/10\/EA-Storyteller-thumbnail-1024x1024.png 1024w, https:\/\/friendsofenginakyurek.org\/wp-content\/uploads\/2022\/10\/EA-Storyteller-thumbnail-150x150.png 150w, https:\/\/friendsofenginakyurek.org\/wp-content\/uploads\/2022\/10\/EA-Storyteller-thumbnail-768x768.png 768w, https:\/\/friendsofenginakyurek.org\/wp-content\/uploads\/2022\/10\/EA-Storyteller-thumbnail-12x12.png 12w, https:\/\/friendsofenginakyurek.org\/wp-content\/uploads\/2022\/10\/EA-Storyteller-thumbnail-200x200.png 200w, https:\/\/friendsofenginakyurek.org\/wp-content\/uploads\/2022\/10\/EA-Storyteller-thumbnail-547x547.png 547w, https:\/\/friendsofenginakyurek.org\/wp-content\/uploads\/2022\/10\/EA-Storyteller-thumbnail-678x678.png 678w, https:\/\/friendsofenginakyurek.org\/wp-content\/uploads\/2022\/10\/EA-Storyteller-thumbnail-524x524.png 524w, https:\/\/friendsofenginakyurek.org\/wp-content\/uploads\/2022\/10\/EA-Storyteller-thumbnail-420x420.png 420w, https:\/\/friendsofenginakyurek.org\/wp-content\/uploads\/2022\/10\/EA-Storyteller-thumbnail-916x916.png 916w, https:\/\/friendsofenginakyurek.org\/wp-content\/uploads\/2022\/10\/EA-Storyteller-thumbnail.png 1080w\" sizes=\"(max-width: 444px) 100vw, 444px\" \/>\t\t\t\t\t\t\t\t<\/a>\n\t\t\t\t\t\t\t\t\t\t\t<figcaption class=\"widget-image-caption wp-caption-text\">Engin Aky\u00fcrek Povestitor\u24b8<\/figcaption>\n\t\t\t\t\t\t\t\t\t\t<\/figure>\n\t\t\t\t\t\t\t\t\t<\/div>\n\t\t\t\t<\/div>\n\t\t\t\t\t<\/div>\n\t\t<\/div>\n\t\t\t\t\t<\/div>\n\t\t<\/section>\n\t\t\t\t<section class=\"elementor-section elementor-top-section elementor-element elementor-element-af17e4e elementor-section-boxed elementor-section-height-default elementor-section-height-default\" data-id=\"af17e4e\" data-element_type=\"section\" data-e-type=\"section\">\n\t\t\t\t\t\t<div class=\"elementor-container elementor-column-gap-default\">\n\t\t\t\t\t<div class=\"elementor-column elementor-col-50 elementor-top-column elementor-element elementor-element-edb23d7\" data-id=\"edb23d7\" data-element_type=\"column\" data-e-type=\"column\">\n\t\t\t<div class=\"elementor-widget-wrap elementor-element-populated\">\n\t\t\t\t\t\t<div class=\"elementor-element elementor-element-8c0ba6b elementor-widget elementor-widget-text-editor\" data-id=\"8c0ba6b\" data-element_type=\"widget\" data-e-type=\"widget\" data-widget_type=\"text-editor.default\">\n\t\t\t\t<div class=\"elementor-widget-container\">\n\t\t\t\t\t\t\t\t\tComunic\u0103ri ale prietenilor lui Engin \u0219i\/sau al scriitorilor invita\u021bi, inclusiv literatur\u0103 despre munca, via\u021ba, impactul social al lui Engin Aky\u00fcrek \u0219i multe altele.<br><br> \n*Dac\u0103 dori\u021bi s\u0103 trimite\u021bi o idee sau s\u0103 solicita\u021bi ca con\u021binutul dvs. s\u0103 fie luat \u00een considerare pentru publicare, v\u0103 rug\u0103m s\u0103 trimite\u021bi un e-mail la admin@friendsofengin.org. Prietenii lui Engin Aky\u00fcrek \u00ee\u0219i rezerv\u0103 dreptul de a edita pentru claritate, f\u0103r\u0103 a modifica vreun sens. Dac\u0103 este necesar, autorul va fi consultat. Trebuie s\u0103 fie corectat \u00eenainte de trimitere; nu vor fi posibile modific\u0103ri dup\u0103 publicare\t\t\t\t\t\t\t\t<\/div>\n\t\t\t\t<\/div>\n\t\t\t\t\t<\/div>\n\t\t<\/div>\n\t\t\t\t<div class=\"elementor-column elementor-col-50 elementor-top-column elementor-element elementor-element-af749ef\" data-id=\"af749ef\" data-element_type=\"column\" data-e-type=\"column\">\n\t\t\t<div class=\"elementor-widget-wrap elementor-element-populated\">\n\t\t\t\t\t\t<div class=\"elementor-element elementor-element-a5bba06 elementor-widget elementor-widget-image\" data-id=\"a5bba06\" data-element_type=\"widget\" data-e-type=\"widget\" data-widget_type=\"image.default\">\n\t\t\t\t<div class=\"elementor-widget-container\">\n\t\t\t\t\t\t\t\t\t\t\t\t<figure class=\"wp-caption\">\n\t\t\t\t\t\t\t\t\t\t\t<a href=\"https:\/\/friendsofenginakyurek.org\/ro\/special-publications\/\">\n\t\t\t\t\t\t\t<img decoding=\"async\" width=\"444\" height=\"444\" src=\"https:\/\/friendsofenginakyurek.org\/wp-content\/uploads\/2022\/10\/Special-Publications-Thumbnail-444x444.png\" class=\"elementor-animation-shrink attachment-maisha-staff-child-page-thumbnail size-maisha-staff-child-page-thumbnail wp-image-8168\" alt=\"\" srcset=\"https:\/\/friendsofenginakyurek.org\/wp-content\/uploads\/2022\/10\/Special-Publications-Thumbnail-444x444.png 444w, https:\/\/friendsofenginakyurek.org\/wp-content\/uploads\/2022\/10\/Special-Publications-Thumbnail-300x300.png 300w, https:\/\/friendsofenginakyurek.org\/wp-content\/uploads\/2022\/10\/Special-Publications-Thumbnail-100x100.png 100w, https:\/\/friendsofenginakyurek.org\/wp-content\/uploads\/2022\/10\/Special-Publications-Thumbnail-600x600.png 600w, https:\/\/friendsofenginakyurek.org\/wp-content\/uploads\/2022\/10\/Special-Publications-Thumbnail-1024x1024.png 1024w, https:\/\/friendsofenginakyurek.org\/wp-content\/uploads\/2022\/10\/Special-Publications-Thumbnail-150x150.png 150w, https:\/\/friendsofenginakyurek.org\/wp-content\/uploads\/2022\/10\/Special-Publications-Thumbnail-768x768.png 768w, https:\/\/friendsofenginakyurek.org\/wp-content\/uploads\/2022\/10\/Special-Publications-Thumbnail-12x12.png 12w, https:\/\/friendsofenginakyurek.org\/wp-content\/uploads\/2022\/10\/Special-Publications-Thumbnail-200x200.png 200w, https:\/\/friendsofenginakyurek.org\/wp-content\/uploads\/2022\/10\/Special-Publications-Thumbnail-547x547.png 547w, https:\/\/friendsofenginakyurek.org\/wp-content\/uploads\/2022\/10\/Special-Publications-Thumbnail-678x678.png 678w, https:\/\/friendsofenginakyurek.org\/wp-content\/uploads\/2022\/10\/Special-Publications-Thumbnail-524x524.png 524w, https:\/\/friendsofenginakyurek.org\/wp-content\/uploads\/2022\/10\/Special-Publications-Thumbnail-420x420.png 420w, https:\/\/friendsofenginakyurek.org\/wp-content\/uploads\/2022\/10\/Special-Publications-Thumbnail-916x916.png 916w, https:\/\/friendsofenginakyurek.org\/wp-content\/uploads\/2022\/10\/Special-Publications-Thumbnail.png 1080w\" sizes=\"(max-width: 444px) 100vw, 444px\" \/>\t\t\t\t\t\t\t\t<\/a>\n\t\t\t\t\t\t\t\t\t\t\t<figcaption class=\"widget-image-caption wp-caption-text\">Publicatii Speciale<\/figcaption>\n\t\t\t\t\t\t\t\t\t\t<\/figure>\n\t\t\t\t\t\t\t\t\t<\/div>\n\t\t\t\t<\/div>\n\t\t\t\t\t<\/div>\n\t\t<\/div>\n\t\t\t\t\t<\/div>\n\t\t<\/section>\n\t\t\t\t<\/div>","protected":false},"excerpt":{"rendered":"<p>Storytellers Through the &#8220;lens&#8221; of writers&#8217; pens.. Publications authored by Engin Aky\u00fcrek, translated and available in English and other languages, if\/when possible. Friends of Engin Aky\u00fcrek does not assume, or claim copyright ownership of published materials unless stated. Original copyright holder information is published on each publication. Engin Aky\u00fcrek Storyteller\u24b8 Communications by friends of Engin &hellip; <a href=\"https:\/\/friendsofenginakyurek.org\/ro\/storytellers\/\" class=\"more-link\">Continua\u021bi lectur\u0103 <span class=\"screen-reader-text\">storytellers<\/span><\/a><\/p>","protected":false},"author":1,"featured_media":4684,"parent":0,"menu_order":0,"comment_status":"closed","ping_status":"closed","template":"elementor_header_footer","meta":{"footnotes":""},"class_list":["post-7821","page","type-page","status-publish","has-post-thumbnail","hentry"],"jetpack_sharing_enabled":true,"_links":{"self":[{"href":"https:\/\/friendsofenginakyurek.org\/ro\/wp-json\/wp\/v2\/pages\/7821","targetHints":{"allow":["GET"]}}],"collection":[{"href":"https:\/\/friendsofenginakyurek.org\/ro\/wp-json\/wp\/v2\/pages"}],"about":[{"href":"https:\/\/friendsofenginakyurek.org\/ro\/wp-json\/wp\/v2\/types\/page"}],"author":[{"embeddable":true,"href":"https:\/\/friendsofenginakyurek.org\/ro\/wp-json\/wp\/v2\/users\/1"}],"replies":[{"embeddable":true,"href":"https:\/\/friendsofenginakyurek.org\/ro\/wp-json\/wp\/v2\/comments?post=7821"}],"version-history":[{"count":101,"href":"https:\/\/friendsofenginakyurek.org\/ro\/wp-json\/wp\/v2\/pages\/7821\/revisions"}],"predecessor-version":[{"id":8750,"href":"https:\/\/friendsofenginakyurek.org\/ro\/wp-json\/wp\/v2\/pages\/7821\/revisions\/8750"}],"wp:featuredmedia":[{"embeddable":true,"href":"https:\/\/friendsofenginakyurek.org\/ro\/wp-json\/wp\/v2\/media\/4684"}],"wp:attachment":[{"href":"https:\/\/friendsofenginakyurek.org\/ro\/wp-json\/wp\/v2\/media?parent=7821"}],"curies":[{"name":"wp","href":"https:\/\/api.w.org\/{rel}","templated":true}]}}