{"id":10090,"date":"2023-02-06T21:03:06","date_gmt":"2023-02-06T21:03:06","guid":{"rendered":"https:\/\/friendsofenginakyurek.org\/?page_id=10090"},"modified":"2023-02-24T22:34:53","modified_gmt":"2023-02-24T22:34:53","slug":"popup","status":"publish","type":"page","link":"https:\/\/friendsofenginakyurek.org\/tr\/popup\/","title":{"rendered":"aniden belirmek"},"content":{"rendered":"<div data-elementor-type=\"wp-page\" data-elementor-id=\"10090\" class=\"elementor elementor-10090\" data-elementor-post-type=\"page\">\n\t\t\t\t\t\t<section class=\"elementor-section elementor-top-section elementor-element elementor-element-176a040 elementor-section-boxed elementor-section-height-default elementor-section-height-default\" data-id=\"176a040\" data-element_type=\"section\" data-e-type=\"section\">\n\t\t\t\t\t\t<div class=\"elementor-container elementor-column-gap-default\">\n\t\t\t\t\t<div class=\"elementor-column elementor-col-50 elementor-top-column elementor-element elementor-element-dfb0049\" data-id=\"dfb0049\" data-element_type=\"column\" data-e-type=\"column\">\n\t\t\t<div class=\"elementor-widget-wrap elementor-element-populated\">\n\t\t\t\t\t\t<div class=\"elementor-element elementor-element-0920392 elementor-widget elementor-widget-heading\" data-id=\"0920392\" data-element_type=\"widget\" data-e-type=\"widget\" data-widget_type=\"heading.default\">\n\t\t\t\t<div class=\"elementor-widget-container\">\n\t\t\t\t\t<h2 class=\"elementor-heading-title elementor-size-default\">2023 Deprem Yard\u0131m\u0131<\/h2>\t\t\t\t<\/div>\n\t\t\t\t<\/div>\n\t\t\t\t<section class=\"elementor-section elementor-inner-section elementor-element elementor-element-8a10c88 elementor-section-boxed elementor-section-height-default elementor-section-height-default\" data-id=\"8a10c88\" data-element_type=\"section\" data-e-type=\"section\">\n\t\t\t\t\t\t<div class=\"elementor-container elementor-column-gap-default\">\n\t\t\t\t\t<div class=\"elementor-column elementor-col-100 elementor-inner-column elementor-element elementor-element-34b5147\" data-id=\"34b5147\" data-element_type=\"column\" data-e-type=\"column\">\n\t\t\t<div class=\"elementor-widget-wrap elementor-element-populated\">\n\t\t\t\t\t\t<div class=\"elementor-element elementor-element-bdeea23 elementor-widget elementor-widget-text-editor\" data-id=\"bdeea23\" data-element_type=\"widget\" data-e-type=\"widget\" data-widget_type=\"text-editor.default\">\n\t\t\t\t<div class=\"elementor-widget-container\">\n\t\t\t\t\t\t\t\t\t6 \u015eubat 2023 sabah\u0131 erken saatlerde, \u00e7ok say\u0131da T\u00fcrk vatanda\u015f\u0131n\u0131n hayat\u0131 \u015fiddetli bir depremle sars\u0131ld\u0131. T\u00fcrkiye'nin g\u00fcneyi ve s\u0131n\u0131r kom\u015fusu olan Suriye; geni\u015f \u00e7apl\u0131 ve b\u00fcy\u00fck bir y\u0131k\u0131ma, \u00f6l\u00e7\u00fclemez kay\u0131plara, ac\u0131lara ve hasarlara maruz kald\u0131.\n\t\t\t\t\t\t\t\t<\/div>\n\t\t\t\t<\/div>\n\t\t\t\t<div class=\"elementor-element elementor-element-f690d0f elementor-widget elementor-widget-text-editor\" data-id=\"f690d0f\" data-element_type=\"widget\" data-e-type=\"widget\" data-widget_type=\"text-editor.default\">\n\t\t\t\t<div class=\"elementor-widget-container\">\n\t\t\t\t\t\t\t\t\tTan yeri a\u011fard\u0131ktan k\u0131sa bir s\u00fcre sonra Engin Aky\u00fcrek, g\u00fczel \u00fclkesine yard\u0131m elini uzatmak i\u00e7in arkada\u015flar\u0131n\u0131 arad\u0131. Friends of Engin Aky\u00fcrek ekibi hemen destek\u00e7ilerimizi harekete ge\u00e7irdi ve acil yard\u0131m \u00e7al\u0131\u015fmalar\u0131na adanm\u0131\u015f bir sivil toplum kurulu\u015fu olan ahbap.org'a hat\u0131r\u0131 say\u0131l\u0131r ba\u011f\u0131\u015flar g\u00f6nderdik. \t\t\t\t\t\t\t\t<\/div>\n\t\t\t\t<\/div>\n\t\t\t\t\t<\/div>\n\t\t<\/div>\n\t\t\t\t\t<\/div>\n\t\t<\/section>\n\t\t\t\t<section class=\"elementor-section elementor-inner-section elementor-element elementor-element-ce4db5e elementor-section-boxed elementor-section-height-default elementor-section-height-default\" data-id=\"ce4db5e\" data-element_type=\"section\" data-e-type=\"section\">\n\t\t\t\t\t\t<div class=\"elementor-container elementor-column-gap-default\">\n\t\t\t\t\t<div class=\"elementor-column elementor-col-50 elementor-inner-column elementor-element elementor-element-3cfb56f\" data-id=\"3cfb56f\" data-element_type=\"column\" data-e-type=\"column\">\n\t\t\t<div class=\"elementor-widget-wrap elementor-element-populated\">\n\t\t\t\t\t\t<div class=\"elementor-element elementor-element-db4c6e3 elementor-widget elementor-widget-image\" data-id=\"db4c6e3\" data-element_type=\"widget\" data-e-type=\"widget\" data-widget_type=\"image.default\">\n\t\t\t\t<div class=\"elementor-widget-container\">\n\t\t\t\t\t\t\t\t\t\t\t\t\t\t\t<img fetchpriority=\"high\" decoding=\"async\" width=\"791\" height=\"1024\" src=\"https:\/\/friendsofenginakyurek.org\/wp-content\/uploads\/2023\/02\/Earthquake-Relief-1-791x1024.png\" class=\"attachment-large size-large wp-image-10942\" alt=\"\" srcset=\"https:\/\/friendsofenginakyurek.org\/wp-content\/uploads\/2023\/02\/Earthquake-Relief-1-791x1024.png 791w, https:\/\/friendsofenginakyurek.org\/wp-content\/uploads\/2023\/02\/Earthquake-Relief-1-232x300.png 232w, https:\/\/friendsofenginakyurek.org\/wp-content\/uploads\/2023\/02\/Earthquake-Relief-1-768x994.png 768w, https:\/\/friendsofenginakyurek.org\/wp-content\/uploads\/2023\/02\/Earthquake-Relief-1-1187x1536.png 1187w, https:\/\/friendsofenginakyurek.org\/wp-content\/uploads\/2023\/02\/Earthquake-Relief-1-1583x2048.png 1583w, https:\/\/friendsofenginakyurek.org\/wp-content\/uploads\/2023\/02\/Earthquake-Relief-1-9x12.png 9w, https:\/\/friendsofenginakyurek.org\/wp-content\/uploads\/2023\/02\/Earthquake-Relief-1-155x200.png 155w, https:\/\/friendsofenginakyurek.org\/wp-content\/uploads\/2023\/02\/Earthquake-Relief-1-150x194.png 150w, https:\/\/friendsofenginakyurek.org\/wp-content\/uploads\/2023\/02\/Earthquake-Relief-1-547x708.png 547w, https:\/\/friendsofenginakyurek.org\/wp-content\/uploads\/2023\/02\/Earthquake-Relief-1-678x877.png 678w, https:\/\/friendsofenginakyurek.org\/wp-content\/uploads\/2023\/02\/Earthquake-Relief-1-300x388.png 300w, https:\/\/friendsofenginakyurek.org\/wp-content\/uploads\/2023\/02\/Earthquake-Relief-1-524x678.png 524w, https:\/\/friendsofenginakyurek.org\/wp-content\/uploads\/2023\/02\/Earthquake-Relief-1-420x544.png 420w, https:\/\/friendsofenginakyurek.org\/wp-content\/uploads\/2023\/02\/Earthquake-Relief-1-444x575.png 444w, https:\/\/friendsofenginakyurek.org\/wp-content\/uploads\/2023\/02\/Earthquake-Relief-1-916x1185.png 916w, https:\/\/friendsofenginakyurek.org\/wp-content\/uploads\/2023\/02\/Earthquake-Relief-1-1320x1708.png 1320w, https:\/\/friendsofenginakyurek.org\/wp-content\/uploads\/2023\/02\/Earthquake-Relief-1-600x776.png 600w\" sizes=\"(max-width: 791px) 100vw, 791px\" \/>\t\t\t\t\t\t\t\t\t\t\t\t\t\t\t<\/div>\n\t\t\t\t<\/div>\n\t\t\t\t\t<\/div>\n\t\t<\/div>\n\t\t\t\t<div class=\"elementor-column elementor-col-50 elementor-inner-column elementor-element elementor-element-b802fcb\" data-id=\"b802fcb\" data-element_type=\"column\" data-e-type=\"column\">\n\t\t\t<div class=\"elementor-widget-wrap elementor-element-populated\">\n\t\t\t\t\t\t<div class=\"elementor-element elementor-element-c259ee7 elementor-widget elementor-widget-text-editor\" data-id=\"c259ee7\" data-element_type=\"widget\" data-e-type=\"widget\" data-widget_type=\"text-editor.default\">\n\t\t\t\t<div class=\"elementor-widget-container\">\n\t\t\t\t\t\t\t\t\tahbap.org ve Engin Aky\u00fcrek'in y\u00f6nlendirmesi ile T\u00fcrkiye Omurilik Fel\u00e7lileri Derne\u011fi gibi di\u011fer kurulu\u015flar\u0131n da asil \u00e7abalar\u0131na katk\u0131da bulunmaya devam edece\u011fiz.\t\t\t\t\t\t\t\t<\/div>\n\t\t\t\t<\/div>\n\t\t\t\t\t<\/div>\n\t\t<\/div>\n\t\t\t\t\t<\/div>\n\t\t<\/section>\n\t\t\t\t\t<\/div>\n\t\t<\/div>\n\t\t\t\t<div class=\"elementor-column elementor-col-50 elementor-top-column elementor-element elementor-element-246d09d\" data-id=\"246d09d\" data-element_type=\"column\" data-e-type=\"column\">\n\t\t\t<div class=\"elementor-widget-wrap elementor-element-populated\">\n\t\t\t\t\t\t<div class=\"elementor-element elementor-element-09844b6 elementor-widget elementor-widget-heading\" data-id=\"09844b6\" data-element_type=\"widget\" data-e-type=\"widget\" data-widget_type=\"heading.default\">\n\t\t\t\t<div class=\"elementor-widget-container\">\n\t\t\t\t\t<h2 class=\"elementor-heading-title elementor-size-default\">Flexible Press ve Friends of Engin Ortakl\u0131\u011f\u0131 ile; Sessizlik Kitab\u0131 Yay\u0131n\u0131<\/h2>\t\t\t\t<\/div>\n\t\t\t\t<\/div>\n\t\t\t\t<section class=\"elementor-section elementor-inner-section elementor-element elementor-element-a3aa2de elementor-section-full_width elementor-section-height-default elementor-section-height-default\" data-id=\"a3aa2de\" data-element_type=\"section\" data-e-type=\"section\">\n\t\t\t\t\t\t<div class=\"elementor-container elementor-column-gap-default\">\n\t\t\t\t\t<div class=\"elementor-column elementor-col-50 elementor-inner-column elementor-element elementor-element-3110afc\" data-id=\"3110afc\" data-element_type=\"column\" data-e-type=\"column\">\n\t\t\t<div class=\"elementor-widget-wrap elementor-element-populated\">\n\t\t\t\t\t\t<div class=\"elementor-element elementor-element-b5e8c03 elementor-widget elementor-widget-text-editor\" data-id=\"b5e8c03\" data-element_type=\"widget\" data-e-type=\"widget\" data-widget_type=\"text-editor.default\">\n\t\t\t\t<div class=\"elementor-widget-container\">\n\t\t\t\t\t\t\t\t\tD\u00fcnyaca \u00fcnl\u00fc T\u00fcrk akt\u00f6r Engin Aky\u00fcrek'in kaleme ald\u0131\u011f\u0131, 21 k\u0131sa \u00f6yk\u00fcden olu\u015fan Sessizlik <i><i><i><\/i>'in ilk \u0130ngilizce bask\u0131s\u0131, 4 Nisan 2023'te yay\u0131nlanacak ve b\u00fcy\u00fck bir okur kitlesine ula\u015ft\u0131r\u0131lacak. Yay\u0131n, butik yay\u0131nc\u0131 <u><a href=\"https:\/\/www.flexiblepub.com\/\"  target=\"_blank\">Flexible Press<\/a><\/u> ve hay\u0131r ama\u00e7l\u0131 kar amac\u0131 g\u00fctmeyen Engin Aky\u00fcrek Dostlar\u0131.\t\t\t\t\t\t\t\t<\/div>\n\t\t\t\t<\/div>\n\t\t\t\t<div class=\"elementor-element elementor-element-e9a6efe elementor-widget elementor-widget-text-editor\" data-id=\"e9a6efe\" data-element_type=\"widget\" data-e-type=\"widget\" data-widget_type=\"text-editor.default\">\n\t\t\t\t<div class=\"elementor-widget-container\">\n\t\t\t\t\t\t\t\t\t\u00c7ok \u00f6v\u00fclen k\u0131sa \u00f6yk\u00fcler koleksiyonu olarak tan\u0131nan Sessizlik [Silence], birka\u00e7 dile \u00e7evrilmi\u015ftir. Ve bu bask\u0131; \u00f6zellikle Amerika Birle\u015fik Devletleri, \u00f6zerk topraklar\u0131 ve Kanadal\u0131 okuyucu kitlesi i\u00e7in yay\u0131nlanacakt\u0131r.\n\n\t\t\t\t\t\t\t\t<\/div>\n\t\t\t\t<\/div>\n\t\t\t\t\t<\/div>\n\t\t<\/div>\n\t\t\t\t<div class=\"elementor-column elementor-col-50 elementor-inner-column elementor-element elementor-element-a4aafb4\" data-id=\"a4aafb4\" data-element_type=\"column\" data-e-type=\"column\">\n\t\t\t<div class=\"elementor-widget-wrap elementor-element-populated\">\n\t\t\t\t\t\t<div class=\"elementor-element elementor-element-7a9356e elementor-widget elementor-widget-image\" data-id=\"7a9356e\" data-element_type=\"widget\" data-e-type=\"widget\" data-widget_type=\"image.default\">\n\t\t\t\t<div class=\"elementor-widget-container\">\n\t\t\t\t\t\t\t\t\t\t\t\t\t\t\t<img decoding=\"async\" width=\"2318\" height=\"3000\" src=\"https:\/\/friendsofenginakyurek.org\/wp-content\/uploads\/2023\/02\/Press-Release-1.png\" class=\"attachment-full size-full wp-image-10944\" alt=\"\" srcset=\"https:\/\/friendsofenginakyurek.org\/wp-content\/uploads\/2023\/02\/Press-Release-1.png 2318w, https:\/\/friendsofenginakyurek.org\/wp-content\/uploads\/2023\/02\/Press-Release-1-232x300.png 232w, https:\/\/friendsofenginakyurek.org\/wp-content\/uploads\/2023\/02\/Press-Release-1-791x1024.png 791w, https:\/\/friendsofenginakyurek.org\/wp-content\/uploads\/2023\/02\/Press-Release-1-768x994.png 768w, https:\/\/friendsofenginakyurek.org\/wp-content\/uploads\/2023\/02\/Press-Release-1-1187x1536.png 1187w, https:\/\/friendsofenginakyurek.org\/wp-content\/uploads\/2023\/02\/Press-Release-1-1582x2048.png 1582w, https:\/\/friendsofenginakyurek.org\/wp-content\/uploads\/2023\/02\/Press-Release-1-9x12.png 9w, https:\/\/friendsofenginakyurek.org\/wp-content\/uploads\/2023\/02\/Press-Release-1-155x200.png 155w, https:\/\/friendsofenginakyurek.org\/wp-content\/uploads\/2023\/02\/Press-Release-1-150x194.png 150w, https:\/\/friendsofenginakyurek.org\/wp-content\/uploads\/2023\/02\/Press-Release-1-547x708.png 547w, https:\/\/friendsofenginakyurek.org\/wp-content\/uploads\/2023\/02\/Press-Release-1-678x877.png 678w, https:\/\/friendsofenginakyurek.org\/wp-content\/uploads\/2023\/02\/Press-Release-1-300x388.png 300w, https:\/\/friendsofenginakyurek.org\/wp-content\/uploads\/2023\/02\/Press-Release-1-524x678.png 524w, https:\/\/friendsofenginakyurek.org\/wp-content\/uploads\/2023\/02\/Press-Release-1-420x544.png 420w, https:\/\/friendsofenginakyurek.org\/wp-content\/uploads\/2023\/02\/Press-Release-1-444x575.png 444w, https:\/\/friendsofenginakyurek.org\/wp-content\/uploads\/2023\/02\/Press-Release-1-916x1186.png 916w, https:\/\/friendsofenginakyurek.org\/wp-content\/uploads\/2023\/02\/Press-Release-1-1320x1708.png 1320w, https:\/\/friendsofenginakyurek.org\/wp-content\/uploads\/2023\/02\/Press-Release-1-600x777.png 600w\" sizes=\"(max-width: 2318px) 100vw, 2318px\" \/>\t\t\t\t\t\t\t\t\t\t\t\t\t\t\t<\/div>\n\t\t\t\t<\/div>\n\t\t\t\t\t<\/div>\n\t\t<\/div>\n\t\t\t\t\t<\/div>\n\t\t<\/section>\n\t\t\t\t<div class=\"elementor-element elementor-element-67d64d1 elementor-widget elementor-widget-text-editor\" data-id=\"67d64d1\" data-element_type=\"widget\" data-e-type=\"widget\" data-widget_type=\"text-editor.default\">\n\t\t\t\t<div class=\"elementor-widget-container\">\n\t\t\t\t\t\t\t\t\tFlexible Press'in edit\u00f6r\u00fc ve genel yay\u0131n y\u00f6netmeni olan William Burleson:\n\"Engin Aky\u00fcrek'i yeni bir kitleyle bulu\u015fturma ortak misyonumuzu ger\u00e7ekle\u015ftirmek i\u00e7in Friends of Engin ile \u00e7al\u0131\u015fmaktan daha fazla heyecan duyamazd\u0131k\" dedi. \u201cK\u00fclt\u00fcrler aras\u0131nda k\u00f6pr\u00fcler ve ba\u011flant\u0131lar kurmak, organizasyonlar\u0131m\u0131z\u0131n \u2013 ve inan\u0131yorum ki Say\u0131n Aky\u00fcrek\u2019in \u2013 amac\u0131d\u0131r.\u201d\t\t\t\t\t\t\t\t<\/div>\n\t\t\t\t<\/div>\n\t\t\t\t<div class=\"elementor-element elementor-element-c1eb0eb elementor-widget elementor-widget-text-editor\" data-id=\"c1eb0eb\" data-element_type=\"widget\" data-e-type=\"widget\" data-widget_type=\"text-editor.default\">\n\t\t\t\t<div class=\"elementor-widget-container\">\n\t\t\t\t\t\t\t\t\tFriends of Engin Aky\u00fcrek'in Ba\u015fkan\u0131 ve Kurucusu Fareen Effendi: \u201cDe\u011fi\u015fim amac\u0131na sahip b\u00f6ylesine yetenekli bir organizasyon ile \u00e7al\u0131\u015fma f\u0131rsat\u0131 bulmu\u015f olmak ger\u00e7ek bir zevk. Ekibim ve ben, bu anlaml\u0131 sosyal etkinin uzun ve olumlu birlikteli\u011fini d\u00f6rt g\u00f6zle bekliyoruz.\u201d dedi. K\u00e2r amac\u0131 g\u00fctmeyen kurulu\u015fu, Say\u0131n Aky\u00fcrek\u2019in onuruna T\u00fcrk halk\u0131na destek vermektedir.\n\n\t\t\t\t\t\t\t\t<\/div>\n\t\t\t\t<\/div>\n\t\t\t\t<div class=\"elementor-element elementor-element-38d19a9 elementor-widget elementor-widget-text-editor\" data-id=\"38d19a9\" data-element_type=\"widget\" data-e-type=\"widget\" data-widget_type=\"text-editor.default\">\n\t\t\t\t<div class=\"elementor-widget-container\">\n\t\t\t\t\t\t\t\t\tSilence <i><i><i><\/i> Engin Aky\u00fcrek&#039;in kaleme ald\u0131\u011f\u0131 ve Doina L. Kovalik ve Atiye Erden&#039;in \u00e7evirdi\u011fi g\u00fcnl\u00fck ya\u015fam \u00f6yk\u00fcleriyle T\u00fcrk k\u00fclt\u00fcr\u00fcne bir bak\u0131\u015f sunuyor. G\u00fcneydo\u011fu b\u00f6lgesinde ve Suriye&#039;de meydana gelen bir dizi depremin felaket niteli\u011finde hasara ve y\u0131k\u0131c\u0131 insan hayat\u0131 kayb\u0131na yol a\u00e7mas\u0131n\u0131n ard\u0131ndan k\u00fcresel ilgi T\u00fcrkiye&#039;ye odakland\u0131.\n\n\t\t\t\t\t\t\t\t<\/div>\n\t\t\t\t<\/div>\n\t\t\t\t<div class=\"elementor-element elementor-element-4820ae1 elementor-widget elementor-widget-text-editor\" data-id=\"4820ae1\" data-element_type=\"widget\" data-e-type=\"widget\" data-widget_type=\"text-editor.default\">\n\t\t\t\t<div class=\"elementor-widget-container\">\n\t\t\t\t\t\t\t\t\t\u00d6n sipari\u015fler kitap\u00e7\u0131larda mevcuttur. Sat\u0131\u015f gelirlerinin bir k\u0131sm\u0131, ele ald\u0131\u011f\u0131m\u0131z sosyal ama\u00e7lar\u0131 desteklemek amac\u0131yla kullan\u0131lmaktad\u0131r. <u><a href=\"mailto:admin@friendsofengin.com\">admin@friendsofengin.com<\/a><\/u>\t\t\t\t\t\t\t\t<\/div>\n\t\t\t\t<\/div>\n\t\t\t\t\t<\/div>\n\t\t<\/div>\n\t\t\t\t\t<\/div>\n\t\t<\/section>\n\t\t\t\t<section class=\"elementor-section elementor-top-section elementor-element elementor-element-a130210 elementor-section-boxed elementor-section-height-default elementor-section-height-default\" data-id=\"a130210\" data-element_type=\"section\" data-e-type=\"section\">\n\t\t\t\t\t\t<div class=\"elementor-container elementor-column-gap-default\">\n\t\t\t\t\t<div class=\"elementor-column elementor-col-50 elementor-top-column elementor-element elementor-element-d88d9de\" data-id=\"d88d9de\" data-element_type=\"column\" data-e-type=\"column\">\n\t\t\t<div class=\"elementor-widget-wrap elementor-element-populated\">\n\t\t\t\t\t\t<div class=\"elementor-element elementor-element-89690de elementor-widget elementor-widget-image\" data-id=\"89690de\" data-element_type=\"widget\" data-e-type=\"widget\" data-widget_type=\"image.default\">\n\t\t\t\t<div class=\"elementor-widget-container\">\n\t\t\t\t\t\t\t\t\t\t\t\t<figure class=\"wp-caption\">\n\t\t\t\t\t\t\t\t\t\t\t<a href=\"https:\/\/friendsofenginakyurek.org\/tr\/scammed\/\">\n\t\t\t\t\t\t\t<img decoding=\"async\" width=\"444\" height=\"444\" src=\"https:\/\/friendsofenginakyurek.org\/wp-content\/uploads\/2023\/02\/Book-Cover-Thumbnail--444x444.png\" class=\"elementor-animation-shrink attachment-maisha-staff-child-page-thumbnail size-maisha-staff-child-page-thumbnail wp-image-11009\" alt=\"\" srcset=\"https:\/\/friendsofenginakyurek.org\/wp-content\/uploads\/2023\/02\/Book-Cover-Thumbnail--444x444.png 444w, https:\/\/friendsofenginakyurek.org\/wp-content\/uploads\/2023\/02\/Book-Cover-Thumbnail--300x300.png 300w, https:\/\/friendsofenginakyurek.org\/wp-content\/uploads\/2023\/02\/Book-Cover-Thumbnail--1024x1024.png 1024w, https:\/\/friendsofenginakyurek.org\/wp-content\/uploads\/2023\/02\/Book-Cover-Thumbnail--150x150.png 150w, https:\/\/friendsofenginakyurek.org\/wp-content\/uploads\/2023\/02\/Book-Cover-Thumbnail--768x768.png 768w, https:\/\/friendsofenginakyurek.org\/wp-content\/uploads\/2023\/02\/Book-Cover-Thumbnail--12x12.png 12w, https:\/\/friendsofenginakyurek.org\/wp-content\/uploads\/2023\/02\/Book-Cover-Thumbnail--200x200.png 200w, https:\/\/friendsofenginakyurek.org\/wp-content\/uploads\/2023\/02\/Book-Cover-Thumbnail--547x547.png 547w, https:\/\/friendsofenginakyurek.org\/wp-content\/uploads\/2023\/02\/Book-Cover-Thumbnail--678x678.png 678w, https:\/\/friendsofenginakyurek.org\/wp-content\/uploads\/2023\/02\/Book-Cover-Thumbnail--524x524.png 524w, https:\/\/friendsofenginakyurek.org\/wp-content\/uploads\/2023\/02\/Book-Cover-Thumbnail--420x420.png 420w, https:\/\/friendsofenginakyurek.org\/wp-content\/uploads\/2023\/02\/Book-Cover-Thumbnail--916x916.png 916w, https:\/\/friendsofenginakyurek.org\/wp-content\/uploads\/2023\/02\/Book-Cover-Thumbnail--600x600.png 600w, https:\/\/friendsofenginakyurek.org\/wp-content\/uploads\/2023\/02\/Book-Cover-Thumbnail--100x100.png 100w, https:\/\/friendsofenginakyurek.org\/wp-content\/uploads\/2023\/02\/Book-Cover-Thumbnail--32x32.png 32w, https:\/\/friendsofenginakyurek.org\/wp-content\/uploads\/2023\/02\/Book-Cover-Thumbnail-.png 1080w\" sizes=\"(max-width: 444px) 100vw, 444px\" \/>\t\t\t\t\t\t\t\t<\/a>\n\t\t\t\t\t\t\t\t\t\t\t<figcaption class=\"widget-image-caption wp-caption-text\">Silence <i><i><i><i \/>, \u0130ngilizce bask\u0131s\u0131<br>  *ABD ve Kanada\u2019ya g\u00f6nderilir<\/figcaption>\n\t\t\t\t\t\t\t\t\t\t<\/figure>\n\t\t\t\t\t\t\t\t\t<\/div>\n\t\t\t\t<\/div>\n\t\t\t\t\t<\/div>\n\t\t<\/div>\n\t\t\t\t<div class=\"elementor-column elementor-col-50 elementor-top-column elementor-element elementor-element-cdcbe13\" data-id=\"cdcbe13\" data-element_type=\"column\" data-e-type=\"column\">\n\t\t\t<div class=\"elementor-widget-wrap elementor-element-populated\">\n\t\t\t\t\t\t<div class=\"elementor-element elementor-element-f760a9a elementor-widget elementor-widget-image\" data-id=\"f760a9a\" data-element_type=\"widget\" data-e-type=\"widget\" data-widget_type=\"image.default\">\n\t\t\t\t<div class=\"elementor-widget-container\">\n\t\t\t\t\t\t\t\t\t\t\t\t<figure class=\"wp-caption\">\n\t\t\t\t\t\t\t\t\t\t\t<a href=\"https:\/\/friendsofenginakyurek.org\/tr\/2023-48\/\">\n\t\t\t\t\t\t\t<img loading=\"lazy\" decoding=\"async\" width=\"444\" height=\"444\" src=\"https:\/\/friendsofenginakyurek.org\/wp-content\/uploads\/2023\/01\/48_New-Year-Thumbnail-444x444.png\" class=\"elementor-animation-shrink attachment-maisha-staff-child-page-thumbnail size-maisha-staff-child-page-thumbnail wp-image-10029\" alt=\"\" srcset=\"https:\/\/friendsofenginakyurek.org\/wp-content\/uploads\/2023\/01\/48_New-Year-Thumbnail-444x444.png 444w, https:\/\/friendsofenginakyurek.org\/wp-content\/uploads\/2023\/01\/48_New-Year-Thumbnail-300x300.png 300w, https:\/\/friendsofenginakyurek.org\/wp-content\/uploads\/2023\/01\/48_New-Year-Thumbnail-100x100.png 100w, https:\/\/friendsofenginakyurek.org\/wp-content\/uploads\/2023\/01\/48_New-Year-Thumbnail-600x600.png 600w, https:\/\/friendsofenginakyurek.org\/wp-content\/uploads\/2023\/01\/48_New-Year-Thumbnail-1024x1024.png 1024w, https:\/\/friendsofenginakyurek.org\/wp-content\/uploads\/2023\/01\/48_New-Year-Thumbnail-150x150.png 150w, https:\/\/friendsofenginakyurek.org\/wp-content\/uploads\/2023\/01\/48_New-Year-Thumbnail-768x768.png 768w, https:\/\/friendsofenginakyurek.org\/wp-content\/uploads\/2023\/01\/48_New-Year-Thumbnail-12x12.png 12w, https:\/\/friendsofenginakyurek.org\/wp-content\/uploads\/2023\/01\/48_New-Year-Thumbnail-200x200.png 200w, https:\/\/friendsofenginakyurek.org\/wp-content\/uploads\/2023\/01\/48_New-Year-Thumbnail-547x547.png 547w, https:\/\/friendsofenginakyurek.org\/wp-content\/uploads\/2023\/01\/48_New-Year-Thumbnail-678x678.png 678w, https:\/\/friendsofenginakyurek.org\/wp-content\/uploads\/2023\/01\/48_New-Year-Thumbnail-524x524.png 524w, https:\/\/friendsofenginakyurek.org\/wp-content\/uploads\/2023\/01\/48_New-Year-Thumbnail-420x420.png 420w, https:\/\/friendsofenginakyurek.org\/wp-content\/uploads\/2023\/01\/48_New-Year-Thumbnail-916x916.png 916w, https:\/\/friendsofenginakyurek.org\/wp-content\/uploads\/2023\/01\/48_New-Year-Thumbnail.png 1080w\" sizes=\"(max-width: 444px) 100vw, 444px\" \/>\t\t\t\t\t\t\t\t<\/a>\n\t\t\t\t\t\t\t\t\t\t\t<figcaption class=\"widget-image-caption wp-caption-text\">Ocak \u2013 \u015eubat 2023<\/figcaption>\n\t\t\t\t\t\t\t\t\t\t<\/figure>\n\t\t\t\t\t\t\t\t\t<\/div>\n\t\t\t\t<\/div>\n\t\t\t\t\t<\/div>\n\t\t<\/div>\n\t\t\t\t\t<\/div>\n\t\t<\/section>\n\t\t\t\t<\/div>","protected":false},"excerpt":{"rendered":"<p>2023 Earthquake Relief During the early morning hours of February 6, 2023, the lives of countless Turkish citizens were rocked to the core from a powerful earthquake. The southern T\u00fcrkiye region and bordering Syria experienced wide scale massive devastation, immeasurable loss, suffering and damage. Shortly after daybreak, Engin Aky\u00fcrek made a call to his friends &hellip; <a href=\"https:\/\/friendsofenginakyurek.org\/tr\/popup\/\" class=\"more-link\">okumaya devam et <span class=\"screen-reader-text\">aniden belirmek<\/span><\/a><\/p>","protected":false},"author":1,"featured_media":4684,"parent":0,"menu_order":0,"comment_status":"closed","ping_status":"closed","template":"elementor_header_footer","meta":{"footnotes":""},"class_list":["post-10090","page","type-page","status-publish","has-post-thumbnail","hentry"],"jetpack_sharing_enabled":true,"_links":{"self":[{"href":"https:\/\/friendsofenginakyurek.org\/tr\/wp-json\/wp\/v2\/pages\/10090","targetHints":{"allow":["GET"]}}],"collection":[{"href":"https:\/\/friendsofenginakyurek.org\/tr\/wp-json\/wp\/v2\/pages"}],"about":[{"href":"https:\/\/friendsofenginakyurek.org\/tr\/wp-json\/wp\/v2\/types\/page"}],"author":[{"embeddable":true,"href":"https:\/\/friendsofenginakyurek.org\/tr\/wp-json\/wp\/v2\/users\/1"}],"replies":[{"embeddable":true,"href":"https:\/\/friendsofenginakyurek.org\/tr\/wp-json\/wp\/v2\/comments?post=10090"}],"version-history":[{"count":70,"href":"https:\/\/friendsofenginakyurek.org\/tr\/wp-json\/wp\/v2\/pages\/10090\/revisions"}],"predecessor-version":[{"id":11020,"href":"https:\/\/friendsofenginakyurek.org\/tr\/wp-json\/wp\/v2\/pages\/10090\/revisions\/11020"}],"wp:featuredmedia":[{"embeddable":true,"href":"https:\/\/friendsofenginakyurek.org\/tr\/wp-json\/wp\/v2\/media\/4684"}],"wp:attachment":[{"href":"https:\/\/friendsofenginakyurek.org\/tr\/wp-json\/wp\/v2\/media?parent=10090"}],"curies":[{"name":"wp","href":"https:\/\/api.w.org\/{rel}","templated":true}]}}